{"id":158994,"date":"2024-01-29T10:28:30","date_gmt":"2024-01-29T09:28:30","guid":{"rendered":"https:\/\/us.edu.pl\/wydzial\/wnp\/?page_id=158994"},"modified":"2025-05-27T07:35:45","modified_gmt":"2025-05-27T05:35:45","slug":"cwiczenia-terenowe-specjalizacyjne","status":"publish","type":"page","link":"https:\/\/us.edu.pl\/wydzial\/wnp\/student\/kierunki-geograficzne\/cwiczenia-terenowe-specjalizacyjne\/","title":{"rendered":"\u0106wiczenia terenowe specjalizacyjne"},"content":{"rendered":"<p>[vc_row][vc_column]\r\n                <div class=\"text-modules\">\r\n                    <div class=\"container\">\r\n                        \r\n                        <div class=\"text-modules__content\"><p><strong>Akademickim opiekunem \u0107wicze\u0144 terenowych specjalizacyjnych dla kierunku geografia jest:<\/strong><\/p>\n<p>dr hab. Adam Hibszer, prof. U\u015a, e-mail:\u00a0<a href=\"mailto:adam.hibszer@us.edu.pl\">adam.hibszer@us.edu.pl<\/a><\/p>\n<p><strong>\u0106wiczenia terenowe specjalizacyjne: 30 godzin (5 dni) <\/strong><br \/>\n<strong>Kierunek studi\u00f3w: Geografia <\/strong><br \/>\n<strong>Kod programu: W2-S2GF19.2022<\/strong><\/p>\n<p><a href=\"https:\/\/informator.us.edu.pl\/modules\/109190\/\">https:\/\/informator.us.edu.pl\/modules\/109190\/<\/a><\/p>\n<p><strong>Opis modu\u0142u<\/strong><\/p>\n<p>\u0106wiczenia terenowe zapoznaj\u0105 student\u00f3w z metodyk\u0105 oraz metodami i technikami pozyskiwania specjalistycznych danych \u017ar\u00f3d\u0142owych bezpo\u015brednio w terenie, jak r\u00f3wnie\u017c z metodami weryfikacji terenowej danych teledetekcyjnych, statystycznych i innych faktograficznych danych \u017ar\u00f3d\u0142owych. Tak\u017ce umo\u017cliwiaj\u0105 studentom udzia\u0142 w praktycznych pracach badawczych lub wdro\u017ceniowych, prowadzonych przez wyspecjalizowane instytucje, w zakresie realizowanej specjalizacji.<\/p>\n<p>Dokumenty do pobrania:<\/p>\n<p>1\/ <a href=\"https:\/\/us.edu.pl\/wydzial\/wnp\/wp-content\/uploads\/sites\/16\/Bez-kategorii\/zal_1-CTS-Porozumienie.docx\" class=\"mtli_attachment mtli_docx\" data-mtli=\"mtli_filesize33,64kB\" class=\"mtli_attachment mtli_docx\" data-mtli=\"mtli_filesize33,64kB\">zal_1 CTS Porozumienie<\/a><\/p>\n<p>2\/ <a href=\"https:\/\/us.edu.pl\/wydzial\/wnp\/wp-content\/uploads\/sites\/16\/student\/druki\/geografia\/zal_2-CTS.docx\" class=\"mtli_attachment mtli_docx\" data-mtli=\"mtli_filesize17,75kB\" class=\"mtli_attachment mtli_docx\" data-mtli=\"mtli_filesize17,75kB\">O\u015bwiadczenie zal_2 CTS<\/a><\/p>\n<p>3\/ <a href=\"https:\/\/us.edu.pl\/wydzial\/wnp\/wp-content\/uploads\/sites\/16\/student\/druki\/geografia\/zal_3-CTS.docx\" class=\"mtli_attachment mtli_docx\" data-mtli=\"mtli_filesize23,61kB\" class=\"mtli_attachment mtli_docx\" data-mtli=\"mtli_filesize23,61kB\">Raport zal_3 CTS<\/a><\/p>\n<p>4\/ <a href=\"https:\/\/us.edu.pl\/wydzial\/wnp\/wp-content\/uploads\/sites\/16\/Bez-kategorii\/zal_4-CTS-Wniosek-do-dodania-na-www.docx\" class=\"mtli_attachment mtli_docx\" data-mtli=\"mtli_filesize28,73kB\" class=\"mtli_attachment mtli_docx\" data-mtli=\"mtli_filesize28,73kB\">zal_4 CTS Wniosek<\/a><\/p>\n<p>Dokumenty (pliki word) \u00a0zal_1 CTS i zal_2 CTS nale\u017cy wype\u0142ni\u0107 komputerowo (nazwa i adres miejsca \u0107wicze\u0144 terenowych, nazwisko i imi\u0119 studenta oraz nazwisko i imi\u0119 osoby reprezentuj\u0105cej zak\u0142ad pracy &#8211; dyrektora\/ kierownika lub pracownika; imi\u0119 i nazwisko oraz nr telefonu do zak\u0142adowego opiekuna \u0107wicze\u0144 terenowych specjalizacyjnych) oraz przes\u0142a\u0107 poprzez Teamsa do opiekuna akademickiego \u0107wicze\u0144 &#8211; dr hab. Adama Hibszera, prof. U\u015a.<\/p>\n<p>\u0106wiczenia terenowe specjalizacyjne mo\u017cna b\u0119dzie rozpocz\u0105\u0107 po odebraniu z dziekanatu Porozumienia (zal_1 CTS), podpisanego przez prodziekana ds. studenckich.<\/p>\n<p>Skany dokumentu nr 1 (zal_1 CTS) z piecz\u0105tk\u0105 i podpisem oraz dokumentu nr 2 (zal_2 CTS) z podpisem nale\u017cy przes\u0142a\u0107 do akademickiego opiekuna \u0107wicze\u0144 w dniu ich rozpocz\u0119cia. Za\u015b po ich zako\u0144czeniu nale\u017cy przes\u0142a\u0107 skan dokumentu nr 3 (zal_3 CTS), podpisanego przez wskazane w dokumencie osoby. Po zako\u0144czeniu \u0107wicze\u0144 opiekunowi akademickiemu \u0107wicze\u0144 nale\u017cy dostarczy\u0107 orygina\u0142y dokument\u00f3w.<\/p>\n<style type=\"text\/css\">a[data-mtli~=\"mtli_filesize33,64kB\"]:after {content:\" (33,64 kB)\"}a[data-mtli~=\"mtli_filesize17,75kB\"]:after {content:\" (17,75 kB)\"}a[data-mtli~=\"mtli_filesize23,61kB\"]:after {content:\" (23,61 kB)\"}a[data-mtli~=\"mtli_filesize28,73kB\"]:after {content:\" (28,73 kB)\"}<\/style><\/div>\r\n                    <\/div>\r\n                <\/div>[\/vc_column][\/vc_row]<\/p>\n<style type=\"text\/css\">a[data-mtli~=\"mtli_filesize33,64kB\"]:after {content:\" (33,64 kB)\"}a[data-mtli~=\"mtli_filesize17,75kB\"]:after {content:\" (17,75 kB)\"}a[data-mtli~=\"mtli_filesize23,61kB\"]:after {content:\" (23,61 kB)\"}a[data-mtli~=\"mtli_filesize28,73kB\"]:after {content:\" (28,73 kB)\"}<\/style>","protected":false},"excerpt":{"rendered":"<p>[vc_row][vc_column][\/vc_column][\/vc_row] [&#8230;]<\/p>\n<p><a class=\"btn btn-secondary understrap-read-more-link\" href=\"https:\/\/us.edu.pl\/wydzial\/wnp\/student\/kierunki-geograficzne\/cwiczenia-terenowe-specjalizacyjne\/\">Read More&#8230;<\/a><\/p>\n","protected":false},"author":115,"featured_media":0,"parent":4010,"menu_order":0,"comment_status":"closed","ping_status":"closed","template":"","meta":{"_expiration-date-status":"","_expiration-date":0,"_expiration-date-type":"","_expiration-date-categories":[],"_expiration-date-options":[]},"acf":[],"_links":{"self":[{"href":"https:\/\/us.edu.pl\/wydzial\/wnp\/wp-json\/wp\/v2\/pages\/158994"}],"collection":[{"href":"https:\/\/us.edu.pl\/wydzial\/wnp\/wp-json\/wp\/v2\/pages"}],"about":[{"href":"https:\/\/us.edu.pl\/wydzial\/wnp\/wp-json\/wp\/v2\/types\/page"}],"author":[{"embeddable":true,"href":"https:\/\/us.edu.pl\/wydzial\/wnp\/wp-json\/wp\/v2\/users\/115"}],"replies":[{"embeddable":true,"href":"https:\/\/us.edu.pl\/wydzial\/wnp\/wp-json\/wp\/v2\/comments?post=158994"}],"version-history":[{"count":0,"href":"https:\/\/us.edu.pl\/wydzial\/wnp\/wp-json\/wp\/v2\/pages\/158994\/revisions"}],"up":[{"embeddable":true,"href":"https:\/\/us.edu.pl\/wydzial\/wnp\/wp-json\/wp\/v2\/pages\/4010"}],"wp:attachment":[{"href":"https:\/\/us.edu.pl\/wydzial\/wnp\/wp-json\/wp\/v2\/media?parent=158994"}],"curies":[{"name":"wp","href":"https:\/\/api.w.org\/{rel}","templated":true}]}}