{"id":163204,"date":"2025-04-17T08:38:51","date_gmt":"2025-04-17T06:38:51","guid":{"rendered":"https:\/\/us.edu.pl\/wydzial\/wnp\/?page_id=163204"},"modified":"2025-11-28T14:04:05","modified_gmt":"2025-11-28T13:04:05","slug":"centrum-biotechnologii-i-bioroznorodnosci","status":"publish","type":"page","link":"https:\/\/us.edu.pl\/wydzial\/wnp\/centrum-biotechnologii-i-bioroznorodnosci\/","title":{"rendered":"Centrum Biotechnologii i Bior\u00f3\u017cnorodno\u015bci"},"content":{"rendered":"<p>[vc_row el_class=&#8221;container&#8221;][vc_column]\r\n                <div class=\"text-modules\">\r\n                    <div class=\"container\">\r\n                        \r\n                        <div class=\"text-modules__content\"><p><span style=\"font-family: arial, helvetica, sans-serif; color: #000000; font-size: 18pt;\"><strong>Centrum Biotechnologii i Bior\u00f3\u017cnorodno\u015bci \u2013 nowa inwestycja Uniwersytetu \u015al\u0105skiego<\/strong><\/span><\/p>\n<\/div>\r\n                    <\/div>\r\n                <\/div>[\/vc_column][\/vc_row][vc_row el_class=&#8221;container&#8221;][vc_column][vc_single_image image=&#8221;163254&#8243; img_size=&#8221;full&#8221; alignment=&#8221;center&#8221;][\/vc_column][\/vc_row][vc_row][vc_column]\r\n                <div class=\"text-modules\">\r\n                    <div class=\"container\">\r\n                        \r\n                        <div class=\"text-modules__content\"><p>Decyzj\u0105 Zarz\u0105du Wojew\u00f3dztwa \u015al\u0105skiego Uniwersytet \u015al\u0105ski w Katowicach otrzyma\u0142 decyzj\u0119 o dofinansowaniu w wysoko\u015bci 134,8 mln z\u0142 na realizacj\u0119 budowy Centrum Biotechnologii i Bior\u00f3\u017cnorodno\u015bci (CBB), kt\u00f3re stanie si\u0119 now\u0105 siedzib\u0105 Instytutu Biologii, Biotechnologii i Ochrony \u015arodowiska.<\/p>\n<\/div>\r\n                    <\/div>\r\n                <\/div>[\/vc_column][\/vc_row][vc_row][vc_column]\r\n                <div class=\"text-modules\">\r\n                    <div class=\"container\">\r\n                        \r\n                        <div class=\"text-modules__content\"><p><span style=\"font-size: 14pt;\"><strong>Najwa\u017cniejsze informacje o Centrum Biotechnologii i Bior\u00f3\u017cnorodno\u015bci<\/strong><\/span><\/p>\n<\/div>\r\n                    <\/div>\r\n                <\/div>[\/vc_column][\/vc_row][vc_row el_class=&#8221;container&#8221;][vc_column]\r\n\t\t\t\t<div class='container'>\r\n\t\t\t\t\t<div class='list-links list-links_blue'>\r\n\t\t\t\t\t\t  \r\n\t\t\t\t\t\t  <ul>\r\n\t\t\t\t\t\t\t\t<li><a href='https:\/\/us.edu.pl\/wydzial\/wnp\/cbb-w-strategii-rozwoju-wojewodztwa-slaskiego\/'><p>CBB w Strategii Rozwoju Wojew\u00f3dztwa \u015al\u0105skiego <\/p><\/a><\/li>\r\n\t\t\t\t\t\t\t\t<li><a href='https:\/\/us.edu.pl\/wydzial\/wnp\/koncepcja-centrum-biotechnologii-i-bioroznorodnosci\/'><p>Koncepcja Centrum Biotechnologii i Bior\u00f3\u017cnorodno\u015bci <\/p><\/a><\/li>\r\n\t\t\t\t\t\t\t\t<li><a href='https:\/\/us.edu.pl\/wydzial\/wnp\/?page_id=163434&preview=true&aiEnableCheckShortcode=true'><p>Kszta\u0142cenie w przysz\u0142ym Centrum Biotechnologii i Bior\u00f3\u017cnorodno\u015bci <\/p><\/a><\/li>\r\n\t\t\t\t\t\t\t\t<li><a href='https:\/\/us.edu.pl\/wydzial\/wnp\/projekt-architektoniczny\/'><p>Projekt architektoniczny Centrum Biotechnologii i Bior\u00f3\u017cnorodno\u015bci<\/p><\/a><\/li><\/ul>\r\n\t\t\t\t\t<\/div>\r\n\t\t\t\t<\/div>   \r\n\t\t\t\t\t[\/vc_column][\/vc_row][vc_row][vc_column]<div class=\"container\"><div class=\"separator\" style=\"background-color: #EBEBEB\"><\/div><\/div>[\/vc_column][\/vc_row][vc_row el_class=&#8221;container&#8221;][vc_column width=&#8221;2\/3&#8243;][vc_images_carousel images=&#8221;163651,163479,163475,163472,163471,163470&#8243; img_size=&#8221;full&#8221; autoplay=&#8221;yes&#8221; hide_pagination_control=&#8221;yes&#8221; wrap=&#8221;yes&#8221;][\/vc_column][vc_column width=&#8221;1\/3&#8243;][vc_row_inner][vc_column_inner]\r\n                <div class=\"text-modules\">\r\n                    <div class=\"container\">\r\n                        \r\n                        <div class=\"text-modules__content\"><p><span style=\"color: #116fad; font-size: 14pt;\"><strong>Podstawowe informacje o inwestycji<\/strong><\/span><\/p>\n<p><span style=\"color: #116fad;\"><strong>Program:<br \/>\n<\/strong><\/span> Fundusze Europejskie dla \u015al\u0105skiego 2021-2027<\/p>\n<p><span style=\"color: #116fad;\"><strong>Okres realizacji:<br \/>\n<\/strong><\/span> 24.06.2022 do 30.09.2029 r.<\/p>\n<p><span style=\"color: #116fad;\"><strong>Ca\u0142kowita warto\u015b\u0107 projektu:<br \/>\n<\/strong><\/span> 202 289 764,19 PLN<\/p>\n<p><span style=\"color: #116fad;\"><strong>Dofinansowanie ze \u015brodk\u00f3w Unii Europejskiej dla U\u015a:<br \/>\n<\/strong><\/span> 134 817 259,51 PLN<\/p>\n<p><span style=\"color: #116fad;\"><strong>Koordynator projektu:<\/strong><\/span><br \/>\ndr hab. Agnieszka Janiak, prof. U\u015a<\/p>\n<p><span style=\"color: #116fad;\"><strong>Zast\u0119pca koordynatora projektu:<\/strong><\/span><br \/>\ndr hab. Mariusz Kanturski, prof. U\u015a<\/p>\n<\/div>\r\n                    <\/div>\r\n                <\/div>[\/vc_column_inner][\/vc_row_inner]<div class=\"container\"><div class=\"separator\" style=\"background-color: #EBEBEB\"><\/div><\/div>[vc_row_inner][vc_column_inner]\r\n                <div class=\"text-modules\">\r\n                    <div class=\"container\">\r\n                        \r\n                        <div class=\"text-modules__content\"><p><span style=\"font-size: 8pt;\"><em>Wizualizacje budynku Centrum Biotechnologii i Bior\u00f3\u017cnorodno\u015bci | mat. Pracownia Architektoniczna Czora i Czora | Industria Project<\/em><\/span><\/p>\n<\/div>\r\n                    <\/div>\r\n                <\/div>[\/vc_column_inner][\/vc_row_inner][\/vc_column][\/vc_row][vc_row][vc_column]\r\n                <div class=\"text-modules\">\r\n                    <div class=\"container\">\r\n                        \r\n                        <div class=\"text-modules__content\"><p>Celem projektu jest podniesienie jako\u015bci i warunk\u00f3w kszta\u0142cenia na poziomie wy\u017cszym dla przysz\u0142ych kadr w naszym regionie. Realizacja projektu jest elementem sk\u0142adowym wi\u0119kszej koncepcji Uniwersytetu \u015al\u0105skiego w Katowicach, jak\u0105 jest uruchomienie Zielonej Strefy Nauki &#8211; horyzontalnego przedsi\u0119wzi\u0119cia, wychodz\u0105cego naprzeciw potrzebom wynikaj\u0105cym z przeprowadzanej Sprawiedliwej Transformacji, kt\u00f3re ma na celu \u0142agodzenie jej skutk\u00f3w w obszarze gospodarczym, spo\u0142ecznym i \u015brodowiskowym.<\/p>\n<p>&nbsp;<\/p>\n<p><strong>Program:<\/strong><\/p>\n<p>Fundusze Europejskie dla \u015al\u0105skiego 2021-2027<\/p>\n<p>Priorytet FESL.10 \u201eFundusze Europejskie na transformacj\u0119\u201d<\/p>\n<p>Dzia\u0142anie FESL.10.13 \u201eInfrastruktura szkolnictwa wy\u017cszego na potrzeby transformacji\u201d<\/p>\n<p>&nbsp;<\/p>\n<p>Zakres projektu obejmuje utworzenie Centrum Biotechnologii i Bior\u00f3\u017cnorodno\u015bci (CBB) poprzez realizacj\u0119 zaplanowanych w projekcie dzia\u0142a\u0144 tj.:<\/p>\n<ul>\n<li>opracowanie dokumentacji projektowej,<\/li>\n<li>roboty budowlane,<\/li>\n<li>zakup wyposa\u017cenia,<\/li>\n<li>zakup i zastosowanie element\u00f3w \u201ezielone\u201d i OZE,<\/li>\n<li>zakup i zastosowanie w obiekcie element\u00f3w prowadz\u0105cych do stworzenia obiektu dost\u0119pnego dla os\u00f3b ze szczeg\u00f3lnymi potrzebami.<\/li>\n<\/ul>\n<p>&nbsp;<\/p>\n<p>CBB zostanie utworzone w nowo wybudowanym i wyposa\u017conym w ramach projektu obiekcie.<\/p>\n<p>&nbsp;<\/p>\n<p>W wyniku realizacji projektu nast\u0105pi stworzenie optymalnej i nowoczesnej infrastruktury dla kszta\u0142cenia i budowania kompetencji absolwent\u00f3w w dziedzinach nauk \u015bcis\u0142ych i przyrodniczych, w szczeg\u00f3lno\u015bci takich jak nauki biologiczne, in\u017cynieria \u015brodowiska, energetyka oraz nauki o Ziemi i \u015brodowisku. Kszta\u0142cenie realizowane b\u0119dzie z zachowaniem szerokiej interdyscyplinarno\u015bci obejmuj\u0105cej dziedziny nauk in\u017cynieryjno-technicznych oraz nauk medycznych i nauk o zdrowiu. Dzi\u0119ki nowym i zmodernizowanym specjalizacjom, realizowanym w nowoczesnej infrastrukturze badawczo-dydaktycznej b\u0119dziemy kszta\u0142ci\u0107 specjalist\u00f3w gotowych do podejmowania dzia\u0142a\u0144 i wdra\u017cania rozwi\u0105za\u0144 z zakresu biotechnologii, bioinformatyki, bior\u00f3\u017cnorodno\u015bci oraz funkcjonowania, kszta\u0142towania i ochrony \u015brodowiska.<\/p>\n<p>&nbsp;<\/p>\n<p>\n<\/div>\r\n                    <\/div>\r\n                <\/div>[\/vc_column][\/vc_row][vc_row][vc_column]\r\n                <div class=\"text-modules\">\r\n                    <div class=\"container\">\r\n                        \r\n                        <div class=\"text-modules__content\"><p><a href=\"https:\/\/www.facebook.com\/hashtag\/FunduszeUE\/\"><strong>#FunduszeUE<\/strong><\/a><br \/>\n<a href=\"https:\/\/www.facebook.com\/hashtag\/funduszeeuropejskie\"><strong>#Fundusze Europejskie<\/strong><\/a><\/p>\n<p>\n<\/div>\r\n                    <\/div>\r\n                <\/div>[\/vc_column][\/vc_row]<\/p>","protected":false},"excerpt":{"rendered":"<p>[vc_row el_class=&#8221;container&#8221;][vc_column][\/vc_column][\/vc_row][vc_row el_class=&#8221;container&#8221;][vc_column][vc_single_image image=&#8221;163254&#8243; img_size=&#8221;full&#8221; alignment=&#8221;center&#8221;][\/vc_column][\/vc_row][vc_row][vc_column][\/vc_column][\/vc_row][vc_row][vc_column][\/vc_column][\/vc_row][vc_row el_class=&#8221;container&#8221;][vc_column][\/vc_column][\/vc_row][vc_row][vc_column][\/vc_column][\/vc_row][vc_row el_class=&#8221;container&#8221;][vc_column width=&#8221;2\/3&#8243;][vc_images_carousel images=&#8221;163651,163479,163475,163472,163471,163470&#8243; img_size=&#8221;full&#8221; autoplay=&#8221;yes&#8221; hide_pagination_control=&#8221;yes&#8221; wrap=&#8221;yes&#8221;][\/vc_column][vc_column width=&#8221;1\/3&#8243;][vc_row_inner][vc_column_inner][\/vc_column_inner][\/vc_row_inner][vc_row_inner][vc_column_inner][\/vc_column_inner][\/vc_row_inner][\/vc_column][\/vc_row][vc_row][vc_column][\/vc_column][\/vc_row][vc_row][vc_column][\/vc_column][\/vc_row] [&#8230;]<\/p>\n<p><a class=\"btn btn-secondary understrap-read-more-link\" href=\"https:\/\/us.edu.pl\/wydzial\/wnp\/centrum-biotechnologii-i-bioroznorodnosci\/\">Read More&#8230;<\/a><\/p>\n","protected":false},"author":115,"featured_media":0,"parent":0,"menu_order":0,"comment_status":"closed","ping_status":"closed","template":"","meta":{"_expiration-date-status":"","_expiration-date":0,"_expiration-date-type":"","_expiration-date-categories":[],"_expiration-date-options":[]},"acf":[],"_links":{"self":[{"href":"https:\/\/us.edu.pl\/wydzial\/wnp\/wp-json\/wp\/v2\/pages\/163204"}],"collection":[{"href":"https:\/\/us.edu.pl\/wydzial\/wnp\/wp-json\/wp\/v2\/pages"}],"about":[{"href":"https:\/\/us.edu.pl\/wydzial\/wnp\/wp-json\/wp\/v2\/types\/page"}],"author":[{"embeddable":true,"href":"https:\/\/us.edu.pl\/wydzial\/wnp\/wp-json\/wp\/v2\/users\/115"}],"replies":[{"embeddable":true,"href":"https:\/\/us.edu.pl\/wydzial\/wnp\/wp-json\/wp\/v2\/comments?post=163204"}],"version-history":[{"count":0,"href":"https:\/\/us.edu.pl\/wydzial\/wnp\/wp-json\/wp\/v2\/pages\/163204\/revisions"}],"wp:attachment":[{"href":"https:\/\/us.edu.pl\/wydzial\/wnp\/wp-json\/wp\/v2\/media?parent=163204"}],"curies":[{"name":"wp","href":"https:\/\/api.w.org\/{rel}","templated":true}]}}