{"id":163375,"date":"2025-04-17T09:00:43","date_gmt":"2025-04-17T07:00:43","guid":{"rendered":"https:\/\/us.edu.pl\/wydzial\/wnp\/?page_id=163375"},"modified":"2025-11-28T14:02:58","modified_gmt":"2025-11-28T13:02:58","slug":"koncepcja-centrum-biotechnologii-i-bioroznorodnosci","status":"publish","type":"page","link":"https:\/\/us.edu.pl\/wydzial\/wnp\/koncepcja-centrum-biotechnologii-i-bioroznorodnosci\/","title":{"rendered":"Koncepcja Centrum Biotechnologii i Bior\u00f3\u017cnorodno\u015bci"},"content":{"rendered":"<p>[vc_row][vc_column]\r\n                <div class=\"text-modules\">\r\n                    <div class=\"container\">\r\n                        \r\n                        <div class=\"text-modules__content\"><p><span style=\"font-size: 18pt;\"><strong>Koncepcja Centrum Biotechnologii i Bior\u00f3\u017cnorodno\u015bci<\/strong><\/span><\/p>\n<\/div>\r\n                    <\/div>\r\n                <\/div>[\/vc_column][\/vc_row][vc_row][vc_column][vc_single_image image=&#8221;165152&#8243; img_size=&#8221;full&#8221; alignment=&#8221;center&#8221;][\/vc_column][\/vc_row][vc_row][vc_column]<div class=\"container\"><div class=\"separator\" style=\"background-color: #EBEBEB\"><\/div><\/div>[\/vc_column][\/vc_row][vc_row][vc_column]            \r\n                    <div class=\"container\">\r\n                        <div class=\"gallery gallery_3\" data-images-in-row=\"3\">\r\n                            \r\n                            <div class=\"row m-0\">\r\n                                <a data-fancybox-group=\"button\" title=\"\" data-fancybox=\"8400\" href=\"https:\/\/us.edu.pl\/wydzial\/wnp\/wp-content\/uploads\/sites\/16\/Bez-kategorii\/Wizualizacja-zewn-1-scaled.jpg\" class=\"gallery__item thumbnail\"\r\n                                    style=\"background-image: url(https:\/\/us.edu.pl\/wydzial\/wnp\/wp-content\/uploads\/sites\/16\/Bez-kategorii\/Wizualizacja-zewn-1-1024x538.jpg)\"> <span class=\"d-none\">https:\/\/us.edu.pl\/wydzial\/wnp\/wp-content\/uploads\/sites\/16\/Bez-kategorii\/Wizualizacja-zewn-1-scaled.jpg<\/span> <\/a><a data-fancybox-group=\"button\" title=\"\" data-fancybox=\"8400\" href=\"https:\/\/us.edu.pl\/wydzial\/wnp\/wp-content\/uploads\/sites\/16\/Bez-kategorii\/lokalizacja_CBB.jpg\" class=\"gallery__item thumbnail\"\r\n                                    style=\"background-image: url(https:\/\/us.edu.pl\/wydzial\/wnp\/wp-content\/uploads\/sites\/16\/Bez-kategorii\/lokalizacja_CBB-1024x576.jpg)\"> <span class=\"d-none\">https:\/\/us.edu.pl\/wydzial\/wnp\/wp-content\/uploads\/sites\/16\/Bez-kategorii\/lokalizacja_CBB.jpg<\/span> <\/a><a data-fancybox-group=\"button\" title=\"\" data-fancybox=\"8400\" href=\"https:\/\/us.edu.pl\/wydzial\/wnp\/wp-content\/uploads\/sites\/16\/Strona-glowna\/cbb\/z-lotu-ptaka.jpg\" class=\"gallery__item thumbnail\"\r\n                                    style=\"background-image: url(https:\/\/us.edu.pl\/wydzial\/wnp\/wp-content\/uploads\/sites\/16\/Strona-glowna\/cbb\/z-lotu-ptaka-1024x507.jpg)\"> <span class=\"d-none\">https:\/\/us.edu.pl\/wydzial\/wnp\/wp-content\/uploads\/sites\/16\/Strona-glowna\/cbb\/z-lotu-ptaka.jpg<\/span> <\/a>\r\n                            <\/div>\r\n                    <\/div>\r\n                <\/div>\r\n                <div class=\"text-modules\">\r\n                    <div class=\"container\">\r\n                        \r\n                        <div class=\"text-modules__content\"><p><span style=\"font-size: 8pt;\"><em>Wizualizacje Centrum Biotechnologii i Bior\u00f3\u017cnorodno\u015bci | mat. Pracownia Architektoniczna Czora i Czora | Industria Project<\/em><\/span><\/p>\n<\/div>\r\n                    <\/div>\r\n                <\/div>[\/vc_column][\/vc_row][vc_row][vc_column]<div class=\"container\"><div class=\"separator\" style=\"background-color: #EBEBEB\"><\/div><\/div>[\/vc_column][\/vc_row][vc_row][vc_column]\r\n                <div class=\"text-modules\">\r\n                    <div class=\"container\">\r\n                        \r\n                        <div class=\"text-modules__content\"><p>Centrum Biotechnologii i Bior\u00f3\u017cnorodno\u015bci wybudowane b\u0119dzie przy Al. Ro\u017adzie\u0144skiego w Katowicach w miejscu, gdzie obecnie znajduje si\u0119 budynek by\u0142ej sto\u0142\u00f3wki uniwersyteckiej. Budynek wpisywa\u0107 si\u0119 b\u0119dzie w koncepcj\u0119 architektoniczn\u0105 tamtejszej okolicy, w tym le\u017c\u0105cych naprzeciw zabudowa\u0144 Muzeum \u015al\u0105skiego i Katowickiej Strefy Kultury oraz w koncepcj\u0119 komplementarnej do niej Zielonej Strefy Nauki, kt\u00f3ra jest przedsi\u0119wzi\u0119ciem podj\u0119tym przez Uczelnie Wy\u017csze Katowic. Budynek b\u0119dzie si\u0119 r\u00f3wnie\u017c wpisywa\u0142 w oczekiwania i wymogi \u015brodowiskowe takie jak neutralno\u015b\u0107 w\u0119glowa, b\u0119dzie wyposa\u017cony w panele fotowoltaiczne i system odzyskiwania wody deszczowej. Sporo miejsca b\u0119d\u0105 zajmowa\u0142y ro\u015bliny na fasadzie budynku i wok\u00f3\u0142 niego, a tak\u017ce w holu g\u0142\u00f3wnym oraz strefie Interdyscyplinarnego Centrum Nauki zlokalizowanej na parterze. \u00a0Na parterze budynku znajdzie si\u0119 tak\u017ce obszerna aula, s\u0142u\u017c\u0105ca spotkaniom spo\u0142eczno\u015bci akademickiej, b\u0119d\u0105ca miejscem wyk\u0142ad\u00f3w oraz spotka\u0144 podczas r\u00f3\u017cnorakich debat w czasie dni promocji nauki. W ramach strefy obejmuj\u0105cej Centrum Nauki powstanie r\u00f3wnie\u017c oran\u017ceria i \u015bcie\u017cka dydaktyczna dedykowana min. ochronie r\u00f3\u017cnorodno\u015bci biologicznej na terenach zurbanizowanych oraz zmianom klimatycznym i przeciwdzia\u0142aniu im.<\/p>\n<\/div>\r\n                    <\/div>\r\n                <\/div>[\/vc_column][\/vc_row][vc_row][vc_column]\r\n                <div class=\"text-modules\">\r\n                    <div class=\"container\">\r\n                        \r\n                        <div class=\"text-modules__content\"><p><strong>W obr\u0119bie budynku przewiduje si\u0119 nast\u0119puj\u0105ce strefy:<\/strong><\/p>\n<ol>\n<li>Studenckie Interdyscyplinarne Centrum Nauki,<\/li>\n<li>Modu\u0142 dydaktyczny obejmuj\u0105cy:<\/li>\n<\/ol>\n<ul>\n<li>sal\u0119 dydaktyczn\u0105 audytoryjn\u0105,<\/li>\n<li>pracownie dydaktyczne dedykowane zaj\u0119ciom seminaryjno-warsztatowym,<\/li>\n<li>pracownie komputerowe,<\/li>\n<li>pracownie laboratoryjne dedykowane realizacji kompleksowego kszta\u0142cenia na poziomie wy\u017cszym w zakresie biotechnologii, biologii i ochrony \u015brodowiska, takie jak:\n<ul>\n<li>pracownie mikroskopowe,<\/li>\n<li>pracownia biofizyczna,<\/li>\n<li>pracownia biotechnologii i kultur in vitro,<\/li>\n<li>pracownia ekologii,<\/li>\n<li>pracownia hydrobiologii,<\/li>\n<li>pracownie fizjologii ro\u015blin,<\/li>\n<li>pracownie botaniki,<\/li>\n<li>pracownie histologiczne,<\/li>\n<li>pracownie immunohistochemiczne i immunocytochemiczne,<\/li>\n<li>pracownie biochemiczno-mikrobiologiczne,<\/li>\n<li>pracownie biologii molekularnej,<\/li>\n<li>pracownie toksykologii i biochemii,<\/li>\n<\/ul>\n<\/li>\n<li>specjalistyczne laboratoria dydaktyczne wyposa\u017cone w nowoczesn\u0105 infrastruktur\u0119 badawcz\u0105, dedykowan\u0105 do realizacji zaawansowanych projekt\u00f3w biotechnologicznych, biologicznych i \u015brodowiskowych, takie jak:\n<ul>\n<li>Laboratorium Biotechnologii \u015arodowiskowej,<\/li>\n<li>Laboratorium Bioprocesowe,<\/li>\n<li>Laboratorium Biotechnologii Ro\u015blin i Zwierz\u0105t,<\/li>\n<li>Laboratorium Biologii Molekularnej,<\/li>\n<li>Laboratorium Analiz Genomowych,<\/li>\n<li>Laboratorium Bioinformatyki i Modelowania Komputerowego,<\/li>\n<li>Laboratorium Technik Mikroskopowych,<\/li>\n<li>Laboratorium Symulacji Proces\u00f3w Ekosystemowych,<\/li>\n<li>Pracownia Dokumentacji Botanicznej, Zielnik Naukowy.<\/li>\n<\/ul>\n<\/li>\n<\/ul>\n<ol start=\"3\">\n<li>Laboratoria \u015al\u0105skiego Centrum Genomiki<\/li>\n<li>Zaplecze dydaktyki specjalizacyjnej, w tym:\n<ul>\n<li>szklarnie,<\/li>\n<li>pokoje do hodowli ro\u015blin,<\/li>\n<li>pok\u00f3j hodowlany do elastycznego wykorzystania w modelowaniu i symulacji proces\u00f3w ekosystemowych,<\/li>\n<li>hala na fitotrony,<\/li>\n<li>pokoje do hodowli zwierz\u0105t,<\/li>\n<li>ch\u0142odnie do wernalizacji i stratyfikacji ro\u015blin.<\/li>\n<\/ul>\n<\/li>\n<li>Modu\u0142 administracyjny wraz z pomieszczeniami Dziekanatu i pokojami do konsultacji ze studentami.<\/li>\n<\/ol>\n<p>\n<\/div>\r\n                    <\/div>\r\n                <\/div>[\/vc_column][\/vc_row][vc_row][vc_column]<div class=\"container\"><div class=\"separator\" style=\"background-color: #EBEBEB\"><\/div><\/div>[\/vc_column][\/vc_row][vc_row][vc_column]            \r\n                    <div class=\"container\">\r\n                        <div class=\"gallery gallery_4\" data-images-in-row=\"4\">\r\n                            \r\n                            <div class=\"row m-0\">\r\n                                <a data-fancybox-group=\"button\" title=\"\" data-fancybox=\"3742\" href=\"https:\/\/us.edu.pl\/wydzial\/wnp\/wp-content\/uploads\/sites\/16\/Bez-kategorii\/aula-scaled.jpg\" class=\"gallery__item thumbnail\"\r\n                                    style=\"background-image: url(https:\/\/us.edu.pl\/wydzial\/wnp\/wp-content\/uploads\/sites\/16\/Bez-kategorii\/aula-1024x727.jpg)\"> <span class=\"d-none\">https:\/\/us.edu.pl\/wydzial\/wnp\/wp-content\/uploads\/sites\/16\/Bez-kategorii\/aula-scaled.jpg<\/span> <\/a><a data-fancybox-group=\"button\" title=\"\" data-fancybox=\"3742\" href=\"https:\/\/us.edu.pl\/wydzial\/wnp\/wp-content\/uploads\/sites\/16\/Bez-kategorii\/Pracownia-laboratoryjna-scaled.jpg\" class=\"gallery__item thumbnail\"\r\n                                    style=\"background-image: url(https:\/\/us.edu.pl\/wydzial\/wnp\/wp-content\/uploads\/sites\/16\/Bez-kategorii\/Pracownia-laboratoryjna-1024x511.jpg)\"> <span class=\"d-none\">https:\/\/us.edu.pl\/wydzial\/wnp\/wp-content\/uploads\/sites\/16\/Bez-kategorii\/Pracownia-laboratoryjna-scaled.jpg<\/span> <\/a><a data-fancybox-group=\"button\" title=\"\" data-fancybox=\"3742\" href=\"https:\/\/us.edu.pl\/wydzial\/wnp\/wp-content\/uploads\/sites\/16\/Bez-kategorii\/Szklarnia-scaled.jpg\" class=\"gallery__item thumbnail\"\r\n                                    style=\"background-image: url(https:\/\/us.edu.pl\/wydzial\/wnp\/wp-content\/uploads\/sites\/16\/Bez-kategorii\/Szklarnia-1024x853.jpg)\"> <span class=\"d-none\">https:\/\/us.edu.pl\/wydzial\/wnp\/wp-content\/uploads\/sites\/16\/Bez-kategorii\/Szklarnia-scaled.jpg<\/span> <\/a><a data-fancybox-group=\"button\" title=\"\" data-fancybox=\"3742\" href=\"https:\/\/us.edu.pl\/wydzial\/wnp\/wp-content\/uploads\/sites\/16\/Bez-kategorii\/Pokoj-hodowli-roslin-scaled.jpg\" class=\"gallery__item thumbnail\"\r\n                                    style=\"background-image: url(https:\/\/us.edu.pl\/wydzial\/wnp\/wp-content\/uploads\/sites\/16\/Bez-kategorii\/Pokoj-hodowli-roslin-1024x854.jpg)\"> <span class=\"d-none\">https:\/\/us.edu.pl\/wydzial\/wnp\/wp-content\/uploads\/sites\/16\/Bez-kategorii\/Pokoj-hodowli-roslin-scaled.jpg<\/span> <\/a>\r\n                            <\/div>\r\n                    <\/div>\r\n                <\/div>\r\n                <div class=\"text-modules\">\r\n                    <div class=\"container\">\r\n                        \r\n                        <div class=\"text-modules__content\"><p><span style=\"font-size: 8pt;\"><em>Wizualizacje Centrum Biotechnologii i Bior\u00f3\u017cnorodno\u015bci | mat. Pracownia Architektoniczna Czora i Czora | Industria Project<\/em><\/span><\/p>\n<\/div>\r\n                    <\/div>\r\n                <\/div>[\/vc_column][\/vc_row][vc_row][vc_column]<div class=\"container\"><div class=\"separator\" style=\"background-color: #EBEBEB\"><\/div><\/div>[\/vc_column][\/vc_row][vc_row][vc_column]\r\n                <div class=\"text-modules\">\r\n                    <div class=\"container\">\r\n                        \r\n                        <div class=\"text-modules__content\"><p><strong>Studenckie Interdyscyplinarne Centrum Nauki<\/strong><\/p>\n<p>Szczeg\u00f3lnym miejscem w obr\u0119bie budynku CBB b\u0119dzie Studenckie Interdyscyplinarne Centrum Nauki wpisuj\u0105ce si\u0119 w koncepcj\u0119 Sieciowego Centrum Nauki promowan\u0105 przez Uniwersytet \u015al\u0105ski jako jeden z filar\u00f3w Miasta Nauki. Centrum Nauki w CBB stanowi\u0107 b\u0119dzie przestrze\u0144 o powierzchni ok. 500 m<sup>2<\/sup> w s\u0105siedztwie g\u0142\u00f3wnego wej\u015bcia i holu komunikacyjnego.<\/p>\n<p>&nbsp;<\/p>\n<p>Przestrze\u0144 ta b\u0119dzie miejscem z za\u0142o\u017cenia otwartym dla mieszka\u0144c\u00f3w Katowic, o charakterze popularyzatorskim, zbli\u017caj\u0105c najnowsze osi\u0105gniecia oraz problemy poruszane przez nauki przyrodnicze szerokiemu gronu odbiorc\u00f3w. B\u0119d\u0105 to rozmaite warsztaty praktyczne, wystawy, prezentacje multimedialne, kt\u00f3rych celem b\u0119dzie przede wszystkim poszerzanie \u015bwiadomo\u015bci przyrodniczej, rozumienia przemian \u015brodowiskowych i znaczenia ochrony zasob\u00f3w przyrodniczych u szerokiego grona odbiorc\u00f3w, jak r\u00f3wnie\u017c przekazywanie rzetelnej wiedzy o nowych metodach stosowanych w biotechnologii, biologii molekularnej, biochemii i ochronie \u015brodowiska.<\/p>\n<p>&nbsp;<\/p>\n<p><strong>W tej przestrzeni znajd\u0105 si\u0119 nast\u0119puj\u0105ce elementy:<\/strong><\/p>\n<ul>\n<li>interaktywna ekspozycja sta\u0142a<\/li>\n<li>wystawy czasowe<\/li>\n<li>galeria fotografii przyrodniczej<\/li>\n<li>zak\u0105tek historyczny biolog\u00f3w<\/li>\n<li>oran\u017ceria przechodz\u0105ca w \u015bcie\u017ck\u0119 dydaktyczn\u0105<\/li>\n<li>laboratoria dedykowane popularyzacji nauki<\/li>\n<li>studio nagraniowe<\/li>\n<li>letnie kino naukowe<\/li>\n<\/ul>\n<p>\n<\/div>\r\n                    <\/div>\r\n                <\/div>[\/vc_column][\/vc_row][vc_row][vc_column]<div class=\"container\"><div class=\"separator\" style=\"background-color: #EBEBEB\"><\/div><\/div>[\/vc_column][\/vc_row][vc_row][vc_column]            \r\n                    <div class=\"container\">\r\n                        <div class=\"gallery gallery_3\" data-images-in-row=\"3\">\r\n                            \r\n                            <div class=\"row m-0\">\r\n                                <a data-fancybox-group=\"button\" title=\"\" data-fancybox=\"7170\" href=\"https:\/\/us.edu.pl\/wydzial\/wnp\/wp-content\/uploads\/sites\/16\/Bez-kategorii\/Centrum-Nauki-wizualizacja-1_-scaled.jpg\" class=\"gallery__item thumbnail\"\r\n                                    style=\"background-image: url(https:\/\/us.edu.pl\/wydzial\/wnp\/wp-content\/uploads\/sites\/16\/Bez-kategorii\/Centrum-Nauki-wizualizacja-1_-1024x596.jpg)\"> <span class=\"d-none\">https:\/\/us.edu.pl\/wydzial\/wnp\/wp-content\/uploads\/sites\/16\/Bez-kategorii\/Centrum-Nauki-wizualizacja-1_-scaled.jpg<\/span> <\/a><a data-fancybox-group=\"button\" title=\"\" data-fancybox=\"7170\" href=\"https:\/\/us.edu.pl\/wydzial\/wnp\/wp-content\/uploads\/sites\/16\/Bez-kategorii\/Centrum-Nauki-wizualizacja-nocna-2_-scaled.jpg\" class=\"gallery__item thumbnail\"\r\n                                    style=\"background-image: url(https:\/\/us.edu.pl\/wydzial\/wnp\/wp-content\/uploads\/sites\/16\/Bez-kategorii\/Centrum-Nauki-wizualizacja-nocna-2_-1024x596.jpg)\"> <span class=\"d-none\">https:\/\/us.edu.pl\/wydzial\/wnp\/wp-content\/uploads\/sites\/16\/Bez-kategorii\/Centrum-Nauki-wizualizacja-nocna-2_-scaled.jpg<\/span> <\/a><a data-fancybox-group=\"button\" title=\"\" data-fancybox=\"7170\" href=\"https:\/\/us.edu.pl\/wydzial\/wnp\/wp-content\/uploads\/sites\/16\/Bez-kategorii\/CENTRUM-NAUKI_AJ_rzut.jpg\" class=\"gallery__item thumbnail\"\r\n                                    style=\"background-image: url(https:\/\/us.edu.pl\/wydzial\/wnp\/wp-content\/uploads\/sites\/16\/Bez-kategorii\/CENTRUM-NAUKI_AJ_rzut-1024x719.jpg)\"> <span class=\"d-none\">https:\/\/us.edu.pl\/wydzial\/wnp\/wp-content\/uploads\/sites\/16\/Bez-kategorii\/CENTRUM-NAUKI_AJ_rzut.jpg<\/span> <\/a>\r\n                            <\/div>\r\n                    <\/div>\r\n                <\/div>\r\n                <div class=\"text-modules\">\r\n                    <div class=\"container\">\r\n                        \r\n                        <div class=\"text-modules__content\"><p><span style=\"font-size: 8pt;\"><em>Wizualizacje Centrum Biotechnologii i Bior\u00f3\u017cnorodno\u015bci | mat. Pracownia Architektoniczna Czora i Czora | Industria Project<\/em><\/span><\/p>\n<\/div>\r\n                    <\/div>\r\n                <\/div>[\/vc_column][\/vc_row][vc_row][vc_column]\r\n                <div class=\"text-modules\">\r\n                    <div class=\"container\">\r\n                        \r\n                        <div class=\"text-modules__content\"><p><a href=\"https:\/\/www.facebook.com\/hashtag\/FunduszeUE\/\"><strong>#FunduszeUE<\/strong><\/a><br \/>\n<a href=\"https:\/\/www.facebook.com\/hashtag\/funduszeeuropejskie\"><strong>#Fundusze Europejskie<\/strong><\/a><\/p>\n<\/div>\r\n                    <\/div>\r\n                <\/div>[\/vc_column][\/vc_row]<\/p>","protected":false},"excerpt":{"rendered":"<p>[vc_row][vc_column][\/vc_column][\/vc_row][vc_row][vc_column][vc_single_image image=&#8221;165152&#8243; img_size=&#8221;full&#8221; alignment=&#8221;center&#8221;][\/vc_column][\/vc_row][vc_row][vc_column][\/vc_column][\/vc_row][vc_row][vc_column][\/vc_column][\/vc_row][vc_row][vc_column][\/vc_column][\/vc_row][vc_row][vc_column][\/vc_column][\/vc_row][vc_row][vc_column][\/vc_column][\/vc_row][vc_row][vc_column][\/vc_column][\/vc_row][vc_row][vc_column][\/vc_column][\/vc_row][vc_row][vc_column][\/vc_column][\/vc_row][vc_row][vc_column][\/vc_column][\/vc_row][vc_row][vc_column][\/vc_column][\/vc_row][vc_row][vc_column][\/vc_column][\/vc_row][vc_row][vc_column][\/vc_column][\/vc_row] [&#8230;]<\/p>\n<p><a class=\"btn btn-secondary understrap-read-more-link\" href=\"https:\/\/us.edu.pl\/wydzial\/wnp\/koncepcja-centrum-biotechnologii-i-bioroznorodnosci\/\">Read More&#8230;<\/a><\/p>\n","protected":false},"author":115,"featured_media":0,"parent":0,"menu_order":0,"comment_status":"closed","ping_status":"closed","template":"","meta":{"_expiration-date-status":"","_expiration-date":0,"_expiration-date-type":"","_expiration-date-categories":[],"_expiration-date-options":[]},"acf":[],"_links":{"self":[{"href":"https:\/\/us.edu.pl\/wydzial\/wnp\/wp-json\/wp\/v2\/pages\/163375"}],"collection":[{"href":"https:\/\/us.edu.pl\/wydzial\/wnp\/wp-json\/wp\/v2\/pages"}],"about":[{"href":"https:\/\/us.edu.pl\/wydzial\/wnp\/wp-json\/wp\/v2\/types\/page"}],"author":[{"embeddable":true,"href":"https:\/\/us.edu.pl\/wydzial\/wnp\/wp-json\/wp\/v2\/users\/115"}],"replies":[{"embeddable":true,"href":"https:\/\/us.edu.pl\/wydzial\/wnp\/wp-json\/wp\/v2\/comments?post=163375"}],"version-history":[{"count":0,"href":"https:\/\/us.edu.pl\/wydzial\/wnp\/wp-json\/wp\/v2\/pages\/163375\/revisions"}],"wp:attachment":[{"href":"https:\/\/us.edu.pl\/wydzial\/wnp\/wp-json\/wp\/v2\/media?parent=163375"}],"curies":[{"name":"wp","href":"https:\/\/api.w.org\/{rel}","templated":true}]}}