{"id":163738,"date":"2025-05-19T10:36:54","date_gmt":"2025-05-19T08:36:54","guid":{"rendered":"https:\/\/us.edu.pl\/wydzial\/wnp\/?page_id=163738"},"modified":"2025-06-18T10:04:09","modified_gmt":"2025-06-18T08:04:09","slug":"gospodarka-wodna-aquamatyka","status":"publish","type":"page","link":"https:\/\/us.edu.pl\/wydzial\/wnp\/studia\/kierunki-studiow\/gospodarka-wodna-aquamatyka\/","title":{"rendered":"Gospodarka wodna \u2013 Aquamatyka"},"content":{"rendered":"<p>[vc_row][vc_column]\r\n                <div class=\"text-modules \">\r\n                    <div class=\"container\">\r\n                        <h3 class=\"section-title section-title_border-bottom\">Gospodarka wodna \u2013 Aquamatyka, studia I stopnia (in\u017cynierskie)<\/h3> \r\n                        <div class=\"row m-0\">\r\n                            <div class=\"text-modules__content\">\r\n                                <strong>j\u0119zyk wyk\u0142adowy: polski<\/strong><\/p>\n<p class=\"elementToProof\">Celem studi\u00f3w jest wykszta\u0142cenie kompetentnych menad\u017cer\u00f3w gospodarki wodnej, pe\u0142ni\u0105cych w miejscach swojej pracy rol\u0119 cz\u0142onka\/lidera grupy zadaniowej, charakteryzuj\u0105cych si\u0119 samodzielnym my\u015bleniem i dzia\u0142aniem, uznaj\u0105cym prymat wiedzy nad emocjami.<\/p>\n<p>Edukacja na kierunku b\u0119dzie oparta na zasadach wypracowanych przez Wilhelma von Humboldta:<\/p>\n<ul>\n<li>wieloaspektowo\u015bci \u2013 poszczeg\u00f3lne ga\u0142\u0119zie nauki uzupe\u0142niaj\u0105 si\u0119 i sk\u0142adaj\u0105 na wiedz\u0119 og\u00f3ln\u0105, a wi\u0119c s\u0105 jednakowo wa\u017cne,<\/li>\n<li>nauki przez do\u015bwiadczenie \u2013 kszta\u0142ceniu student\u00f3w poprzez bezpo\u015brednie zaanga\u017cowanie w dzia\u0142ania praktyczne i badania naukowe,<\/li>\n<li>jedno\u015bci profesor\u00f3w i student\u00f3w \u2013 tworzenie wsp\u00f3lnych zespo\u0142\u00f3w badawczych studenci-kadra naukowa.<\/li>\n<\/ul>\n<div class=\"mt-3\"><\/div>\r\n                            <\/div>\r\n                            \r\n                            <div class=\"text-modules__img\"><img src=\"https:\/\/us.edu.pl\/wydzial\/wnp\/wp-content\/uploads\/sites\/16\/Bez-kategorii\/2025_US_Rekrutacja-Grafiki-2.png\" alt=\"img\"><\/div>\r\n                        <\/div>\r\n                    <\/div>\r\n                <\/div>[\/vc_column][\/vc_row][vc_row][vc_column]\r\n                <div class='sidebar_moduls sidebar_links color-blue' style='background-color: #EBEBEB'>\r\n                    <h3>Zapisz si\u0119 na studia<\/h3>\r\n                    <ul class='angle-list'>\r\n                    <li><a href=\"https:\/\/irk.us.edu.pl\/pl\/offer\/SW-2025-Z\/programme\/W2-S1GW25\/?from=field:GW\">studia I stopnia - rozpocz\u0119cie rekrutacji od dnia 2 czerwca 2025r.<\/a><\/li>\r\n                <\/ul>\r\n            <\/div>[\/vc_column][\/vc_row]<\/p>","protected":false},"excerpt":{"rendered":"<p>[vc_row][vc_column][\/vc_column][\/vc_row][vc_row][vc_column][\/vc_column][\/vc_row] [&#8230;]<\/p>\n<p><a class=\"btn btn-secondary understrap-read-more-link\" href=\"https:\/\/us.edu.pl\/wydzial\/wnp\/studia\/kierunki-studiow\/gospodarka-wodna-aquamatyka\/\">Read More&#8230;<\/a><\/p>\n","protected":false},"author":115,"featured_media":0,"parent":2430,"menu_order":0,"comment_status":"closed","ping_status":"closed","template":"page-templates\/inner-page-with-bookmarks.php","meta":{"_expiration-date-status":"","_expiration-date":0,"_expiration-date-type":"","_expiration-date-categories":[],"_expiration-date-options":[]},"acf":[],"_links":{"self":[{"href":"https:\/\/us.edu.pl\/wydzial\/wnp\/wp-json\/wp\/v2\/pages\/163738"}],"collection":[{"href":"https:\/\/us.edu.pl\/wydzial\/wnp\/wp-json\/wp\/v2\/pages"}],"about":[{"href":"https:\/\/us.edu.pl\/wydzial\/wnp\/wp-json\/wp\/v2\/types\/page"}],"author":[{"embeddable":true,"href":"https:\/\/us.edu.pl\/wydzial\/wnp\/wp-json\/wp\/v2\/users\/115"}],"replies":[{"embeddable":true,"href":"https:\/\/us.edu.pl\/wydzial\/wnp\/wp-json\/wp\/v2\/comments?post=163738"}],"version-history":[{"count":0,"href":"https:\/\/us.edu.pl\/wydzial\/wnp\/wp-json\/wp\/v2\/pages\/163738\/revisions"}],"up":[{"embeddable":true,"href":"https:\/\/us.edu.pl\/wydzial\/wnp\/wp-json\/wp\/v2\/pages\/2430"}],"wp:attachment":[{"href":"https:\/\/us.edu.pl\/wydzial\/wnp\/wp-json\/wp\/v2\/media?parent=163738"}],"curies":[{"name":"wp","href":"https:\/\/api.w.org\/{rel}","templated":true}]}}