{"id":163952,"date":"2025-05-20T11:40:13","date_gmt":"2025-05-20T09:40:13","guid":{"rendered":"https:\/\/us.edu.pl\/wydzial\/wnp\/?page_id=163952"},"modified":"2025-06-18T10:30:15","modified_gmt":"2025-06-18T08:30:15","slug":"turystyka-zrownowazona","status":"publish","type":"page","link":"https:\/\/us.edu.pl\/wydzial\/wnp\/studia\/kierunki-studiow\/turystyka-zrownowazona\/","title":{"rendered":"Turystyka zr\u00f3wnowa\u017cona"},"content":{"rendered":"<p>[vc_row][vc_column]\r\n                <div class=\"text-modules \">\r\n                    <div class=\"container\">\r\n                        <h3 class=\"section-title section-title_border-bottom\">Turystyka zr\u00f3wnowa\u017cona<\/h3> \r\n                        <div class=\"row m-0\">\r\n                            <div class=\"text-modules__content\">\r\n                                Studia na kierunku Turystyka Zr\u00f3wnowa\u017cona maj\u0105 na celu kszta\u0142cenie przysz\u0142ych lider\u00f3w i specjalist\u00f3w \u015bwiadomych wyzwa\u0144 wsp\u00f3\u0142czesnej turystyki, kt\u00f3rzy potrafi\u0105 rozwija\u0107 sektor turystyczny w spos\u00f3b harmonijny z potrzebami \u015brodowiska naturalnego, dziedzictwa kulturowego i spo\u0142eczno\u015bci lokalnych.\u00a0W dobie rosn\u0105cej \u015bwiadomo\u015bci ekologicznej i spo\u0142ecznej, turystyka zr\u00f3wnowa\u017cona staje si\u0119 nie tylko trendem, ale konieczno\u015bci\u0105. Nasz kierunek studi\u00f3w odpowiada na to zapotrzebowanie, oferuj\u0105c kompleksow\u0105 wiedz\u0119 i praktyczne umiej\u0119tno\u015bci niezb\u0119dne do pracy w dynamicznie zmieniaj\u0105cej si\u0119 bran\u017cy turystycznej.<\/p>\n<div class=\"mt-3\"><\/div>\r\n                            <\/div>\r\n                            \r\n                            <div class=\"text-modules__img\"><img src=\"https:\/\/us.edu.pl\/wydzial\/wnp\/wp-content\/uploads\/sites\/16\/Bez-kategorii\/2025_US_Rekrutacja-Grafiki-3.png\" alt=\"img\"><\/div>\r\n                        <\/div>\r\n                    <\/div>\r\n                <\/div>[\/vc_column][\/vc_row][vc_row][vc_column]\r\n                <div class='sidebar_moduls sidebar_links color-blue' style='background-color: #EBEBEB'>\r\n                    <h3>Zapisz si\u0119 na studia<\/h3>\r\n                    <ul class='angle-list'>\r\n                    <li><a href=\"https:\/\/irk.us.edu.pl\/pl\/offer\/SW-2025-Z\/programme\/W2-S1TZ25\/?from=field:TZ\">studia I stopnia - rozpocz\u0119cie rekrutacji od dnia 2 czerwca 2025r. od godz. 12:00<\/a><\/li>\r\n                <\/ul>\r\n            <\/div>[\/vc_column][\/vc_row]<\/p>","protected":false},"excerpt":{"rendered":"<p>[vc_row][vc_column][\/vc_column][\/vc_row][vc_row][vc_column][\/vc_column][\/vc_row] [&#8230;]<\/p>\n<p><a class=\"btn btn-secondary understrap-read-more-link\" href=\"https:\/\/us.edu.pl\/wydzial\/wnp\/studia\/kierunki-studiow\/turystyka-zrownowazona\/\">Read More&#8230;<\/a><\/p>\n","protected":false},"author":115,"featured_media":0,"parent":2430,"menu_order":0,"comment_status":"closed","ping_status":"closed","template":"page-templates\/inner-page-with-bookmarks.php","meta":{"_expiration-date-status":"","_expiration-date":0,"_expiration-date-type":"","_expiration-date-categories":[],"_expiration-date-options":[]},"acf":[],"_links":{"self":[{"href":"https:\/\/us.edu.pl\/wydzial\/wnp\/wp-json\/wp\/v2\/pages\/163952"}],"collection":[{"href":"https:\/\/us.edu.pl\/wydzial\/wnp\/wp-json\/wp\/v2\/pages"}],"about":[{"href":"https:\/\/us.edu.pl\/wydzial\/wnp\/wp-json\/wp\/v2\/types\/page"}],"author":[{"embeddable":true,"href":"https:\/\/us.edu.pl\/wydzial\/wnp\/wp-json\/wp\/v2\/users\/115"}],"replies":[{"embeddable":true,"href":"https:\/\/us.edu.pl\/wydzial\/wnp\/wp-json\/wp\/v2\/comments?post=163952"}],"version-history":[{"count":0,"href":"https:\/\/us.edu.pl\/wydzial\/wnp\/wp-json\/wp\/v2\/pages\/163952\/revisions"}],"up":[{"embeddable":true,"href":"https:\/\/us.edu.pl\/wydzial\/wnp\/wp-json\/wp\/v2\/pages\/2430"}],"wp:attachment":[{"href":"https:\/\/us.edu.pl\/wydzial\/wnp\/wp-json\/wp\/v2\/media?parent=163952"}],"curies":[{"name":"wp","href":"https:\/\/api.w.org\/{rel}","templated":true}]}}