{"id":164988,"date":"2025-10-22T13:48:09","date_gmt":"2025-10-22T11:48:09","guid":{"rendered":"https:\/\/us.edu.pl\/wydzial\/wnp\/?page_id=164988"},"modified":"2025-10-22T14:02:13","modified_gmt":"2025-10-22T12:02:13","slug":"praktyki-zawodowe-nauczycielskie","status":"publish","type":"page","link":"https:\/\/us.edu.pl\/wydzial\/wnp\/student\/kierunki-geograficzne\/praktyki-zawodowe-nauczycielskie\/","title":{"rendered":"praktyki zawodowe &#8211; nauczycielskie"},"content":{"rendered":"<p>[vc_row][vc_column]\r\n                <div class=\"text-modules\">\r\n                    <div class=\"container\">\r\n                        <h3 class=\"page-title text__title\">Praktyki zawodowe - nauczycielskie na kierunku geografia<\/h3>\r\n                        <div class=\"text-modules__content\"><\/p>\n<h3 class=\"page-title text__title\"><\/h3>\n<div class=\"text-modules__content\">\n<p><span style=\"font-size: 12pt;\"><strong>Akademickim opiekunem praktyk zawodowych &#8211; nauczycielskich <\/strong><strong>jest:<\/strong><\/span><\/p>\n<p><span style=\"font-size: 12pt;\">dr hab. Adam Hibszer prof. U\u015a, e-mail: <a href=\"mailto:adam.hibszer@us.edu.pl\">adam.hibszer@us.edu.pl<\/a><\/span><\/p>\n<hr \/>\n<p><span style=\"font-size: 12pt;\"><strong>Akty prawne reguluj\u0105ce zasady odbywania praktyk zawodowych<\/strong><\/span><\/p>\n<p><span style=\"font-size: 12pt;\"><a href=\"https:\/\/us.edu.pl\/wydzial\/wnp\/wp-content\/uploads\/sites\/16\/2025\/10\/Zarzadzenie-70_2025.pdf\" class=\"mtli_attachment mtli_pdf\" data-mtli=\"mtli_filesize197,09kB\" class=\"mtli_attachment mtli_pdf\" data-mtli=\"mtli_filesize197,09kB\">Zarz\u0105dzenie nr 70 Rektora Uniwersytetu \u015al\u0105skiego w Katowicach z dnia 9 maja 2025 r. w sprawie organizacji praktyk zawodowych w Uniwersytecie \u015al\u0105skim w Katowicach\u00a0<\/a><\/span><\/p>\n<p><span style=\"font-size: 12pt;\"><a href=\"https:\/\/us.edu.pl\/wydzial\/wnp\/wp-content\/uploads\/sites\/16\/2025\/10\/Zal-nr-3-do-zarz-70_2025-porozumienie-ze-szkola-praktyka-lekcje-geografii-w-SP-na-III-lic-6-sem.docx\" class=\"mtli_attachment mtli_docx\" data-mtli=\"mtli_filesize35,93kB\" class=\"mtli_attachment mtli_docx\" data-mtli=\"mtli_filesize35,93kB\">Za\u0142 nr 3 do zarz 70_2025 &#8211; porozumienie ze szko\u0142\u0105 (praktyka) lekcje geografii w SP na III lic 6 sem<\/a><\/span><\/p>\n<p><span style=\"font-size: 12pt;\"><a href=\"https:\/\/us.edu.pl\/wydzial\/wnp\/wp-content\/uploads\/sites\/16\/2025\/10\/Zal-nr-7-do-zarz-70_2025-Wniosek-o-zaliczenie-praktyki-na-podstawie-pracy.docx\" class=\"mtli_attachment mtli_docx\" data-mtli=\"mtli_filesize27,72kB\" class=\"mtli_attachment mtli_docx\" data-mtli=\"mtli_filesize27,72kB\">Za\u0142 nr 7 do zarz 70_2025 &#8211; Wniosek o zaliczenie praktyki na podstawie pracy<\/a><\/span><\/p>\n<p><span style=\"font-size: 12pt;\"><a href=\"https:\/\/us.edu.pl\/wydzial\/wnp\/wp-content\/uploads\/sites\/16\/2025\/10\/Zal-nr-6-do-zarz-70_2025-Raport-z-przebiegu-praktyki-zawodowej-ped.-w-SP-lekcje-przyrody.docx\" class=\"mtli_attachment mtli_docx\" data-mtli=\"mtli_filesize27,78kB\" class=\"mtli_attachment mtli_docx\" data-mtli=\"mtli_filesize27,78kB\">Za\u0142 nr 6 do zarz 70_2025 &#8211; Raport z przebiegu praktyki zawodowej &#8211; ped. w SP &#8211; lekcje przyrody<\/a><\/span><\/p>\n<p><span style=\"font-size: 12pt;\"><a href=\"https:\/\/us.edu.pl\/wydzial\/wnp\/wp-content\/uploads\/sites\/16\/2025\/10\/Zal-nr-6-do-zarz-70_2025-Raport-z-przebiegu-praktyki-zawodowej-ped.-w-SP-lekcje-geografii.docx\" class=\"mtli_attachment mtli_docx\" data-mtli=\"mtli_filesize27,89kB\" class=\"mtli_attachment mtli_docx\" data-mtli=\"mtli_filesize27,89kB\">Za\u0142 nr 6 do zarz 70_2025 &#8211; Raport z przebiegu praktyki zawodowej &#8211; ped. w SP &#8211; lekcje geografii<\/a><\/span><\/p>\n<p><span style=\"font-size: 12pt;\"><a href=\"https:\/\/us.edu.pl\/wydzial\/wnp\/wp-content\/uploads\/sites\/16\/2025\/10\/Zal-nr-5-do-zarz-70_2025-Oswiadczenie.docx\" class=\"mtli_attachment mtli_docx\" data-mtli=\"mtli_filesize18,09kB\" class=\"mtli_attachment mtli_docx\" data-mtli=\"mtli_filesize18,09kB\">Za\u0142 nr 5 do zarz 70_2025 &#8211; O\u015bwiadczenie<\/a><\/span><\/p>\n<p><span style=\"font-size: 12pt;\"><a href=\"https:\/\/us.edu.pl\/wydzial\/wnp\/wp-content\/uploads\/sites\/16\/2025\/10\/Zal-nr-4-do-zarz-70_2025-Skierowanie-lekcje-przyrody-w-SP.docx\" class=\"mtli_attachment mtli_docx\" data-mtli=\"mtli_filesize24,62kB\" class=\"mtli_attachment mtli_docx\" data-mtli=\"mtli_filesize24,62kB\">Za\u0142 nr 4 do zarz 70_2025 &#8211; Skierowanie &#8211; lekcje przyrody w SP<\/a><\/span><\/p>\n<p><span style=\"font-size: 12pt;\"><a href=\"https:\/\/us.edu.pl\/wydzial\/wnp\/wp-content\/uploads\/sites\/16\/2025\/10\/Zal-nr-4-do-zarz-70_2025-Skierowanie-lekcje-geografi-w-SP.docx\" class=\"mtli_attachment mtli_docx\" data-mtli=\"mtli_filesize24,59kB\" class=\"mtli_attachment mtli_docx\" data-mtli=\"mtli_filesize24,59kB\">Za\u0142 nr 4 do zarz 70_2025 &#8211; Skierowanie &#8211; lekcje geografi w SP<\/a><\/span><\/p>\n<p><span style=\"font-size: 12pt;\"><a href=\"https:\/\/us.edu.pl\/wydzial\/wnp\/wp-content\/uploads\/sites\/16\/2025\/10\/Zal-nr-3-do-zarz-70_2025-porozumienie-ze-szkola-praktyka-lekcje-przyrody-w-SP-na-III-lic-6-sem.docx\" class=\"mtli_attachment mtli_docx\" data-mtli=\"mtli_filesize35,88kB\" class=\"mtli_attachment mtli_docx\" data-mtli=\"mtli_filesize35,88kB\">Za\u0142 nr 3 do zarz 70_2025 &#8211; porozumienie ze szko\u0142\u0105 (praktyka) lekcje przyrody w SP na III lic 6 sem<\/a><\/span><\/p>\n<p><span style=\"font-size: 12pt;\"><a href=\"https:\/\/us.edu.pl\/wydzial\/wnp\/wp-content\/uploads\/sites\/16\/2025\/10\/2025-26-Program-praktyki-ped.-w-SP-przyroda-zal-po-6-sem-III-lic.pdf\" class=\"mtli_attachment mtli_pdf\" data-mtli=\"mtli_filesize134,98kB\" class=\"mtli_attachment mtli_pdf\" data-mtli=\"mtli_filesize134,98kB\">2025-26 Program praktyki ped. w SP &#8211; przyroda &#8211; zal po 6 sem III lic<\/a><\/span><\/p>\n<p><span style=\"font-size: 12pt;\"><a href=\"https:\/\/us.edu.pl\/wydzial\/wnp\/wp-content\/uploads\/sites\/16\/2025\/10\/2025-26-Program-praktyki-ped.-w-SP-geografia-zal-po-6-sem-III-lic.pdf\" class=\"mtli_attachment mtli_pdf\" data-mtli=\"mtli_filesize135,12kB\" class=\"mtli_attachment mtli_pdf\" data-mtli=\"mtli_filesize135,12kB\">2025-26 Program praktyki ped. w SP &#8211; geografia &#8211; zal po 6 sem III lic<\/a><\/span><\/p>\n<p><span style=\"font-size: 12pt;\">Dokumenty (pliki word) nale\u017cy wype\u0142ni\u0107 komputerowo (nazwa i adres miejsca praktyki, nazwisko i imi\u0119 studenta oraz nazwisko i imi\u0119 osoby funkcyjnej reprezentuj\u0105cej szko\u0142\u0119, termin odbywania praktyki, imi\u0119 i nazwisko oraz nr telefonu do szkolnego opiekuna praktyki) oraz przes\u0142a\u0107 poprzez Teamsa do opiekuna akademickiego praktyk nauczycielskich \u2013 dr hab. Adama Hibszera prof. U\u015a. Przed rozpocz\u0119ciem praktyki nale\u017cy wype\u0142ni\u0107 i przes\u0142a\u0107: Porozumienie (za\u0142. 3), Skierowanie (za\u0142. 4) i O\u015bwiadczenie (za\u0142. 5), a po praktyce Raport (za\u0142. 6) lub Wniosek o zaliczenie pracy w szkole jako praktyki nauczycielskiej (za\u0142. 7). Praktyk\u0119 mo\u017cna b\u0119dzie rozpocz\u0105\u0107 po odebraniu z dziekanatu za\u0142 3 i za\u0142. 4, podpisanych przez prodziekana ds studenckich.<\/span><br \/>\n<span style=\"font-size: 12pt;\">Skan podpisanego za\u0142. 5 nale\u017cy przes\u0142a\u0107 na Teamsa do opiekuna akademickiego praktyk.<\/span><\/p>\n<\/div>\n<p>\n<style type=\"text\/css\">a[data-mtli~=\"mtli_filesize197,09kB\"]:after {content:\" (197,09 kB)\"}a[data-mtli~=\"mtli_filesize35,93kB\"]:after {content:\" (35,93 kB)\"}a[data-mtli~=\"mtli_filesize27,72kB\"]:after {content:\" (27,72 kB)\"}a[data-mtli~=\"mtli_filesize27,78kB\"]:after {content:\" (27,78 kB)\"}a[data-mtli~=\"mtli_filesize27,89kB\"]:after {content:\" (27,89 kB)\"}a[data-mtli~=\"mtli_filesize18,09kB\"]:after {content:\" (18,09 kB)\"}a[data-mtli~=\"mtli_filesize24,62kB\"]:after {content:\" (24,62 kB)\"}a[data-mtli~=\"mtli_filesize24,59kB\"]:after {content:\" (24,59 kB)\"}a[data-mtli~=\"mtli_filesize35,88kB\"]:after {content:\" (35,88 kB)\"}a[data-mtli~=\"mtli_filesize134,98kB\"]:after {content:\" (134,98 kB)\"}a[data-mtli~=\"mtli_filesize135,12kB\"]:after {content:\" (135,12 kB)\"}<\/style><\/div>\r\n                    <\/div>\r\n                <\/div>[\/vc_column][\/vc_row]<\/p>\n<style type=\"text\/css\">a[data-mtli~=\"mtli_filesize197,09kB\"]:after {content:\" (197,09 kB)\"}a[data-mtli~=\"mtli_filesize35,93kB\"]:after {content:\" (35,93 kB)\"}a[data-mtli~=\"mtli_filesize27,72kB\"]:after {content:\" (27,72 kB)\"}a[data-mtli~=\"mtli_filesize27,78kB\"]:after {content:\" (27,78 kB)\"}a[data-mtli~=\"mtli_filesize27,89kB\"]:after {content:\" (27,89 kB)\"}a[data-mtli~=\"mtli_filesize18,09kB\"]:after {content:\" (18,09 kB)\"}a[data-mtli~=\"mtli_filesize24,62kB\"]:after {content:\" (24,62 kB)\"}a[data-mtli~=\"mtli_filesize24,59kB\"]:after {content:\" (24,59 kB)\"}a[data-mtli~=\"mtli_filesize35,88kB\"]:after {content:\" (35,88 kB)\"}a[data-mtli~=\"mtli_filesize134,98kB\"]:after {content:\" (134,98 kB)\"}a[data-mtli~=\"mtli_filesize135,12kB\"]:after {content:\" (135,12 kB)\"}<\/style>","protected":false},"excerpt":{"rendered":"<p>[vc_row][vc_column][\/vc_column][\/vc_row] [&#8230;]<\/p>\n<p><a class=\"btn btn-secondary understrap-read-more-link\" href=\"https:\/\/us.edu.pl\/wydzial\/wnp\/student\/kierunki-geograficzne\/praktyki-zawodowe-nauczycielskie\/\">Read More&#8230;<\/a><\/p>\n","protected":false},"author":115,"featured_media":0,"parent":4010,"menu_order":0,"comment_status":"closed","ping_status":"closed","template":"page-templates\/inner-page.php","meta":{"_expiration-date-status":"","_expiration-date":0,"_expiration-date-type":"","_expiration-date-categories":[],"_expiration-date-options":[]},"acf":[],"_links":{"self":[{"href":"https:\/\/us.edu.pl\/wydzial\/wnp\/wp-json\/wp\/v2\/pages\/164988"}],"collection":[{"href":"https:\/\/us.edu.pl\/wydzial\/wnp\/wp-json\/wp\/v2\/pages"}],"about":[{"href":"https:\/\/us.edu.pl\/wydzial\/wnp\/wp-json\/wp\/v2\/types\/page"}],"author":[{"embeddable":true,"href":"https:\/\/us.edu.pl\/wydzial\/wnp\/wp-json\/wp\/v2\/users\/115"}],"replies":[{"embeddable":true,"href":"https:\/\/us.edu.pl\/wydzial\/wnp\/wp-json\/wp\/v2\/comments?post=164988"}],"version-history":[{"count":0,"href":"https:\/\/us.edu.pl\/wydzial\/wnp\/wp-json\/wp\/v2\/pages\/164988\/revisions"}],"up":[{"embeddable":true,"href":"https:\/\/us.edu.pl\/wydzial\/wnp\/wp-json\/wp\/v2\/pages\/4010"}],"wp:attachment":[{"href":"https:\/\/us.edu.pl\/wydzial\/wnp\/wp-json\/wp\/v2\/media?parent=164988"}],"curies":[{"name":"wp","href":"https:\/\/api.w.org\/{rel}","templated":true}]}}