{"id":165135,"date":"2025-11-28T12:54:49","date_gmt":"2025-11-28T11:54:49","guid":{"rendered":"https:\/\/us.edu.pl\/wydzial\/wnp\/?page_id=165135"},"modified":"2025-11-28T13:51:08","modified_gmt":"2025-11-28T12:51:08","slug":"projekt-architektoniczny","status":"publish","type":"page","link":"https:\/\/us.edu.pl\/wydzial\/wnp\/projekt-architektoniczny\/","title":{"rendered":"Projekt architektoniczny"},"content":{"rendered":"<p>[vc_row][vc_column]\r\n                <div class=\"text-modules\">\r\n                    <div class=\"container\">\r\n                        \r\n                        <div class=\"text-modules__content\"><p><strong><span style=\"font-size: 18pt;\">Projekt architektoniczny Centrum Biotechnologii i Bior\u00f3\u017cnorodno\u015bci<\/span><\/strong><\/p>\n<\/div>\r\n                    <\/div>\r\n                <\/div>[\/vc_column][\/vc_row][vc_row][vc_column][vc_single_image image=&#8221;165136&#8243; img_size=&#8221;full&#8221; alignment=&#8221;center&#8221;][\/vc_column][\/vc_row][vc_row][vc_column]\r\n                <div class=\"text-modules\">\r\n                    <div class=\"container\">\r\n                        \r\n                        <div class=\"text-modules__content\"><p>Powoli dobiegaj\u0105 ko\u0144ca prace nad projektem architektonicznym dla budynku Centrum Biotechnologii i Bior\u00f3\u017cnorodno\u015bci. Projekt zak\u0142ada usytuowanie budynku w rejonie ul. Ro\u017adzie\u0144skiego w Katowicach, na dzia\u0142ce nr 22\/20 oraz 22\/21, w Dzielnicy Bogucice \u2013 Zawodzie. Budynek CBB b\u0119dzie zlokalizowany w s\u0105siedztwie Wydzia\u0142u Prawa i Administracji oraz Centrum Informacji Naukowej i Biblioteki Akademickiej (CINIBA), w obr\u0119bie kampusu Uniwersytetu \u015al\u0105skiego, w miejscu dawnej sto\u0142\u00f3wki uniwersyteckiej. Po\u0142o\u017cenie budynku koresponduje r\u00f3wnie\u017c z regionem Katowickiej Strefy Kultury, z pobliskimi budynkami Muzeum \u015al\u0105skiego oraz NOSPR, wpisuj\u0105c si\u0119 architektonicznie w charakter tej strefy.<\/p>\n<\/div>\r\n                    <\/div>\r\n                <\/div>[\/vc_column][\/vc_row][vc_row][vc_column]            \r\n                    <div class=\"container\">\r\n                        <div class=\"gallery gallery_3\" data-images-in-row=\"3\">\r\n                            \r\n                            <div class=\"row m-0\">\r\n                                <a data-fancybox-group=\"button\" title=\"\" data-fancybox=\"6674\" href=\"\" class=\"gallery__item thumbnail\"\r\n                                    style=\"background-image: url()\"> <span class=\"d-none\"><\/span> <\/a><a data-fancybox-group=\"button\" title=\"\" data-fancybox=\"6674\" href=\"\" class=\"gallery__item thumbnail\"\r\n                                    style=\"background-image: url()\"> <span class=\"d-none\"><\/span> <\/a><a data-fancybox-group=\"button\" title=\"\" data-fancybox=\"6674\" href=\"\" class=\"gallery__item thumbnail\"\r\n                                    style=\"background-image: url()\"> <span class=\"d-none\"><\/span> <\/a><a data-fancybox-group=\"button\" title=\"\" data-fancybox=\"6674\" href=\"\" class=\"gallery__item thumbnail\"\r\n                                    style=\"background-image: url()\"> <span class=\"d-none\"><\/span> <\/a><a data-fancybox-group=\"button\" title=\"\" data-fancybox=\"6674\" href=\"\" class=\"gallery__item thumbnail\"\r\n                                    style=\"background-image: url()\"> <span class=\"d-none\"><\/span> <\/a>\r\n                            <\/div>\r\n                    <\/div>\r\n                <\/div>\r\n                <div class=\"text-modules\">\r\n                    <div class=\"container\">\r\n                        \r\n                        <div class=\"text-modules__content\"><p><span style=\"font-size: 8pt;\"><em>Wizualizacje budynku Centrum Biotechnologii i Bior\u00f3\u017cnorodno\u015bci | mat. Pracownia Architektoniczna Czora i Czora | Industria Project<\/em><\/span><\/p>\n<\/div>\r\n                    <\/div>\r\n                <\/div>[\/vc_column][\/vc_row][vc_row][vc_column]<div class=\"container\"><div class=\"separator\" style=\"background-color: #EBEBEB\"><\/div><\/div>[\/vc_column][\/vc_row][vc_row][vc_column]\r\n                <div class=\"text-modules\">\r\n                    <div class=\"container\">\r\n                        \r\n                        <div class=\"text-modules__content\"><p>Na parterze budynku znajdzie si\u0119 obszerna strefa Studenckiego Interdyscyplinarnego Centrum Nauki, w obr\u0119bie kt\u00f3rego zlokalizowane b\u0119d\u0105 laboratoria dedykowane zaj\u0119ciom popularyzuj\u0105cym nauk\u0119, oran\u017ceria b\u0119d\u0105ca miejscem nawi\u0105zuj\u0105cym do zagadnie\u0144 bior\u00f3\u017cnorodno\u015bci biologicznej, zak\u0105tek historyczny dokumentuj\u0105cy histori\u0119 nauk biologicznych w Uniwersytecie \u015al\u0105skim oraz przestrze\u0144 przeznaczona na organizacj\u0119 r\u00f3\u017cnego rodzaju imprez i wydarze\u0144 popularnonaukowych. Na tej samej kondygnacji b\u0119dzie te\u017c miejsce dla du\u017cej sali audytoryjnej oraz specjalizacyjnych laboratori\u00f3w i pracowni, przede wszystkim z obszaru szeroko poj\u0119tej mikroskopii.<\/p>\n<p>&nbsp;<\/p>\n<p>Na pierwszym pi\u0119trze budynku b\u0119d\u0105 zlokalizowane pokoje do hodowli ro\u015blin oraz szklarnia, jak r\u00f3wnie\u017c specjalizacyjne laboratoria dedykowane g\u0142\u00f3wnie biologii molekularnej. Z parteru, z obszaru Centrum Nauki mo\u017cna b\u0119dzie r\u00f3wnie\u017c wej\u015b\u0107 na przestronn\u0105 antresol\u0119, pomy\u015blan\u0105 jako przestrze\u0144 do zagospodarowania przez spo\u0142eczno\u015b\u0107 student\u00f3w, miejsce odpoczynku i nieformalnych spotka\u0144.<\/p>\n<p>&nbsp;<\/p>\n<p>Na drugim pi\u0119trze znajd\u0105 si\u0119 pokoje do hodowli zwierz\u0105t, g\u0142\u00f3wnie bezkr\u0119gowych, strefa magazyn\u00f3w odczynnik\u00f3w chemicznych, serwerownia oraz specjalizacyjne laboratoria i pracownie dedykowane biotechnologii ro\u015blin, entomologii i zoologii oraz genomice i technologiom sekwencjonowania nowej generacji (NGS).<\/p>\n<p>&nbsp;<\/p>\n<p>Trzecie pi\u0119tro obejmie stref\u0119 specjalizacyjnych laboratori\u00f3w i pracowni dedykowanych szeroko poj\u0119tej mikrobiologii, biochemii, toksykologii i biotechnologii \u015brodowiskowej, opartej o wykorzystanie mikroorganizm\u00f3w: bakterii i grzyb\u00f3w jednokom\u00f3rkowych. Z g\u0142\u00f3wnego holu komunikacyjnego na tym pi\u0119trze b\u0119dzie mo\u017cna r\u00f3wnie\u017c wej\u015b\u0107 na patio, kt\u00f3re s\u0142u\u017cy\u0107 b\u0119dzie zar\u00f3wno studentom jak i pracownikom CBB jako strefa relaksu.<\/p>\n<p>&nbsp;<\/p>\n<p>Na czwartym pi\u0119trze zlokalizowany b\u0119dzie szereg specjalizacyjnych laboratori\u00f3w i pracowni z obszar\u00f3w ekologii, botaniki, fizjologii ro\u015blin, hydrobiologii, biofizyki, biologii kom\u00f3rki oraz zwierz\u0119cych kultur tkankowych. Na tym poziomie budynku znajdzie swoje miejsce r\u00f3wnie\u017c Pracownia Dokumentacji Botanicznej &#8211; Zielnik Naukowy, kt\u00f3ry zostanie przeniesiony do CBB z budynk\u00f3w Uniwersytetu zlokalizowanych w Chorzowie.<\/p>\n<p>&nbsp;<\/p>\n<p>Z kolei na pi\u0119trze pi\u0105tym znajdowa\u0107 si\u0119 b\u0119d\u0105 rozmaite pomieszczenia biurowe, w tym dziekanaty do spraw studenckich, biura administracji wspomagaj\u0105cej wszystkie zadania realizowane w CBB, jak r\u00f3wnie\u017c pomieszczenia przeznaczone na indywidualne konsultacje student\u00f3w z pracownikami CBB.<\/p>\n<p>&nbsp;<\/p>\n<p>Budynek zwie\u0144czony b\u0119dzie kondygnacj\u0105 techniczn\u0105 obejmuj\u0105c\u0105 instalacje niezb\u0119dne w funkcjonowaniu ca\u0142ego budynku i dachem, na kt\u00f3rym zlokalizowane b\u0119d\u0105 panele fotowoltaiczne.<\/p>\n<\/div>\r\n                    <\/div>\r\n                <\/div>[\/vc_column][\/vc_row][vc_row][vc_column]            \r\n                    <div class=\"container\">\r\n                        <div class=\"gallery gallery_3\" data-images-in-row=\"3\">\r\n                            \r\n                            <div class=\"row m-0\">\r\n                                <a data-fancybox-group=\"button\" title=\"\" data-fancybox=\"1114\" href=\"https:\/\/us.edu.pl\/wydzial\/wnp\/wp-content\/uploads\/sites\/16\/Strona-glowna\/cbb\/parter-1.jpg\" class=\"gallery__item thumbnail\"\r\n                                    style=\"background-image: url(https:\/\/us.edu.pl\/wydzial\/wnp\/wp-content\/uploads\/sites\/16\/Strona-glowna\/cbb\/parter-1-1024x724.jpg)\"> <span class=\"d-none\">https:\/\/us.edu.pl\/wydzial\/wnp\/wp-content\/uploads\/sites\/16\/Strona-glowna\/cbb\/parter-1.jpg<\/span> <\/a><a data-fancybox-group=\"button\" title=\"\" data-fancybox=\"1114\" href=\"https:\/\/us.edu.pl\/wydzial\/wnp\/wp-content\/uploads\/sites\/16\/Strona-glowna\/cbb\/pietro_1-1.jpg\" class=\"gallery__item thumbnail\"\r\n                                    style=\"background-image: url(https:\/\/us.edu.pl\/wydzial\/wnp\/wp-content\/uploads\/sites\/16\/Strona-glowna\/cbb\/pietro_1-1-1024x727.jpg)\"> <span class=\"d-none\">https:\/\/us.edu.pl\/wydzial\/wnp\/wp-content\/uploads\/sites\/16\/Strona-glowna\/cbb\/pietro_1-1.jpg<\/span> <\/a><a data-fancybox-group=\"button\" title=\"\" data-fancybox=\"1114\" href=\"https:\/\/us.edu.pl\/wydzial\/wnp\/wp-content\/uploads\/sites\/16\/Strona-glowna\/cbb\/pietro_2-1.jpg\" class=\"gallery__item thumbnail\"\r\n                                    style=\"background-image: url(https:\/\/us.edu.pl\/wydzial\/wnp\/wp-content\/uploads\/sites\/16\/Strona-glowna\/cbb\/pietro_2-1-1024x734.jpg)\"> <span class=\"d-none\">https:\/\/us.edu.pl\/wydzial\/wnp\/wp-content\/uploads\/sites\/16\/Strona-glowna\/cbb\/pietro_2-1.jpg<\/span> <\/a><a data-fancybox-group=\"button\" title=\"\" data-fancybox=\"1114\" href=\"https:\/\/us.edu.pl\/wydzial\/wnp\/wp-content\/uploads\/sites\/16\/Strona-glowna\/cbb\/pietro_3-1.jpg\" class=\"gallery__item thumbnail\"\r\n                                    style=\"background-image: url(https:\/\/us.edu.pl\/wydzial\/wnp\/wp-content\/uploads\/sites\/16\/Strona-glowna\/cbb\/pietro_3-1-1024x725.jpg)\"> <span class=\"d-none\">https:\/\/us.edu.pl\/wydzial\/wnp\/wp-content\/uploads\/sites\/16\/Strona-glowna\/cbb\/pietro_3-1.jpg<\/span> <\/a><a data-fancybox-group=\"button\" title=\"\" data-fancybox=\"1114\" href=\"https:\/\/us.edu.pl\/wydzial\/wnp\/wp-content\/uploads\/sites\/16\/Strona-glowna\/cbb\/pietro_4-1.jpg\" class=\"gallery__item thumbnail\"\r\n                                    style=\"background-image: url(https:\/\/us.edu.pl\/wydzial\/wnp\/wp-content\/uploads\/sites\/16\/Strona-glowna\/cbb\/pietro_4-1-1024x730.jpg)\"> <span class=\"d-none\">https:\/\/us.edu.pl\/wydzial\/wnp\/wp-content\/uploads\/sites\/16\/Strona-glowna\/cbb\/pietro_4-1.jpg<\/span> <\/a><a data-fancybox-group=\"button\" title=\"\" data-fancybox=\"1114\" href=\"https:\/\/us.edu.pl\/wydzial\/wnp\/wp-content\/uploads\/sites\/16\/Strona-glowna\/cbb\/pietro_5-1.jpg\" class=\"gallery__item thumbnail\"\r\n                                    style=\"background-image: url(https:\/\/us.edu.pl\/wydzial\/wnp\/wp-content\/uploads\/sites\/16\/Strona-glowna\/cbb\/pietro_5-1-1024x729.jpg)\"> <span class=\"d-none\">https:\/\/us.edu.pl\/wydzial\/wnp\/wp-content\/uploads\/sites\/16\/Strona-glowna\/cbb\/pietro_5-1.jpg<\/span> <\/a>\r\n                            <\/div>\r\n                    <\/div>\r\n                <\/div>\r\n                <div class=\"text-modules\">\r\n                    <div class=\"container\">\r\n                        \r\n                        <div class=\"text-modules__content\"><p><span style=\"font-size: 8pt;\"><em>Wizualizacje budynku Centrum Biotechnologii i Bior\u00f3\u017cnorodno\u015bci | mat. Pracownia Architektoniczna Czora i Czora | Industria Project<\/em><\/span><\/p>\n<\/div>\r\n                    <\/div>\r\n                <\/div>[\/vc_column][\/vc_row][vc_row][vc_column]\r\n                <div class=\"text-modules\">\r\n                    <div class=\"container\">\r\n                        \r\n                        <div class=\"text-modules__content\"><p><a href=\"https:\/\/www.facebook.com\/hashtag\/FunduszeUE\/\"><strong>#FunduszeUE<\/strong><\/a><br \/>\n<a href=\"https:\/\/www.facebook.com\/hashtag\/funduszeeuropejskie\"><strong>#Fundusze Europejskie<\/strong><\/a><\/p>\n<p>&nbsp;<\/p>\n<p>\n<\/div>\r\n                    <\/div>\r\n                <\/div>[\/vc_column][\/vc_row]<\/p>","protected":false},"excerpt":{"rendered":"<p>[vc_row][vc_column][\/vc_column][\/vc_row][vc_row][vc_column][vc_single_image image=&#8221;165136&#8243; img_size=&#8221;full&#8221; alignment=&#8221;center&#8221;][\/vc_column][\/vc_row][vc_row][vc_column][\/vc_column][\/vc_row][vc_row][vc_column][\/vc_column][\/vc_row][vc_row][vc_column][\/vc_column][\/vc_row][vc_row][vc_column][\/vc_column][\/vc_row][vc_row][vc_column][\/vc_column][\/vc_row][vc_row][vc_column][\/vc_column][\/vc_row] [&#8230;]<\/p>\n<p><a class=\"btn btn-secondary understrap-read-more-link\" href=\"https:\/\/us.edu.pl\/wydzial\/wnp\/projekt-architektoniczny\/\">Read More&#8230;<\/a><\/p>\n","protected":false},"author":115,"featured_media":0,"parent":0,"menu_order":0,"comment_status":"closed","ping_status":"closed","template":"","meta":{"_expiration-date-status":"","_expiration-date":0,"_expiration-date-type":"","_expiration-date-categories":[],"_expiration-date-options":[]},"acf":[],"_links":{"self":[{"href":"https:\/\/us.edu.pl\/wydzial\/wnp\/wp-json\/wp\/v2\/pages\/165135"}],"collection":[{"href":"https:\/\/us.edu.pl\/wydzial\/wnp\/wp-json\/wp\/v2\/pages"}],"about":[{"href":"https:\/\/us.edu.pl\/wydzial\/wnp\/wp-json\/wp\/v2\/types\/page"}],"author":[{"embeddable":true,"href":"https:\/\/us.edu.pl\/wydzial\/wnp\/wp-json\/wp\/v2\/users\/115"}],"replies":[{"embeddable":true,"href":"https:\/\/us.edu.pl\/wydzial\/wnp\/wp-json\/wp\/v2\/comments?post=165135"}],"version-history":[{"count":0,"href":"https:\/\/us.edu.pl\/wydzial\/wnp\/wp-json\/wp\/v2\/pages\/165135\/revisions"}],"wp:attachment":[{"href":"https:\/\/us.edu.pl\/wydzial\/wnp\/wp-json\/wp\/v2\/media?parent=165135"}],"curies":[{"name":"wp","href":"https:\/\/api.w.org\/{rel}","templated":true}]}}