{"id":1687,"date":"2020-02-13T11:09:07","date_gmt":"2020-02-13T10:09:07","guid":{"rendered":"https:\/\/us.edu.pl\/wydzial\/wnp\/?page_id=1687"},"modified":"2023-05-24T08:31:39","modified_gmt":"2023-05-24T06:31:39","slug":"konkursy","status":"publish","type":"page","link":"https:\/\/us.edu.pl\/wydzial\/wnp\/nauka\/konkursy\/","title":{"rendered":"konkursy"},"content":{"rendered":"<p>[vc_row][vc_column]\r\n                <div class=\"text-modules\">\r\n                    <div class=\"container\">\r\n                        \r\n                        <div class=\"text-modules__content\"><p><strong>Wyniki konkurs\u00f3w SONATA i OPUS NCN<\/strong><\/p>\n<p>Laureaci z Wydzia\u0142u Nauk Przyrodniczych:<\/p>\n<p>dr hab. Jowita Drohojowska, prof. U\u015a: \u201eFilogeneza m\u0105czlik\u00f3w (Hemiptera: Sternorrhyncha: Aleyrodoidea) w oparciu o morfologi\u0119 owad\u00f3w kopalnych i wsp\u00f3\u0142czesnych\u201d (OPUS);<\/p>\n<p>dr Monika Malicka: \u201eSynergizm pomi\u0119dzy arbuskularnymi grzybami mykoryzowymi, bakteriami wspomaj\u0105cymi mykoryz\u0119 i endofitami ciemnoseptalnymi oraz jego znaczenie dla kondycji ro\u015blin i mikroorganizm\u00f3w ryzosferowych nara\u017conych na ska\u017cenie w\u0119glowodorami wielopier\u015bcieniowymi\u201d (SONATA);<\/p>\n<p>dr hab. Dorota Kwiatkowska, prof. U\u015a: \u201eStruktura i biosynteza hemiceluloz pierwotnej \u015bciany kom\u00f3rkowej drzew i ich znaczenie w mechanice kom\u00f3rki ro\u015blinnej\u201d, lider projektu: dr Jan \u0141yczakowski z Uniwersytetu Jagiello\u0144skiego (OPUS).<\/p>\n<\/div>\r\n                    <\/div>\r\n                <\/div>[\/vc_column][\/vc_row]<\/p>","protected":false},"excerpt":{"rendered":"<p>[vc_row][vc_column][\/vc_column][\/vc_row] [&#8230;]<\/p>\n<p><a class=\"btn btn-secondary understrap-read-more-link\" href=\"https:\/\/us.edu.pl\/wydzial\/wnp\/nauka\/konkursy\/\">Read More&#8230;<\/a><\/p>\n","protected":false},"author":115,"featured_media":0,"parent":413,"menu_order":0,"comment_status":"closed","ping_status":"closed","template":"page-templates\/inner-page.php","meta":{"_expiration-date-status":"","_expiration-date":0,"_expiration-date-type":"","_expiration-date-categories":[],"_expiration-date-options":[]},"acf":[],"_links":{"self":[{"href":"https:\/\/us.edu.pl\/wydzial\/wnp\/wp-json\/wp\/v2\/pages\/1687"}],"collection":[{"href":"https:\/\/us.edu.pl\/wydzial\/wnp\/wp-json\/wp\/v2\/pages"}],"about":[{"href":"https:\/\/us.edu.pl\/wydzial\/wnp\/wp-json\/wp\/v2\/types\/page"}],"author":[{"embeddable":true,"href":"https:\/\/us.edu.pl\/wydzial\/wnp\/wp-json\/wp\/v2\/users\/115"}],"replies":[{"embeddable":true,"href":"https:\/\/us.edu.pl\/wydzial\/wnp\/wp-json\/wp\/v2\/comments?post=1687"}],"version-history":[{"count":0,"href":"https:\/\/us.edu.pl\/wydzial\/wnp\/wp-json\/wp\/v2\/pages\/1687\/revisions"}],"up":[{"embeddable":true,"href":"https:\/\/us.edu.pl\/wydzial\/wnp\/wp-json\/wp\/v2\/pages\/413"}],"wp:attachment":[{"href":"https:\/\/us.edu.pl\/wydzial\/wnp\/wp-json\/wp\/v2\/media?parent=1687"}],"curies":[{"name":"wp","href":"https:\/\/api.w.org\/{rel}","templated":true}]}}