{"id":178,"date":"2019-10-11T12:15:41","date_gmt":"2019-10-11T10:15:41","guid":{"rendered":"https:\/\/us.edu.pl\/wydzia\/wnp\/?page_id=178"},"modified":"2026-03-30T08:36:37","modified_gmt":"2026-03-30T06:36:37","slug":"wladze","status":"publish","type":"page","link":"https:\/\/us.edu.pl\/wydzial\/wnp\/wydzial\/wladze\/","title":{"rendered":"w\u0142adze"},"content":{"rendered":"<p>[vc_row][vc_column]\r\n                <div class=\"text-modules reverse\">\r\n                    <div class=\"container\">\r\n                        <h3 class=\"section-title section-title_border-bottom\">Dziekan Wydzia\u0142u Nauk Przyrodniczych<\/h3> \r\n                        <div class=\"row m-0\">\r\n                            <div class=\"text-modules__content\">\r\n                                <\/p>\n<h4>prof. dr hab. Leszek Marynowski<\/h4>\n<p class=\"western\"><span lang=\"en-US\">tel. 517027334<\/span><\/p>\n<p class=\"western\"><span lang=\"en-US\">e-mail: <u><a href=\"mailto:dziekan.wnp@us.edu.pl\">dziekan.wnp@us.edu.pl<\/a><\/u><br \/>\ne-mail: <\/span><u><a href=\"mailto:leszek.marynowski@us.edu.pl\"><span lang=\"en-US\">leszek.marynowski@us.edu.pl<\/span><\/a><\/u><\/p>\n<div class=\"mt-3\"><\/div>\r\n                            <\/div>\r\n                            \r\n                            <div class=\"text-modules__img\"><img src=\"https:\/\/us.edu.pl\/wydzial\/wnp\/wp-content\/uploads\/sites\/16\/Strona-g\u0142\u00f3wna\/foto\/Leszek-Marynowski_DSC_5403_2-3.jpg\" alt=\"img\"><\/div>\r\n                        <\/div>\r\n                    <\/div>\r\n                <\/div>[\/vc_column][\/vc_row][vc_row][vc_column]\r\n                <div class=\"text-modules reverse\">\r\n                    <div class=\"container\">\r\n                        <h3 class=\"section-title section-title_border-bottom\">Prodziekan ds. Studenckich i Kszta\u0142cenia<\/h3> \r\n                        <div class=\"row m-0\">\r\n                            <div class=\"text-modules__content\">\r\n                                <\/p>\n<h4>dr hab. Krzysztof Szopa, prof. U\u015a<\/h4>\n<p><span lang=\"en-US\">tel. 32 3689 826<br \/>\ne-mail: <\/span><u><a href=\"mailto:krzysztof.szopa@us.edu.pl\">krzysztof.szopa@us.edu.pl<\/a><\/u><\/p>\n<p>dy\u017cur:<\/p>\n<p>poniedzia\u0142ek 13.00-14.00, Sosnowiec, ul. B\u0119dzi\u0144ska 60, pok. 111<\/p>\n<p>wtorek 11.00-13.00, Katowice, ul. Jagiello\u0144ska 28, pok. B-11 \r\n                                <div class=\"mt-3\"><\/div>\r\n                            <\/div>\r\n                            \r\n                            <div class=\"text-modules__img\"><img src=\"https:\/\/us.edu.pl\/wydzial\/wnp\/wp-content\/uploads\/sites\/16\/Strona-glowna\/foto\/Krzysztof-Szopa-1.png\" alt=\"img\"><\/div>\r\n                        <\/div>\r\n                    <\/div>\r\n                <\/div>[\/vc_column][\/vc_row][vc_row][vc_column]\r\n                <div class=\"text-modules reverse\">\r\n                    <div class=\"container\">\r\n                        <h3 class=\"section-title section-title_border-bottom\">Prodziekan ds. Bada\u0144 Naukowych<\/h3> \r\n                        <div class=\"row m-0\">\r\n                            <div class=\"text-modules__content\">\r\n                                <\/p>\n<h4 class=\"western\">prof. dr hab. Piotr \u015awi\u0105tek<\/h4>\n<p class=\"western\"><span lang=\"en-US\">tel. <\/span><span lang=\"en-US\">32 359 1361<\/span><span lang=\"en-US\"><br \/>\ne-mail: <\/span><u><a href=\"mailto:piotr.swiatek@us.edu.pl\"><span lang=\"en-US\">piotr.swiatek@us.edu.pl<\/span><\/a><\/u><\/p>\n<p>dy\u017cur: czwartek 12.00-13.00, Katowice ul. Jagiello\u0144ska 28 pok. B-11 \r\n                                <div class=\"mt-3\"><\/div>\r\n                            <\/div>\r\n                            \r\n                            <div class=\"text-modules__img\"><img src=\"https:\/\/us.edu.pl\/wydzial\/wnp\/wp-content\/uploads\/sites\/16\/Strona-g\u0142\u00f3wna\/foto\/Piotr-\u015awi\u0105tek_DSC_2631.jpg\" alt=\"img\"><\/div>\r\n                        <\/div>\r\n                    <\/div>\r\n                <\/div>[\/vc_column][\/vc_row][vc_row][vc_column]\r\n                <div class=\"text-modules reverse\">\r\n                    <div class=\"container\">\r\n                        <h3 class=\"section-title section-title_border-bottom\">Prodziekan ds. Promocji Bada\u0144 i Umi\u0119dzynarodowienia<\/h3> \r\n                        <div class=\"row m-0\">\r\n                            <div class=\"text-modules__content\">\r\n                                <\/p>\n<h4>dr hab. Agata Daszkowska-Golec, prof. U\u015a<\/h4>\n<p class=\"western\"><span lang=\"en-US\">tel. 322009360<br \/>\ne-mail: <\/span><u><a href=\"mailto:agata.daszkowska@us.edu.pl\"><span lang=\"en-US\">agata.daszkowska@us.edu.pl<\/span><\/a><\/u><\/p>\n<p>dy\u017cur: poniedzia\u0142ek 12.00-13.00, Katowice ul. Jagiello\u0144ska 28 pok. B-11 \r\n                                <div class=\"mt-3\"><\/div>\r\n                            <\/div>\r\n                            \r\n                            <div class=\"text-modules__img\"><img src=\"https:\/\/us.edu.pl\/wydzial\/wnp\/wp-content\/uploads\/sites\/16\/Strona-g\u0142\u00f3wna\/foto\/Agata-Daszkowska-Golec_DSC_2568-01-01.jpeg\" alt=\"img\"><\/div>\r\n                        <\/div>\r\n                    <\/div>\r\n                <\/div>[\/vc_column][\/vc_row]<\/p>","protected":false},"excerpt":{"rendered":"<p>[vc_row][vc_column][\/vc_column][\/vc_row][vc_row][vc_column][\/vc_column][\/vc_row][vc_row][vc_column][\/vc_column][\/vc_row][vc_row][vc_column][\/vc_column][\/vc_row] [&#8230;]<\/p>\n<p><a class=\"btn btn-secondary understrap-read-more-link\" href=\"https:\/\/us.edu.pl\/wydzial\/wnp\/wydzial\/wladze\/\">Read More&#8230;<\/a><\/p>\n","protected":false},"author":1,"featured_media":0,"parent":460,"menu_order":3,"comment_status":"closed","ping_status":"closed","template":"page-templates\/inner-page.php","meta":{"_expiration-date-status":"","_expiration-date":0,"_expiration-date-type":"","_expiration-date-categories":[],"_expiration-date-options":[]},"acf":[],"_links":{"self":[{"href":"https:\/\/us.edu.pl\/wydzial\/wnp\/wp-json\/wp\/v2\/pages\/178"}],"collection":[{"href":"https:\/\/us.edu.pl\/wydzial\/wnp\/wp-json\/wp\/v2\/pages"}],"about":[{"href":"https:\/\/us.edu.pl\/wydzial\/wnp\/wp-json\/wp\/v2\/types\/page"}],"author":[{"embeddable":true,"href":"https:\/\/us.edu.pl\/wydzial\/wnp\/wp-json\/wp\/v2\/users\/1"}],"replies":[{"embeddable":true,"href":"https:\/\/us.edu.pl\/wydzial\/wnp\/wp-json\/wp\/v2\/comments?post=178"}],"version-history":[{"count":0,"href":"https:\/\/us.edu.pl\/wydzial\/wnp\/wp-json\/wp\/v2\/pages\/178\/revisions"}],"up":[{"embeddable":true,"href":"https:\/\/us.edu.pl\/wydzial\/wnp\/wp-json\/wp\/v2\/pages\/460"}],"wp:attachment":[{"href":"https:\/\/us.edu.pl\/wydzial\/wnp\/wp-json\/wp\/v2\/media?parent=178"}],"curies":[{"name":"wp","href":"https:\/\/api.w.org\/{rel}","templated":true}]}}