{"id":2430,"date":"2020-03-06T18:05:48","date_gmt":"2020-03-06T17:05:48","guid":{"rendered":"https:\/\/us.edu.pl\/wydzial\/wnp\/?page_id=2430"},"modified":"2025-06-03T09:46:45","modified_gmt":"2025-06-03T07:46:45","slug":"kierunki-studiow","status":"publish","type":"page","link":"https:\/\/us.edu.pl\/wydzial\/wnp\/studia\/kierunki-studiow\/","title":{"rendered":"kierunki studi\u00f3w"},"content":{"rendered":"<p>[vc_row][vc_column]\r\n\r\n            <div class=\"blocks\" style=\"text-align: \">\r\n               <div class=\"container\">\r\n                  <div class=\"page-title\">Kierunki studi\u00f3w<\/div>\r\n                  <div class=\"row m-0 blocks_3\">\r\n                  \r\n                     <a href=\"https:\/\/us.edu.pl\/wydzial\/wnp\/studia\/kierunki-studiow\/aquamatyka-2\/\" class=\"thumbnail blocks__item\" style=\"background-image: url(https:\/\/us.edu.pl\/wydzial\/wnp\/wp-content\/uploads\/sites\/16\/Nieprzypisane\/kropla-1.jpg)\">\r\n                        <span>wi\u0119cej<\/span>\r\n                        <div class=\"blocks__bottom\">\r\n                        <div class=\"blocks__title\">Aquamatyka - interdyscyplinarne gospodarowanie \u015brodowiskami wodnymi<\/div>\r\n                        <div class=\"blocks__subtitle\">Studia II stopnia<\/div>\r\n                        <\/div>\r\n                     <\/a>\r\n                  \r\n                     <a href=\"https:\/\/us.edu.pl\/wydzial\/wnp\/studia\/kierunki-studiow\/aquamatics-interdisciplinary-water-environment-management-msc\/\" class=\"thumbnail blocks__item\" style=\"background-image: url(https:\/\/us.edu.pl\/wydzial\/wnp\/wp-content\/uploads\/sites\/16\/Nieprzypisane\/kropla-1.jpg)\">\r\n                        <span>wi\u0119cej<\/span>\r\n                        <div class=\"blocks__bottom\">\r\n                        <div class=\"blocks__title\">Aquamatics \u2013 Interdisciplinary Water Environment Management<\/div>\r\n                        <div class=\"blocks__subtitle\">Second-cycle studies | Language: English<\/div>\r\n                        <\/div>\r\n                     <\/a>\r\n                  \r\n                     <a href=\"https:\/\/us.edu.pl\/wydzial\/wnp\/studia\/kierunki-studiow\/gospodarka-wodna-aquamatyka\/\" class=\"thumbnail blocks__item\" style=\"background-image: url(https:\/\/us.edu.pl\/wydzial\/wnp\/wp-content\/uploads\/sites\/16\/Bez-kategorii\/dam-6791010_1280-1024x682.jpg)\">\r\n                        <span>wi\u0119cej<\/span>\r\n                        <div class=\"blocks__bottom\">\r\n                        <div class=\"blocks__title\">Gospodarka wodna \u2013 Aquamatyka<\/div>\r\n                        <div class=\"blocks__subtitle\">Studia I stopnia<\/div>\r\n                        <\/div>\r\n                     <\/a>\r\n                  \r\n                     <a href=\"https:\/\/us.edu.pl\/wydzial\/wnp\/studia\/kierunki-studiow\/biologia-2\/\" class=\"thumbnail blocks__item\" style=\"background-image: url(https:\/\/us.edu.pl\/wydzial\/wnp\/wp-content\/uploads\/sites\/16\/2020\/03\/biology_ak-n-cakiner-pbF3ZmpD0s-unsplash-1024x683.jpg)\">\r\n                        <span>wi\u0119cej<\/span>\r\n                        <div class=\"blocks__bottom\">\r\n                        <div class=\"blocks__title\">Biologia<\/div>\r\n                        <div class=\"blocks__subtitle\">Studia I i II stopnia<\/div>\r\n                        <\/div>\r\n                     <\/a>\r\n                  \r\n                     <a href=\"https:\/\/us.edu.pl\/wydzial\/wnp\/studia\/kierunki-studiow\/biotechnologia-2\/\" class=\"thumbnail blocks__item\" style=\"background-image: url(https:\/\/us.edu.pl\/wydzial\/wnp\/wp-content\/uploads\/sites\/16\/2020\/03\/biotechnology_bill-oxford-tR0PPLuN6Pw-unsplash-1024x683.jpg)\">\r\n                        <span>wi\u0119cej<\/span>\r\n                        <div class=\"blocks__bottom\">\r\n                        <div class=\"blocks__title\">Biotechnologia<\/div>\r\n                        <div class=\"blocks__subtitle\">Studia I i II stopnia<\/div>\r\n                        <\/div>\r\n                     <\/a>\r\n                  \r\n                     <a href=\"https:\/\/us.edu.pl\/wydzial\/wnp\/english-biotechnology-studies-in-english\/\" class=\"thumbnail blocks__item\" style=\"background-image: url(https:\/\/us.edu.pl\/wydzial\/wnp\/wp-content\/uploads\/sites\/16\/2020\/03\/biotechnology_bill-oxford-tR0PPLuN6Pw-unsplash-1024x683.jpg)\">\r\n                        <span>wi\u0119cej<\/span>\r\n                        <div class=\"blocks__bottom\">\r\n                        <div class=\"blocks__title\">Biotechnology<\/div>\r\n                        <div class=\"blocks__subtitle\">Second-cycle studies, language of instruction: English <\/div>\r\n                        <\/div>\r\n                     <\/a>\r\n                  \r\n                     <a href=\"https:\/\/us.edu.pl\/wydzial\/wnp\/studia\/kierunki-studiow\/ochrona-srodowiska-2\/\" class=\"thumbnail blocks__item\" style=\"background-image: url(https:\/\/us.edu.pl\/wydzial\/wnp\/wp-content\/uploads\/sites\/16\/2020\/03\/ochrona_karsten-wurth-0w-uTa0Xz7w-unsplash-1024x683.jpg)\">\r\n                        <span>wi\u0119cej<\/span>\r\n                        <div class=\"blocks__bottom\">\r\n                        <div class=\"blocks__title\">Ochrona \u015brodowiska<\/div>\r\n                        <div class=\"blocks__subtitle\">Studia I i II stopnia<\/div>\r\n                        <\/div>\r\n                     <\/a>\r\n                  \r\n                     <a href=\"https:\/\/us.edu.pl\/wydzial\/wnp\/studia\/kierunki-studiow\/geografia\/\" class=\"thumbnail blocks__item\" style=\"background-image: url(https:\/\/us.edu.pl\/wydzial\/wnp\/wp-content\/uploads\/sites\/16\/2020\/03\/file0001279168937_geografia.png)\">\r\n                        <span>wi\u0119cej<\/span>\r\n                        <div class=\"blocks__bottom\">\r\n                        <div class=\"blocks__title\">Geografia<\/div>\r\n                        <div class=\"blocks__subtitle\">Studia I i II stopnia<\/div>\r\n                        <\/div>\r\n                     <\/a>\r\n                  \r\n                     <a href=\"https:\/\/us.edu.pl\/wydzial\/wnp\/studia\/kierunki-studiow\/geologia\/\" class=\"thumbnail blocks__item\" style=\"background-image: url(https:\/\/us.edu.pl\/wydzial\/wnp\/wp-content\/uploads\/sites\/16\/2020\/03\/af440bd80fedb76581cbe904eb6f3547_geologia.png)\">\r\n                        <span>wi\u0119cej<\/span>\r\n                        <div class=\"blocks__bottom\">\r\n                        <div class=\"blocks__title\">Geologia<\/div>\r\n                        <div class=\"blocks__subtitle\">Studia I i II stopnia<\/div>\r\n                        <\/div>\r\n                     <\/a>\r\n                  \r\n                     <a href=\"https:\/\/us.edu.pl\/wydzial\/wnp\/studia\/kierunki-studiow\/geologia-stosowana-2\/\" class=\"thumbnail blocks__item\" style=\"background-image: url(https:\/\/us.edu.pl\/wydzial\/wnp\/wp-content\/uploads\/sites\/16\/Nieprzypisane\/geologia_stosowana.jpg)\">\r\n                        <span>wi\u0119cej<\/span>\r\n                        <div class=\"blocks__bottom\">\r\n                        <div class=\"blocks__title\">Geologia stosowana<\/div>\r\n                        <div class=\"blocks__subtitle\">Studia I i II stopnia<\/div>\r\n                        <\/div>\r\n                     <\/a>\r\n                  \r\n                     <a href=\"https:\/\/us.edu.pl\/wydzial\/wnp\/studia\/kierunki-studiow\/inzynieria-zagrozen-srodowiskowych-studia-stacjonarne-i-stopnia\/\" class=\"thumbnail blocks__item\" style=\"background-image: url(https:\/\/us.edu.pl\/wydzial\/wnp\/wp-content\/uploads\/sites\/16\/2020\/03\/StockSnap_9WTNHBFJUX_izs.jpg)\">\r\n                        <span>wi\u0119cej<\/span>\r\n                        <div class=\"blocks__bottom\">\r\n                        <div class=\"blocks__title\">In\u017cynieria zagro\u017ce\u0144 \u015brodowiskowych<\/div>\r\n                        <div class=\"blocks__subtitle\">Studia I stopnia<\/div>\r\n                        <\/div>\r\n                     <\/a>\r\n                  \r\n                     <a href=\"https:\/\/us.edu.pl\/wydzial\/wnp\/studia\/kierunki-studiow\/turystyka-2\/\" class=\"thumbnail blocks__item\" style=\"background-image: url(https:\/\/us.edu.pl\/wydzial\/wnp\/wp-content\/uploads\/sites\/16\/Nieprzypisane\/StockSnap_NJTXPQXCOD_t.jpg)\">\r\n                        <span>wi\u0119cej<\/span>\r\n                        <div class=\"blocks__bottom\">\r\n                        <div class=\"blocks__title\">Turystyka<\/div>\r\n                        <div class=\"blocks__subtitle\">Studia II stopnia<\/div>\r\n                        <\/div>\r\n                     <\/a>\r\n                  \r\n                     <a href=\"https:\/\/us.edu.pl\/wydzial\/wnp\/studia\/kierunki-studiow\/turystyka-zrownowazona\/\" class=\"thumbnail blocks__item\" style=\"background-image: url(https:\/\/us.edu.pl\/wydzial\/wnp\/wp-content\/uploads\/sites\/16\/Bez-kategorii\/rear-view-hiking-woman-with-teen-girls-outdoors-1024x684.jpg)\">\r\n                        <span>wi\u0119cej<\/span>\r\n                        <div class=\"blocks__bottom\">\r\n                        <div class=\"blocks__title\">Turystyka zr\u00f3wnowa\u017cona<\/div>\r\n                        <div class=\"blocks__subtitle\">Studia I stopnia<\/div>\r\n                        <\/div>\r\n                     <\/a><\/div>     \r\n               <\/div>\r\n            <\/div>[\/vc_column][\/vc_row]<\/p>","protected":false},"excerpt":{"rendered":"<p>[vc_row][vc_column][\/vc_column][\/vc_row] [&#8230;]<\/p>\n<p><a class=\"btn btn-secondary understrap-read-more-link\" href=\"https:\/\/us.edu.pl\/wydzial\/wnp\/studia\/kierunki-studiow\/\">Read More&#8230;<\/a><\/p>\n","protected":false},"author":115,"featured_media":0,"parent":408,"menu_order":0,"comment_status":"closed","ping_status":"closed","template":"page-templates\/page-with-sidebar-and-bookmarks.php","meta":{"_expiration-date-status":"","_expiration-date":0,"_expiration-date-type":"","_expiration-date-categories":[],"_expiration-date-options":[]},"acf":[],"_links":{"self":[{"href":"https:\/\/us.edu.pl\/wydzial\/wnp\/wp-json\/wp\/v2\/pages\/2430"}],"collection":[{"href":"https:\/\/us.edu.pl\/wydzial\/wnp\/wp-json\/wp\/v2\/pages"}],"about":[{"href":"https:\/\/us.edu.pl\/wydzial\/wnp\/wp-json\/wp\/v2\/types\/page"}],"author":[{"embeddable":true,"href":"https:\/\/us.edu.pl\/wydzial\/wnp\/wp-json\/wp\/v2\/users\/115"}],"replies":[{"embeddable":true,"href":"https:\/\/us.edu.pl\/wydzial\/wnp\/wp-json\/wp\/v2\/comments?post=2430"}],"version-history":[{"count":0,"href":"https:\/\/us.edu.pl\/wydzial\/wnp\/wp-json\/wp\/v2\/pages\/2430\/revisions"}],"up":[{"embeddable":true,"href":"https:\/\/us.edu.pl\/wydzial\/wnp\/wp-json\/wp\/v2\/pages\/408"}],"wp:attachment":[{"href":"https:\/\/us.edu.pl\/wydzial\/wnp\/wp-json\/wp\/v2\/media?parent=2430"}],"curies":[{"name":"wp","href":"https:\/\/api.w.org\/{rel}","templated":true}]}}