{"id":2853,"date":"2020-05-11T11:58:48","date_gmt":"2020-05-11T09:58:48","guid":{"rendered":"https:\/\/us.edu.pl\/wydzial\/wnp\/?page_id=2853"},"modified":"2022-03-09T15:08:33","modified_gmt":"2022-03-09T14:08:33","slug":"kontakt-2","status":"publish","type":"page","link":"https:\/\/us.edu.pl\/wydzial\/wnp\/kontakt-2\/","title":{"rendered":"kontakt"},"content":{"rendered":"<p>[vc_row el_class=&#8221;container&#8221;][vc_column width=&#8221;1\/2&#8243;]\r\n                <div class=\"text-modules\">\r\n                    <div class=\"container\">\r\n                        <h3 class=\"page-title text__title\">Kontakt<\/h3>\r\n                        <div class=\"text-modules__content\"><\/p>\n<p style=\"text-align: left;\"><span style=\"font-size: 14pt;\"><u>Wydzia\u0142 Nauk Przyrodniczych<br \/>\n<\/u><\/span><\/p>\n<p style=\"text-align: left;\"><span style=\"font-size: 14pt;\">ul. B\u0119dzi\u0144ska 60, 41-200 Sosnowiec<\/span><\/p>\n<p style=\"text-align: left;\"><span style=\"font-size: 14pt;\">tel. (+48 32) 3689 400<\/span><\/p>\n<p style=\"text-align: left;\"><span style=\"font-size: 14pt;\"><a href=\"mailto:wnp@us.edu.pl\">wnp@us.edu.pl<\/a><\/span><\/p>\n<p style=\"text-align: left;\"><span style=\"font-size: 14pt;\"><a href=\"https:\/\/us.edu.pl\/wydzial\/wnp\/studia\/student\/dziekanat\/\">Dziekanat www<\/a><\/span><\/p>\n<p>\n<\/div>\r\n                    <\/div>\r\n                <\/div>[\/vc_column][vc_column width=&#8221;1\/2&#8243;]\r\n                <div class=\"text-modules\">\r\n                    <div class=\"container\">\r\n                        \r\n                        <div class=\"text-modules__content\"><\/p>\n<p style=\"text-align: left;\"><span style=\"font-size: 14pt;\"><u>Administrator serwisu www:<br \/>\n<\/u><\/span><\/p>\n<p style=\"text-align: left;\"><span style=\"font-size: 14pt;\">mgr in\u017c. Szczepan Samulewicz<\/span><\/p>\n<p style=\"text-align: left;\"><span style=\"font-size: 14pt;\"><a href=\"mailto:szczepan.samulewicz@us.edu.pl\">szczepan.samulewicz@us.edu.pl<\/a><\/span><\/p>\n<p style=\"text-align: left;\"><span style=\"font-size: 14pt;\"><u>Administrator sieci wydzia\u0142owej:<\/u><\/span><\/p>\n<p style=\"text-align: left;\"><span style=\"font-size: 14pt;\">mgr Piotr Manowski (INoZ, IGSEiGP)<\/span><\/p>\n<p style=\"text-align: left;\"><span style=\"font-size: 14pt;\"><a href=\"mailto:piotr.manowski@us.edu.pl\">piotr.manowski@us.edu.pl<\/a><\/span><\/p>\n<p style=\"text-align: left;\"><span style=\"font-size: 14pt;\">dr Jacek Pietrakowski (IBBiO\u015a)<\/span><\/p>\n<p style=\"text-align: left;\"><span style=\"font-size: 14pt;\"><a href=\"mailto:jacek.pietrakowski@us.edu.pl\">jacek.pietrakowski@us.edu.pl<\/a><\/span><\/p>\n<p>&nbsp;<\/p>\n<p>\n<\/div>\r\n                    <\/div>\r\n                <\/div>[\/vc_column][\/vc_row][vc_row][vc_column][vc_separator][\/vc_column][\/vc_row][vc_row][vc_column]\r\n                <div class=\"text-modules\">\r\n                    <div class=\"container\">\r\n                        <h3 class=\"page-title text__title\">Formularz kontaktowy - promocja WNP<\/h3>\r\n                        <div class=\"text-modules__content\"><div role=\"form\" class=\"wpcf7\" id=\"wpcf7-f6336-o1\" lang=\"pl-PL\" dir=\"ltr\">\n<div class=\"screen-reader-response\"><p role=\"status\" aria-live=\"polite\" aria-atomic=\"true\"><\/p> <ul><\/ul><\/div>\n<form action=\"\/wydzial\/wnp\/wp-json\/wp\/v2\/pages\/2853#wpcf7-f6336-o1\" method=\"post\" class=\"wpcf7-form init\" enctype=\"multipart\/form-data\" novalidate=\"novalidate\" data-status=\"init\">\n<div style=\"display: none;\">\n<input type=\"hidden\" name=\"_wpcf7\" value=\"6336\" \/>\n<input type=\"hidden\" name=\"_wpcf7_version\" value=\"5.6.4\" \/>\n<input type=\"hidden\" name=\"_wpcf7_locale\" value=\"pl_PL\" \/>\n<input type=\"hidden\" name=\"_wpcf7_unit_tag\" value=\"wpcf7-f6336-o1\" \/>\n<input type=\"hidden\" name=\"_wpcf7_container_post\" value=\"0\" \/>\n<input type=\"hidden\" name=\"_wpcf7_posted_data_hash\" value=\"\" \/>\n<\/div>\n<p><label> Imi\u0119 i nazwisko (wymagane)<br \/>\n    <span class=\"wpcf7-form-control-wrap\" data-name=\"your-name\"><input type=\"text\" name=\"your-name\" value=\"\" size=\"40\" class=\"wpcf7-form-control wpcf7-text wpcf7-validates-as-required\" aria-required=\"true\" aria-invalid=\"false\" \/><\/span> <\/label><\/p>\n<p><label> Adres email (wymagane)<br \/>\n    <span class=\"wpcf7-form-control-wrap\" data-name=\"your-email\"><input type=\"email\" name=\"your-email\" value=\"\" size=\"40\" class=\"wpcf7-form-control wpcf7-text wpcf7-email wpcf7-validates-as-required wpcf7-validates-as-email\" aria-required=\"true\" aria-invalid=\"false\" \/><\/span> <\/label><\/p>\n<p><label> Temat<br \/>\n    <span class=\"wpcf7-form-control-wrap\" data-name=\"your-subject\"><input type=\"text\" name=\"your-subject\" value=\"\" size=\"40\" class=\"wpcf7-form-control wpcf7-text\" aria-invalid=\"false\" \/><\/span> <\/label><\/p>\n<p><label> Dotyczy<br \/>\n<span class=\"wpcf7-form-control-wrap\" data-name=\"menu-250\"><select name=\"menu-250\" class=\"wpcf7-form-control wpcf7-select\" aria-invalid=\"false\"><option value=\"\">---<\/option><option value=\"publikacja\">publikacja<\/option><option value=\"projekt\">projekt<\/option><option value=\"edukacja\">edukacja<\/option><option value=\"nawi\u0105zanie wsp\u00f3\u0142pracy\">nawi\u0105zanie wsp\u00f3\u0142pracy<\/option><option value=\"wizyta go\u015bcia z zagranicy\">wizyta go\u015bcia z zagranicy<\/option><option value=\"inne\">inne<\/option><\/select><\/span><\/label><\/p>\n<p><label> Tre\u015b\u0107 wiadomo\u015bci<br \/>\n    <span class=\"wpcf7-form-control-wrap\" data-name=\"your-message\"><textarea name=\"your-message\" cols=\"40\" rows=\"10\" class=\"wpcf7-form-control wpcf7-textarea\" aria-invalid=\"false\"><\/textarea><\/span> <\/label><\/p>\n<p><label> Za\u0142\u0105cznik<br \/>\n<span class=\"wpcf7-form-control-wrap\" data-name=\"your-file\"><input type=\"file\" name=\"your-file\" size=\"40\" class=\"wpcf7-form-control wpcf7-file\" accept=\".jpg,.pdf,.doc,.docx,.rar,.zip\" aria-invalid=\"false\" \/><\/span> <\/label><\/p>\n<p><input type=\"submit\" value=\"Wy\u015blij\" class=\"wpcf7-form-control has-spinner wpcf7-submit\" \/><\/p>\n<div class=\"wpcf7-response-output\" aria-hidden=\"true\"><\/div><\/form><\/div>\n<\/div>\r\n                    <\/div>\r\n                <\/div>[\/vc_column][\/vc_row]<\/p>","protected":false},"excerpt":{"rendered":"<p>[vc_row el_class=&#8221;container&#8221;][vc_column width=&#8221;1\/2&#8243;][\/vc_column][vc_column width=&#8221;1\/2&#8243;][\/vc_column][\/vc_row][vc_row][vc_column][vc_separator][\/vc_column][\/vc_row][vc_row][vc_column][\/vc_column][\/vc_row] [&#8230;]<\/p>\n<p><a class=\"btn btn-secondary understrap-read-more-link\" href=\"https:\/\/us.edu.pl\/wydzial\/wnp\/kontakt-2\/\">Read More&#8230;<\/a><\/p>\n","protected":false},"author":114,"featured_media":0,"parent":0,"menu_order":0,"comment_status":"closed","ping_status":"closed","template":"","meta":{"_expiration-date-status":"saved","_expiration-date":0,"_expiration-date-type":"","_expiration-date-categories":[],"_expiration-date-options":[]},"acf":[],"_links":{"self":[{"href":"https:\/\/us.edu.pl\/wydzial\/wnp\/wp-json\/wp\/v2\/pages\/2853"}],"collection":[{"href":"https:\/\/us.edu.pl\/wydzial\/wnp\/wp-json\/wp\/v2\/pages"}],"about":[{"href":"https:\/\/us.edu.pl\/wydzial\/wnp\/wp-json\/wp\/v2\/types\/page"}],"author":[{"embeddable":true,"href":"https:\/\/us.edu.pl\/wydzial\/wnp\/wp-json\/wp\/v2\/users\/114"}],"replies":[{"embeddable":true,"href":"https:\/\/us.edu.pl\/wydzial\/wnp\/wp-json\/wp\/v2\/comments?post=2853"}],"version-history":[{"count":0,"href":"https:\/\/us.edu.pl\/wydzial\/wnp\/wp-json\/wp\/v2\/pages\/2853\/revisions"}],"wp:attachment":[{"href":"https:\/\/us.edu.pl\/wydzial\/wnp\/wp-json\/wp\/v2\/media?parent=2853"}],"curies":[{"name":"wp","href":"https:\/\/api.w.org\/{rel}","templated":true}]}}