{"id":2945,"date":"2020-05-14T20:16:23","date_gmt":"2020-05-14T18:16:23","guid":{"rendered":"https:\/\/us.edu.pl\/wydzial\/wnp\/?page_id=2945"},"modified":"2020-05-14T20:16:23","modified_gmt":"2020-05-14T18:16:23","slug":"materialy-do-pobrania-instytuty","status":"publish","type":"page","link":"https:\/\/us.edu.pl\/wydzial\/wnp\/wspolpraca\/materialy-do-pobrania-instytuty\/","title":{"rendered":"Materia\u0142y do pobrania &#8211; Instytuty"},"content":{"rendered":"<p><strong><em>\u201eProsimy przed wykorzystaniem materia\u0142\u00f3w promocyjnych zapozna\u0107 si\u0119 z Systemem Identyfikacji Wizualnej U\u015a (<\/em><\/strong><a href=\"https:\/\/us.edu.pl\/uczelnia\/system-identyfikacji-wizualnej\/\"><strong><em>https:\/\/us.edu.pl\/uczelnia\/system-identyfikacji-wizualnej\/<\/em><\/strong><\/a><strong><em>) lub <\/em><\/strong><a href=\"https:\/\/us.edu.pl\/wp-content\/uploads\/strona-g\u0142\u00f3wna\/system-identyfikacji-wizualnej\/Ksiega_SIW_US_vr_3-2_12-2019.pdf\" class=\"mtli_attachment mtli_pdf\"><strong><em>Ksi\u0119g\u0105 Identyfikacji Wizualnej U\u015a<\/em><\/strong><\/a><strong><em>. Je\u015bli przygotowywane s\u0105 materia\u0142y (z wykorzystaniem logotyp\u00f3w) promuj\u0105ce wydarzenie organizowane lub wsp\u00f3\u0142organizowane przez Wydzia\u0142\/Instytut prosimy przes\u0142a\u0107 je do weryfikacji do Zespo\u0142u ds. Promocji i Rozwoju WNP na adres e-mail Prodziekan\u201d<\/em><\/strong><\/p>","protected":false},"excerpt":{"rendered":"<p>\u201eProsimy przed wykorzystaniem materia\u0142\u00f3w promocyjnych zapozna\u0107 si\u0119 z Systemem Identyfikacji Wizualnej U\u015a (https:\/\/us.edu.pl\/uczelnia\/system-identyfikacji-wizualnej\/) lub Ksi\u0119g\u0105 Identyfikacji Wizualnej U\u015a. Je\u015bli przygotowywane s\u0105 materia\u0142y (z wykorzystaniem logotyp\u00f3w) promuj\u0105ce wydarzenie organizowane lub wsp\u00f3\u0142organizowane przez Wydzia\u0142\/Instytut prosimy przes\u0142a\u0107 je do weryfikacji do Zespo\u0142u ds. Promocji i Rozwoju WNP na adres e-mail Prodziekan\u201d [&#8230;]<\/p>\n<p><a class=\"btn btn-secondary understrap-read-more-link\" href=\"https:\/\/us.edu.pl\/wydzial\/wnp\/wspolpraca\/materialy-do-pobrania-instytuty\/\">Read More&#8230;<\/a><\/p>\n","protected":false},"author":115,"featured_media":0,"parent":3063,"menu_order":0,"comment_status":"closed","ping_status":"closed","template":"page-templates\/page-with-sidebar-and-bookmarks.php","meta":{"_expiration-date-status":"saved","_expiration-date":0,"_expiration-date-type":"","_expiration-date-categories":[],"_expiration-date-options":[]},"acf":[],"_links":{"self":[{"href":"https:\/\/us.edu.pl\/wydzial\/wnp\/wp-json\/wp\/v2\/pages\/2945"}],"collection":[{"href":"https:\/\/us.edu.pl\/wydzial\/wnp\/wp-json\/wp\/v2\/pages"}],"about":[{"href":"https:\/\/us.edu.pl\/wydzial\/wnp\/wp-json\/wp\/v2\/types\/page"}],"author":[{"embeddable":true,"href":"https:\/\/us.edu.pl\/wydzial\/wnp\/wp-json\/wp\/v2\/users\/115"}],"replies":[{"embeddable":true,"href":"https:\/\/us.edu.pl\/wydzial\/wnp\/wp-json\/wp\/v2\/comments?post=2945"}],"version-history":[{"count":0,"href":"https:\/\/us.edu.pl\/wydzial\/wnp\/wp-json\/wp\/v2\/pages\/2945\/revisions"}],"up":[{"embeddable":true,"href":"https:\/\/us.edu.pl\/wydzial\/wnp\/wp-json\/wp\/v2\/pages\/3063"}],"wp:attachment":[{"href":"https:\/\/us.edu.pl\/wydzial\/wnp\/wp-json\/wp\/v2\/media?parent=2945"}],"curies":[{"name":"wp","href":"https:\/\/api.w.org\/{rel}","templated":true}]}}