{"id":3360,"date":"2020-06-23T14:29:48","date_gmt":"2020-06-23T12:29:48","guid":{"rendered":"https:\/\/us.edu.pl\/wydzial\/wnp\/?page_id=3360"},"modified":"2020-06-23T14:29:48","modified_gmt":"2020-06-23T12:29:48","slug":"wirtualne-dni-otwarte","status":"publish","type":"page","link":"https:\/\/us.edu.pl\/wydzial\/wnp\/wirtualne-dni-otwarte\/","title":{"rendered":"Wirtualne dni otwarte"},"content":{"rendered":"<p>[vc_row][vc_column]\r\n                <div class=\"text-modules\">\r\n                    <div class=\"container\">\r\n                        <h3 class=\"page-title text__title\">Harmonogram<\/h3>\r\n                        <div class=\"text-modules__content\"><p><strong>23 czerwca 2020 (Youtube)<\/strong><\/p>\n<p><strong>Godz. 10:00\u00a0<\/strong><a href=\"https:\/\/tinyurl.com\/ycjthbeq?fbclid=IwAR28vjWlVaEs0ye7gnHEBspMhLL4ambSnLoDqicpkGeEplQkP0md8Qg1oCA\"><strong>https:\/\/tinyurl.com\/ycjthbeq<\/strong><\/a><strong><br \/>\n<\/strong>WYK\u0141ADY:<br \/>\nNiebezpieczne zwi\u0105zki &#8211; dr hab. Andrzej WO\u0179NICA, prof. U\u015a<br \/>\nCzy \u017cywno\u015b\u0107 Frankensteina mo\u017ce uratowa\u0107 \u015bwiat? O zastosowaniach in\u017cynierii genetycznej \u2013 dr Barbara W\u00d3JCIKOWSKA<br \/>\nJeste\u015bmy dzie\u0107mi Wszech\u015bwiata \u2013 dr Andrzej BOCZAROWSKI<br \/>\nWARSZTATY:<br \/>\nMiniogr\u00f3d botaniczny WNP U\u015a \u2013 wirtualny spacer \u2013 dr Teresa NOWAK<br \/>\nIzolacja ro\u015blinnego DNA metod\u0105 C-TAB \u2013 wirtualny warsztat \u2013 mgr Joanna MORO\u0143CZYK<\/p>\n<p><strong>Godz. 11:00\u00a0<\/strong><a href=\"https:\/\/tinyurl.com\/y9fscmhp?fbclid=IwAR1w2FlkI81BJH_rZ_7b8u5tHfSoW9EWEufH8djKlTCohPBIxScHtGM4rpM\"><strong>https:\/\/tinyurl.com\/y9fscmhp<\/strong><\/a><strong><br \/>\n<\/strong>WYK\u0141ADY:<br \/>\nH2O i jeszcze co? &#8211; dr hab. Agnieszka BABCZY\u0143SKA, prof. U\u015a<br \/>\nTurystyka a \u015brodowisko &#8211; oddzia\u0142ywania wzajemne &#8211; dr Natalia TOMCZEWSKA-POPOWYCZ<br \/>\nJak zosta\u0107 modelarzem? O modelowaniu ekosystem\u00f3w wodnych \u2013 dr Bartosz \u0141OZOWSKI<br \/>\nWARSZTATY:<br \/>\nLaboratorium biologii molekularnej WNP U\u015a &#8211; wirtualny spacer \u2013 dr Barbara W\u00d3JCIKOWSKA<br \/>\nKlonowanie ro\u015blin \u2013 wirtualny warsztat \u2013 dr Barbara W\u00d3JCIKOWSKA<\/p>\n<p><strong>24 <\/strong><strong>czerwca 2020<\/strong><strong> (ZOOM)<\/strong><\/p>\n<p><strong>10:00<\/strong> Bezkres Kosmosu w Muzeum Nauk o Ziemi \u2013 dr Krzysztof SZOPA <a href=\"https:\/\/us02web.zoom.us\/j\/84432042890\">https:\/\/us02web.zoom.us\/j\/84432042890<\/a> (Meeting ID: 844 3204 2890, Password: WNPUS)<\/p>\n<p><strong>10:45<\/strong> Zab\u00f3jcze wulkany &#8211; masowe wymierania w historii Ziemi \u2013 dr Micha\u0142 RAKOCI\u0143SKI <a href=\"https:\/\/us02web.zoom.us\/j\/82756552438\">https:\/\/us02web.zoom.us\/j\/82756552438<\/a> (Meeting ID: 827 5655 2438, Password: WNPUS)<\/p>\n<p><strong>11:30<\/strong> Jaskinie &#8211; \u00f3smy kontynent \u015bwiata \u2013 dr Andrzej TYC <a href=\"https:\/\/us02web.zoom.us\/j\/89042198452\">https:\/\/us02web.zoom.us\/j\/89042198452<\/a> (Meeting ID: 890 4219 8452, Password: WNPUS)<\/p>\n<p><strong>12:15<\/strong> Luminescencja minera\u0142\u00f3w \u2013 dr Krzysztof SZOPA <a href=\"https:\/\/us02web.zoom.us\/j\/89247799632\">https:\/\/us02web.zoom.us\/j\/89247799632<\/a> (Meeting ID: 892 4779 9632, Password: WNPUS)<\/p>\n<p><strong>13:00<\/strong> Wirtualna wizyta na dachu \u017bylety w Sosnowcu \u2013 dr Artur WIDAWSKI <a href=\"https:\/\/us02web.zoom.us\/j\/82782730781\">https:\/\/us02web.zoom.us\/j\/82782730781<\/a> (Meeting ID: 827 8273 0781, Password: WNPUS)<\/p>\n<\/div>\r\n                    <\/div>\r\n                <\/div>[\/vc_column][\/vc_row]<\/p>","protected":false},"excerpt":{"rendered":"<p>[vc_row][vc_column][\/vc_column][\/vc_row] [&#8230;]<\/p>\n<p><a class=\"btn btn-secondary understrap-read-more-link\" href=\"https:\/\/us.edu.pl\/wydzial\/wnp\/wirtualne-dni-otwarte\/\">Read More&#8230;<\/a><\/p>\n","protected":false},"author":115,"featured_media":0,"parent":0,"menu_order":0,"comment_status":"closed","ping_status":"closed","template":"","meta":{"_expiration-date-status":"saved","_expiration-date":0,"_expiration-date-type":"","_expiration-date-categories":[],"_expiration-date-options":[]},"acf":[],"_links":{"self":[{"href":"https:\/\/us.edu.pl\/wydzial\/wnp\/wp-json\/wp\/v2\/pages\/3360"}],"collection":[{"href":"https:\/\/us.edu.pl\/wydzial\/wnp\/wp-json\/wp\/v2\/pages"}],"about":[{"href":"https:\/\/us.edu.pl\/wydzial\/wnp\/wp-json\/wp\/v2\/types\/page"}],"author":[{"embeddable":true,"href":"https:\/\/us.edu.pl\/wydzial\/wnp\/wp-json\/wp\/v2\/users\/115"}],"replies":[{"embeddable":true,"href":"https:\/\/us.edu.pl\/wydzial\/wnp\/wp-json\/wp\/v2\/comments?post=3360"}],"version-history":[{"count":0,"href":"https:\/\/us.edu.pl\/wydzial\/wnp\/wp-json\/wp\/v2\/pages\/3360\/revisions"}],"wp:attachment":[{"href":"https:\/\/us.edu.pl\/wydzial\/wnp\/wp-json\/wp\/v2\/media?parent=3360"}],"curies":[{"name":"wp","href":"https:\/\/api.w.org\/{rel}","templated":true}]}}