{"id":3671,"date":"2020-10-02T12:33:12","date_gmt":"2020-10-02T10:33:12","guid":{"rendered":"https:\/\/us.edu.pl\/wydzial\/wnp\/?page_id=3671"},"modified":"2020-10-02T12:48:17","modified_gmt":"2020-10-02T10:48:17","slug":"wydzialowy-wirtualny-dzien-adaptacyjny-us","status":"publish","type":"page","link":"https:\/\/us.edu.pl\/wydzial\/wnp\/wydzialowy-wirtualny-dzien-adaptacyjny-us\/","title":{"rendered":"Wydzia\u0142owy Wirtualny Dzie\u0144 Adaptacyjny U\u015a"},"content":{"rendered":"<p>[vc_row][vc_column]\r\n                <div class=\"text-modules\">\r\n                    <div class=\"container\">\r\n                        \r\n                        <div class=\"text-modules__content\"><p><strong>Wydzia\u0142owy Wirtualny Dzie\u0144 Adaptacyjny U\u015a<\/strong><\/p>\n<p>Zapraszamy student\u00f3w I roku do uczestnictwa w Wydzia\u0142owym Wirtualnym Dniu Adaptacyjnym, kt\u00f3ry odb\u0119dzie si\u0119 <strong>7 pa\u017adziernika 2020 r. o godz. 10.00<\/strong> na fanpage\u2019u Samorz\u0105du Studenckiego U\u015a.<\/p>\n<p>Spotkanie poprowadz\u0105 przedstawiciele samorz\u0105du studenckiego Wydzia\u0142u Nauk Przyrodniczych, kt\u00f3rzy przeka\u017c\u0105 najwa\u017cniejsze informacje dotycz\u0105ce wydzia\u0142u i przybli\u017c\u0105 jego specyfik\u0119. Porozmawiaj\u0105 z najwa\u017cniejszymi osobami na wydziale: Dziekanem prof. dr. hab. Leszkiem Marynowskim, Prodziekan ds. Kszta\u0142cenia i Student\u00f3w dr hab. prof. U\u015a Urszul\u0105 Myg\u0105-Pi\u0105tek, a tak\u017ce Koordynatorami ds. Student\u00f3w dr Mart\u0105 Chmielewsk\u0105 i dr Monik\u0105 Tarnawsk\u0105, Koordynatorami ds. Dost\u0119pno\u015bci dr hab. prof. U\u015a Marzen\u0105 Lamparsk\u0105 i dr hab. prof. U\u015a Joann\u0105 Szymanowsk\u0105-Pu\u0142k\u0105 oraz dyrektorami kierunk\u00f3w z Wydzia\u0142u Nauk Przyrodniczych dr hab. prof. U\u015a Aleksandr\u0105 Nadg\u00f3rsk\u0105-Soch\u0105, dr. Piotrem Siwk\u0105 oraz dr. hab. prof. U\u015a S\u0142awomirem Pytlem. Przedstawiciele wydzia\u0142owych w\u0142adz opowiedz\u0105 wi\u0119cej o tym, jak porusza\u0107 si\u0119 po jednostce, gdzie za\u0142atwi\u0107 najwa\u017cniejsze sprawy i w jaki spos\u00f3b kontaktowa\u0107 si\u0119 z pracownikami wydzia\u0142u. Uczestnicy spotkania wys\u0142uchaj\u0105 r\u00f3wnie\u017c Prorektor ds. Kszta\u0142cenia i Student\u00f3w dr Katarzyn\u0119 Trynd\u0119 oraz Prorektora ds. Wsp\u00f3\u0142pracy Mi\u0119dzynarodowej i Krajowej dr. hab. prof. U\u015a Tomasza Pietrzykowskiego, kt\u00f3rzy przedstawi\u0105 szczeg\u00f3\u0142y kszta\u0142cenia zdalnego, a tak\u017ce wypowied\u017a wydzia\u0142owego psychologa. Drug\u0105 cz\u0119\u015bci\u0105 Wydzia\u0142owego Wirtualnego Dnia Adaptacyjnego b\u0119dzie wirtualna wycieczka, podczas kt\u00f3rej zostan\u0105 pokazane najwa\u017cniejsze i najciekawsze miejsca na Wydziale Nauk Przyrodniczych.<\/p>\n<p>&nbsp;<\/p>\n<p>W trakcie ca\u0142ego spotkania uczestnicy b\u0119d\u0105 mogli zadawa\u0107 pytania w komentarzach pod transmisj\u0105.<\/p>\n<p>&nbsp;<\/p>\n<p>Zach\u0119camy r\u00f3wnie\u017c do wzi\u0119cia udzia\u0142u w Wirtualnym Dniu Adaptacyjnym U\u015a, kt\u00f3ry odb\u0119dzie si\u0119 <strong>5 pa\u017adziernika 2020 r. o godz. 10.00<\/strong> na <a href=\"https:\/\/www.facebook.com\/UniwersytetSlaski\">oficjalnym fanpage\u2019u Uniwersytetu \u015al\u0105skiego<\/a>, a tak\u017ce w szkoleniach, kt\u00f3re u\u0142atwi\u0105 nowym studentom poruszanie si\u0119 po uczelni:<\/p>\n<p>&nbsp;<\/p>\n<ul>\n<li>\u201eCINiBA\u201d \u2013 2.10.2020 r., godz. 8.00,<\/li>\n<li>\u201ePolityka bezpiecze\u0144stwa\u201d \u2013 2.10.2020 r., godz. 12.00,<\/li>\n<li>\u201eKszta\u0142cenie zdalne\u201d \u2013 5.10.2020 r., godz. 8.00,<\/li>\n<li>\u201eKoronawirus\u201d \u2013 8.10.2020 r., godz. 12.30,<\/li>\n<li>\u201eBHP\u201d \u2013 9.10.2020 r., godz. 12.30.<\/li>\n<\/ul>\n<p>\n<\/div>\r\n                    <\/div>\r\n                <\/div>[\/vc_column][\/vc_row][vc_row][vc_column width=&#8221;1\/2&#8243;][vc_single_image image=&#8221;3674&#8243; img_size=&#8221;full&#8221;][\/vc_column][vc_column width=&#8221;1\/2&#8243;][vc_single_image image=&#8221;3675&#8243; img_size=&#8221;full&#8221;][\/vc_column][\/vc_row]<\/p>","protected":false},"excerpt":{"rendered":"<p>[vc_row][vc_column][\/vc_column][\/vc_row][vc_row][vc_column width=&#8221;1\/2&#8243;][vc_single_image image=&#8221;3674&#8243; img_size=&#8221;full&#8221;][\/vc_column][vc_column width=&#8221;1\/2&#8243;][vc_single_image image=&#8221;3675&#8243; img_size=&#8221;full&#8221;][\/vc_column][\/vc_row] [&#8230;]<\/p>\n<p><a class=\"btn btn-secondary understrap-read-more-link\" href=\"https:\/\/us.edu.pl\/wydzial\/wnp\/wydzialowy-wirtualny-dzien-adaptacyjny-us\/\">Read More&#8230;<\/a><\/p>\n","protected":false},"author":115,"featured_media":0,"parent":0,"menu_order":0,"comment_status":"closed","ping_status":"closed","template":"","meta":{"_expiration-date-status":"saved","_expiration-date":0,"_expiration-date-type":"","_expiration-date-categories":[],"_expiration-date-options":[]},"acf":[],"_links":{"self":[{"href":"https:\/\/us.edu.pl\/wydzial\/wnp\/wp-json\/wp\/v2\/pages\/3671"}],"collection":[{"href":"https:\/\/us.edu.pl\/wydzial\/wnp\/wp-json\/wp\/v2\/pages"}],"about":[{"href":"https:\/\/us.edu.pl\/wydzial\/wnp\/wp-json\/wp\/v2\/types\/page"}],"author":[{"embeddable":true,"href":"https:\/\/us.edu.pl\/wydzial\/wnp\/wp-json\/wp\/v2\/users\/115"}],"replies":[{"embeddable":true,"href":"https:\/\/us.edu.pl\/wydzial\/wnp\/wp-json\/wp\/v2\/comments?post=3671"}],"version-history":[{"count":0,"href":"https:\/\/us.edu.pl\/wydzial\/wnp\/wp-json\/wp\/v2\/pages\/3671\/revisions"}],"wp:attachment":[{"href":"https:\/\/us.edu.pl\/wydzial\/wnp\/wp-json\/wp\/v2\/media?parent=3671"}],"curies":[{"name":"wp","href":"https:\/\/api.w.org\/{rel}","templated":true}]}}