{"id":3698,"date":"2020-10-05T10:44:55","date_gmt":"2020-10-05T08:44:55","guid":{"rendered":"https:\/\/us.edu.pl\/wydzial\/wnp\/?page_id=3698"},"modified":"2026-04-15T08:16:33","modified_gmt":"2026-04-15T06:16:33","slug":"prace-dyplomowe","status":"publish","type":"page","link":"https:\/\/us.edu.pl\/wydzial\/wnp\/student\/prace-dyplomowe\/","title":{"rendered":"prace dyplomowe"},"content":{"rendered":"<p>[vc_row][vc_column][vc_column_text][\/vc_column_text][\/vc_column][\/vc_row][vc_row][vc_column]\r\n                <div class=\"text-modules\">\r\n                    <div class=\"container\">\r\n                        <h3 class=\"page-title text__title\">Procedury sk\u0142adania i archiwizowania pisemnych prac dyplomowych<\/h3>\r\n                        <div class=\"text-modules__content\"><\/p>\n<div class=\"vc_row wpb_row vc_row-fluid\">\n<div class=\"wpb_column vc_column_container vc_col-sm-12\">\n<div class=\"vc_column-inner\">\n<div class=\"wpb_wrapper\">\n<div class=\"text-modules\">\n<div class=\"container\">\n<div class=\"text-modules__content\">\n<p><strong>Procedury sk\u0142adania i archiwizowania pisemnych prac dyplomowych<\/strong><\/p>\n<p><strong>(aktualizacja zgodnie z Zarz\u0105dzeniem nr 201 Rektora Uniwersytetu \u015al\u0105skiego w Katowicach z dnia 23 listopada 2021 r. w sprawie wprowadzenia procedury sk\u0142adania i archiwizowania pisemnych prac dyplomowych w bazie elektronicznej)<\/strong><\/p>\n<p><strong><a href=\"https:\/\/aktyprawne.us.edu.pl\/423-lista\/d\/5395\/5\/\">https:\/\/aktyprawne.us.edu.pl\/423-lista\/d\/5395\/5\/<\/a><\/strong><\/p>\n<p>Student przed przyst\u0105pieniem do egzaminu dyplomowego, a po przyj\u0119ciu pracy przez promotora zobowi\u0105zany jest wprowadzi\u0107 do APD (APD \u2013 Archiwum Prac Dyplomowych prowadzone w formie elektronicznej w serwisie <a href=\"https:\/\/apd.us.edu.pl\/\">https:\/\/apd.us.edu.pl\/<\/a>) plik zawieraj\u0105cy ostateczn\u0105 wersj\u0119 pracy dyplomowej.<\/p>\n<p><strong><u>Papierowej wersji pracy nie drukuje si\u0119 i nie sk\u0142ada w dziekanacie.<\/u><\/strong><\/p>\n<p>Instrukcja sk\u0142adania prac w systemie APD dost\u0119pna jest pod linkiem<\/p>\n<p><a href=\"https:\/\/apd.us.edu.pl\/static\/diots\/instrukcje\/APD_student.pdf\" class=\"mtli_attachment mtli_pdf\" data-mtli=\"mtli_filesize4,00kB\" class=\"mtli_attachment mtli_pdf\" data-mtli=\"mtli_filesize4,00kB\">https:\/\/apd.us.edu.pl\/static\/diots\/instrukcje\/APD_student.pdf<\/a><br \/>\nStudent, po akceptacji pracy dyplomowej przez promotora a tak\u017ce po uzyskaniu zalicze\u0144 z wszystkich modu\u0142\u00f3w obj\u0119tych programem studi\u00f3w sk\u0142ada za po\u015brednictwem serwisu USOSweb (<a href=\"https:\/\/usosweb.us.edu.pl\/\">https:\/\/usosweb.us.edu.pl<\/a>), po uwierzytelnieniu w Centralnym Systemie Uwierzytelniania Uniwersytetu \u015al\u0105skiego w Katowicach, elektroniczne podanie z pro\u015bb\u0105 o przeprowadzenie egzaminu dyplomowego\/ o dopuszczenie do obrony oraz podanie o wydanie dokument\u00f3w po\u015bwiadczaj\u0105cych uko\u0144czenie studi\u00f3w.<\/p>\n<p>Dodatkowo wymagane jest z\u0142o\u017cenie deklaracji przyst\u0105pienia do Bazy Absolwent\u00f3w <a href=\"https:\/\/ba.us.edu.p\/\">https:\/\/ba.us.edu.p<\/a>l<\/p>\n<p><strong>Op\u0142aty wg podania o wydanie dokument\u00f3w.<\/strong><\/p>\n<p>&nbsp;<\/p>\n<\/div>\n<\/div>\n<\/div>\n<\/div>\n<\/div>\n<\/div>\n<\/div>\n<p>\n<style type=\"text\/css\">a[data-mtli~=\"mtli_filesize4,00kB\"]:after {content:\" (4,00 kB)\"}<\/style><\/div>\r\n                    <\/div>\r\n                <\/div>[\/vc_column][\/vc_row][vc_row][vc_column][vc_column_text][\/vc_column_text][\/vc_column][\/vc_row]<\/p>\n<style type=\"text\/css\">a[data-mtli~=\"mtli_filesize4,00kB\"]:after {content:\" (4,00 kB)\"}<\/style>","protected":false},"excerpt":{"rendered":"<p>[vc_row][vc_column][vc_column_text][\/vc_column_text][\/vc_column][\/vc_row][vc_row][vc_column][\/vc_column][\/vc_row][vc_row][vc_column][vc_column_text][\/vc_column_text][\/vc_column][\/vc_row] [&#8230;]<\/p>\n<p><a class=\"btn btn-secondary understrap-read-more-link\" href=\"https:\/\/us.edu.pl\/wydzial\/wnp\/student\/prace-dyplomowe\/\">Read More&#8230;<\/a><\/p>\n","protected":false},"author":115,"featured_media":0,"parent":3732,"menu_order":6,"comment_status":"closed","ping_status":"closed","template":"page-templates\/inner-page.php","meta":{"_expiration-date-status":"","_expiration-date":0,"_expiration-date-type":"","_expiration-date-categories":[],"_expiration-date-options":[]},"acf":[],"_links":{"self":[{"href":"https:\/\/us.edu.pl\/wydzial\/wnp\/wp-json\/wp\/v2\/pages\/3698"}],"collection":[{"href":"https:\/\/us.edu.pl\/wydzial\/wnp\/wp-json\/wp\/v2\/pages"}],"about":[{"href":"https:\/\/us.edu.pl\/wydzial\/wnp\/wp-json\/wp\/v2\/types\/page"}],"author":[{"embeddable":true,"href":"https:\/\/us.edu.pl\/wydzial\/wnp\/wp-json\/wp\/v2\/users\/115"}],"replies":[{"embeddable":true,"href":"https:\/\/us.edu.pl\/wydzial\/wnp\/wp-json\/wp\/v2\/comments?post=3698"}],"version-history":[{"count":0,"href":"https:\/\/us.edu.pl\/wydzial\/wnp\/wp-json\/wp\/v2\/pages\/3698\/revisions"}],"up":[{"embeddable":true,"href":"https:\/\/us.edu.pl\/wydzial\/wnp\/wp-json\/wp\/v2\/pages\/3732"}],"wp:attachment":[{"href":"https:\/\/us.edu.pl\/wydzial\/wnp\/wp-json\/wp\/v2\/media?parent=3698"}],"curies":[{"name":"wp","href":"https:\/\/api.w.org\/{rel}","templated":true}]}}