{"id":3718,"date":"2020-10-05T12:36:13","date_gmt":"2020-10-05T10:36:13","guid":{"rendered":"https:\/\/us.edu.pl\/wydzial\/wnp\/?page_id=3718"},"modified":"2026-02-04T14:45:36","modified_gmt":"2026-02-04T13:45:36","slug":"kierunki-geologiczne","status":"publish","type":"page","link":"https:\/\/us.edu.pl\/wydzial\/wnp\/student\/kierunki-geologiczne\/","title":{"rendered":"kierunki geologiczne"},"content":{"rendered":"<p>[vc_row el_class=&#8221;container&#8221;][vc_column width=&#8221;1\/2&#8243;]\r\n                <div class=\"text-modules\">\r\n                    <div class=\"container\">\r\n                        <h3 class=\"page-title text__title\">Kierunki geologiczne<\/h3>\r\n                        <div class=\"text-modules__content\"><\/div>\r\n                    <\/div>\r\n                <\/div>  <div class=\"announcements-wrap\"> \r\n\t\t\t\t\t\t\t\t\t<div class=\"announcements announcements_1\" style=\"background-color:\">\r\n                                <div class=\"section-title\">Komunikaty<\/div>\r\n                                \r\n                                <style>.jsdylh.angle-list > li::before{color:  !important}<\/style><div class=\"d-flex flex-wrap\"><ul class=\"angle-list jsdylh\" ><li > <a href = \"https:\/\/us.edu.pl\/wydzial\/wnp\/komunikaty\/godziny-dziekanskie\/\" style=\"color:\"> Godziny dzieka\u0144skie <\/a > <\/li > <li > <a href = \"https:\/\/us.edu.pl\/wydzial\/wnp\/komunikaty\/science-communication-workshop\/\" style=\"color:\"> Science Communication Workshop <\/a > <\/li > <li > <a href = \"https:\/\/us.edu.pl\/wydzial\/wnp\/komunikaty\/spotkanie-z-agencja-wywiadu\/\" style=\"color:\"> Spotkanie z Agencj\u0105 Wywiadu <\/a > <\/li > <li > <a href = \"https:\/\/us.edu.pl\/wydzial\/wnp\/komunikaty\/wydarzenie-bk-warsztaty-gdy-wiesz-co-robic-ale-tego-nie-robisz-o-samokontroli-i-realizowaniu-celow-w-praktyce\/\" style=\"color:\"> Wydarzenie BK: Warsztaty \u201eGdy wiesz, co robi\u0107, ale tego nie robisz. O samokontroli i realizowaniu cel\u00f3w w praktyce\u201d <\/a > <\/li > <li > <a href = \"https:\/\/us.edu.pl\/wydzial\/wnp\/komunikaty\/bezplatny-webinar-pt-pewnosc-siebie-i-asertywnosc\/\" style=\"color:\"> Bezp\u0142atny webinar pt. \u201ePewno\u015b\u0107 siebie i asertywno\u015b\u0107\u201d <\/a > <\/li > <li > <a href = \"https:\/\/us.edu.pl\/wydzial\/wnp\/komunikaty\/spotkanie-dobra-praktyka-laboratoryjna-z-siecia-badawcza-lukasiewicz\/\" style=\"color:\"> Spotkanie \u2013 Dobra Praktyka Laboratoryjna z Sieci\u0105 Badawcz\u0105 \u0141ukasiewicz <\/a > <\/li > <li > <a href = \"https:\/\/us.edu.pl\/wydzial\/wnp\/komunikaty\/ii-i-iii-letnia-szkola-aquamatyki\/\" style=\"color:\"> II i III Letnia Szko\u0142a Aquamatyki <\/a > <\/li > <li > <a href = \"https:\/\/us.edu.pl\/wydzial\/wnp\/komunikaty\/wydarzenie-bk-spotkanie-informacyjne-dot-programu-legii-akademickiej-z-wojskowym-centrum-rekrutacji-w-katowicach\/\" style=\"color:\"> Wydarzenie BK: Spotkanie informacyjne dot. Programu Legii Akademickiej z Wojskowym Centrum Rekrutacji w Katowicach <\/a > <\/li > <\/ul><\/div>\r\n\t\t\t\t\t\t\t\t\t<\/div>\r\n\t\t\t\t\t\t\t\t<\/div>\r\n                <div class='sidebar_moduls sidebar_one_header' style='color:#FFFFFF;background-color: #002E5A'>\r\n                    <a href='https:\/\/us.edu.pl\/wydzial\/wnp\/student\/kierunki-geologiczne\/plany-zajec\/' class='link'>Plany zaj\u0119\u0107 - semestr letni 2025\/2026<\/a>\r\n                <\/div>[\/vc_column][vc_column width=&#8221;1\/2&#8243;]\r\n                <div class=\"tiles-section\" style=\"background: #EBEBEB\">\r\n                    <div class=\"container\">\r\n                        <div class=\"tiles tiles-3\">\r\n\r\n                            <a href=\"https:\/\/us.edu.pl\/wydzial\/wnp\/student\/kierunki-geologiczne\/rada-dydaktyczna\/\" class=\"tile tile_info\" style=\"background-color: #ffffff;  \">\r\n                                 <div class=\"tile_info__title\">rada dydaktyczna<\/div>\r\n                                \r\n                            <\/a>\r\n\r\n                            <a href=\"https:\/\/us.edu.pl\/wydzial\/wnp\/student\/kierunki-geologiczne\/opiekunowie\/\" class=\"tile tile_info\" style=\"background-color: #ffffff;  \">\r\n                                 <div class=\"tile_info__title\">opiekunowie<\/div>\r\n                                \r\n                            <\/a>\r\n\r\n                            <a href=\"https:\/\/us.edu.pl\/wydzial\/wnp\/student\/kierunki-geologiczne\/konsultacje\/\" class=\"tile tile_info\" style=\"background-color: #ffffff;  \">\r\n                                 <div class=\"tile_info__title\">konsultacje<\/div>\r\n                                \r\n                            <\/a>\r\n\r\n                            <a href=\"https:\/\/us.edu.pl\/wydzial\/wnp\/student\/kierunki-geologiczne\/cwiczenia-terenowe\/\" class=\"tile tile_info\" style=\"background-color: #ffffff;  \">\r\n                                 <div class=\"tile_info__title\">\u0107wiczenia terenowe<\/div>\r\n                                \r\n                            <\/a>\r\n\r\n                            <a href=\"https:\/\/us.edu.pl\/wydzial\/wnp\/student\/kierunki-geologiczne\/praktyki-zawodowe\/\" class=\"tile tile_info\" style=\"background-color: #ffffff;  \">\r\n                                 <div class=\"tile_info__title\">praktyki zawodowe<\/div>\r\n                                \r\n                            <\/a>\r\n\r\n                            <a href=\"https:\/\/us.edu.pl\/wydzial\/wnp\/student\/kierunki-geologiczne\/tematyka-prac-dyplomowych\/\" class=\"tile tile_info\" style=\"background-color: #ffffff;  \">\r\n                                 <div class=\"tile_info__title\">tematyka prac dyplomowych<\/div>\r\n                                \r\n                            <\/a>\r\n\r\n                            <a href=\"https:\/\/apd.us.edu.pl\/static-bf3f488\/diots\/instrukcje\/APD_student.pdf\" class=\"mtli_attachment mtli_pdf\" data-mtli=\"mtli_filesize7,13kB\" class=\"tile tile_info\" style=\"background-color: #ffffff;  \">\r\n                                 <div class=\"tile_info__title\">procedura dyplomowania<\/div>\r\n                                \r\n                            <\/a>\r\n\r\n                            <a href=\"https:\/\/informator.us.edu.pl\/programmes\/list\/all\/GE\/\" class=\"tile tile_info\" style=\"background-color: #ffffff;  \">\r\n                                 <div class=\"tile_info__title\">karta kierunku geologia<\/div>\r\n                                \r\n                            <\/a>\r\n\r\n                            <a href=\"https:\/\/informator.us.edu.pl\/programmes\/list\/all\/GS\/\" class=\"tile tile_info\" style=\"background-color: #ffffff;  \">\r\n                                 <div class=\"tile_info__title\">karta kierunku geologia stosowana<\/div>\r\n                                \r\n                            <\/a><\/div>\r\n                    <\/div>\r\n                <\/div>[\/vc_column][\/vc_row]<\/p>\n<style type=\"text\/css\">a[data-mtli~=\"mtli_filesize7,13kB\"]:after {content:\" (7,13 kB)\"}<\/style>","protected":false},"excerpt":{"rendered":"<p>[vc_row el_class=&#8221;container&#8221;][vc_column width=&#8221;1\/2&#8243;][\/vc_column][vc_column width=&#8221;1\/2&#8243;][\/vc_column][\/vc_row] [&#8230;]<\/p>\n<p><a class=\"btn btn-secondary understrap-read-more-link\" href=\"https:\/\/us.edu.pl\/wydzial\/wnp\/student\/kierunki-geologiczne\/\">Read More&#8230;<\/a><\/p>\n","protected":false},"author":115,"featured_media":0,"parent":3732,"menu_order":2,"comment_status":"closed","ping_status":"closed","template":"","meta":{"_expiration-date-status":"","_expiration-date":0,"_expiration-date-type":"","_expiration-date-categories":[],"_expiration-date-options":[]},"acf":[],"_links":{"self":[{"href":"https:\/\/us.edu.pl\/wydzial\/wnp\/wp-json\/wp\/v2\/pages\/3718"}],"collection":[{"href":"https:\/\/us.edu.pl\/wydzial\/wnp\/wp-json\/wp\/v2\/pages"}],"about":[{"href":"https:\/\/us.edu.pl\/wydzial\/wnp\/wp-json\/wp\/v2\/types\/page"}],"author":[{"embeddable":true,"href":"https:\/\/us.edu.pl\/wydzial\/wnp\/wp-json\/wp\/v2\/users\/115"}],"replies":[{"embeddable":true,"href":"https:\/\/us.edu.pl\/wydzial\/wnp\/wp-json\/wp\/v2\/comments?post=3718"}],"version-history":[{"count":0,"href":"https:\/\/us.edu.pl\/wydzial\/wnp\/wp-json\/wp\/v2\/pages\/3718\/revisions"}],"up":[{"embeddable":true,"href":"https:\/\/us.edu.pl\/wydzial\/wnp\/wp-json\/wp\/v2\/pages\/3732"}],"wp:attachment":[{"href":"https:\/\/us.edu.pl\/wydzial\/wnp\/wp-json\/wp\/v2\/media?parent=3718"}],"curies":[{"name":"wp","href":"https:\/\/api.w.org\/{rel}","templated":true}]}}