{"id":3743,"date":"2020-10-05T13:53:50","date_gmt":"2020-10-05T11:53:50","guid":{"rendered":"https:\/\/us.edu.pl\/wydzial\/wnp\/?page_id=3743"},"modified":"2026-04-21T23:35:40","modified_gmt":"2026-04-21T21:35:40","slug":"plany-zajec","status":"publish","type":"page","link":"https:\/\/us.edu.pl\/wydzial\/wnp\/student\/kierunki-geograficzne\/plany-zajec\/","title":{"rendered":"plany zaj\u0119\u0107"},"content":{"rendered":"<p>[vc_row][vc_column]\r\n                <div class=\"text-modules\">\r\n                    <div class=\"container\">\r\n                        <h3 class=\"page-title text__title\">Plany zaj\u0119\u0107 - semestr letni 2025\/2026<\/h3>\r\n                        <div class=\"text-modules__content\"><p><span style=\"font-size: 14pt;\"><strong>Geografia<\/strong><\/span><\/p>\n<hr \/>\n<p><a href=\"https:\/\/us.edu.pl\/wydzial\/wnp\/wp-content\/uploads\/sites\/16\/student\/plany\/geografia\/I-rok-Geografii.pdf\" class=\"mtli_attachment mtli_pdf\" data-mtli=\"mtli_filesize79,98kB\" class=\"mtli_attachment mtli_pdf\" data-mtli=\"mtli_filesize79,98kB\">I rok Geografii<\/a><\/p>\n<p><a href=\"https:\/\/us.edu.pl\/wydzial\/wnp\/wp-content\/uploads\/sites\/16\/student\/plany\/geografia\/II-rok-Geografii-1.pdf\" class=\"mtli_attachment mtli_pdf\" data-mtli=\"mtli_filesize84,28kB\" class=\"mtli_attachment mtli_pdf\" data-mtli=\"mtli_filesize84,28kB\">II rok Geografii<\/a><\/p>\n<p><a href=\"https:\/\/us.edu.pl\/wydzial\/wnp\/wp-content\/uploads\/sites\/16\/student\/plany\/geografia\/III-rok-Geografii.pdf\" class=\"mtli_attachment mtli_pdf\" data-mtli=\"mtli_filesize110,98kB\" class=\"mtli_attachment mtli_pdf\" data-mtli=\"mtli_filesize110,98kB\">III rok Geografii<\/a><\/p>\n<p><a href=\"https:\/\/us.edu.pl\/wydzial\/wnp\/wp-content\/uploads\/sites\/16\/student\/plany\/geografia\/I-rok-Turystyki-zrownowazonej-1.pdf\" class=\"mtli_attachment mtli_pdf\" data-mtli=\"mtli_filesize81,20kB\" class=\"mtli_attachment mtli_pdf\" data-mtli=\"mtli_filesize81,20kB\">I rok Turystyki zr\u00f3wnowa\u017conej<\/a><\/p>\n<p><a href=\"https:\/\/us.edu.pl\/wydzial\/wnp\/wp-content\/uploads\/sites\/16\/student\/plany\/geografia\/I-rok-Geografii-MU-1.pdf\" class=\"mtli_attachment mtli_pdf\" data-mtli=\"mtli_filesize100,14kB\" class=\"mtli_attachment mtli_pdf\" data-mtli=\"mtli_filesize100,14kB\">I rok Geografii MU<\/a><\/p>\n<p><a href=\"https:\/\/us.edu.pl\/wydzial\/wnp\/wp-content\/uploads\/sites\/16\/student\/plany\/geografia\/I-rok-Geografii-spec.-nauczycielska.pdf\" class=\"mtli_attachment mtli_pdf\" data-mtli=\"mtli_filesize96,81kB\" class=\"mtli_attachment mtli_pdf\" data-mtli=\"mtli_filesize96,81kB\">I rok Geografii spec. nauczycielska<\/a><\/p>\n<p><a href=\"https:\/\/us.edu.pl\/wydzial\/wnp\/wp-content\/uploads\/sites\/16\/student\/plany\/geografia\/II-rok-Geografii-spec.-nauczycielska-1.pdf\" class=\"mtli_attachment mtli_pdf\" data-mtli=\"mtli_filesize85,19kB\" class=\"mtli_attachment mtli_pdf\" data-mtli=\"mtli_filesize85,19kB\">II rok Geografii spec. nauczycielska<\/a><\/p>\n<p>&nbsp;<\/p>\n<p><span style=\"font-size: 14pt;\"><strong>In\u017cynieria zagro\u017ce\u0144 \u015brodowiskowych<\/strong><\/span><\/p>\n<hr \/>\n<p><a href=\"https:\/\/us.edu.pl\/wydzial\/wnp\/wp-content\/uploads\/sites\/16\/student\/plany\/geografia\/I-rok-Inzynierii-Zagrozen-Srodowiskowych.pdf\" class=\"mtli_attachment mtli_pdf\" data-mtli=\"mtli_filesize95,82kB\" class=\"mtli_attachment mtli_pdf\" data-mtli=\"mtli_filesize95,82kB\">I rok In\u017cynierii Zagro\u017ce\u0144 \u015arodowiskowych<\/a><\/p>\n<p><a href=\"https:\/\/us.edu.pl\/wydzial\/wnp\/wp-content\/uploads\/sites\/16\/student\/plany\/geografia\/II-rok-Inzynierii-Zagrozen-Srodowiskowych-1.pdf\" class=\"mtli_attachment mtli_pdf\" data-mtli=\"mtli_filesize82,83kB\" class=\"mtli_attachment mtli_pdf\" data-mtli=\"mtli_filesize82,83kB\">II rok In\u017cynierii Zagro\u017ce\u0144 \u015arodowiskowych<\/a><\/p>\n<p><a href=\"https:\/\/us.edu.pl\/wydzial\/wnp\/wp-content\/uploads\/sites\/16\/student\/plany\/geografia\/III-rok-Inzynierii-Zagrozen-Srodowiskowych.pdf\" class=\"mtli_attachment mtli_pdf\" data-mtli=\"mtli_filesize97,53kB\" class=\"mtli_attachment mtli_pdf\" data-mtli=\"mtli_filesize97,53kB\">III rok In\u017cynierii Zagro\u017ce\u0144 \u015arodowiskowych<\/a><\/p>\n<p>&nbsp;<\/p>\n<p><span style=\"font-size: 14pt;\"><strong>Turystyka<\/strong><\/span><\/p>\n<hr \/>\n<p><a href=\"https:\/\/us.edu.pl\/wydzial\/wnp\/wp-content\/uploads\/sites\/16\/student\/plany\/geografia\/I-rok-Turystyki-MU.pdf\" class=\"mtli_attachment mtli_pdf\" data-mtli=\"mtli_filesize92,55kB\" class=\"mtli_attachment mtli_pdf\" data-mtli=\"mtli_filesize92,55kB\">I rok Turystyki MU<\/a><\/p>\n<p><a href=\"https:\/\/us.edu.pl\/wydzial\/wnp\/wp-content\/uploads\/sites\/16\/student\/plany\/geografia\/II-rok-Turystyki-MU.pdf\" class=\"mtli_attachment mtli_pdf\" data-mtli=\"mtli_filesize88,35kB\" class=\"mtli_attachment mtli_pdf\" data-mtli=\"mtli_filesize88,35kB\">II rok Turystyki MU<\/a><\/p>\n<p><a href=\"https:\/\/us.edu.pl\/wydzial\/wnp\/wp-content\/uploads\/sites\/16\/student\/plany\/geografia\/II-rok-Geografii-MU-wszystkie-spec..pdf\" class=\"mtli_attachment mtli_pdf\" data-mtli=\"mtli_filesize114,99kB\" class=\"mtli_attachment mtli_pdf\" data-mtli=\"mtli_filesize114,99kB\">II rok Geografii MU ( wszystkie spec.)<\/a><\/p>\n<style type=\"text\/css\">a[data-mtli~=\"mtli_filesize79,98kB\"]:after {content:\" (79,98 kB)\"}a[data-mtli~=\"mtli_filesize84,28kB\"]:after {content:\" (84,28 kB)\"}a[data-mtli~=\"mtli_filesize110,98kB\"]:after {content:\" (110,98 kB)\"}a[data-mtli~=\"mtli_filesize81,20kB\"]:after {content:\" (81,20 kB)\"}a[data-mtli~=\"mtli_filesize100,14kB\"]:after {content:\" (100,14 kB)\"}a[data-mtli~=\"mtli_filesize96,81kB\"]:after {content:\" (96,81 kB)\"}a[data-mtli~=\"mtli_filesize85,19kB\"]:after {content:\" (85,19 kB)\"}a[data-mtli~=\"mtli_filesize95,82kB\"]:after {content:\" (95,82 kB)\"}a[data-mtli~=\"mtli_filesize82,83kB\"]:after {content:\" (82,83 kB)\"}a[data-mtli~=\"mtli_filesize97,53kB\"]:after {content:\" (97,53 kB)\"}a[data-mtli~=\"mtli_filesize92,55kB\"]:after {content:\" (92,55 kB)\"}a[data-mtli~=\"mtli_filesize88,35kB\"]:after {content:\" (88,35 kB)\"}a[data-mtli~=\"mtli_filesize114,99kB\"]:after {content:\" (114,99 kB)\"}<\/style><\/div>\r\n                    <\/div>\r\n                <\/div>[\/vc_column][\/vc_row]<\/p>\n<style type=\"text\/css\">a[data-mtli~=\"mtli_filesize79,98kB\"]:after {content:\" (79,98 kB)\"}a[data-mtli~=\"mtli_filesize84,28kB\"]:after {content:\" (84,28 kB)\"}a[data-mtli~=\"mtli_filesize110,98kB\"]:after {content:\" (110,98 kB)\"}a[data-mtli~=\"mtli_filesize81,20kB\"]:after {content:\" (81,20 kB)\"}a[data-mtli~=\"mtli_filesize100,14kB\"]:after {content:\" (100,14 kB)\"}a[data-mtli~=\"mtli_filesize96,81kB\"]:after {content:\" (96,81 kB)\"}a[data-mtli~=\"mtli_filesize85,19kB\"]:after {content:\" (85,19 kB)\"}a[data-mtli~=\"mtli_filesize95,82kB\"]:after {content:\" (95,82 kB)\"}a[data-mtli~=\"mtli_filesize82,83kB\"]:after {content:\" (82,83 kB)\"}a[data-mtli~=\"mtli_filesize97,53kB\"]:after {content:\" (97,53 kB)\"}a[data-mtli~=\"mtli_filesize92,55kB\"]:after {content:\" (92,55 kB)\"}a[data-mtli~=\"mtli_filesize88,35kB\"]:after {content:\" (88,35 kB)\"}a[data-mtli~=\"mtli_filesize114,99kB\"]:after {content:\" (114,99 kB)\"}<\/style>","protected":false},"excerpt":{"rendered":"<p>[vc_row][vc_column][\/vc_column][\/vc_row] [&#8230;]<\/p>\n<p><a class=\"btn btn-secondary understrap-read-more-link\" href=\"https:\/\/us.edu.pl\/wydzial\/wnp\/student\/kierunki-geograficzne\/plany-zajec\/\">Read More&#8230;<\/a><\/p>\n","protected":false},"author":115,"featured_media":0,"parent":4010,"menu_order":2,"comment_status":"closed","ping_status":"closed","template":"page-templates\/inner-page.php","meta":{"_expiration-date-status":"","_expiration-date":0,"_expiration-date-type":"","_expiration-date-categories":[],"_expiration-date-options":[]},"acf":[],"_links":{"self":[{"href":"https:\/\/us.edu.pl\/wydzial\/wnp\/wp-json\/wp\/v2\/pages\/3743"}],"collection":[{"href":"https:\/\/us.edu.pl\/wydzial\/wnp\/wp-json\/wp\/v2\/pages"}],"about":[{"href":"https:\/\/us.edu.pl\/wydzial\/wnp\/wp-json\/wp\/v2\/types\/page"}],"author":[{"embeddable":true,"href":"https:\/\/us.edu.pl\/wydzial\/wnp\/wp-json\/wp\/v2\/users\/115"}],"replies":[{"embeddable":true,"href":"https:\/\/us.edu.pl\/wydzial\/wnp\/wp-json\/wp\/v2\/comments?post=3743"}],"version-history":[{"count":0,"href":"https:\/\/us.edu.pl\/wydzial\/wnp\/wp-json\/wp\/v2\/pages\/3743\/revisions"}],"up":[{"embeddable":true,"href":"https:\/\/us.edu.pl\/wydzial\/wnp\/wp-json\/wp\/v2\/pages\/4010"}],"wp:attachment":[{"href":"https:\/\/us.edu.pl\/wydzial\/wnp\/wp-json\/wp\/v2\/media?parent=3743"}],"curies":[{"name":"wp","href":"https:\/\/api.w.org\/{rel}","templated":true}]}}