{"id":3746,"date":"2020-10-05T14:03:21","date_gmt":"2020-10-05T12:03:21","guid":{"rendered":"https:\/\/us.edu.pl\/wydzial\/wnp\/?page_id=3746"},"modified":"2025-10-01T11:46:11","modified_gmt":"2025-10-01T09:46:11","slug":"opiekunowie","status":"publish","type":"page","link":"https:\/\/us.edu.pl\/wydzial\/wnp\/student\/kierunki-geograficzne\/opiekunowie\/","title":{"rendered":"opiekunowie"},"content":{"rendered":"<p>[vc_row][vc_column]\r\n                <div class=\"text-modules\">\r\n                    <div class=\"container\">\r\n                        <h3 class=\"page-title text__title\">Opiekunowie lat 2025\/2026<\/h3>\r\n                        <div class=\"text-modules__content\"><p><strong>Geografia<\/strong><\/p>\n<p>I rok \u2013 dr hab. Bart\u0142omiej Szypu\u0142a, prof. U\u015a<\/p>\n<p>II rok \u2013 dr Monika Janiszek<\/p>\n<p>III rok \u2013 dr Micha\u0142 Sobala<\/p>\n<p>I rok MU \u2013 dr Marta Chmielewska<\/p>\n<p>II rok MU\u2013 dr Maksymilian Solarski<\/p>\n<p>&nbsp;<\/p>\n<p><strong>In\u017cynieria zagro\u017ce\u0144 \u015brodowiskowych<\/strong><\/p>\n<p>I rok \u2013 dr hab. Martyna Rz\u0119ta\u0142a, prof. U\u015a<\/p>\n<p>II rok \u2013 dr hab. Agnieszka Czajka<\/p>\n<p>III rok<strong> \u2013 <\/strong>dr hab. Tadeusz Molenda, prof. U\u015a<\/p>\n<p>IV rok 7 sem. \u2013 dr El\u017cbieta \u0141epkowska<\/p>\n<p>&nbsp;<\/p>\n<p><strong>Turystyka zr\u00f3wnowa\u017cona<\/strong><\/p>\n<p>I rok \u2013 dr Natalia Tomczewska-Popowycz<\/p>\n<p><strong>\u00a0<\/strong><\/p>\n<p><strong>Turystyka<\/strong><\/p>\n<p>I rok MU \u2013 dr Anna \u017bem\u0142a-Siesicka<\/p>\n<p>II rok MU \u2013 dr Katarzyna Pukowiec-Kurda<\/p>\n<\/div>\r\n                    <\/div>\r\n                <\/div>[\/vc_column][\/vc_row]<\/p>","protected":false},"excerpt":{"rendered":"<p>[vc_row][vc_column][\/vc_column][\/vc_row] [&#8230;]<\/p>\n<p><a class=\"btn btn-secondary understrap-read-more-link\" href=\"https:\/\/us.edu.pl\/wydzial\/wnp\/student\/kierunki-geograficzne\/opiekunowie\/\">Read More&#8230;<\/a><\/p>\n","protected":false},"author":115,"featured_media":0,"parent":4010,"menu_order":3,"comment_status":"closed","ping_status":"closed","template":"page-templates\/inner-page.php","meta":{"_expiration-date-status":"","_expiration-date":0,"_expiration-date-type":"","_expiration-date-categories":[],"_expiration-date-options":[]},"acf":[],"_links":{"self":[{"href":"https:\/\/us.edu.pl\/wydzial\/wnp\/wp-json\/wp\/v2\/pages\/3746"}],"collection":[{"href":"https:\/\/us.edu.pl\/wydzial\/wnp\/wp-json\/wp\/v2\/pages"}],"about":[{"href":"https:\/\/us.edu.pl\/wydzial\/wnp\/wp-json\/wp\/v2\/types\/page"}],"author":[{"embeddable":true,"href":"https:\/\/us.edu.pl\/wydzial\/wnp\/wp-json\/wp\/v2\/users\/115"}],"replies":[{"embeddable":true,"href":"https:\/\/us.edu.pl\/wydzial\/wnp\/wp-json\/wp\/v2\/comments?post=3746"}],"version-history":[{"count":0,"href":"https:\/\/us.edu.pl\/wydzial\/wnp\/wp-json\/wp\/v2\/pages\/3746\/revisions"}],"up":[{"embeddable":true,"href":"https:\/\/us.edu.pl\/wydzial\/wnp\/wp-json\/wp\/v2\/pages\/4010"}],"wp:attachment":[{"href":"https:\/\/us.edu.pl\/wydzial\/wnp\/wp-json\/wp\/v2\/media?parent=3746"}],"curies":[{"name":"wp","href":"https:\/\/api.w.org\/{rel}","templated":true}]}}