{"id":3755,"date":"2020-10-05T14:33:11","date_gmt":"2020-10-05T12:33:11","guid":{"rendered":"https:\/\/us.edu.pl\/wydzial\/wnp\/?page_id=3755"},"modified":"2026-04-03T12:01:27","modified_gmt":"2026-04-03T10:01:27","slug":"konsultacje","status":"publish","type":"page","link":"https:\/\/us.edu.pl\/wydzial\/wnp\/student\/kierunki-geologiczne\/konsultacje\/","title":{"rendered":"konsultacje"},"content":{"rendered":"<p>[vc_row][vc_column]\r\n                <div class=\"text-modules\">\r\n                    <div class=\"container\">\r\n                        \r\n                        <div class=\"text-modules__content\"><\/p>\n<table style=\"width: 100%; height: 1480px;\">\n<tbody>\n<tr style=\"height: 18px;\">\n<td style=\"height: 18px;\" width=\"201\">Anna Abramowicz<\/td>\n<td style=\"height: 18px;\" width=\"160\">Poniedzia\u0142ki<\/td>\n<td style=\"height: 18px;\" width=\"209\">13:00 \u2013 13:45<\/td>\n<\/tr>\n<tr style=\"height: 18px;\">\n<td style=\"height: 18px;\" width=\"201\">Andrzej Boczarowski<\/td>\n<td style=\"height: 18px;\" width=\"160\">Wtorki<\/td>\n<td style=\"height: 18px;\" width=\"209\">13:00 \u2013 13:45<\/td>\n<\/tr>\n<tr style=\"height: 18px;\">\n<td style=\"height: 18px;\" width=\"201\">Jolanta Burda<\/td>\n<td style=\"height: 18px;\" width=\"160\">Czwartki<\/td>\n<td style=\"height: 18px;\" width=\"209\">13:00 \u2013 13:45<\/td>\n<\/tr>\n<tr style=\"height: 18px;\">\n<td style=\"height: 18px;\" width=\"201\">Jerzy Caba\u0142a<\/td>\n<td style=\"height: 18px;\" width=\"160\">Poniedzia\u0142ki<\/td>\n<td style=\"height: 18px;\" width=\"209\">9:00 \u2013 11:00<\/td>\n<\/tr>\n<tr style=\"height: 18px;\">\n<td style=\"height: 18px;\" width=\"201\">Justyna Ciesielczuk<\/td>\n<td style=\"height: 18px;\" width=\"160\">Poniedzia\u0142ki<\/td>\n<td style=\"height: 18px;\" width=\"209\">13:00 \u2013 13:45<\/td>\n<\/tr>\n<tr style=\"height: 18px;\">\n<td style=\"height: 18px;\" width=\"201\">Dominika D\u0105browska<\/td>\n<td style=\"height: 18px;\" width=\"160\">Poniedzia\u0142ki<\/td>\n<td style=\"height: 18px;\" width=\"209\">13:00 \u2013 13:45<\/td>\n<\/tr>\n<tr style=\"height: 36px;\">\n<td style=\"height: 36px;\" width=\"201\">Katarzyna D\u0105browska-Zapart<\/td>\n<td style=\"height: 36px;\" colspan=\"2\" width=\"368\">pracownik przebywa na urlopie<\/td>\n<\/tr>\n<tr style=\"height: 18px;\">\n<td style=\"height: 18px;\" width=\"201\">Wojciech Dobi\u0144ski<\/td>\n<td style=\"height: 18px;\" width=\"160\">\u015arody<\/td>\n<td style=\"height: 18px;\" width=\"209\">10:00 \u2013 12:00<\/td>\n<\/tr>\n<tr style=\"height: 18px;\">\n<td style=\"height: 18px;\" width=\"201\">Maria Dziurowicz<\/td>\n<td style=\"height: 18px;\" width=\"160\">Poniedzia\u0142ki<\/td>\n<td style=\"height: 18px;\" width=\"209\">13:00 \u2013 13:45<\/td>\n<\/tr>\n<tr style=\"height: 18px;\">\n<td style=\"height: 18px;\" width=\"201\">Monika Fabia\u0144ska<\/td>\n<td style=\"height: 18px;\" width=\"160\">Wtorki<\/td>\n<td style=\"height: 18px;\" width=\"209\">8:00 \u201310:00<\/td>\n<\/tr>\n<tr style=\"height: 18px;\">\n<td style=\"height: 18px;\" width=\"201\">Pawe\u0142 Filipiak<\/td>\n<td style=\"height: 18px;\" width=\"160\">Poniedzia\u0142ki<\/td>\n<td style=\"height: 18px;\" width=\"209\">9:30 \u2013 10:30<\/td>\n<\/tr>\n<tr style=\"height: 18px;\">\n<td style=\"height: 18px;\" width=\"201\">Krzysztof Gaidzik<\/td>\n<td style=\"height: 18px;\" width=\"160\">Poniedzia\u0142ki<\/td>\n<td style=\"height: 18px;\" width=\"209\">13:00 \u2013 13:45<\/td>\n<\/tr>\n<tr style=\"height: 18px;\">\n<td style=\"height: 18px;\" width=\"201\">Evgeny Ga\u0142uskin<\/td>\n<td style=\"height: 18px;\" width=\"160\">\u015arody<\/td>\n<td style=\"height: 18px;\" width=\"209\">13:00 \u2013 13:45<\/td>\n<\/tr>\n<tr style=\"height: 18px;\">\n<td style=\"height: 18px;\" width=\"201\">Irina Ga\u0142uskina<\/td>\n<td style=\"height: 18px;\" width=\"160\">\u015arody<\/td>\n<td style=\"height: 18px;\" width=\"209\">13:00 \u2013 13:45<\/td>\n<\/tr>\n<tr style=\"height: 18px;\">\n<td style=\"height: 18px;\" width=\"201\">Aleksandra Gaw\u0119da<\/td>\n<td style=\"height: 18px;\" width=\"160\">Poniedzia\u0142ki<\/td>\n<td style=\"height: 18px;\" width=\"209\">13:00 \u2013 13:45<\/td>\n<\/tr>\n<tr style=\"height: 18px;\">\n<td style=\"height: 18px;\" width=\"201\">Adam Idziak<\/td>\n<td style=\"height: 18px;\" width=\"160\">\u015arody<\/td>\n<td style=\"height: 18px;\" width=\"209\">13:00 \u2013 14:00<\/td>\n<\/tr>\n<tr style=\"height: 18px;\">\n<td style=\"height: 18px;\" width=\"201\">Mariola Jab\u0142o\u0144ska<\/td>\n<td style=\"height: 18px;\" width=\"160\">Czwartki<\/td>\n<td style=\"height: 18px;\" width=\"209\">13:00 \u2013 13:45<\/td>\n<\/tr>\n<tr style=\"height: 18px;\">\n<td style=\"height: 18px;\" width=\"201\">Sabina Jak\u00f3bczyk-Karpierz<\/td>\n<td style=\"height: 18px;\" colspan=\"2\" width=\"368\">pracownik przebywa na zwolnieniu lekarskim<\/td>\n<\/tr>\n<tr style=\"height: 110px;\">\n<td style=\"height: 110px;\" width=\"201\">Janusz Janeczek<\/td>\n<td style=\"height: 110px;\" width=\"160\">II rok geologii<\/p>\n<p>III rok geologii stos.<\/p>\n<p>II rok GMI<\/td>\n<td style=\"height: 110px;\" width=\"209\">\u015broda 10-11<\/p>\n<p>pi\u0105tek 10-11<\/p>\n<p>czwartek 9-10<\/td>\n<\/tr>\n<tr style=\"height: 18px;\">\n<td style=\"height: 18px;\" width=\"201\">Krzysztof Janik<\/td>\n<td style=\"height: 18px;\" width=\"160\">\u015arody<\/td>\n<td style=\"height: 18px;\" width=\"209\">11:30 \u2013 12:15<\/td>\n<\/tr>\n<tr style=\"height: 18px;\">\n<td style=\"height: 18px;\" width=\"201\">Iwona Jelonek<\/td>\n<td style=\"height: 18px;\" width=\"160\">Czwartki<\/td>\n<td style=\"height: 18px;\" width=\"209\">13:00 \u2013 13:45<\/td>\n<\/tr>\n<tr style=\"height: 18px;\">\n<td style=\"height: 18px;\" width=\"201\">Krzysztof Jochymczyk<\/td>\n<td style=\"height: 18px;\" width=\"160\">Czwartki<\/td>\n<td style=\"height: 18px;\" width=\"209\">9:00 \u2013 9:45<\/td>\n<\/tr>\n<tr style=\"height: 128px;\">\n<td style=\"height: 128px;\" width=\"201\">Rafa\u0142 Juroszek<\/td>\n<td style=\"height: 128px;\" width=\"160\">Poniedzia\u0142ki<\/p>\n<p>Wtorki<\/p>\n<p>\u015arody<\/td>\n<td style=\"height: 128px;\" width=\"209\">13:00 \u2013 13:45 (Erasmus)<\/p>\n<p>13:00 \u2013 13:45 (III rok GE i GS)<\/p>\n<p>13:00 \u2013 13:45 (pozostali)<\/td>\n<\/tr>\n<tr style=\"height: 18px;\">\n<td style=\"height: 18px;\" width=\"201\">S\u0142awomir K\u0119dzior<\/td>\n<td style=\"height: 18px;\" width=\"160\">Wtorki<\/td>\n<td style=\"height: 18px;\" width=\"209\">13:00 \u2013 13:45<\/td>\n<\/tr>\n<tr style=\"height: 18px;\">\n<td style=\"height: 18px;\" width=\"201\">Marta Kondracka<\/td>\n<td style=\"height: 18px;\" width=\"160\">Poniedzia\u0142ki<\/td>\n<td style=\"height: 18px;\" width=\"209\">11:00 \u2013 11:45<\/td>\n<\/tr>\n<tr style=\"height: 18px;\">\n<td style=\"height: 18px;\" width=\"201\">Andrzej Kowalczyk<\/td>\n<td style=\"height: 18px;\" width=\"160\">\u015arody<\/td>\n<td style=\"height: 18px;\" width=\"209\">13:00 \u2013 13:45<\/td>\n<\/tr>\n<tr style=\"height: 18px;\">\n<td style=\"height: 18px;\" width=\"201\">Wojciech Krawczy\u0144ski<\/td>\n<td style=\"height: 18px;\" width=\"160\">Poniedzia\u0142ki<\/td>\n<td style=\"height: 18px;\" width=\"209\">13:00 \u2013 13:45<\/td>\n<\/tr>\n<tr style=\"height: 18px;\">\n<td style=\"height: 18px;\" width=\"201\">Tomasz Krzykawski<\/td>\n<td style=\"height: 18px;\" width=\"160\">\u015arody<\/td>\n<td style=\"height: 18px;\" width=\"209\">10:00 \u2013 14:00<\/td>\n<\/tr>\n<tr style=\"height: 18px;\">\n<td style=\"height: 18px;\" width=\"201\">Ryszard Kuzak<\/td>\n<td style=\"height: 18px;\" width=\"160\">Czwartki<\/td>\n<td style=\"height: 18px;\" width=\"209\">13:00 \u2013 13:45<\/td>\n<\/tr>\n<tr style=\"height: 18px;\">\n<td style=\"height: 18px;\" width=\"201\">Dariusz Malczewski<\/td>\n<td style=\"height: 18px;\" width=\"160\">Wtorki<\/td>\n<td style=\"height: 18px;\" width=\"209\">13:00 \u2013 15:00<\/td>\n<\/tr>\n<tr style=\"height: 18px;\">\n<td style=\"height: 18px;\" width=\"201\">Leszek Marynowski<\/td>\n<td style=\"height: 18px;\" width=\"160\">Poniedzia\u0142ki<\/td>\n<td style=\"height: 18px;\" width=\"209\">10:00 \u2013 12:00<\/td>\n<\/tr>\n<tr style=\"height: 18px;\">\n<td style=\"height: 18px;\" width=\"201\">Aniela Matuszewska<\/td>\n<td style=\"height: 18px;\" width=\"160\">\u015arody<\/td>\n<td style=\"height: 18px;\" width=\"209\">11:00 \u2013 11:45<\/td>\n<\/tr>\n<tr style=\"height: 18px;\">\n<td style=\"height: 18px;\" width=\"201\">Maciej Mendecki<\/td>\n<td style=\"height: 18px;\" width=\"160\">Poniedzia\u0142ki<\/td>\n<td style=\"height: 18px;\" width=\"209\">13:00 \u2013 13:45<\/td>\n<\/tr>\n<tr style=\"height: 18px;\">\n<td style=\"height: 18px;\" width=\"201\">Magdalena Misz-Kennan<\/td>\n<td style=\"height: 18px;\" width=\"160\">\u015arody<\/td>\n<td style=\"height: 18px;\" width=\"209\">13:00 \u2013 13:45<\/td>\n<\/tr>\n<tr style=\"height: 18px;\">\n<td style=\"height: 18px;\" width=\"201\">\u00c1dam N\u00e1dudv\u00e1ri<\/td>\n<td style=\"height: 18px;\" width=\"160\">Czwartki<\/td>\n<td style=\"height: 18px;\" width=\"209\">13:00 \u2013 13:45<\/td>\n<\/tr>\n<tr style=\"height: 18px;\">\n<td style=\"height: 18px;\" width=\"201\">Jerzy Nita<\/td>\n<td style=\"height: 18px;\" width=\"160\">Poniedzia\u0142ki<\/td>\n<td style=\"height: 18px;\" width=\"209\">13:00 \u2013 13:45<\/td>\n<\/tr>\n<tr style=\"height: 18px;\">\n<td style=\"height: 18px;\" width=\"201\">Ma\u0142gorzata Nita<\/td>\n<td style=\"height: 18px;\" width=\"160\">Czwartki<\/td>\n<td style=\"height: 18px;\" width=\"209\">13:00 \u2013 13:45<\/td>\n<\/tr>\n<tr style=\"height: 18px;\">\n<td style=\"height: 18px;\" width=\"201\">Jolanta Pierwo\u0142a<\/td>\n<td style=\"height: 18px;\" width=\"160\">Wtorki<\/td>\n<td style=\"height: 18px;\" width=\"209\">13:00 \u2013 13:45<\/td>\n<\/tr>\n<tr style=\"height: 18px;\">\n<td style=\"height: 18px;\" width=\"201\">Agnieszka Pisarzowska<\/td>\n<td style=\"height: 18px;\" width=\"160\">Wtorki, \u015arody<\/td>\n<td style=\"height: 18px;\" width=\"209\">13:00 \u2013 13:45<\/td>\n<\/tr>\n<tr style=\"height: 18px;\">\n<td style=\"height: 18px;\" width=\"201\">Micha\u0142 Rakoci\u0144ski<\/td>\n<td style=\"height: 18px;\" width=\"160\">Czwartki<\/td>\n<td style=\"height: 18px;\" width=\"209\">13:00 \u2013 13:45<\/td>\n<\/tr>\n<tr style=\"height: 18px;\">\n<td style=\"height: 18px;\" width=\"201\">Jacek R\u00f3\u017ckowski<\/td>\n<td style=\"height: 18px;\" width=\"160\">Wtorki<\/td>\n<td style=\"height: 18px;\" width=\"209\">13:00 \u2013 13:45<\/td>\n<\/tr>\n<tr style=\"height: 18px;\">\n<td style=\"height: 18px;\" width=\"201\">Hanna Rubin<\/td>\n<td style=\"height: 18px;\" width=\"160\">\u015arody<\/td>\n<td style=\"height: 18px;\" width=\"209\">13:00 \u2013 13:45<\/td>\n<\/tr>\n<tr style=\"height: 18px;\">\n<td style=\"height: 18px;\" width=\"201\">Wojciech Ryka\u0142a<\/td>\n<td style=\"height: 18px;\" width=\"160\">Wtorki<\/td>\n<td style=\"height: 18px;\" width=\"209\">11:15 \u2013 12:00<\/td>\n<\/tr>\n<tr style=\"height: 18px;\">\n<td style=\"height: 18px;\" width=\"201\">Grzegorz Sadlok<\/td>\n<td style=\"height: 18px;\" width=\"160\">Poniedzia\u0142ki<\/td>\n<td style=\"height: 18px;\" width=\"209\">13:00 \u2013 13:45<\/td>\n<\/tr>\n<tr style=\"height: 18px;\">\n<td style=\"height: 18px;\" width=\"201\">Mariusz Salamon<\/td>\n<td style=\"height: 18px;\" width=\"160\">Wtorki, Czwartki<\/td>\n<td style=\"height: 18px;\" width=\"209\">13:00 \u2013 13:45<\/td>\n<\/tr>\n<tr style=\"height: 18px;\">\n<td style=\"height: 18px;\" width=\"201\">Tomasz Salamon<\/td>\n<td style=\"height: 18px;\" width=\"160\">Wtorki, Czwartki<\/td>\n<td style=\"height: 18px;\" width=\"209\">13:00 \u2013 13:45<\/td>\n<\/tr>\n<tr style=\"height: 18px;\">\n<td style=\"height: 18px;\" width=\"201\">S\u0142awomir Sitek (IGS-EiGP)<\/td>\n<td style=\"height: 18px;\" width=\"160\">Poniedzia\u0142ki<\/td>\n<td style=\"height: 18px;\" width=\"209\">13:00 \u2013 13:45<\/td>\n<\/tr>\n<tr style=\"height: 18px;\">\n<td style=\"height: 18px;\" width=\"201\">S\u0142awomir Sitek (INoZ)<\/td>\n<td style=\"height: 18px;\" width=\"160\">Pi\u0105tki<\/td>\n<td style=\"height: 18px;\" width=\"209\">13:00 \u2013 13:45<\/td>\n<\/tr>\n<tr style=\"height: 18px;\">\n<td style=\"height: 18px;\" width=\"201\">Piotr Siwek<\/td>\n<td style=\"height: 18px;\" width=\"160\">Pi\u0105tki<\/td>\n<td style=\"height: 18px;\" width=\"209\">13:00 \u2013 13:45<\/td>\n<\/tr>\n<tr style=\"height: 18px;\">\n<td style=\"height: 18px;\" width=\"201\">Sylwia Skreczko<\/td>\n<td style=\"height: 18px;\" width=\"160\">\u015arody<\/td>\n<td style=\"height: 18px;\" width=\"209\">13:00 \u2013 13:45<\/td>\n<\/tr>\n<tr style=\"height: 18px;\">\n<td style=\"height: 18px;\" width=\"201\">Beata Smieja-Kr\u00f3l<\/td>\n<td style=\"height: 18px;\" width=\"160\">Wtorki, Czwartki<\/td>\n<td style=\"height: 18px;\" width=\"209\">13:00 \u2013 13:45<\/td>\n<\/tr>\n<tr style=\"height: 18px;\">\n<td style=\"height: 18px;\" width=\"201\">Justyna Smolarek-\u0141ach<\/td>\n<td style=\"height: 18px;\" width=\"160\">\u015arody<\/td>\n<td style=\"height: 18px;\" width=\"209\">13:00 \u2013 13:45 (teams)<\/td>\n<\/tr>\n<tr style=\"height: 36px;\">\n<td style=\"height: 36px;\" width=\"201\">Danuta Smo\u0142ka-Danielowska<\/td>\n<td style=\"height: 36px;\" width=\"160\">Wtorek<\/td>\n<td style=\"height: 36px;\" width=\"209\">13:00 \u2013 13:45<\/td>\n<\/tr>\n<tr style=\"height: 18px;\">\n<td style=\"height: 18px;\" width=\"201\">Marek So\u0142tysiak<\/td>\n<td style=\"height: 18px;\" width=\"160\">Poniedzia\u0142ki<\/td>\n<td style=\"height: 18px;\" width=\"209\">13:00 \u2013 13:45<\/td>\n<\/tr>\n<tr style=\"height: 18px;\">\n<td style=\"height: 18px;\" width=\"201\">Iwona Stan-K\u0142eczek<\/td>\n<td style=\"height: 18px;\" width=\"160\">Poniedzia\u0142ki<\/td>\n<td style=\"height: 18px;\" width=\"209\">13:00 \u2013 13:45<\/td>\n<\/tr>\n<tr style=\"height: 18px;\">\n<td style=\"height: 18px;\" width=\"201\">Katarzyna Sutkowska<\/td>\n<td style=\"height: 18px;\" width=\"160\">\u015arody<\/td>\n<td style=\"height: 18px;\" width=\"209\">13:00 \u2013 13:45<\/td>\n<\/tr>\n<tr style=\"height: 18px;\">\n<td style=\"height: 18px;\" width=\"201\">Jacek Szczygie\u0142<\/td>\n<td style=\"height: 18px;\" width=\"160\">Wtorki<\/td>\n<td style=\"height: 18px;\" width=\"209\">8:30 \u2013 9:30<\/td>\n<\/tr>\n<tr style=\"height: 18px;\">\n<td style=\"height: 18px;\" width=\"201\">Eligiusz Sze\u0142\u0119g<\/td>\n<td style=\"height: 18px;\" width=\"160\">Czwartki<\/td>\n<td style=\"height: 18px;\" width=\"209\">13:00 \u2013 13:45<\/td>\n<\/tr>\n<tr style=\"height: 18px;\">\n<td style=\"height: 18px;\" width=\"201\">Krzysztof Szopa<\/td>\n<td style=\"height: 18px;\" width=\"160\">Wtorki<\/td>\n<td style=\"height: 18px;\" width=\"209\">13:00 \u201313:45<\/td>\n<\/tr>\n<tr style=\"height: 18px;\">\n<td style=\"height: 18px;\" width=\"201\">Ewa Szram<\/td>\n<td style=\"height: 18px;\" width=\"160\">Wtorki<\/td>\n<td style=\"height: 18px;\" width=\"209\">13:00 \u2013 13:45<\/td>\n<\/tr>\n<tr style=\"height: 18px;\">\n<td style=\"height: 18px;\" width=\"201\">Kinga \u015al\u00f3sarczyk<\/td>\n<td style=\"height: 18px;\" width=\"160\">Wtorki<\/td>\n<td style=\"height: 18px;\" width=\"209\">13:00 \u2013 13:45<\/td>\n<\/tr>\n<tr style=\"height: 18px;\">\n<td style=\"height: 18px;\" width=\"201\">Dorota \u015arodek<\/td>\n<td style=\"height: 18px;\" width=\"160\">Wtorki<\/td>\n<td style=\"height: 18px;\" width=\"209\">13:00 \u2013 13:45<\/td>\n<\/tr>\n<tr style=\"height: 18px;\">\n<td style=\"height: 18px;\" width=\"201\">Les\u0142aw Teper<\/td>\n<td style=\"height: 18px;\" width=\"160\">Czwartki<\/td>\n<td style=\"height: 18px;\" width=\"209\">13:00 \u2013 13:45<\/td>\n<\/tr>\n<tr style=\"height: 18px;\">\n<td style=\"height: 18px;\" width=\"201\">Rafa\u0142 Warchulski<\/td>\n<td style=\"height: 18px;\" width=\"160\">Wtorki<\/td>\n<td style=\"height: 18px;\" width=\"209\">13:00 \u2013 13:45<\/td>\n<\/tr>\n<tr style=\"height: 18px;\">\n<td style=\"height: 18px;\" width=\"201\">Andrzej Witkowski<\/td>\n<td style=\"height: 18px;\" width=\"160\">Czwartki<\/td>\n<td style=\"height: 18px;\" width=\"209\">13:05 \u2013 13:50<\/td>\n<\/tr>\n<tr style=\"height: 18px;\">\n<td style=\"height: 18px;\" width=\"201\">Micha\u0142 Zato\u0144<\/td>\n<td style=\"height: 18px;\" width=\"160\">Wtorki<\/td>\n<td style=\"height: 18px;\" width=\"209\">10:00 \u2013 11:00<\/td>\n<\/tr>\n<tr style=\"height: 18px;\">\n<td style=\"height: 18px;\" width=\"201\">Magdalena Zieli\u0144ska<\/td>\n<td style=\"height: 18px;\" width=\"160\">Poniedzia\u0142ki, \u015arody<\/td>\n<td style=\"height: 18px;\" width=\"209\">13:00 \u2013 13:45<\/td>\n<\/tr>\n<tr style=\"height: 18px;\">\n<td style=\"height: 18px;\" width=\"201\">Jerzy \u017baba<\/td>\n<td style=\"height: 18px;\" width=\"160\">Poniedzia\u0142ki<\/td>\n<td style=\"height: 18px;\" width=\"209\">13:00 \u2013 13:45<\/td>\n<\/tr>\n<tr style=\"height: 18px;\">\n<td style=\"height: 18px;\" width=\"201\">Bogdan \u017boga\u0142a<\/td>\n<td style=\"height: 18px;\" width=\"160\">Poniedzia\u0142ki<\/td>\n<td style=\"height: 18px;\" width=\"209\">14:00 \u2013 14:45<\/td>\n<\/tr>\n<\/tbody>\n<\/table>\n<p>\n<\/div>\r\n                    <\/div>\r\n                <\/div>[\/vc_column][\/vc_row]<\/p>","protected":false},"excerpt":{"rendered":"<p>[vc_row][vc_column][\/vc_column][\/vc_row] [&#8230;]<\/p>\n<p><a class=\"btn btn-secondary understrap-read-more-link\" href=\"https:\/\/us.edu.pl\/wydzial\/wnp\/student\/kierunki-geologiczne\/konsultacje\/\">Read More&#8230;<\/a><\/p>\n","protected":false},"author":115,"featured_media":0,"parent":3718,"menu_order":4,"comment_status":"closed","ping_status":"closed","template":"page-templates\/inner-page.php","meta":{"_expiration-date-status":"","_expiration-date":0,"_expiration-date-type":"","_expiration-date-categories":[],"_expiration-date-options":[]},"acf":[],"_links":{"self":[{"href":"https:\/\/us.edu.pl\/wydzial\/wnp\/wp-json\/wp\/v2\/pages\/3755"}],"collection":[{"href":"https:\/\/us.edu.pl\/wydzial\/wnp\/wp-json\/wp\/v2\/pages"}],"about":[{"href":"https:\/\/us.edu.pl\/wydzial\/wnp\/wp-json\/wp\/v2\/types\/page"}],"author":[{"embeddable":true,"href":"https:\/\/us.edu.pl\/wydzial\/wnp\/wp-json\/wp\/v2\/users\/115"}],"replies":[{"embeddable":true,"href":"https:\/\/us.edu.pl\/wydzial\/wnp\/wp-json\/wp\/v2\/comments?post=3755"}],"version-history":[{"count":0,"href":"https:\/\/us.edu.pl\/wydzial\/wnp\/wp-json\/wp\/v2\/pages\/3755\/revisions"}],"up":[{"embeddable":true,"href":"https:\/\/us.edu.pl\/wydzial\/wnp\/wp-json\/wp\/v2\/pages\/3718"}],"wp:attachment":[{"href":"https:\/\/us.edu.pl\/wydzial\/wnp\/wp-json\/wp\/v2\/media?parent=3755"}],"curies":[{"name":"wp","href":"https:\/\/api.w.org\/{rel}","templated":true}]}}