{"id":3757,"date":"2020-10-05T14:34:30","date_gmt":"2020-10-05T12:34:30","guid":{"rendered":"https:\/\/us.edu.pl\/wydzial\/wnp\/?page_id=3757"},"modified":"2026-04-08T15:27:50","modified_gmt":"2026-04-08T13:27:50","slug":"konsultacje","status":"publish","type":"page","link":"https:\/\/us.edu.pl\/wydzial\/wnp\/student\/kierunki-geograficzne\/konsultacje\/","title":{"rendered":"konsultacje"},"content":{"rendered":"<p><\/p>\n<h3><strong>KONSULTACJE\u00a0<\/strong><\/h3>\n<table style=\"height: 1090px; width: 100%; font-size: 14pt;\" width=\"100%\" cellpadding=\"10px\">\n<tbody>\n<tr style=\"height: 18px; border-bottom: 1px solid #ddd;\">\n<td>Apollo Micha\u0142<\/td>\n<td>pi\u0105tek, g. 13:00-13:45 (online) lub inne terminy po wcze\u015bniejszym ustaleniu<\/td>\n<\/tr>\n<tr style=\"height: 18px; border-bottom: 1px solid #ddd;\">\n<td style=\"height: 18px;\" width=\"214\">Absalon Damian<\/td>\n<td style=\"height: 18px;\" width=\"320\">poniedzia\u0142ek 13.00 \u2013 13.45<\/td>\n<\/tr>\n<tr style=\"height: 18px; border-bottom: 1px solid #ddd;\">\n<td style=\"height: 18px;\" width=\"214\">Bielec-B\u0105kowska Zuzanna<\/td>\n<td style=\"height: 18px;\" width=\"320\">\u015broda 13.00-13.45<\/td>\n<\/tr>\n<tr style=\"height: 18px; border-bottom: 1px solid #ddd;\">\n<td style=\"height: 18px;\" width=\"214\">B\u0142aszczyk Ma\u0142gorzata<\/td>\n<td style=\"height: 18px;\" width=\"320\">\u015broda 13.00-13.45 s.104<\/td>\n<\/tr>\n<tr style=\"height: 18px; border-bottom: 1px solid #ddd;\">\n<td style=\"height: 18px;\" width=\"214\">Boczarowski Andrzej<\/td>\n<td style=\"height: 18px;\" width=\"320\">wtorek 13.00-13.45<\/td>\n<\/tr>\n<tr style=\"height: 18px; border-bottom: 1px solid #ddd;\">\n<td style=\"height: 18px;\" width=\"214\">Burda Jolanta<\/td>\n<td style=\"height: 18px;\" width=\"320\">poniedzia\u0142ek 15:15 \u2013 16:00, wtorek 13:00 \u2013 13:45<\/td>\n<\/tr>\n<tr style=\"height: 18px; border-bottom: 1px solid #ddd;\">\n<td style=\"height: 18px;\" width=\"214\">Chmielewska Marta<\/td>\n<td style=\"height: 18px;\" width=\"320\">wtorek 13:00-13:45<\/td>\n<\/tr>\n<tr style=\"height: 18px; border-bottom: 1px solid #ddd;\">\n<td style=\"height: 18px;\" width=\"214\">Ciep\u0142y Micha\u0142<\/td>\n<td style=\"height: 18px;\" width=\"320\">wtorki i czwartki 13.00-13.45<\/td>\n<\/tr>\n<tr style=\"height: 18px; border-bottom: 1px solid #ddd;\">\n<td style=\"height: 18px;\" width=\"214\">Czajka Agnieszka<\/td>\n<td style=\"height: 18px;\" width=\"320\">wtorek 13.00-13.45<\/td>\n<\/tr>\n<tr style=\"height: 18px; border-bottom: 1px solid #ddd;\">\n<td style=\"height: 18px;\" width=\"214\">Dobi\u0144ski Wojciech<\/td>\n<td style=\"height: 18px;\" width=\"320\">\u015broda 10.00 &#8211; 12.00<\/td>\n<\/tr>\n<tr style=\"height: 18px; border-bottom: 1px solid #ddd;\">\n<td style=\"height: 18px;\" width=\"214\">Dragan Weronika<\/td>\n<td style=\"height: 18px;\" width=\"320\">wtorek 13.00-13.45<\/td>\n<\/tr>\n<tr style=\"height: 18px; border-bottom: 1px solid #ddd;\">\n<td style=\"height: 18px;\" width=\"214\">Dulias Renata<\/td>\n<td style=\"height: 18px;\" width=\"320\">wtorek 13.00-13.45<\/td>\n<\/tr>\n<tr style=\"height: 18px; border-bottom: 1px solid #ddd;\">\n<td style=\"height: 18px;\" width=\"214\">Fajer Maria<\/td>\n<td style=\"height: 18px;\" width=\"320\">wtorek 13.00-13.45<\/td>\n<\/tr>\n<tr style=\"height: 18px; border-bottom: 1px solid #ddd;\">\n<td style=\"height: 18px;\" width=\"214\">Falarz Ma\u0142gorzata<\/td>\n<td style=\"height: 18px;\" width=\"320\">\u015broda 13.00-13.45<\/td>\n<\/tr>\n<tr style=\"height: 18px; border-bottom: 1px solid #ddd;\">\n<td style=\"height: 18px;\" width=\"214\">G\u0105dek Bogdan<\/td>\n<td style=\"height: 18px;\" width=\"320\">wtorek 13.00- 13.45 , pok, 1609,<\/td>\n<\/tr>\n<tr style=\"height: 18px; border-bottom: 1px solid #ddd;\">\n<td style=\"height: 18px;\" width=\"214\">Grabiec Mariusz<\/td>\n<td style=\"height: 18px;\" width=\"320\">pi\u0105tek 13.45-14.30<\/td>\n<\/tr>\n<tr style=\"height: 18px; border-bottom: 1px solid #ddd;\">\n<td style=\"height: 18px;\" width=\"214\">Hibszer Adam<\/td>\n<td style=\"height: 18px;\" width=\"320\">\u015broda 13.00-13.45<\/td>\n<\/tr>\n<tr style=\"height: 18px;\">\n<td style=\"height: 18px;\">Ignatiuk Dariusz<\/td>\n<td style=\"height: 18px;\"><span lang=\"PL\">poniedzia\u0142ek 11.00-12.00<\/span><\/td>\n<\/tr>\n<tr style=\"height: 18px; border-bottom: 1px solid #ddd;\">\n<td style=\"height: 18px;\" width=\"214\">Jania Jacek<\/td>\n<td style=\"height: 18px;\" width=\"320\">poniedzia\u0142ek\u00a0 10.00-11.00<\/td>\n<\/tr>\n<tr style=\"height: 18px; border-bottom: 1px solid #ddd;\">\n<td style=\"height: 18px;\" width=\"214\">Kantor-Pietraga Iwona<\/td>\n<td style=\"height: 18px;\" width=\"320\">wtorek 13.00-13.45<\/td>\n<\/tr>\n<tr style=\"height: 18px; border-bottom: 1px solid #ddd;\">\n<td style=\"height: 18px;\" width=\"214\">Krzysztofik Robert<\/td>\n<td style=\"height: 18px;\" width=\"320\">poniedzia\u0142ek 11.20-12.05<\/td>\n<\/tr>\n<tr style=\"height: 18px; border-bottom: 1px solid #ddd;\">\n<td style=\"height: 18px;\" width=\"214\">Laska Micha\u0142<\/td>\n<td style=\"height: 18px;\" width=\"320\">wtorek 13.00-13.45<\/td>\n<\/tr>\n<tr style=\"height: 18px; border-bottom: 1px solid #ddd;\">\n<td style=\"height: 18px;\" width=\"214\">\u0141epkowska El\u017cbieta<\/td>\n<td style=\"height: 18px;\" width=\"320\">wtorek, \u015broda 13.00-13.45<\/td>\n<\/tr>\n<tr style=\"height: 18px; border-bottom: 1px solid #ddd;\">\n<td style=\"height: 18px;\" width=\"214\">\u0141upikasza Ewa<\/td>\n<td style=\"height: 18px;\" width=\"320\">poniedzia\u0142ek 10:00-11:00<\/td>\n<\/tr>\n<tr style=\"height: 18px; border-bottom: 1px solid #ddd;\">\n<td style=\"height: 18px;\" width=\"214\">Machowski Robert<\/td>\n<td style=\"height: 18px;\" width=\"320\">czwartek 13:00 \u2013 13:45<\/td>\n<\/tr>\n<tr style=\"height: 18px; border-bottom: 1px solid #ddd;\">\n<td style=\"height: 18px;\" width=\"214\">Malik Ireneusz<\/td>\n<td style=\"height: 18px;\" width=\"320\">czwartek 13.00-13.45<\/td>\n<\/tr>\n<tr style=\"height: 18px; border-bottom: 1px solid #ddd;\">\n<td style=\"height: 18px;\" width=\"214\">Matysik Magdalena<\/td>\n<td style=\"height: 18px;\" width=\"320\">\u015broda 13.00-13.45<\/td>\n<\/tr>\n<tr style=\"height: 18px; border-bottom: 1px solid #ddd;\">\n<td style=\"height: 18px;\" width=\"214\">Mihaylov Valentin<\/td>\n<td style=\"height: 18px;\" width=\"320\">\u015broda 13.00-13.45<\/td>\n<\/tr>\n<tr style=\"height: 18px; border-bottom: 1px solid #ddd;\">\n<td style=\"height: 18px;\" width=\"214\">Molenda Tadeusz<\/td>\n<td style=\"height: 18px;\" width=\"320\">\u015broda 13.00-13.45<\/td>\n<\/tr>\n<tr style=\"height: 18px; border-bottom: 1px solid #ddd;\">\n<td style=\"height: 18px;\" width=\"214\">Myga-Pi\u0105tek Urszula<\/td>\n<td style=\"height: 18px;\" width=\"320\">wtorek 13.00-13.45<\/td>\n<\/tr>\n<tr style=\"height: 18px; border-bottom: 1px solid #ddd;\">\n<td style=\"height: 18px;\" width=\"214\">Opa\u0142a-Owczarek Magdalena<\/td>\n<td style=\"height: 18px;\" width=\"320\">pi\u0105tek 11:00-11:45 na platformie TEAMS lub wg potrzeb studenta po wcze\u015bniejszym uzgodnieniu terminu<\/td>\n<\/tr>\n<tr style=\"height: 18px; border-bottom: 1px solid #ddd;\">\n<td style=\"height: 18px;\" width=\"214\">Pawlik \u0141ukasz<\/td>\n<td style=\"height: 18px;\" width=\"320\">wtorek 11:30-12:30<\/td>\n<\/tr>\n<tr style=\"height: 18px; border-bottom: 1px solid #ddd;\">\n<td style=\"height: 18px;\" width=\"214\">Pe\u0142ka-Go\u015bciniak Jolanta<\/td>\n<td style=\"height: 18px;\" width=\"320\">\u015broda 13.00-13.45<\/td>\n<\/tr>\n<tr style=\"height: 18px; border-bottom: 1px solid #ddd;\">\n<td style=\"height: 10px;\" width=\"214\">Piechota Agnieszka<\/td>\n<td style=\"height: 10px;\" width=\"320\">poniedzia\u0142ek 13.00 \u2013 13.45<\/td>\n<\/tr>\n<tr style=\"height: 18px; border-bottom: 1px solid #ddd;\">\n<td style=\"height: 18px;\" width=\"214\">Pukowiec-Kurda Katarzyna<\/td>\n<td style=\"height: 18px;\" width=\"320\">wtorek 13.00-13.45<\/td>\n<\/tr>\n<tr style=\"height: 18px; border-bottom: 1px solid #ddd;\">\n<td style=\"height: 18px;\" width=\"214\">Pytel S\u0142awomir<\/td>\n<td style=\"height: 18px;\" width=\"320\">wtorek 13.00-13.45<\/td>\n<\/tr>\n<tr style=\"height: 18px; border-bottom: 1px solid #ddd;\">\n<td style=\"height: 18px;\" width=\"214\">Rahmonov Oimahmad<\/td>\n<td style=\"height: 18px;\" width=\"320\">\u00a0wtorek 13.00-13.45<\/td>\n<\/tr>\n<tr style=\"height: 18px; border-bottom: 1px solid #ddd;\">\n<td style=\"height: 18px;\" width=\"214\">Ruman Marek<\/td>\n<td style=\"height: 18px;\" width=\"320\">wtorek 13.00 &#8211; 13.45<\/td>\n<\/tr>\n<tr style=\"height: 18px; border-bottom: 1px solid #ddd;\">\n<td style=\"height: 18px;\" width=\"214\">Runge Anna<\/td>\n<td style=\"height: 18px;\" width=\"320\">wtorek 13.00-13.45<\/td>\n<\/tr>\n<tr style=\"height: 18px; border-bottom: 1px solid #ddd;\">\n<td style=\"height: 18px;\" width=\"214\">Runge Jerzy<\/td>\n<td style=\"height: 18px;\" width=\"320\">\u015broda 9.45 &#8211; 11.30<\/td>\n<\/tr>\n<tr style=\"height: 18px; border-bottom: 1px solid #ddd;\">\n<td style=\"height: 18px;\" width=\"214\">Rz\u0119ta\u0142a Mariusz<\/td>\n<td style=\"height: 18px;\" width=\"320\">poniedzia\u0142ek 11.30-12.30<\/td>\n<\/tr>\n<tr style=\"height: 18px; border-bottom: 1px solid #ddd;\">\n<td style=\"height: 18px;\" width=\"214\">Rz\u0119ta\u0142a Martyna<\/td>\n<td style=\"height: 18px;\" width=\"320\">\u015broda 13.00- 13.45<\/td>\n<\/tr>\n<tr style=\"height: 18px; border-bottom: 1px solid #ddd;\">\n<td style=\"height: 18px;\" width=\"214\">Sitek S\u0142awomir<\/td>\n<td style=\"height: 18px;\" width=\"320\">poniedzia\u0142ek 13:00-13:45<\/td>\n<\/tr>\n<tr style=\"height: 18px; border-bottom: 1px solid #ddd;\">\n<td style=\"height: 18px;\" width=\"214\">Sobala Micha\u0142<\/td>\n<td style=\"height: 18px;\" width=\"320\">\u015broda 13:00-13:45, p. 415<\/td>\n<\/tr>\n<tr style=\"height: 18px; border-bottom: 1px solid #ddd;\">\n<td style=\"height: 18px;\">Solarski Maksymilian<\/td>\n<td style=\"height: 18px;\">czwartek 13.00-13.45<\/td>\n<\/tr>\n<tr style=\"height: 18px; border-bottom: 1px solid #ddd;\">\n<td style=\"height: 18px;\" width=\"214\">Sp\u00f3rna Tomasz<\/td>\n<td style=\"height: 18px;\" width=\"320\">poniedzia\u0142ek 13:00-13:45<\/td>\n<\/tr>\n<tr style=\"height: 18px; border-bottom: 1px solid #ddd;\">\n<td style=\"height: 18px;\" width=\"214\">Szafraniec Joanna<\/td>\n<td style=\"height: 18px;\" width=\"320\">wtorek 10:00-10:45 (p. 1420), korepetycje QGIS &amp; SAGA GIS online: poniedzia\u0142ek 18:00-18:45 (Teams)<\/td>\n<\/tr>\n<tr style=\"height: 18px; border-bottom: 1px solid #ddd;\">\n<td style=\"height: 18px;\" width=\"214\">Szymczyk Artur<\/td>\n<td style=\"height: 18px;\" width=\"320\">wtorek 10.00-12.00<\/td>\n<\/tr>\n<tr style=\"height: 18px; border-bottom: 1px solid #ddd;\">\n<td style=\"height: 18px;\" width=\"214\">Szypu\u0142a Bart\u0142omiej<\/td>\n<td style=\"height: 18px;\" width=\"320\">\u015broda 10:45 &#8211; 11:30<\/td>\n<\/tr>\n<tr style=\"height: 18px; border-bottom: 1px solid #ddd;\">\n<td style=\"height: 18px;\" width=\"214\">\u015arodek Dorota<\/td>\n<td style=\"height: 18px;\" width=\"320\">wtorek 13.00-13.45<\/td>\n<\/tr>\n<tr style=\"height: 18px; border-bottom: 1px solid #ddd;\">\n<td style=\"height: 18px;\" width=\"214\">Tomczewska-Popowycz Natalia<\/td>\n<td style=\"height: 18px;\" width=\"320\">wtorki 13:15-13:45<\/td>\n<\/tr>\n<tr style=\"height: 18px; border-bottom: 1px solid #ddd;\">\n<td style=\"height: 18px;\" width=\"214\">Tyc Andrzej<\/td>\n<td style=\"height: 18px;\" width=\"320\">\u015broda 13.00-14.00<\/td>\n<\/tr>\n<tr style=\"height: 18px; border-bottom: 1px solid #ddd;\">\n<td style=\"height: 18px;\" width=\"214\">Waga Jan Maciej<\/td>\n<td style=\"height: 18px;\" width=\"320\">wtorek 13.00-13.45\u00a0 pok. 1605<\/td>\n<\/tr>\n<tr style=\"height: 18px; border-bottom: 1px solid #ddd;\">\n<td style=\"height: 18px;\" width=\"214\">Widawski Artur<\/td>\n<td style=\"height: 18px;\" width=\"320\">czwartek 12:00 &#8211; 14:00<\/td>\n<\/tr>\n<tr style=\"height: 18px; border-bottom: 1px solid #ddd;\">\n<td style=\"height: 18px;\" width=\"214\">Wistuba Ma\u0142gorzata<\/td>\n<td style=\"height: 18px;\" width=\"320\">czwartek 13:00-13:45<\/td>\n<\/tr>\n<tr style=\"height: 18px; border-bottom: 1px solid #ddd;\">\n<td style=\"height: 18px;\" width=\"214\">W\u00f3jcicki Krzysztof<\/td>\n<td style=\"height: 18px;\" width=\"320\">\u015broda 13.00-13.45<\/td>\n<\/tr>\n<tr style=\"height: 18px; border-bottom: 1px solid #ddd;\">\n<td style=\"height: 18px;\" width=\"214\">Zuza\u0144ska-Zy\u015bko El\u017cbieta<\/td>\n<td style=\"height: 18px;\" width=\"320\">poniedzia\u0142ek 17.15-18.15<\/td>\n<\/tr>\n<tr style=\"height: 18px; border-bottom: 1px solid #ddd;\">\n<td style=\"height: 18px;\" width=\"214\">\u017bem\u0142a-Siesicka Anna<\/td>\n<td style=\"height: 18px;\" width=\"320\">wtorek 13:00 &#8211; 13:45, p.420<\/td>\n<\/tr>\n<\/tbody>\n<\/table>\n<p>&nbsp;<\/p>","protected":false},"excerpt":{"rendered":"<p>KONSULTACJE\u00a0 Apollo Micha\u0142 pi\u0105tek, g. 13:00-13:45 (online) lub inne terminy po wcze\u015bniejszym ustaleniu Absalon Damian poniedzia\u0142ek 13.00 \u2013 13.45 Bielec-B\u0105kowska Zuzanna \u015broda 13.00-13.45 B\u0142aszczyk Ma\u0142gorzata \u015broda 13.00-13.45 s.104 Boczarowski Andrzej wtorek 13.00-13.45 Burda Jolanta poniedzia\u0142ek 15:15 \u2013 16:00, wtorek 13:00 \u2013 13:45 Chmielewska Marta wtorek 13:00-13:45 Ciep\u0142y Micha\u0142 wtorki i czwartki 13.00-13.45 Czajka Agnieszka wtorek [&#8230;]<\/p>\n<p><a class=\"btn btn-secondary understrap-read-more-link\" href=\"https:\/\/us.edu.pl\/wydzial\/wnp\/student\/kierunki-geograficzne\/konsultacje\/\">Read More&#8230;<\/a><\/p>\n","protected":false},"author":115,"featured_media":0,"parent":4010,"menu_order":4,"comment_status":"closed","ping_status":"closed","template":"page-templates\/inner-page.php","meta":{"_expiration-date-status":"","_expiration-date":0,"_expiration-date-type":"","_expiration-date-categories":[],"_expiration-date-options":[]},"acf":[],"_links":{"self":[{"href":"https:\/\/us.edu.pl\/wydzial\/wnp\/wp-json\/wp\/v2\/pages\/3757"}],"collection":[{"href":"https:\/\/us.edu.pl\/wydzial\/wnp\/wp-json\/wp\/v2\/pages"}],"about":[{"href":"https:\/\/us.edu.pl\/wydzial\/wnp\/wp-json\/wp\/v2\/types\/page"}],"author":[{"embeddable":true,"href":"https:\/\/us.edu.pl\/wydzial\/wnp\/wp-json\/wp\/v2\/users\/115"}],"replies":[{"embeddable":true,"href":"https:\/\/us.edu.pl\/wydzial\/wnp\/wp-json\/wp\/v2\/comments?post=3757"}],"version-history":[{"count":0,"href":"https:\/\/us.edu.pl\/wydzial\/wnp\/wp-json\/wp\/v2\/pages\/3757\/revisions"}],"up":[{"embeddable":true,"href":"https:\/\/us.edu.pl\/wydzial\/wnp\/wp-json\/wp\/v2\/pages\/4010"}],"wp:attachment":[{"href":"https:\/\/us.edu.pl\/wydzial\/wnp\/wp-json\/wp\/v2\/media?parent=3757"}],"curies":[{"name":"wp","href":"https:\/\/api.w.org\/{rel}","templated":true}]}}