{"id":3759,"date":"2020-10-05T14:36:25","date_gmt":"2020-10-05T12:36:25","guid":{"rendered":"https:\/\/us.edu.pl\/wydzial\/wnp\/?page_id=3759"},"modified":"2023-05-11T09:22:54","modified_gmt":"2023-05-11T07:22:54","slug":"cwiczenia-terenowe","status":"publish","type":"page","link":"https:\/\/us.edu.pl\/wydzial\/wnp\/student\/kierunki-biologiczne\/cwiczenia-terenowe\/","title":{"rendered":"\u0107wiczenia terenowe"},"content":{"rendered":"<p><span style=\"font-size: 14pt;\"><a href=\"https:\/\/us.edu.pl\/wydzial\/wnp\/wp-content\/uploads\/sites\/16\/Bez-kategorii\/Ogloszenie-zajecia-terenowe-dla-kierunku-biologia-i-ochrona-srodowiska_2023.docx\" class=\"mtli_attachment mtli_docx\" data-mtli=\"mtli_filesize13,77kB\">Og\u0142oszenie-zaj\u0119cia terenowe dla kierunku biologia i ochrona \u015brodowiska_2023<\/a><\/span><\/p>\n<p><span style=\"font-size: 14pt;\"><a href=\"https:\/\/us.edu.pl\/wydzial\/wnp\/wp-content\/uploads\/sites\/16\/Bez-kategorii\/Elementy-i-zasoby-srodowiska-kierunek-ochrona-srodowiska-2023.docx\" class=\"mtli_attachment mtli_docx\" data-mtli=\"mtli_filesize14,21kB\">Elementy i zasoby \u015brodowiska, kierunek ochrona \u015brodowiska 2023<\/a><\/span><\/p>\n<style type=\"text\/css\">a[data-mtli~=\"mtli_filesize13,77kB\"]:after {content:\" (13,77 kB)\"}a[data-mtli~=\"mtli_filesize14,21kB\"]:after {content:\" (14,21 kB)\"}<\/style>","protected":false},"excerpt":{"rendered":"<p>Og\u0142oszenie-zaj\u0119cia terenowe dla kierunku biologia i ochrona \u015brodowiska_2023 Elementy i zasoby \u015brodowiska, kierunek ochrona \u015brodowiska 2023 [&#8230;]<\/p>\n<p><a class=\"btn btn-secondary understrap-read-more-link\" href=\"https:\/\/us.edu.pl\/wydzial\/wnp\/student\/kierunki-biologiczne\/cwiczenia-terenowe\/\">Read More&#8230;<\/a><\/p>\n","protected":false},"author":115,"featured_media":0,"parent":3714,"menu_order":5,"comment_status":"closed","ping_status":"closed","template":"page-templates\/inner-page.php","meta":{"_expiration-date-status":"","_expiration-date":0,"_expiration-date-type":"","_expiration-date-categories":[],"_expiration-date-options":[]},"acf":[],"_links":{"self":[{"href":"https:\/\/us.edu.pl\/wydzial\/wnp\/wp-json\/wp\/v2\/pages\/3759"}],"collection":[{"href":"https:\/\/us.edu.pl\/wydzial\/wnp\/wp-json\/wp\/v2\/pages"}],"about":[{"href":"https:\/\/us.edu.pl\/wydzial\/wnp\/wp-json\/wp\/v2\/types\/page"}],"author":[{"embeddable":true,"href":"https:\/\/us.edu.pl\/wydzial\/wnp\/wp-json\/wp\/v2\/users\/115"}],"replies":[{"embeddable":true,"href":"https:\/\/us.edu.pl\/wydzial\/wnp\/wp-json\/wp\/v2\/comments?post=3759"}],"version-history":[{"count":0,"href":"https:\/\/us.edu.pl\/wydzial\/wnp\/wp-json\/wp\/v2\/pages\/3759\/revisions"}],"up":[{"embeddable":true,"href":"https:\/\/us.edu.pl\/wydzial\/wnp\/wp-json\/wp\/v2\/pages\/3714"}],"wp:attachment":[{"href":"https:\/\/us.edu.pl\/wydzial\/wnp\/wp-json\/wp\/v2\/media?parent=3759"}],"curies":[{"name":"wp","href":"https:\/\/api.w.org\/{rel}","templated":true}]}}