{"id":3765,"date":"2020-10-05T14:49:57","date_gmt":"2020-10-05T12:49:57","guid":{"rendered":"https:\/\/us.edu.pl\/wydzial\/wnp\/?page_id=3765"},"modified":"2024-03-01T09:38:44","modified_gmt":"2024-03-01T08:38:44","slug":"praktyki-zawodowe","status":"publish","type":"page","link":"https:\/\/us.edu.pl\/wydzial\/wnp\/student\/kierunki-biologiczne\/praktyki-zawodowe\/","title":{"rendered":"praktyki zawodowe"},"content":{"rendered":"<p>[vc_row][vc_column]\r\n                <div class=\"text-modules\">\r\n                    <div class=\"container\">\r\n                        \r\n                        <div class=\"text-modules__content\"><p><strong>Opiekunowie praktyk zawodowych dla kierunk\u00f3w biologicznych:<\/strong><\/p>\n<p><strong>Biotechnologia<\/strong>: dr Bo\u017cena Nowak (bozena.d.nowak@us.edu.pl)<\/p>\n<p><strong>Biologia<\/strong>: dr Agnieszka Siemieniuk (agnieszka.siemieniuk@us.edu.pl)<\/p>\n<p><strong>Ochrona \u015brodowiska<\/strong>: dr Agnieszka Siemieniuk (agnieszka.siemieniuk@us.edu.pl)<\/p>\n<hr \/>\n<p>Praktyki dla student\u00f3w Instytutu Biologii, Biotechnologii i Ochrony \u015arodowiska maj\u0105 wymiar 120 h lekcyjnych (90 h zegarowych). Zasadniczym terminem odbywania praktyk s\u0105 miesi\u0105ce wakacyjne. Realizacja praktyk zawodowych nie powinna kolidowa\u0107 z udzia\u0142em studenta w zaj\u0119ciach dydaktycznych. W okresie praktyki student ma obowi\u0105zek bra\u0107 czynny udzia\u0142 w zadaniach wykonywanych w miejscu odbywania praktyki oraz zapozna\u0107 si\u0119 z zagadnieniami dotycz\u0105cymi organizacji i funkcjonowania zak\u0142adu, w kt\u00f3rym praktyk\u0119 odbywa.<\/p>\n<p>Praktyki studenckie s\u0105 nieodp\u0142atne.<\/p>\n<p>Zarz\u0105dzenie JM Rektora zawieraj\u0105ce regulamin odbywania praktyk zawodowych oraz podstawowe dokumenty niezb\u0119dne do ich realizacji zamieszczone s\u0105 na stronie: <a href=\"https:\/\/aktyprawne.us.edu.pl\/d\/5798\/5\/\">https:\/\/aktyprawne.us.edu.pl\/d\/5798\/5\/<\/a><\/p>\n<hr \/>\n<p><strong>Kierunek Biotechnologia<\/strong><\/p>\n<p>Zaleca si\u0119, aby praktyki zawodowe by\u0142y realizowane w takich jednostkach, jak:<\/p>\n<ul>\n<li>laboratoria biotechnologiczne w zak\u0142adach przemys\u0142owych np. w bran\u017cy farmaceutycznej, kosmetologicznej i spo\u017cywczej (browary, przetw\u00f3rstwo mleczne itd.)<\/li>\n<li>stacje hodowli ro\u015blin i zak\u0142ady ogrodnicze<\/li>\n<li>zak\u0142ady komunalne np. wodoci\u0105gi i\u00a0 oczyszczalnie \u015bciek\u00f3w<\/li>\n<li>plac\u00f3wki naukowe i badawcze zajmuj\u0105ce si\u0119 biotechnologi\u0105,<\/li>\n<li>laboratoria analityczne (medyczne, mikrobiologiczne, weterynaryjne, farmaceutyczne, kosmetologiczne, kryminalistyczne, analiz pr\u00f3b ze \u015brodowiska)<\/li>\n<li>poradnie genetyczne<\/li>\n<\/ul>\n<p><strong>Kierunek Biologia<\/strong><\/p>\n<p>Rekomendowane miejsca realizacji praktyk zawodowych:<\/p>\n<ul>\n<li>ogrody botaniczne<\/li>\n<li>ogrody zoologiczne<\/li>\n<li>urz\u0119dy miasta (wydzia\u0142y ochrony \u015brodowiska, rolnictwa, le\u015bnictwa, itp.)<\/li>\n<li>stacje hodowli ro\u015blin, zak\u0142ady ogrodnicze, zak\u0142ady konserwacji i rekultywacji teren\u00f3w zielonych<\/li>\n<li>zak\u0142ady komunalne, np. wodoci\u0105gi i\u00a0 oczyszczalnie \u015bciek\u00f3w<\/li>\n<li>plac\u00f3wki naukowe i badawcze zajmuj\u0105ce si\u0119 problematyk\u0105 biologiczn\u0105 (np. zak\u0142ady ichtiobiologii, arboreta, herbaria, instytuty ekologiczne, pracownie dokumentacji botanicznej, banki nasion)<\/li>\n<li>laboratoria analityczne (medyczne, mikrobiologiczne, weterynaryjne, analizy pr\u00f3b ze \u015brodowiska)<\/li>\n<\/ul>\n<p>&nbsp;<\/p>\n<p><strong>Kierunek Ochrona \u015arodowiska:<\/strong><\/p>\n<p>Rekomendowane miejsca realizacji praktyk zawodowych:<\/p>\n<ul>\n<li>urz\u0119dy miasta (wydzia\u0142y ochrony \u015brodowiska, rolnictwa, le\u015bnictwa, itp.)<\/li>\n<li>urz\u0119dy administracji publicznej do spraw ochrony \u015brodowiska (komisje do spraw ocen oddzia\u0142ywania na \u015brodowisko, wojew\u00f3dzkie fundusze ochrony \u015brodowiska i gospodarki wodnej)<\/li>\n<li>zak\u0142ady komunalne np. wodoci\u0105gi i\u00a0 oczyszczalnie \u015bciek\u00f3w, sk\u0142adowiska odpad\u00f3w<\/li>\n<li>stacje hodowli ro\u015blin, zak\u0142ady ogrodnicze, zak\u0142ady konserwacji i rekultywacji teren\u00f3w zielonych<\/li>\n<li>plac\u00f3wki naukowe i badawcze zajmuj\u0105ce si\u0119 problematyk\u0105 ochrony \u015brodowiska (np. instytuty ekologiczne, medycyny pracy, zdrowia \u015brodowiskowego, meteorologii)<\/li>\n<li>parki naukowo-technologiczne<\/li>\n<\/ul>\n<p><strong>Przed rozpocz\u0119ciem praktyk student odbywaj\u0105cy praktyki zawodowe zobowi\u0105zany jest do: <\/strong><\/p>\n<p>1) zapoznania si\u0119 z Regulaminem Praktyk Studenckich (<a href=\"http:\/\/bip.us.edu.pl\/zarzadzenie-nr-922020\">http:\/\/bip.us.edu.pl\/zarzadzenie-nr-922020<\/a>);<\/p>\n<p>2) uczestnictwa w zebraniu z kierunkowym opiekunem praktyk zawodowych;<\/p>\n<p>3) wyszukania Zak\u0142adu Pracy, w kt\u00f3rym zamierza odby\u0107 praktyki;<\/p>\n<p>4) zg\u0142oszenia Zak\u0142adu Pracy kierunkowemu opiekunowi praktyki celem akceptacji, w tym przedstawienia programu praktyki zapewniaj\u0105cego osi\u0105gni\u0119cie wymaganych efekt\u00f3w uczenia si\u0119;<\/p>\n<p>5) wype\u0142nienia, w dw\u00f3ch jednobrzmi\u0105cych egzemplarzach &#8211; porozumienia o organizacji praktyki zawodowej (Za\u0142\u0105cznik nr 1 do zarz\u0105dzenia nr 92 Rektora Uniwersytetu \u015al\u0105skiego w Katowicach z dnia 22 czerwca 2020 r.);<\/p>\n<p>6) przedstawienia porozumienia do podpisu Prodziekanowi ds. kszta\u0142cenia i student\u00f3w (porozumienie do podpisu przez Prodziekana student sk\u0142ada za po\u015brednictwem kierunkowego opiekuna praktyk) oraz osobie reprezentuj\u0105cej Zak\u0142ad Pracy.<\/p>\n<p>7) z\u0142o\u017cenia u kierunkowego opiekuna praktyk podpisanego o\u015bwiadczenia o zobowi\u0105zaniu si\u0119 do przestrzegania obowi\u0105zuj\u0105cych w Zak\u0142adzie Pracy przepis\u00f3w (Za\u0142\u0105cznik nr 4 do zarz\u0105dzenia nr 92 Rektora Uniwersytetu \u015al\u0105skiego w Katowicach z dnia 22 czerwca 2020 r.);<\/p>\n<p>8) wype\u0142nienia skierowania na praktyk\u0119 (Za\u0142\u0105cznik nr 3 do zarz\u0105dzenia nr 92 Rektora Uniwersytetu \u015al\u0105skiego w Katowicach z dnia 22 czerwca 2020 r.) oraz przedstawienia go do podpisu kierunkowemu opiekunowi praktyk;<\/p>\n<p><strong>Do odbycia praktyki student mo\u017ce przyst\u0105pi\u0107 dopiero po podpisaniu wszystkich wy\u017cej wymienionych dokument\u00f3w.<\/strong><\/p>\n<p><strong>\u00a0<\/strong><\/p>\n<p><strong>W trakcie odbywania praktyki student zobowi\u0105zany jest do:<\/strong><\/p>\n<p>1) przestrzegania zasad odbywania praktyki okre\u015blonych przez Uczelni\u0119 (Wydzia\u0142);<\/p>\n<p>2) wykonywania zada\u0144 wskazanych przez zak\u0142adowego opiekuna praktyk lub osoby przez niego wyznaczonej;<\/p>\n<p>3) przestrzegania obowi\u0105zuj\u0105cego w Zak\u0142adzie Pracy porz\u0105dku i dyscypliny pracy oraz przepis\u00f3w BHP i ochrony przeciwpo\u017carowej;<\/p>\n<p>4) przestrzegania przepis\u00f3w o ochronie danych osobowych i informacji niejawnych;<\/p>\n<p>5) odbycia praktyki zgodnie z jej programem.<\/p>\n<p>&nbsp;<\/p>\n<p><strong>Student ma prawo<\/strong>:<\/p>\n<p>1) do konsultacji i porad udzielanych przez kierunkowego opiekuna praktyk;<\/p>\n<p>2) do konsultacji i porad z zak\u0142adowym opiekunem praktyki;<\/p>\n<p>3) do odbycia praktyk w warunkach nieszkodliwych dla zdrowia w rozumieniu przepis\u00f3w prawa pracy;<\/p>\n<p>4) do zg\u0142aszania kierunkowemu opiekunowi praktyk nieprawid\u0142owo\u015bci naruszaj\u0105cych zasady odbywania praktyk, dostrze\u017conych w trakcie odbywania praktyki w Zak\u0142adzie Pracy.<\/p>\n<p><strong>\u00a0<\/strong><\/p>\n<p><strong>Po odbyciu praktyki student ma obowi\u0105zek <\/strong><\/p>\n<ol>\n<li>dostarczy\u0107 kierunkowemu opiekunowi praktyk:<\/li>\n<\/ol>\n<ul>\n<li>raport z przebiegu praktyki (Za\u0142\u0105cznik nr 5 do zarz\u0105dzenia nr 92 Rektora Uniwersytetu \u015al\u0105skiego w Katowicach z dnia 22 czerwca 2020 r.) z czyteln\u0105 piecz\u0105tk\u0105 Zak\u0142adu Pracy oraz podpisem zak\u0142adowego opiekuna praktyk;<\/li>\n<li>ankiet\u0119 pracy studenta wype\u0142nion\u0105 przez zak\u0142adowego opiekuna praktyk potwierdzaj\u0105c\u0105 spe\u0142nienie wymaga\u0144 zgodnych z efektami uczenia si\u0119\u00a0 okre\u015blonymi w sylabusach praktyk dla danego kierunku;<\/li>\n<li>ankiet\u0119 oceny Zak\u0142adu Pracy przez praktykanta;<\/li>\n<\/ul>\n<ol start=\"2\">\n<li>przestrzega\u0107 termin\u00f3w rozliczania si\u0119 z praktyk wynikaj\u0105cych z planu studi\u00f3w oraz organizacji roku akademickiego;<\/li>\n<\/ol>\n<p>&nbsp;<\/p>\n<p>Za czyny uchybiaj\u0105ce godno\u015bci studenta, student ponosi odpowiedzialno\u015b\u0107 dyscyplinarn\u0105.<\/p>\n<p>Student ponosi odpowiedzialno\u015b\u0107 za szkody powsta\u0142e z jego winy na terenie Zak\u0142adu Pracy, w kt\u00f3rym odbywa praktyki.<\/p>\n<p>&nbsp;<\/p>\n<p>W obecnej sytuacji epidemicznej rekomenduje si\u0119 zrealizowa\u0107 zak\u0142adane efekty uczenia si\u0119 w spos\u00f3b zdalny. Studentowi zostaje zaliczony wymiar praktyki zawodowej w liczbie godzin odpowiadaj\u0105cych pracy zdalnej. Praktyki zawodowe mog\u0105 obejmowa\u0107 prac\u0119 zdaln\u0105, je\u017celi obowi\u0105zuje ona w danej instytucji.<\/p>\n<\/div>\r\n                    <\/div>\r\n                <\/div>[\/vc_column][\/vc_row]<\/p>","protected":false},"excerpt":{"rendered":"<p>[vc_row][vc_column][\/vc_column][\/vc_row] [&#8230;]<\/p>\n<p><a class=\"btn btn-secondary understrap-read-more-link\" href=\"https:\/\/us.edu.pl\/wydzial\/wnp\/student\/kierunki-biologiczne\/praktyki-zawodowe\/\">Read More&#8230;<\/a><\/p>\n","protected":false},"author":115,"featured_media":0,"parent":3714,"menu_order":6,"comment_status":"closed","ping_status":"closed","template":"page-templates\/inner-page.php","meta":{"_expiration-date-status":"","_expiration-date":0,"_expiration-date-type":"","_expiration-date-categories":[],"_expiration-date-options":[]},"acf":[],"_links":{"self":[{"href":"https:\/\/us.edu.pl\/wydzial\/wnp\/wp-json\/wp\/v2\/pages\/3765"}],"collection":[{"href":"https:\/\/us.edu.pl\/wydzial\/wnp\/wp-json\/wp\/v2\/pages"}],"about":[{"href":"https:\/\/us.edu.pl\/wydzial\/wnp\/wp-json\/wp\/v2\/types\/page"}],"author":[{"embeddable":true,"href":"https:\/\/us.edu.pl\/wydzial\/wnp\/wp-json\/wp\/v2\/users\/115"}],"replies":[{"embeddable":true,"href":"https:\/\/us.edu.pl\/wydzial\/wnp\/wp-json\/wp\/v2\/comments?post=3765"}],"version-history":[{"count":0,"href":"https:\/\/us.edu.pl\/wydzial\/wnp\/wp-json\/wp\/v2\/pages\/3765\/revisions"}],"up":[{"embeddable":true,"href":"https:\/\/us.edu.pl\/wydzial\/wnp\/wp-json\/wp\/v2\/pages\/3714"}],"wp:attachment":[{"href":"https:\/\/us.edu.pl\/wydzial\/wnp\/wp-json\/wp\/v2\/media?parent=3765"}],"curies":[{"name":"wp","href":"https:\/\/api.w.org\/{rel}","templated":true}]}}