{"id":3770,"date":"2020-10-05T14:52:32","date_gmt":"2020-10-05T12:52:32","guid":{"rendered":"https:\/\/us.edu.pl\/wydzial\/wnp\/?page_id=3770"},"modified":"2026-02-09T11:21:37","modified_gmt":"2026-02-09T10:21:37","slug":"praktyki-zawodowe","status":"publish","type":"page","link":"https:\/\/us.edu.pl\/wydzial\/wnp\/student\/kierunki-geograficzne\/praktyki-zawodowe\/","title":{"rendered":"praktyki zawodowe"},"content":{"rendered":"<p>[vc_row][vc_column]\r\n                <div class=\"text-modules\">\r\n                    <div class=\"container\">\r\n                        <h3 class=\"page-title text__title\">Praktyki zawodowe - kierunki geograficzne<\/h3>\r\n                        <div class=\"text-modules__content\"><p><strong>Akademickim opiekunem praktyk zawodowych\u00a0kierunk\u00f3w studi\u00f3w geograficznych jest:<\/strong><\/p>\n<p>dr hab. Adam Hibszer Prof. U\u015a, pok. 1503, tel. (32) 3689 456, e-mail: <a href=\"mailto:adam.hibszer@us.edu.pl\">adam.hibszer@us.edu.pl<\/a><\/p>\n<p>&nbsp;<\/p>\n<p><strong>Akty prawne reguluj\u0105ce zasady odbywania praktyk zawodowych<\/strong><\/p>\n<p><strong>Na poziomie Uniwersytetu \u015al\u0105skiego<\/strong><\/p>\n<p><strong><a href=\"https:\/\/us.edu.pl\/wydzial\/wnp\/wp-content\/uploads\/sites\/16\/Bez-kategorii\/Zarzadzenie-Rektora-nr-203_2025-studneckie-praktyki-zawodowe.pdf\" class=\"mtli_attachment mtli_pdf\" data-mtli=\"mtli_filesize240,96kB\" class=\"mtli_attachment mtli_pdf\" data-mtli=\"mtli_filesize240,96kB\">Zarz\u0105dzenie nr 203 Rektora Uniwersytetu \u015al\u0105skiego w Katowicach z dnia 19 listopada 2025 r. w sprawie organizacji praktyk zawodowych w Uniwersytecie \u015al\u0105skim w Katowicach<\/a><\/strong><\/p>\n<p><strong>Na poziomie Wydzia\u0142u Nauk Przyrodniczych Uniwersytetu \u015al\u0105skiego w zakresie kierunk\u00f3w studi\u00f3w geograficznych \u00a0<\/strong><\/p>\n<p><a href=\"https:\/\/us.edu.pl\/wydzial\/wnp\/wp-content\/uploads\/sites\/16\/Bez-kategorii\/REGULAMIN-PRAKTYK-ZAWODOWYCH-dla-kierunku-GEOGRAFIA.docx\" class=\"mtli_attachment mtli_docx\" data-mtli=\"mtli_filesize32,41kB\" class=\"mtli_attachment mtli_docx\" data-mtli=\"mtli_filesize32,41kB\">REGULAMIN PRAKTYK ZAWODOWYCH dla kierunku GEOGRAFIA<\/a><\/p>\n<p><a href=\"https:\/\/us.edu.pl\/wydzial\/wnp\/wp-content\/uploads\/sites\/16\/Bez-kategorii\/REGULAMIN-PRAKTYK-ZAWODOWYCH-dla-kierunku-IZS.docx\" class=\"mtli_attachment mtli_docx\" data-mtli=\"mtli_filesize31,60kB\" class=\"mtli_attachment mtli_docx\" data-mtli=\"mtli_filesize31,60kB\">REGULAMIN PRAKTYK ZAWODOWYCH dla kierunku IZ\u015a<\/a><\/p>\n<p><a href=\"https:\/\/us.edu.pl\/wydzial\/wnp\/wp-content\/uploads\/sites\/16\/Bez-kategorii\/REGULAMIN-PRAKTYK-ZAWODOWYCH-dla-kierunku-TURYSTYKA.docx\" class=\"mtli_attachment mtli_docx\" data-mtli=\"mtli_filesize29,46kB\" class=\"mtli_attachment mtli_docx\" data-mtli=\"mtli_filesize29,46kB\">REGULAMIN PRAKTYK ZAWODOWYCH dla kierunku TURYSTYKA<\/a><\/p>\n<p>&nbsp;<\/p>\n<p><a href=\"https:\/\/us.edu.pl\/wydzial\/wnp\/wp-content\/uploads\/sites\/16\/2026\/01\/Zal-nr-1A-do-zarz-203__2025-Porozumienie-z-zakladem-pracy-Geografia.docx\" class=\"mtli_attachment mtli_docx\" data-mtli=\"mtli_filesize57,51kB\" class=\"mtli_attachment mtli_docx\" data-mtli=\"mtli_filesize57,51kB\">Za\u0142 nr 1A do zarz 203__2025 Porozumienie z zak\u0142adem pracy Geografia<\/a><\/p>\n<p><a href=\"https:\/\/us.edu.pl\/wydzial\/wnp\/wp-content\/uploads\/sites\/16\/2026\/01\/Zal-nr-1B-do-zarz-203__2025-Porozumienie-z-zakladem-pracy-IZS.docx\" class=\"mtli_attachment mtli_docx\" data-mtli=\"mtli_filesize57,10kB\" class=\"mtli_attachment mtli_docx\" data-mtli=\"mtli_filesize57,10kB\">Za\u0142 nr 1B do zarz 203__2025 Porozumienie z zak\u0142adem pracy IZ\u015a<\/a><\/p>\n<p><a href=\"https:\/\/us.edu.pl\/wydzial\/wnp\/wp-content\/uploads\/sites\/16\/2026\/01\/Zal-nr-1C-do-zarz-203__2025-Porozumienie-z-zakladem-pracy-Turystyka-1.docx\" class=\"mtli_attachment mtli_docx\" data-mtli=\"mtli_filesize59,36kB\" class=\"mtli_attachment mtli_docx\" data-mtli=\"mtli_filesize59,36kB\">Za\u0142 nr 1C do zarz 203__2025 Porozumienie z zakladem pracy Turystyka<\/a><\/p>\n<p><a href=\"https:\/\/us.edu.pl\/wydzial\/wnp\/wp-content\/uploads\/sites\/16\/2026\/01\/Zal-nr-4A-do-zarz-203__2025-Skierowanie-Geografia.docx\" class=\"mtli_attachment mtli_docx\" data-mtli=\"mtli_filesize24,76kB\" class=\"mtli_attachment mtli_docx\" data-mtli=\"mtli_filesize24,76kB\">Za\u0142 nr 4A do zarz 203__2025 Skierowanie Geografia<\/a><\/p>\n<p><a href=\"https:\/\/us.edu.pl\/wydzial\/wnp\/wp-content\/uploads\/sites\/16\/2026\/01\/Zal-nr-4B-do-zarz-203__2025-Skierowanie-IZS.docx\" class=\"mtli_attachment mtli_docx\" data-mtli=\"mtli_filesize24,74kB\" class=\"mtli_attachment mtli_docx\" data-mtli=\"mtli_filesize24,74kB\">Za\u0142 nr 4B do zarz 203__2025 Skierowanie IZ\u015a<\/a><\/p>\n<p><a href=\"https:\/\/us.edu.pl\/wydzial\/wnp\/wp-content\/uploads\/sites\/16\/2026\/01\/Zal-nr-4C-do-zarz-203__2025-Skierowanie-Turystyka.docx\" class=\"mtli_attachment mtli_docx\" data-mtli=\"mtli_filesize24,83kB\" class=\"mtli_attachment mtli_docx\" data-mtli=\"mtli_filesize24,83kB\">Za\u0142 nr 4C do zarz 203__2025 Skierowanie Turystyka<\/a><\/p>\n<p><a href=\"https:\/\/us.edu.pl\/wydzial\/wnp\/wp-content\/uploads\/sites\/16\/2026\/01\/Zal-nr-5-do-zarz-203__2025-Oswiadczenie.pdf\" class=\"mtli_attachment mtli_pdf\" data-mtli=\"mtli_filesize124,20kB\" class=\"mtli_attachment mtli_pdf\" data-mtli=\"mtli_filesize124,20kB\">Za\u0142 nr 5 do zarz 203__2025 &#8211; O\u015bwiadczenie<\/a><\/p>\n<p><a href=\"https:\/\/us.edu.pl\/wydzial\/wnp\/wp-content\/uploads\/sites\/16\/2026\/01\/Zal-nr-6A-do-zarz-203__2025-Raport-z-przebiegu-praktyki-zawodowej-Geografia.docx\" class=\"mtli_attachment mtli_docx\" data-mtli=\"mtli_filesize28,77kB\" class=\"mtli_attachment mtli_docx\" data-mtli=\"mtli_filesize28,77kB\">Za\u0142 nr 6A do zarz 203__2025 Raport z przebiegu praktyki zawodowej Geografia<\/a><\/p>\n<p><a href=\"https:\/\/us.edu.pl\/wydzial\/wnp\/wp-content\/uploads\/sites\/16\/2026\/01\/Zal-nr-6B-do-zarz-203__2025-Raport-z-przebiegu-praktyki-zawodowej-IZS.docx\" class=\"mtli_attachment mtli_docx\" data-mtli=\"mtli_filesize28,86kB\" class=\"mtli_attachment mtli_docx\" data-mtli=\"mtli_filesize28,86kB\">Za\u0142 nr 6B do zarz 203__2025 Raport z przebiegu praktyki zawodowej IZ\u015a<\/a><\/p>\n<p><a href=\"https:\/\/us.edu.pl\/wydzial\/wnp\/wp-content\/uploads\/sites\/16\/2026\/01\/Zal-nr-6C-do-zarz-203__2025-Raport-z-przebiegu-praktyki-zawodowej-Turystyka-1.docx\" class=\"mtli_attachment mtli_docx\" data-mtli=\"mtli_filesize31,67kB\" class=\"mtli_attachment mtli_docx\" data-mtli=\"mtli_filesize31,67kB\">Za\u0142 nr 6C do zarz 203__2025 Raport z przebiegu praktyki zawodowej Turystyka<\/a><\/p>\n<p><a href=\"https:\/\/us.edu.pl\/wydzial\/wnp\/wp-content\/uploads\/sites\/16\/2026\/01\/Zal-nr-7A-do-zarz-203__2025-Wniosek-o-zaliczenie-praktyki-na-podstawie-pracy-Geografia.docx\" class=\"mtli_attachment mtli_docx\" data-mtli=\"mtli_filesize27,99kB\" class=\"mtli_attachment mtli_docx\" data-mtli=\"mtli_filesize27,99kB\">Za\u0142 nr 7A do zarz 203__2025 Wniosek o zaliczenie praktyki na podstawie pracy Geografia<\/a><\/p>\n<p><a href=\"https:\/\/us.edu.pl\/wydzial\/wnp\/wp-content\/uploads\/sites\/16\/2026\/01\/Zal-nr-7B-do-zarz-203__2025-Wniosek-o-zaliczenie-praktyki-na-podstawie-pracy-IZS.docx\" class=\"mtli_attachment mtli_docx\" data-mtli=\"mtli_filesize27,95kB\" class=\"mtli_attachment mtli_docx\" data-mtli=\"mtli_filesize27,95kB\">Za\u0142 nr 7B do zarz 203__2025 Wniosek o zaliczenie praktyki na podstawie pracy IZ\u015a<\/a><\/p>\n<p><a href=\"https:\/\/us.edu.pl\/wydzial\/wnp\/wp-content\/uploads\/sites\/16\/2026\/01\/Zal-nr-7C-do-zarz-203__2025-Wniosek-o-zaliczenie-praktyki-na-podstawie-pracy-Turystyka.docx\" class=\"mtli_attachment mtli_docx\" data-mtli=\"mtli_filesize27,94kB\" class=\"mtli_attachment mtli_docx\" data-mtli=\"mtli_filesize27,94kB\">Za\u0142 nr 7C do zarz 203__2025 Wniosek o zaliczenie praktyki na podstawie pracy Turystyka<\/a><\/p>\n<p>&nbsp;<\/p>\n<p>Dokumenty (<strong>pliki word<\/strong>) nale\u017cy wype\u0142ni\u0107 komputerowo (nazwa i adres miejsca praktyki, nazwisko i imi\u0119 studenta oraz nazwisko i imi\u0119 osoby funkcyjnej reprezentuj\u0105cej zak\u0142ad pracy, termin odbywania praktyki, imi\u0119 i nazwisko oraz nr telefonu do zak\u0142adowego opiekuna praktyki) i <strong>przes\u0142a\u0107 poprzez Teamsa<\/strong> do opiekuna akademickiego praktyk \u2013 dr hab. Adama Hibszera prof. U\u015a. W nawi\u0105zaniu do pkt 4.2 Porozumienia z zak\u0142adem pracy &#8211; Geografia (Za\u0142. nr 1A) i Porozumienia z zak\u0142adem pracy &#8211; IZ\u015a (Za\u0142. nr 1C) oraz do pkt 5.2 Porozumienia z zak\u0142adem pracy &#8211; Turystyka (Za\u0142. nr 1B) w odr\u0119bnym pliku word sformu\u0142owa\u0107 kilka zda\u0144 dotycz\u0105cych szczeg\u00f3\u0142owego programu praktyki \u2013 ich tre\u015b\u0107 nale\u017cy uzgodni\u0107 z opiekunem reprezentuj\u0105cym zak\u0142ad pracy, oraz <strong>przes\u0142a\u0107 poprzez Teamsa<\/strong> do opiekuna akademickiego praktyk \u2013 dr hab. Adama Hibszera prof. U\u015a. Przed rozpocz\u0119ciem praktyki nale\u017cy wype\u0142ni\u0107 i <strong>przes\u0142a\u0107 na<\/strong> <strong>Teamsie<\/strong> za\u0142\u0105czniki nr 1, 4, 5, a po praktyce za\u0142. nr 6 lub 7. Praktyk\u0119 mo\u017cna b\u0119dzie rozpocz\u0105\u0107 po odebraniu z dziekanatu dokument\u00f3w nr 1 i 4 podpisanych przez prodziekana ds. studenckich.<\/p>\n<p>Skan podpisanego dokumentu nr 5 nale\u017cy <strong>przes\u0142a\u0107 na Teamsie<\/strong> do opiekuna akademickiego praktyk.<br \/>\nUwaga! Za\u0142\u0105cznik nr 5 jest uniwersalny dla wszystkich kierunk\u00f3w studi\u00f3w geograficznych (Geografia, IZ\u015a, Turystyka), natomiast z rozszerzeniem litery (A, B, C) dotycz\u0105 odpowiednio\u2026.<\/p>\n<p>A \u2013 Geografii<\/p>\n<p>B \u2013 In\u017cynierii Zagro\u017ce\u0144 \u015arodowiskowych<\/p>\n<p>C \u2013Turystyki<\/p>\n<p><strong>Do odbycia praktyki student mo\u017ce przyst\u0105pi\u0107 dopiero po zawarciu porozumienia oraz z\u0142o\u017ceniu wszystkich wymaganych o\u015bwiadcze\u0144 przewidzianych w\u00a0<em>Regulaminie<\/em>.<\/strong><\/p>\n<p><strong>Rekomendowane miejsca do odbycia praktyki zawodowej<\/strong><\/p>\n<p>Informacji na temat dost\u0119pnych praktyk zawodowych i sta\u017cy mo\u017cna poszukiwa\u0107 w bazach:<\/p>\n<p><a href=\"https:\/\/us.edu.pl\/wspolpraca\/wspolpraca-z-pracodawcami\/oferty-pracy-i-praktyk\/\"><strong>https:\/\/us.edu.pl\/wspolpraca\/wspolpraca-z-pracodawcami\/oferty-pracy-i-praktyk\/<\/strong><\/a><\/p>\n<p><strong><a href=\"https:\/\/oferty.praca.gov.pl\">https:\/\/oferty.praca.gov.pl \u00a0<\/a><\/strong><\/p>\n<p><strong><a href=\"https:\/\/us.edu.pl\/wydzial\/wnp\/wp-content\/uploads\/sites\/16\/Bez-kategorii\/Baza-praktykodawcow.pdf\" class=\"mtli_attachment mtli_pdf\" data-mtli=\"mtli_filesize473,93kB\" class=\"mtli_attachment mtli_pdf\" data-mtli=\"mtli_filesize473,93kB\">Baza sprawdzonych praktykodawc\u00f3w \u2013 bran\u017ca turystyczna w GZM<\/a><\/strong><\/p>\n<hr \/>\n<p><strong>Kierunek: Geografia<\/strong><\/p>\n<ul>\n<li>Urz\u0119dy samorz\u0105du terytorialnego wszystkich szczebli.<\/li>\n<li>Jednostki organizacyjne miasta zwi\u0105zane z gospodark\u0105 komunaln\u0105, gminnym zasobem mieszkaniowym, Powiatowe Urz\u0119dy Pracy, jednostki kultury i sportu, itp..<\/li>\n<li>Administracja centralna np. Urz\u0105d Wojew\u00f3dzki, GUS itp.<\/li>\n<li>Instytut Meteorologii i Gospodarki Wodnej.<\/li>\n<li>Pa\u0144stwowe Gospodarstwo Wodne &#8211; Wody Polskie.<\/li>\n<li>Pracownie planistyczne i urbanistyczne.<\/li>\n<li>Podmioty rynku nieruchomo\u015bci.<\/li>\n<li>Firmy geodezyjne i kartograficzne.<\/li>\n<li>Firmy trudni\u0105ce si\u0119 us\u0142ugami z zakresu GIS oraz tworzeniem geoportali.<\/li>\n<li>Podmioty zrzeszone w \u015al\u0105skiej Izbie Turystyki, kt\u00f3rych lista znajduj\u0119 si\u0119 na stronie internetowej <a href=\"https:\/\/sit.travel\/o-nas\/czlonkowie-izby\/\">https:\/\/sit.travel\/o-nas\/czlonkowie-izby\/<\/a><\/li>\n<li>Biura turystyczne oraz \u00a0operatorzy rynku turystycznego.<\/li>\n<li>Zak\u0142ady komunalne, np. wodoci\u0105gi i\u00a0 oczyszczalnie \u015bciek\u00f3w.<\/li>\n<li>Plac\u00f3wki naukowe i badawcze, zajmuj\u0105ce si\u0119 problematyk\u0105 ochrony \u015brodowiska czy te\u017c badaniami spo\u0142eczno-ekonomicznymi.<\/li>\n<li>Parki naukowo-technologiczne.<\/li>\n<li>Inne nie wymienione podmioty, kt\u00f3rych dzia\u0142alno\u015b\u0107 wi\u0105\u017ce si\u0119 z profilem kszta\u0142cenia na danym kierunku studi\u00f3w i pozwala osi\u0105gn\u0105\u0107 zak\u0142adane efekty kszta\u0142cenia.<\/li>\n<\/ul>\n<p><strong>Kierunek: <\/strong><strong>I<\/strong><strong>n\u017cynierii Zagro\u017ce\u0144 \u015arodowiskowych<\/strong><\/p>\n<ul>\n<li>Urz\u0119dy miast i gmin (wydzia\u0142y ochrony \u015brodowiska, rolnictwa, le\u015bnictwa, gospodarki komunalnej, inwestycji itp.).<\/li>\n<li>Urz\u0119dy administracji publicznej do spraw ochrony \u015brodowiska (komisje do spraw ocen oddzia\u0142ywania na \u015brodowisko, Wojew\u00f3dzki Fundusz Ochrony \u015arodowiska i Gospodarki Wodnej).<\/li>\n<li>Instytut Meteorologii i Gospodarki Wodnej.<\/li>\n<li>Pa\u0144stwowe Gospodarstwo Wodne &#8211; Wody Polskie.<\/li>\n<\/ul>\n<ul>\n<li>Zak\u0142ady komunalne np. wodoci\u0105gi i\u00a0 oczyszczalnie \u015bciek\u00f3w, sk\u0142adowiska odpad\u00f3w, Regionalne Instalacje Przetwarzania Odpad\u00f3w Komunalnych.<\/li>\n<li>Plac\u00f3wki naukowe i badawcze zajmuj\u0105ce si\u0119 problematyk\u0105 ochrony \u015brodowiska czy te\u017c badaniami spo\u0142eczno-ekonomicznymi.<\/li>\n<li>Parki naukowo-technologiczne.<\/li>\n<li>Inne nie wymienione podmioty, kt\u00f3rych dzia\u0142alno\u015b\u0107 wi\u0105\u017ce si\u0119 z profilem kszta\u0142cenia na danym kierunku studi\u00f3w i pozwala osi\u0105gn\u0105\u0107 zak\u0142adane efekty kszta\u0142cenia.<\/li>\n<\/ul>\n<p><strong>Kierunek: Turystyka<\/strong><\/p>\n<ul>\n<li>Biura turystyczne.<\/li>\n<li>Operatorzy rynku turystycznego.<\/li>\n<li>Obiekty i instytucje: turystyczne, kulturalno-rozrywkowe, sportowe, muzea itp.<\/li>\n<li>Hotele, pensjonaty.<\/li>\n<li>Gospodarstwa agroturystyczne, schroniska turystyczne, punkty informacji turystycznej.<\/li>\n<li>Urz\u0119dy administracji samorz\u0105dowej w szczeg\u00f3lno\u015bci wydzia\u0142y zajmuj\u0105ce si\u0119 zagadnieniami turystyki.<\/li>\n<li>Podmioty zrzeszone w \u015al\u0105skiej Izbie Turystyki, kt\u00f3rych lista znajduj\u0119 si\u0119 na stronie internetowej <a href=\"https:\/\/sit.travel\/o-nas\/czlonkowie-izby\/\">https:\/\/sit.travel\/o-nas\/czlonkowie-izby\/<\/a><\/li>\n<li>Inne nie wymienione podmioty, kt\u00f3rych dzia\u0142alno\u015b\u0107 wi\u0105\u017ce si\u0119 z profilem kszta\u0142cenia na danym kierunku studi\u00f3w i pozwala osi\u0105gn\u0105\u0107 zak\u0142adane efekty kszta\u0142cenia.<\/li>\n<\/ul>\n<p>\n<style type=\"text\/css\">a[data-mtli~=\"mtli_filesize240,96kB\"]:after {content:\" (240,96 kB)\"}a[data-mtli~=\"mtli_filesize32,41kB\"]:after {content:\" (32,41 kB)\"}a[data-mtli~=\"mtli_filesize31,60kB\"]:after {content:\" (31,60 kB)\"}a[data-mtli~=\"mtli_filesize29,46kB\"]:after {content:\" (29,46 kB)\"}a[data-mtli~=\"mtli_filesize57,51kB\"]:after {content:\" (57,51 kB)\"}a[data-mtli~=\"mtli_filesize57,10kB\"]:after {content:\" (57,10 kB)\"}a[data-mtli~=\"mtli_filesize59,36kB\"]:after {content:\" (59,36 kB)\"}a[data-mtli~=\"mtli_filesize24,76kB\"]:after {content:\" (24,76 kB)\"}a[data-mtli~=\"mtli_filesize24,74kB\"]:after {content:\" (24,74 kB)\"}a[data-mtli~=\"mtli_filesize24,83kB\"]:after {content:\" (24,83 kB)\"}a[data-mtli~=\"mtli_filesize124,20kB\"]:after {content:\" (124,20 kB)\"}a[data-mtli~=\"mtli_filesize28,77kB\"]:after {content:\" (28,77 kB)\"}a[data-mtli~=\"mtli_filesize28,86kB\"]:after {content:\" (28,86 kB)\"}a[data-mtli~=\"mtli_filesize31,67kB\"]:after {content:\" (31,67 kB)\"}a[data-mtli~=\"mtli_filesize27,99kB\"]:after {content:\" (27,99 kB)\"}a[data-mtli~=\"mtli_filesize27,95kB\"]:after {content:\" (27,95 kB)\"}a[data-mtli~=\"mtli_filesize27,94kB\"]:after {content:\" (27,94 kB)\"}a[data-mtli~=\"mtli_filesize473,93kB\"]:after {content:\" (473,93 kB)\"}<\/style><\/div>\r\n                    <\/div>\r\n                <\/div>[\/vc_column][\/vc_row]<\/p>\n<style type=\"text\/css\">a[data-mtli~=\"mtli_filesize240,96kB\"]:after {content:\" (240,96 kB)\"}a[data-mtli~=\"mtli_filesize32,41kB\"]:after {content:\" (32,41 kB)\"}a[data-mtli~=\"mtli_filesize31,60kB\"]:after {content:\" (31,60 kB)\"}a[data-mtli~=\"mtli_filesize29,46kB\"]:after {content:\" (29,46 kB)\"}a[data-mtli~=\"mtli_filesize57,51kB\"]:after {content:\" (57,51 kB)\"}a[data-mtli~=\"mtli_filesize57,10kB\"]:after {content:\" (57,10 kB)\"}a[data-mtli~=\"mtli_filesize59,36kB\"]:after {content:\" (59,36 kB)\"}a[data-mtli~=\"mtli_filesize24,76kB\"]:after {content:\" (24,76 kB)\"}a[data-mtli~=\"mtli_filesize24,74kB\"]:after {content:\" (24,74 kB)\"}a[data-mtli~=\"mtli_filesize24,83kB\"]:after {content:\" (24,83 kB)\"}a[data-mtli~=\"mtli_filesize124,20kB\"]:after {content:\" (124,20 kB)\"}a[data-mtli~=\"mtli_filesize28,77kB\"]:after {content:\" (28,77 kB)\"}a[data-mtli~=\"mtli_filesize28,86kB\"]:after {content:\" (28,86 kB)\"}a[data-mtli~=\"mtli_filesize31,67kB\"]:after {content:\" (31,67 kB)\"}a[data-mtli~=\"mtli_filesize27,99kB\"]:after {content:\" (27,99 kB)\"}a[data-mtli~=\"mtli_filesize27,95kB\"]:after {content:\" (27,95 kB)\"}a[data-mtli~=\"mtli_filesize27,94kB\"]:after {content:\" (27,94 kB)\"}a[data-mtli~=\"mtli_filesize473,93kB\"]:after {content:\" (473,93 kB)\"}<\/style>","protected":false},"excerpt":{"rendered":"<p>[vc_row][vc_column][\/vc_column][\/vc_row] [&#8230;]<\/p>\n<p><a class=\"btn btn-secondary understrap-read-more-link\" href=\"https:\/\/us.edu.pl\/wydzial\/wnp\/student\/kierunki-geograficzne\/praktyki-zawodowe\/\">Read More&#8230;<\/a><\/p>\n","protected":false},"author":115,"featured_media":0,"parent":4010,"menu_order":6,"comment_status":"closed","ping_status":"closed","template":"page-templates\/inner-page.php","meta":{"_expiration-date-status":"","_expiration-date":0,"_expiration-date-type":"","_expiration-date-categories":[],"_expiration-date-options":[]},"acf":[],"_links":{"self":[{"href":"https:\/\/us.edu.pl\/wydzial\/wnp\/wp-json\/wp\/v2\/pages\/3770"}],"collection":[{"href":"https:\/\/us.edu.pl\/wydzial\/wnp\/wp-json\/wp\/v2\/pages"}],"about":[{"href":"https:\/\/us.edu.pl\/wydzial\/wnp\/wp-json\/wp\/v2\/types\/page"}],"author":[{"embeddable":true,"href":"https:\/\/us.edu.pl\/wydzial\/wnp\/wp-json\/wp\/v2\/users\/115"}],"replies":[{"embeddable":true,"href":"https:\/\/us.edu.pl\/wydzial\/wnp\/wp-json\/wp\/v2\/comments?post=3770"}],"version-history":[{"count":0,"href":"https:\/\/us.edu.pl\/wydzial\/wnp\/wp-json\/wp\/v2\/pages\/3770\/revisions"}],"up":[{"embeddable":true,"href":"https:\/\/us.edu.pl\/wydzial\/wnp\/wp-json\/wp\/v2\/pages\/4010"}],"wp:attachment":[{"href":"https:\/\/us.edu.pl\/wydzial\/wnp\/wp-json\/wp\/v2\/media?parent=3770"}],"curies":[{"name":"wp","href":"https:\/\/api.w.org\/{rel}","templated":true}]}}