{"id":3776,"date":"2020-10-05T14:56:29","date_gmt":"2020-10-05T12:56:29","guid":{"rendered":"https:\/\/us.edu.pl\/wydzial\/wnp\/?page_id=3776"},"modified":"2025-06-17T07:55:24","modified_gmt":"2025-06-17T05:55:24","slug":"tematyka-prac-dyplomowych","status":"publish","type":"page","link":"https:\/\/us.edu.pl\/wydzial\/wnp\/student\/kierunki-geologiczne\/tematyka-prac-dyplomowych\/","title":{"rendered":"tematyka prac dyplomowych"},"content":{"rendered":"<p>[vc_row][vc_column]\r\n                <div class=\"text-modules\">\r\n                    <div class=\"container\">\r\n                        <h3 class=\"page-title text__title\">Tematyka prac dyplomowych<\/h3>\r\n                        <div class=\"text-modules__content\"><\/div>\r\n                    <\/div>\r\n                <\/div>[\/vc_column][\/vc_row][vc_row][vc_column][vc_column_text]<a href=\"https:\/\/us.edu.pl\/wydzial\/wnp\/wp-content\/uploads\/sites\/16\/Bez-kategorii\/propozycje-tematow-prac-inzynierskich.pdf\" class=\"mtli_attachment mtli_pdf\" data-mtli=\"mtli_filesize159,00kB\">propozycje temat\u00f3w prac in\u017cynierskich<\/a><\/p>\n<p><a href=\"https:\/\/us.edu.pl\/wydzial\/wnp\/wp-content\/uploads\/sites\/16\/Bez-kategorii\/propozycje-tematow-prac-licencjackich.pdf\" class=\"mtli_attachment mtli_pdf\" data-mtli=\"mtli_filesize153,71kB\">propozycje temat\u00f3w prac licencjackich<\/a><\/p>\n<p><a href=\"https:\/\/us.edu.pl\/wydzial\/wnp\/wp-content\/uploads\/sites\/16\/Bez-kategorii\/propozycje-tematow-prac-magisterskich.pdf\" class=\"mtli_attachment mtli_pdf\" data-mtli=\"mtli_filesize151,56kB\">propozycje temat\u00f3w prac magisterskich<\/a>[\/vc_column_text][\/vc_column][\/vc_row]<\/p>\n<style type=\"text\/css\">a[data-mtli~=\"mtli_filesize159,00kB\"]:after {content:\" (159,00 kB)\"}a[data-mtli~=\"mtli_filesize153,71kB\"]:after {content:\" (153,71 kB)\"}a[data-mtli~=\"mtli_filesize151,56kB\"]:after {content:\" (151,56 kB)\"}<\/style>","protected":false},"excerpt":{"rendered":"<p>[vc_row][vc_column][\/vc_column][\/vc_row][vc_row][vc_column][vc_column_text]propozycje temat\u00f3w prac in\u017cynierskich propozycje temat\u00f3w prac licencjackich propozycje temat\u00f3w prac magisterskich[\/vc_column_text][\/vc_column][\/vc_row] [&#8230;]<\/p>\n<p><a class=\"btn btn-secondary understrap-read-more-link\" href=\"https:\/\/us.edu.pl\/wydzial\/wnp\/student\/kierunki-geologiczne\/tematyka-prac-dyplomowych\/\">Read More&#8230;<\/a><\/p>\n","protected":false},"author":115,"featured_media":0,"parent":3718,"menu_order":7,"comment_status":"closed","ping_status":"closed","template":"page-templates\/inner-page.php","meta":{"_expiration-date-status":"","_expiration-date":0,"_expiration-date-type":"","_expiration-date-categories":[],"_expiration-date-options":[]},"acf":[],"_links":{"self":[{"href":"https:\/\/us.edu.pl\/wydzial\/wnp\/wp-json\/wp\/v2\/pages\/3776"}],"collection":[{"href":"https:\/\/us.edu.pl\/wydzial\/wnp\/wp-json\/wp\/v2\/pages"}],"about":[{"href":"https:\/\/us.edu.pl\/wydzial\/wnp\/wp-json\/wp\/v2\/types\/page"}],"author":[{"embeddable":true,"href":"https:\/\/us.edu.pl\/wydzial\/wnp\/wp-json\/wp\/v2\/users\/115"}],"replies":[{"embeddable":true,"href":"https:\/\/us.edu.pl\/wydzial\/wnp\/wp-json\/wp\/v2\/comments?post=3776"}],"version-history":[{"count":0,"href":"https:\/\/us.edu.pl\/wydzial\/wnp\/wp-json\/wp\/v2\/pages\/3776\/revisions"}],"up":[{"embeddable":true,"href":"https:\/\/us.edu.pl\/wydzial\/wnp\/wp-json\/wp\/v2\/pages\/3718"}],"wp:attachment":[{"href":"https:\/\/us.edu.pl\/wydzial\/wnp\/wp-json\/wp\/v2\/media?parent=3776"}],"curies":[{"name":"wp","href":"https:\/\/api.w.org\/{rel}","templated":true}]}}