{"id":4010,"date":"2020-10-23T22:12:36","date_gmt":"2020-10-23T20:12:36","guid":{"rendered":"https:\/\/us.edu.pl\/wydzial\/wnp\/?page_id=4010"},"modified":"2026-02-09T10:59:25","modified_gmt":"2026-02-09T09:59:25","slug":"kierunki-geograficzne","status":"publish","type":"page","link":"https:\/\/us.edu.pl\/wydzial\/wnp\/student\/kierunki-geograficzne\/","title":{"rendered":"kierunki geograficzne"},"content":{"rendered":"<p>[vc_row el_class=&#8221;container&#8221;][vc_column width=&#8221;1\/2&#8243;]\r\n                <div class=\"text-modules\">\r\n                    <div class=\"container\">\r\n                        <h3 class=\"page-title text__title\">Kierunki geograficzne<\/h3>\r\n                        <div class=\"text-modules__content\"><\/div>\r\n                    <\/div>\r\n                <\/div>  <div class=\"announcements-wrap\"> \r\n\t\t\t\t\t\t\t\t\t<div class=\"announcements announcements_1\" style=\"background-color:\">\r\n                                <div class=\"section-title\">Komunikaty<\/div>\r\n                                \r\n                                <style>.dgrhhw.angle-list > li::before{color:  !important}<\/style><div class=\"d-flex flex-wrap\"><ul class=\"angle-list dgrhhw\" ><li > <a href = \"https:\/\/us.edu.pl\/wydzial\/wnp\/komunikaty\/spotkanie-dobra-praktyka-laboratoryjna-z-siecia-badawcza-lukasiewicz\/\" style=\"color:\"> Spotkanie \u2013 Dobra Praktyka Laboratoryjna z Sieci\u0105 Badawcz\u0105 \u0141ukasiewicz <\/a > <\/li > <li > <a href = \"https:\/\/us.edu.pl\/wydzial\/wnp\/komunikaty\/ii-i-iii-letnia-szkola-aquamatyki\/\" style=\"color:\"> II i III Letnia Szko\u0142a Aquamatyki <\/a > <\/li > <li > <a href = \"https:\/\/us.edu.pl\/wydzial\/wnp\/komunikaty\/wydarzenie-bk-spotkanie-informacyjne-dot-programu-legii-akademickiej-z-wojskowym-centrum-rekrutacji-w-katowicach\/\" style=\"color:\"> Wydarzenie BK: Spotkanie informacyjne dot. Programu Legii Akademickiej z Wojskowym Centrum Rekrutacji w Katowicach <\/a > <\/li > <li > <a href = \"https:\/\/us.edu.pl\/wydzial\/wnp\/komunikaty\/4003\/\" style=\"color:\">  <\/a > <\/li > <\/ul><\/div>\r\n\t\t\t\t\t\t\t\t\t<\/div>\r\n\t\t\t\t\t\t\t\t<\/div>\r\n                <div class='sidebar_moduls sidebar_one_header' style='color:#FFFFFF;background-color: #002E5A'>\r\n                    <a href='https:\/\/us.edu.pl\/wydzial\/wnp\/student\/kierunki-geograficzne\/plany-zajec\/' class='link'>Plany zaj\u0119\u0107 - semestr letni 2025\/2026<\/a>\r\n                <\/div>\r\n                <div class='sidebar_moduls sidebar_one_header' style='color:#002E5A;background-color: #EBEBEB'>\r\n                    <a href='https:\/\/us.edu.pl\/wp-content\/uploads\/2025\/09\/zalacznik-do-zarzadzenia-76-z-2025-kalendarz-akademicki-2025_2026.pdf' class=\"mtli_attachment mtli_pdf\" class='link'>KALENDARZ AKADEMICKI 2025\/2026<\/a>\r\n                <\/div>[\/vc_column][vc_column width=&#8221;1\/2&#8243;]\r\n                <div class=\"tiles-section\" style=\"background: #EBEBEB\">\r\n                    <div class=\"container\">\r\n                        <div class=\"tiles tiles-3\">\r\n\r\n                            <a href=\"https:\/\/us.edu.pl\/wydzial\/wnp\/student\/kierunki-geograficzne\/rada-dydaktyczna\/\" class=\"tile tile_info\" style=\"background-color: #ffffff;  \">\r\n                                 <div class=\"tile_info__title\">rada dydaktyczna<\/div>\r\n                                \r\n                            <\/a>\r\n\r\n                            <a href=\"https:\/\/us.edu.pl\/wydzial\/wnp\/student\/kierunki-geograficzne\/opiekunowie\/\" class=\"tile tile_info\" style=\"background-color: #ffffff;  \">\r\n                                 <div class=\"tile_info__title\">opiekunowie<\/div>\r\n                                \r\n                            <\/a>\r\n\r\n                            <a href=\"https:\/\/us.edu.pl\/wydzial\/wnp\/student\/kierunki-geograficzne\/konsultacje\/\" class=\"tile tile_info\" style=\"background-color: #ffffff;  \">\r\n                                 <div class=\"tile_info__title\">konsultacje<\/div>\r\n                                \r\n                            <\/a>\r\n\r\n                            <a href=\"https:\/\/docs.google.com\/spreadsheets\/d\/1u66UY1q91RaQa3groadOxNjdF5bbRA9vCzEolT07rpo\/edit?usp=sharing\" class=\"tile tile_info\" style=\"background-color: #ffffff;  \">\r\n                                 <div class=\"tile_info__title\">\u0107wiczenia terenowe<\/div>\r\n                                \r\n                            <\/a>\r\n\r\n                            <a href=\"https:\/\/us.edu.pl\/wydzial\/wnp\/student\/kierunki-geograficzne\/cwiczenia-terenowe-specjalizacyjne\/\" class=\"tile tile_info\" style=\"background-color: #ffffff;  \">\r\n                                 <div class=\"tile_info__title\">\u0107wiczenia terenowe <\/div>\r\n                                <div class=\"tile_info__subtitle\">specjalizacyjne<\/div>\r\n                            <\/a>\r\n\r\n                            <a href=\"https:\/\/us.edu.pl\/wydzial\/wnp\/student\/kierunki-geograficzne\/praktyki-zawodowe\/\" class=\"tile tile_info\" style=\"background-color: #ffffff;  \">\r\n                                 <div class=\"tile_info__title\">praktyki zawodowe<\/div>\r\n                                \r\n                            <\/a>\r\n\r\n                            <a href=\"https:\/\/us.edu.pl\/wydzial\/wnp\/student\/kierunki-geograficzne\/praktyki-zawodowe-nauczycielskie\/\" class=\"tile tile_info\" style=\"background-color: #ffffff;  \">\r\n                                 <div class=\"tile_info__title\">praktyki zawodowe - nauczycielskie<\/div>\r\n                                \r\n                            <\/a>\r\n\r\n                            <a href=\"https:\/\/us.edu.pl\/wydzial\/wnp\/student\/kierunki-geograficzne\/prace-magisterskie\/\" class=\"tile tile_info\" style=\"background-color: #ffffff;  \">\r\n                                 <div class=\"tile_info__title\">tematyka prac dyplomowych<\/div>\r\n                                \r\n                            <\/a>\r\n\r\n                            <a href=\"https:\/\/us.edu.pl\/wydzial\/wnp\/student\/kierunki-geograficzne\/procedura-dyplomowania\/\" class=\"tile tile_info\" style=\"background-color: #ffffff;  \">\r\n                                 <div class=\"tile_info__title\">procedura dyplomowania<\/div>\r\n                                \r\n                            <\/a>\r\n\r\n                            <a href=\"https:\/\/informator.us.edu.pl\/programmes\/list\/all\/GF\/\" class=\"tile tile_info\" style=\"background-color: #ffffff;  \">\r\n                                 <div class=\"tile_info__title\">karta kierunku<\/div>\r\n                                <div class=\"tile_info__subtitle\">geografia<\/div>\r\n                            <\/a>\r\n\r\n                            <a href=\"https:\/\/informator.us.edu.pl\/programmes\/list\/all\/TR\/\" class=\"tile tile_info\" style=\"background-color: #ffffff;  \">\r\n                                 <div class=\"tile_info__title\">karta kierunku<\/div>\r\n                                <div class=\"tile_info__subtitle\">turystyka<\/div>\r\n                            <\/a>\r\n\r\n                            <a href=\"https:\/\/informator.us.edu.pl\/programmes\/list\/all\/IZ\/\" class=\"tile tile_info\" style=\"background-color: #ffffff;  \">\r\n                                 <div class=\"tile_info__title\">karta kierunku<\/div>\r\n                                <div class=\"tile_info__subtitle\">in\u017cynieria zagro\u017ce\u0144 \u015brodowiskowych<\/div>\r\n                            <\/a><\/div>\r\n                    <\/div>\r\n                <\/div>[\/vc_column][\/vc_row]<\/p>","protected":false},"excerpt":{"rendered":"<p>[vc_row el_class=&#8221;container&#8221;][vc_column width=&#8221;1\/2&#8243;][\/vc_column][vc_column width=&#8221;1\/2&#8243;][\/vc_column][\/vc_row] [&#8230;]<\/p>\n<p><a class=\"btn btn-secondary understrap-read-more-link\" href=\"https:\/\/us.edu.pl\/wydzial\/wnp\/student\/kierunki-geograficzne\/\">Read More&#8230;<\/a><\/p>\n","protected":false},"author":115,"featured_media":0,"parent":3732,"menu_order":2,"comment_status":"closed","ping_status":"closed","template":"","meta":{"_expiration-date-status":"","_expiration-date":0,"_expiration-date-type":"","_expiration-date-categories":[],"_expiration-date-options":[]},"acf":[],"_links":{"self":[{"href":"https:\/\/us.edu.pl\/wydzial\/wnp\/wp-json\/wp\/v2\/pages\/4010"}],"collection":[{"href":"https:\/\/us.edu.pl\/wydzial\/wnp\/wp-json\/wp\/v2\/pages"}],"about":[{"href":"https:\/\/us.edu.pl\/wydzial\/wnp\/wp-json\/wp\/v2\/types\/page"}],"author":[{"embeddable":true,"href":"https:\/\/us.edu.pl\/wydzial\/wnp\/wp-json\/wp\/v2\/users\/115"}],"replies":[{"embeddable":true,"href":"https:\/\/us.edu.pl\/wydzial\/wnp\/wp-json\/wp\/v2\/comments?post=4010"}],"version-history":[{"count":0,"href":"https:\/\/us.edu.pl\/wydzial\/wnp\/wp-json\/wp\/v2\/pages\/4010\/revisions"}],"up":[{"embeddable":true,"href":"https:\/\/us.edu.pl\/wydzial\/wnp\/wp-json\/wp\/v2\/pages\/3732"}],"wp:attachment":[{"href":"https:\/\/us.edu.pl\/wydzial\/wnp\/wp-json\/wp\/v2\/media?parent=4010"}],"curies":[{"name":"wp","href":"https:\/\/api.w.org\/{rel}","templated":true}]}}