{"id":4165,"date":"2020-11-28T00:04:11","date_gmt":"2020-11-27T23:04:11","guid":{"rendered":"https:\/\/us.edu.pl\/wydzial\/wnp\/?page_id=4165"},"modified":"2026-03-26T12:39:16","modified_gmt":"2026-03-26T11:39:16","slug":"aquamatyka","status":"publish","type":"page","link":"https:\/\/us.edu.pl\/wydzial\/wnp\/student\/aquamatyka\/","title":{"rendered":"Aquamatyka"},"content":{"rendered":"<p>[vc_row][vc_column]\r\n                <div class=\"text-modules\">\r\n                    <div class=\"container\">\r\n                        <h3 class=\"page-title text__title\">Aquamatyka<\/h3>\r\n                        <div class=\"text-modules__content\"><\/p>\n<h3 class=\"page-title text__title\"><span style=\"color: #ff0000;\">Plan obowi\u0105zuj\u0105cy wyj\u0105tkowo w okresie 30.03.2026 r. &#8211; 03.04.2026 r.<\/span><\/h3>\n<p><strong><a href=\"https:\/\/us.edu.pl\/wydzial\/wnp\/wp-content\/uploads\/sites\/16\/student\/plany\/temp\/aquamatyka\/I-rok-Aquamatyki-.pdf\" class=\"mtli_attachment mtli_pdf\" data-mtli=\"mtli_filesize80,33kB\" class=\"mtli_attachment mtli_pdf\" data-mtli=\"mtli_filesize80,33kB\">I rok Aquamatyki<\/a><\/strong><\/p>\n<p><strong><a href=\"https:\/\/us.edu.pl\/wydzial\/wnp\/wp-content\/uploads\/sites\/16\/student\/plany\/temp\/aquamatyka\/II-rok-Aquamatyki.pdf\" class=\"mtli_attachment mtli_pdf\" data-mtli=\"mtli_filesize90,18kB\" class=\"mtli_attachment mtli_pdf\" data-mtli=\"mtli_filesize90,18kB\">II rok Aquamatyki<\/a><\/strong><\/p>\n<p>&nbsp;<\/p>\n<p><strong>Plany zaj\u0119\u0107:<\/strong><\/p>\n<p><a href=\"https:\/\/us.edu.pl\/wydzial\/wnp\/wp-content\/uploads\/sites\/16\/student\/plany\/aquamatyka\/AQ-I-rok-Aquamatyki-semestr-letni-2025-26-1.pdf\" class=\"mtli_attachment mtli_pdf\" data-mtli=\"mtli_filesize93,86kB\" class=\"mtli_attachment mtli_pdf\" data-mtli=\"mtli_filesize93,86kB\">AQ -I rok Aquamatyki &#8211; semestr letni 2025-26<\/a><\/p>\n<p><a href=\"https:\/\/us.edu.pl\/wydzial\/wnp\/wp-content\/uploads\/sites\/16\/student\/plany\/aquamatyka\/II-rok-Aquamatyki.pdf\" class=\"mtli_attachment mtli_pdf\" data-mtli=\"mtli_filesize95,28kB\" class=\"mtli_attachment mtli_pdf\" data-mtli=\"mtli_filesize95,28kB\">II rok Aquamatyki<\/a><\/p>\n<p>&nbsp;<\/p>\n<p><strong>Opiekunowie:<\/strong><\/p>\n<p>I rok MU \u2013 dr Sabina Jak\u00f3bczyk-Karpierz<\/p>\n<p>II rok MU \u2013\u00a0 dr hab. Dominika D\u0105browska, prof. U\u015a<\/p>\n<hr \/>\n<p><strong>Propozycje temat\u00f3w prac magisterskich:<\/strong><\/p>\n<p><a href=\"https:\/\/us.edu.pl\/wydzial\/wnp\/wp-content\/uploads\/sites\/16\/Bez-kategorii\/tematy-prac-dyplomowych-Aquamatyka.pdf\" class=\"mtli_attachment mtli_pdf\" data-mtli=\"mtli_filesize473,37kB\" class=\"mtli_attachment mtli_pdf\" data-mtli=\"mtli_filesize473,37kB\">tematy prac dyplomowych Aquamatyka<\/a><\/p>\n<hr \/>\n<p><strong>Rada dydaktyczna:<\/strong><\/p>\n<p>Sk\u0142ad osobowy Rady Dydaktycznej Kierunku Aquamatyka- interdyscyplinarne gospodarowanie \u015brodowiskami wodnymi w roku akademickim 2024\/2025:<\/p>\n<p>dr hab. Iwona Stan-K\u0142eczek, prof. U\u015a \u2013 Dyrektorka kierunku, <strong>Przewodnicz\u0105ca Rady<\/strong><\/p>\n<p>dr hab. Jacek Szczygie\u0142, prof. U\u015a \u2013 Zast\u0119pca Dyrektorki kierunku<\/p>\n<p>dr hab. Damian Absalon, prof. U\u015a \u2013 przedstawiciel pracownik\u00f3w badawczo-dydaktycznych<\/p>\n<p>dr hab. Agnieszka Babczy\u0144ska, prof. U\u015a \u2013 przedstawiciel pracownik\u00f3w badawczo-dydaktycznych<\/p>\n<p>dr in\u017c. Marcin Libera \u2013 przedstawiciel pracownik\u00f3w badawczo-dydaktycznych<\/p>\n<p>dr Bartosz \u0141ozowski \u2013 przedstawiciel pracownik\u00f3w badawczo-dydaktycznych, <strong>Zast\u0119pca Przewodnicz\u0105cej Rady<\/strong><\/p>\n<p>dr hab. Magdalena Matysik, prof. U\u015a \u2013 przedstawiciel pracownik\u00f3w badawczo-dydaktycznych<\/p>\n<p>dr S\u0142awomir Sitek \u2013 przedstawiciel pracownik\u00f3w badawczo-dydaktycznych<\/p>\n<p>dr hab. Andrzej Wo\u017anica, prof. U\u015a \u2013 przedstawiciel pracownik\u00f3w badawczo-dydaktycznych<\/p>\n<p>Lic. Weronika Walkowiak \u2013 studentka \u2013 kierunek Aqumatyka II stopnia<\/p>\n<style type=\"text\/css\">a[data-mtli~=\"mtli_filesize80,33kB\"]:after {content:\" (80,33 kB)\"}a[data-mtli~=\"mtli_filesize90,18kB\"]:after {content:\" (90,18 kB)\"}a[data-mtli~=\"mtli_filesize93,86kB\"]:after {content:\" (93,86 kB)\"}a[data-mtli~=\"mtli_filesize95,28kB\"]:after {content:\" (95,28 kB)\"}a[data-mtli~=\"mtli_filesize473,37kB\"]:after {content:\" (473,37 kB)\"}<\/style><\/div>\r\n                    <\/div>\r\n                <\/div>[\/vc_column][\/vc_row][vc_row][vc_column]\r\n                <div class=\"text-modules\">\r\n                    <div class=\"container\">\r\n                        \r\n                        <div class=\"text-modules__content\"><p><a href=\"https:\/\/us.edu.pl\/wydzial\/wnp\/wp-content\/uploads\/sites\/16\/Bez-kategorii\/Wyciag-z-Rady-Dydaktycznej-kierunku-Aquamatyka-z-dnia-16-stycznia-2025-r..pdf\" class=\"mtli_attachment mtli_pdf\" data-mtli=\"mtli_filesize526,47kB\" class=\"mtli_attachment mtli_pdf\" data-mtli=\"mtli_filesize526,47kB\">Wyci\u0105g z Rady Dydaktycznej kierunku Aquamatyka z dnia 16 stycznia 2025 r.<\/a><\/p>\n<p><a href=\"https:\/\/us.edu.pl\/wydzial\/wnp\/wp-content\/uploads\/sites\/16\/Bez-kategorii\/Wyciag-z-Rady-Dydaktycznej-kierunku-Aquamatyka-z-dnia-12-grudnia-2024-r..pdf\" class=\"mtli_attachment mtli_pdf\" data-mtli=\"mtli_filesize718,76kB\" class=\"mtli_attachment mtli_pdf\" data-mtli=\"mtli_filesize718,76kB\">Wyci\u0105g z Rady Dydaktycznej kierunku Aquamatyka z dnia 12 grudnia 2024 r.<\/a><\/p>\n<p><a href=\"https:\/\/us.edu.pl\/wydzial\/wnp\/wp-content\/uploads\/sites\/16\/Bez-kategorii\/Wyciag-z-Rady-Dydaktycznej-kierunku-Aquamatyka-z-dnia-28-listopada-2024-r..pdf\" class=\"mtli_attachment mtli_pdf\" data-mtli=\"mtli_filesize532,22kB\" class=\"mtli_attachment mtli_pdf\" data-mtli=\"mtli_filesize532,22kB\">Wyci\u0105g z Rady Dydaktycznej kierunku Aquamatyka z dnia 28 listopada 2024 r.<\/a><\/p>\n<p><a href=\"https:\/\/us.edu.pl\/wydzial\/wnp\/wp-content\/uploads\/sites\/16\/Bez-kategorii\/Wyciag-z-Rady-Dydaktycznej-kierunku-Aquamatyka-z-dnia-17-pazdziernika-2024-r..pdf\" class=\"mtli_attachment mtli_pdf\" data-mtli=\"mtli_filesize526,37kB\" class=\"mtli_attachment mtli_pdf\" data-mtli=\"mtli_filesize526,37kB\">Wyci\u0105g z Rady Dydaktycznej kierunku Aquamatyka z dnia 17 pa\u017adziernika 2024 r.<\/a><\/p>\n<p><a href=\"https:\/\/us.edu.pl\/wydzial\/wnp\/wp-content\/uploads\/sites\/16\/Bez-kategorii\/Wyciag-z-Rady-Dydaktycznej-kierunku-Aquamatyka-z-dnia-12-wrzesnia-2024-r..pdf\" class=\"mtli_attachment mtli_pdf\" data-mtli=\"mtli_filesize473,05kB\" class=\"mtli_attachment mtli_pdf\" data-mtli=\"mtli_filesize473,05kB\">Wyci\u0105g z Rady Dydaktycznej kierunku Aquamatyka z dnia 12 wrze\u015bnia 2024 r.<\/a><\/p>\n<p><a href=\"https:\/\/us.edu.pl\/wydzial\/wnp\/wp-content\/uploads\/sites\/16\/Bez-kategorii\/Wyciag-z_RD_AQ_13_06_24_ver.ostateczna.pdf\" class=\"mtli_attachment mtli_pdf\" data-mtli=\"mtli_filesize412,29kB\" class=\"mtli_attachment mtli_pdf\" data-mtli=\"mtli_filesize412,29kB\">Wyci\u0105g z Rady Dydaktycznej kierunku Aquamatyka z dnia 13 czerwca 2024r.<\/a><\/p>\n<p><a href=\"https:\/\/us.edu.pl\/wydzial\/wnp\/wp-content\/uploads\/sites\/16\/Bez-kategorii\/Wyciag-z-RD_AQ_09_05_2024_ver.-1.pdf\" class=\"mtli_attachment mtli_pdf\" data-mtli=\"mtli_filesize416,28kB\" class=\"mtli_attachment mtli_pdf\" data-mtli=\"mtli_filesize416,28kB\">Wyci\u0105g z Rady Dydaktycznej kierunku Aquamatyka z dnia 9 maja 2024 r.<\/a><\/p>\n<p><a href=\"https:\/\/us.edu.pl\/wydzial\/wnp\/wp-content\/uploads\/sites\/16\/Bez-kategorii\/Wyciag-z-RD_AQ_11_04_2024_ver.1_poprPS.pdf\" class=\"mtli_attachment mtli_pdf\" data-mtli=\"mtli_filesize421,21kB\" class=\"mtli_attachment mtli_pdf\" data-mtli=\"mtli_filesize421,21kB\">Wyci\u0105g z Rady Dydaktycznej kierunku Aquamatyka z dnia 11 kwietnia 2024 r.<\/a><\/p>\n<p><a href=\"https:\/\/us.edu.pl\/wydzial\/wnp\/wp-content\/uploads\/sites\/16\/Bez-kategorii\/Wyciag-z-RD_AQ_14.03.2024_ver.ostateczna-1-1.pdf\" class=\"mtli_attachment mtli_pdf\" data-mtli=\"mtli_filesize442,74kB\" class=\"mtli_attachment mtli_pdf\" data-mtli=\"mtli_filesize442,74kB\">Wyci\u0105g z Rady Dydaktycznej kierunku Aquamatyka z dnia 14 marca 2024 r.<\/a><\/p>\n<p><a href=\"https:\/\/us.edu.pl\/wydzial\/wnp\/wp-content\/uploads\/sites\/16\/Bez-kategorii\/Wyciag-z-RD_AQ_09_11_2023_ver.ostateczna-1.pdf\" class=\"mtli_attachment mtli_pdf\" data-mtli=\"mtli_filesize414,14kB\" class=\"mtli_attachment mtli_pdf\" data-mtli=\"mtli_filesize414,14kB\">Wyci\u0105g z Rady Dydaktycznej kierunku Aquamatyka z dnia 9 listopada 2023 r.<\/a><\/p>\n<p>\n<style type=\"text\/css\">a[data-mtli~=\"mtli_filesize526,47kB\"]:after {content:\" (526,47 kB)\"}a[data-mtli~=\"mtli_filesize718,76kB\"]:after {content:\" (718,76 kB)\"}a[data-mtli~=\"mtli_filesize532,22kB\"]:after {content:\" (532,22 kB)\"}a[data-mtli~=\"mtli_filesize526,37kB\"]:after {content:\" (526,37 kB)\"}a[data-mtli~=\"mtli_filesize473,05kB\"]:after {content:\" (473,05 kB)\"}a[data-mtli~=\"mtli_filesize412,29kB\"]:after {content:\" (412,29 kB)\"}a[data-mtli~=\"mtli_filesize416,28kB\"]:after {content:\" (416,28 kB)\"}a[data-mtli~=\"mtli_filesize421,21kB\"]:after {content:\" (421,21 kB)\"}a[data-mtli~=\"mtli_filesize442,74kB\"]:after {content:\" (442,74 kB)\"}a[data-mtli~=\"mtli_filesize414,14kB\"]:after {content:\" (414,14 kB)\"}<\/style><\/div>\r\n                    <\/div>\r\n                <\/div>[\/vc_column][\/vc_row]<\/p>\n<style type=\"text\/css\">a[data-mtli~=\"mtli_filesize80,33kB\"]:after {content:\" (80,33 kB)\"}a[data-mtli~=\"mtli_filesize90,18kB\"]:after {content:\" (90,18 kB)\"}a[data-mtli~=\"mtli_filesize93,86kB\"]:after {content:\" (93,86 kB)\"}a[data-mtli~=\"mtli_filesize95,28kB\"]:after {content:\" (95,28 kB)\"}a[data-mtli~=\"mtli_filesize473,37kB\"]:after {content:\" (473,37 kB)\"}a[data-mtli~=\"mtli_filesize526,47kB\"]:after {content:\" (526,47 kB)\"}a[data-mtli~=\"mtli_filesize718,76kB\"]:after {content:\" (718,76 kB)\"}a[data-mtli~=\"mtli_filesize532,22kB\"]:after {content:\" (532,22 kB)\"}a[data-mtli~=\"mtli_filesize526,37kB\"]:after {content:\" (526,37 kB)\"}a[data-mtli~=\"mtli_filesize473,05kB\"]:after {content:\" (473,05 kB)\"}a[data-mtli~=\"mtli_filesize412,29kB\"]:after {content:\" (412,29 kB)\"}a[data-mtli~=\"mtli_filesize416,28kB\"]:after {content:\" (416,28 kB)\"}a[data-mtli~=\"mtli_filesize421,21kB\"]:after {content:\" (421,21 kB)\"}a[data-mtli~=\"mtli_filesize442,74kB\"]:after {content:\" (442,74 kB)\"}a[data-mtli~=\"mtli_filesize414,14kB\"]:after {content:\" (414,14 kB)\"}<\/style>","protected":false},"excerpt":{"rendered":"<p>[vc_row][vc_column][\/vc_column][\/vc_row][vc_row][vc_column][\/vc_column][\/vc_row] [&#8230;]<\/p>\n<p><a class=\"btn btn-secondary understrap-read-more-link\" href=\"https:\/\/us.edu.pl\/wydzial\/wnp\/student\/aquamatyka\/\">Read More&#8230;<\/a><\/p>\n","protected":false},"author":115,"featured_media":0,"parent":3732,"menu_order":4,"comment_status":"closed","ping_status":"closed","template":"page-templates\/inner-page.php","meta":{"_expiration-date-status":"","_expiration-date":0,"_expiration-date-type":"","_expiration-date-categories":[],"_expiration-date-options":[]},"acf":[],"_links":{"self":[{"href":"https:\/\/us.edu.pl\/wydzial\/wnp\/wp-json\/wp\/v2\/pages\/4165"}],"collection":[{"href":"https:\/\/us.edu.pl\/wydzial\/wnp\/wp-json\/wp\/v2\/pages"}],"about":[{"href":"https:\/\/us.edu.pl\/wydzial\/wnp\/wp-json\/wp\/v2\/types\/page"}],"author":[{"embeddable":true,"href":"https:\/\/us.edu.pl\/wydzial\/wnp\/wp-json\/wp\/v2\/users\/115"}],"replies":[{"embeddable":true,"href":"https:\/\/us.edu.pl\/wydzial\/wnp\/wp-json\/wp\/v2\/comments?post=4165"}],"version-history":[{"count":0,"href":"https:\/\/us.edu.pl\/wydzial\/wnp\/wp-json\/wp\/v2\/pages\/4165\/revisions"}],"up":[{"embeddable":true,"href":"https:\/\/us.edu.pl\/wydzial\/wnp\/wp-json\/wp\/v2\/pages\/3732"}],"wp:attachment":[{"href":"https:\/\/us.edu.pl\/wydzial\/wnp\/wp-json\/wp\/v2\/media?parent=4165"}],"curies":[{"name":"wp","href":"https:\/\/api.w.org\/{rel}","templated":true}]}}