{"id":5676,"date":"2021-11-15T08:09:40","date_gmt":"2021-11-15T07:09:40","guid":{"rendered":"https:\/\/us.edu.pl\/wydzial\/wnp\/?page_id=5676"},"modified":"2026-02-23T11:37:23","modified_gmt":"2026-02-23T10:37:23","slug":"rada-dydaktyczna","status":"publish","type":"page","link":"https:\/\/us.edu.pl\/wydzial\/wnp\/student\/kierunki-geograficzne\/rada-dydaktyczna\/","title":{"rendered":"rada dydaktyczna"},"content":{"rendered":"<p>[vc_row][vc_column]\r\n                <div class=\"text-modules\">\r\n                    <div class=\"container\">\r\n                        <h3 class=\"page-title text__title\">Sk\u0142ad Rady Dydaktycznej Kierunk\u00f3w Geograficznych w roku 2025\/2026<\/h3>\r\n                        <div class=\"text-modules__content\"><\/p>\n<table width=\"548\">\n<tbody>\n<tr>\n<td width=\"378\">Dr hab. S\u0142awomir Pytel prof. U\u015a<\/td>\n<td width=\"170\"><\/td>\n<\/tr>\n<tr>\n<td width=\"378\">Dr hab. Jolanta Burda prof. U\u015a<\/td>\n<td width=\"170\"><\/td>\n<\/tr>\n<tr>\n<td width=\"378\">Prof. dr hab. Ewa \u0141upikasza<\/td>\n<td width=\"170\"><\/td>\n<\/tr>\n<tr>\n<td width=\"378\">Dr hab. Urszula Myga-Pi\u0105tek prof. U\u015a<\/td>\n<td width=\"170\"><\/td>\n<\/tr>\n<tr>\n<td width=\"378\">Dr hab. Martyna Rz\u0119ta\u0142a prof. U\u015a<\/td>\n<td width=\"170\"><\/td>\n<\/tr>\n<tr>\n<td width=\"378\">Dr hab. El\u017cbieta Zuza\u0144ska-\u017by\u015bko\u00a0 prof. U\u015a<\/td>\n<td width=\"170\"><\/td>\n<\/tr>\n<tr>\n<td width=\"378\">Dr hab. Damian Absalon prof. U\u015a<\/td>\n<td width=\"170\"><\/td>\n<\/tr>\n<tr>\n<td width=\"378\">Dr hab. Adam Hibszer prof U\u015a<\/td>\n<td width=\"170\"><\/td>\n<\/tr>\n<tr>\n<td width=\"378\">Dr hab. Agnieszka Czajka<\/td>\n<td width=\"170\"><\/td>\n<\/tr>\n<tr>\n<td width=\"378\">Dr hab. S\u0142awomir Sitek prof. U\u015a<\/td>\n<td width=\"170\"><\/td>\n<\/tr>\n<tr>\n<td width=\"378\">Dr hab. Bart\u0142omiej Szypu\u0142a prof. U\u015a<\/td>\n<td width=\"170\"><\/td>\n<\/tr>\n<tr>\n<td width=\"378\">Dr Agnieszka Piechota<\/td>\n<td width=\"170\"><\/td>\n<\/tr>\n<tr>\n<td width=\"378\">Dr Katarzyna Pukowiec-Kurda<\/td>\n<td width=\"170\"><\/td>\n<\/tr>\n<tr>\n<td width=\"378\">Karolina Markowiak<\/td>\n<td width=\"170\">Geografia I rok lic.<\/td>\n<\/tr>\n<tr>\n<td width=\"378\">Klaudia Paso\u0144<\/td>\n<td width=\"170\">Geografia II rok lic.<\/td>\n<\/tr>\n<tr>\n<td width=\"378\">Nina Filipiak<\/td>\n<td width=\"170\">Geografia III rok lic.<\/td>\n<\/tr>\n<tr>\n<td width=\"378\">Barbara Pazurek<\/td>\n<td width=\"170\">Geografia I rok MU.<\/td>\n<\/tr>\n<tr>\n<td width=\"378\">El\u017cbieta Nowak<\/td>\n<td width=\"170\">Geografia II rok MU.<\/td>\n<\/tr>\n<tr>\n<td width=\"378\">Emilia Gawron<\/td>\n<td width=\"170\">IZ\u015a I rok<\/td>\n<\/tr>\n<tr>\n<td width=\"378\">Anna Adamus<\/td>\n<td width=\"170\">IZ\u015a II rok<\/td>\n<\/tr>\n<tr>\n<td width=\"378\">Agnieszka Biedro\u0144<\/td>\n<td width=\"170\">IZ\u015a III rok<\/td>\n<\/tr>\n<tr>\n<td width=\"378\">Klaudia Przyby\u0142a<\/td>\n<td width=\"170\">IZ\u015a IV rok<\/td>\n<\/tr>\n<tr>\n<td width=\"378\">Alicja Tumidajewicz,<\/td>\n<td width=\"170\">Turystyka I rok<\/td>\n<\/tr>\n<tr>\n<td width=\"378\">Jakub Wo\u0142kowicki<\/td>\n<td width=\"170\">Turystyka II rok<\/td>\n<\/tr>\n<tr>\n<td width=\"378\">Maria Gazda<\/td>\n<td width=\"170\">T. Z.\u00a0 I rok<\/td>\n<\/tr>\n<\/tbody>\n<\/table>\n<p>\n<\/div>\r\n                    <\/div>\r\n                <\/div>[\/vc_column][\/vc_row]<\/p>","protected":false},"excerpt":{"rendered":"<p>[vc_row][vc_column][\/vc_column][\/vc_row] [&#8230;]<\/p>\n<p><a class=\"btn btn-secondary understrap-read-more-link\" href=\"https:\/\/us.edu.pl\/wydzial\/wnp\/student\/kierunki-geograficzne\/rada-dydaktyczna\/\">Read More&#8230;<\/a><\/p>\n","protected":false},"author":115,"featured_media":0,"parent":4010,"menu_order":0,"comment_status":"closed","ping_status":"closed","template":"","meta":{"_expiration-date-status":"","_expiration-date":0,"_expiration-date-type":"","_expiration-date-categories":[],"_expiration-date-options":[]},"acf":[],"_links":{"self":[{"href":"https:\/\/us.edu.pl\/wydzial\/wnp\/wp-json\/wp\/v2\/pages\/5676"}],"collection":[{"href":"https:\/\/us.edu.pl\/wydzial\/wnp\/wp-json\/wp\/v2\/pages"}],"about":[{"href":"https:\/\/us.edu.pl\/wydzial\/wnp\/wp-json\/wp\/v2\/types\/page"}],"author":[{"embeddable":true,"href":"https:\/\/us.edu.pl\/wydzial\/wnp\/wp-json\/wp\/v2\/users\/115"}],"replies":[{"embeddable":true,"href":"https:\/\/us.edu.pl\/wydzial\/wnp\/wp-json\/wp\/v2\/comments?post=5676"}],"version-history":[{"count":0,"href":"https:\/\/us.edu.pl\/wydzial\/wnp\/wp-json\/wp\/v2\/pages\/5676\/revisions"}],"up":[{"embeddable":true,"href":"https:\/\/us.edu.pl\/wydzial\/wnp\/wp-json\/wp\/v2\/pages\/4010"}],"wp:attachment":[{"href":"https:\/\/us.edu.pl\/wydzial\/wnp\/wp-json\/wp\/v2\/media?parent=5676"}],"curies":[{"name":"wp","href":"https:\/\/api.w.org\/{rel}","templated":true}]}}