{"id":5694,"date":"2021-11-20T18:39:48","date_gmt":"2021-11-20T17:39:48","guid":{"rendered":"https:\/\/us.edu.pl\/wydzial\/wnp\/?page_id=5694"},"modified":"2025-01-27T07:52:17","modified_gmt":"2025-01-27T06:52:17","slug":"rada-dydaktyczna","status":"publish","type":"page","link":"https:\/\/us.edu.pl\/wydzial\/wnp\/student\/kierunki-geologiczne\/rada-dydaktyczna\/","title":{"rendered":"rada dydaktyczna"},"content":{"rendered":"<p>[vc_row][vc_column]\r\n                <div class=\"text-modules\">\r\n                    <div class=\"container\">\r\n                        <h3 class=\"page-title text__title\">Sk\u0142ad osobowy Rady Dydaktycznej Kierunk\u00f3w Geologicznych w roku akademickim 2024\/2025:<\/h3>\r\n                        <div class=\"text-modules__content\"><\/p>\n<div class=\"vc_row wpb_row vc_row-fluid\">\n<div class=\"wpb_column vc_column_container vc_col-sm-12\">\n<div class=\"vc_column-inner\">\n<div class=\"wpb_wrapper\">\n<div class=\"text-modules\">\n<div class=\"container\">\n<div class=\"text-modules__content\">\n<p>dr hab. Iwona Stan-K\u0142eczek, prof. U\u015a \u2013 Dyrektorka kierunku, <strong>Przewodnicz\u0105ca Rady<\/strong><\/p>\n<p>dr hab. Jacek Szczygie\u0142, prof. U\u015a \u2013 Zast\u0119pca Dyrektorki kierunku, <strong>Zast\u0119pca Przewodnicz\u0105cej Rady<\/strong><\/p>\n<p>dr hab. Iwona Jelonek, prof. U\u015a \u2013\u00a0 przedstawiciel pracownik\u00f3w badawczo-dydaktycznych<\/p>\n<p>dr hab. Dominika D\u0105browska, prof. U\u015a \u2013\u00a0 przedstawiciel pracownik\u00f3w badawczo-dydaktycznych<\/p>\n<p>dr hab. Mariola Jab\u0142o\u0144ska, prof. U\u015a \u2013\u00a0 przedstawiciel pracownik\u00f3w badawczo-dydaktycznych<\/p>\n<p>dr S\u0142awomir Sitek \u2013 przedstawiciel pracownik\u00f3w badawczo-dydaktycznych<\/p>\n<p>dr Wojciech Krawczy\u0144ski \u2013 przedstawiciel pracownik\u00f3w dydaktycznych<\/p>\n<p>dr Jolanta Pierwo\u0142a \u2013 przedstawiciel pracownik\u00f3w dydaktycznych<\/p>\n<p>dr hab. Micha\u0142 Rakoci\u0144ski, prof. U\u015a \u2013\u00a0 przedstawiciel pracownik\u00f3w badawczo-dydaktycznych<\/p>\n<p>dr Grzegorz Sadlok \u2013\u00a0 przedstawiciel pracownik\u00f3w badawczo-dydaktycznych\\<\/p>\n<p>dr in\u017c. Magdalena Zieli\u0144ska \u2013 przedstawiciel pracownik\u00f3w badawczo-dydaktycznych<\/p>\n<p>lic. Patryk Gro\u0144ski \u2013 student \u2013 kierunek Geologia &#8211; stacjonarne II stopnia<\/p>\n<p>lic. Marta Palarz \u2013 studentka \u2013 kierunek Geologia stosowana II stopnia<\/p>\n<p>Ma\u0142gorzata K\u0142usek \u2013 studentka \u2013 kierunek Geologia &#8211; stacjonarne I stopnia<\/p>\n<p>Danuta Niewiadomska \u2013 studentka \u2013 kierunek Geologia &#8211; stacjonarne I stopnia<\/p>\n<\/div>\n<\/div>\n<\/div>\n<\/div>\n<\/div>\n<\/div>\n<\/div>\n<p>\n<\/div>\r\n                    <\/div>\r\n                <\/div>[\/vc_column][\/vc_row][vc_row][vc_column]\r\n                <div class=\"text-modules\">\r\n                    <div class=\"container\">\r\n                        \r\n                        <div class=\"text-modules__content\"><p>Na pro\u015bb\u0119 3 cz\u0142onk\u00f3w komisji mo\u017cna zwo\u0142a\u0107 Rad\u0119 w dodatkowym terminie lub zmieni\u0107 ju\u017c zaplanowany termin. W przypadku niemo\u017cno\u015bci wzi\u0119cia udzia\u0142u osobi\u015bcie w posiedzeniu Rady, cz\u0142onek Rady mo\u017ce poprosi\u0107 o zmian\u0119 formu\u0142y na hybrydow\u0105.<\/p>\n<\/div>\r\n                    <\/div>\r\n                <\/div>[\/vc_column][\/vc_row][vc_row][vc_column]\r\n                <div class=\"text-modules\">\r\n                    <div class=\"container\">\r\n                        \r\n                        <div class=\"text-modules__content\"><p><a href=\"https:\/\/us.edu.pl\/wydzial\/wnp\/wp-content\/uploads\/sites\/16\/Bez-kategorii\/Uchwala-GE.pdf\" class=\"mtli_attachment mtli_pdf\" data-mtli=\"mtli_filesize47,07kB\" class=\"mtli_attachment mtli_pdf\" data-mtli=\"mtli_filesize47,07kB\">Uchwa\u0142a 1\/V\/2024<\/a><\/p>\n<p><a href=\"https:\/\/us.edu.pl\/wydzial\/wnp\/wp-content\/uploads\/sites\/16\/Bez-kategorii\/Uchwala-GS.pdf\" class=\"mtli_attachment mtli_pdf\" data-mtli=\"mtli_filesize48,79kB\" class=\"mtli_attachment mtli_pdf\" data-mtli=\"mtli_filesize48,79kB\">Uchwa\u0142a 2\/V\/2024<\/a><\/p>\n<p>&nbsp;<\/p>\n<p><a href=\"https:\/\/us.edu.pl\/wydzial\/wnp\/wp-content\/uploads\/sites\/16\/Bez-kategorii\/Wyciag-z-Rady-Dydaktycznej-kierunku-GE-i-GS.docx\" class=\"mtli_attachment mtli_docx\" data-mtli=\"mtli_filesize15,19kB\" class=\"mtli_attachment mtli_docx\" data-mtli=\"mtli_filesize15,19kB\">Wyci\u0105g z Rady Dydaktycznej kierunk\u00f3w geologicznych z dnia 23 pa\u017adziernika 2024 r.<\/a><\/p>\n<p><a href=\"https:\/\/us.edu.pl\/wydzial\/wnp\/wp-content\/uploads\/sites\/16\/Bez-kategorii\/Wyciag-z-RD_26_06_24_ver.ostateczna.pdf\" class=\"mtli_attachment mtli_pdf\" data-mtli=\"mtli_filesize427,49kB\" class=\"mtli_attachment mtli_pdf\" data-mtli=\"mtli_filesize427,49kB\">Wyci\u0105g z Rady Dydaktycznej kierunk\u00f3w geologicznych z dnia 26 czerwca 2024r.<\/a><\/p>\n<p><a href=\"https:\/\/us.edu.pl\/wydzial\/wnp\/wp-content\/uploads\/sites\/16\/Bez-kategorii\/Wyciag-z-RD_15_05_15_ver.1_poprPS.pdf\" class=\"mtli_attachment mtli_pdf\" data-mtli=\"mtli_filesize411,76kB\" class=\"mtli_attachment mtli_pdf\" data-mtli=\"mtli_filesize411,76kB\">Wyci\u0105g z Rady Dydaktycznej kierunk\u00f3w geologicznych z dnia 15 maja 2024r.<\/a><\/p>\n<p><a href=\"https:\/\/us.edu.pl\/wydzial\/wnp\/wp-content\/uploads\/sites\/16\/Bez-kategorii\/Wyciag-z-RD_24_04_2024_Rver.1_poprPS-1.pdf\" class=\"mtli_attachment mtli_pdf\" data-mtli=\"mtli_filesize433,77kB\" class=\"mtli_attachment mtli_pdf\" data-mtli=\"mtli_filesize433,77kB\">Wyci\u0105g z Rady Dydaktycznej kierunk\u00f3w geologicznych z dnia 24 kwietnia 2024 r.<\/a><\/p>\n<p><a href=\"https:\/\/us.edu.pl\/wydzial\/wnp\/wp-content\/uploads\/sites\/16\/Bez-kategorii\/Wyciag-z-RD_28_02_2024_RRver.ostateczna.pdf\" class=\"mtli_attachment mtli_pdf\" data-mtli=\"mtli_filesize409,57kB\" class=\"mtli_attachment mtli_pdf\" data-mtli=\"mtli_filesize409,57kB\">Wyci\u0105g z Rady Dydaktycznej kierunk\u00f3w geologicznych z dnia 28 lutego 2024 r.<\/a><\/p>\n<p><a href=\"https:\/\/us.edu.pl\/wydzial\/wnp\/wp-content\/uploads\/sites\/16\/Bez-kategorii\/Wyciag_RD_17_01_2024ver.2.pdf\" class=\"mtli_attachment mtli_pdf\" data-mtli=\"mtli_filesize415,34kB\" class=\"mtli_attachment mtli_pdf\" data-mtli=\"mtli_filesize415,34kB\">Wyci\u0105g z Rady Dydaktycznej kierunk\u00f3w geologicznych z dnia 17 stycznia 2024 r.<\/a><\/p>\n<p><a href=\"https:\/\/us.edu.pl\/wydzial\/wnp\/wp-content\/uploads\/sites\/16\/Bez-kategorii\/Wyciag-z-RD_20_12_2023_ver.ostateczna_poprPS.pdf\" class=\"mtli_attachment mtli_pdf\" data-mtli=\"mtli_filesize446,97kB\" class=\"mtli_attachment mtli_pdf\" data-mtli=\"mtli_filesize446,97kB\">Wyci\u0105g z Rady Dydaktycznej kierunk\u00f3w geologicznych z dnia 20 grudnia 2023 r.<\/a><\/p>\n<p><a href=\"https:\/\/us.edu.pl\/wydzial\/wnp\/wp-content\/uploads\/sites\/16\/Bez-kategorii\/Wyciag-z-RD_22_11_2023_ver.1.pdf\" class=\"mtli_attachment mtli_pdf\" data-mtli=\"mtli_filesize419,23kB\" class=\"mtli_attachment mtli_pdf\" data-mtli=\"mtli_filesize419,23kB\">Wyci\u0105g z Rady Dydaktycznej kierunk\u00f3w geologicznych z dnia 22 listopada 2023 r<\/a><\/p>\n<p><a href=\"https:\/\/us.edu.pl\/wydzial\/wnp\/wp-content\/uploads\/sites\/16\/Bez-kategorii\/Wyciag-z-RD_25_10_2023_ver.ostateczna-1.pdf\" class=\"mtli_attachment mtli_pdf\" data-mtli=\"mtli_filesize466,11kB\" class=\"mtli_attachment mtli_pdf\" data-mtli=\"mtli_filesize466,11kB\">Wyci\u0105g z Rady Dydaktycznej kierunk\u00f3w geologicznych z dnia 25 pa\u017adziernika 2023 r.<\/a><\/p>\n<style type=\"text\/css\">a[data-mtli~=\"mtli_filesize47,07kB\"]:after {content:\" (47,07 kB)\"}a[data-mtli~=\"mtli_filesize48,79kB\"]:after {content:\" (48,79 kB)\"}a[data-mtli~=\"mtli_filesize15,19kB\"]:after {content:\" (15,19 kB)\"}a[data-mtli~=\"mtli_filesize427,49kB\"]:after {content:\" (427,49 kB)\"}a[data-mtli~=\"mtli_filesize411,76kB\"]:after {content:\" (411,76 kB)\"}a[data-mtli~=\"mtli_filesize433,77kB\"]:after {content:\" (433,77 kB)\"}a[data-mtli~=\"mtli_filesize409,57kB\"]:after {content:\" (409,57 kB)\"}a[data-mtli~=\"mtli_filesize415,34kB\"]:after {content:\" (415,34 kB)\"}a[data-mtli~=\"mtli_filesize446,97kB\"]:after {content:\" (446,97 kB)\"}a[data-mtli~=\"mtli_filesize419,23kB\"]:after {content:\" (419,23 kB)\"}a[data-mtli~=\"mtli_filesize466,11kB\"]:after {content:\" (466,11 kB)\"}<\/style><\/div>\r\n                    <\/div>\r\n                <\/div>[\/vc_column][\/vc_row]<\/p>\n<style type=\"text\/css\">a[data-mtli~=\"mtli_filesize47,07kB\"]:after {content:\" (47,07 kB)\"}a[data-mtli~=\"mtli_filesize48,79kB\"]:after {content:\" (48,79 kB)\"}a[data-mtli~=\"mtli_filesize15,19kB\"]:after {content:\" (15,19 kB)\"}a[data-mtli~=\"mtli_filesize427,49kB\"]:after {content:\" (427,49 kB)\"}a[data-mtli~=\"mtli_filesize411,76kB\"]:after {content:\" (411,76 kB)\"}a[data-mtli~=\"mtli_filesize433,77kB\"]:after {content:\" (433,77 kB)\"}a[data-mtli~=\"mtli_filesize409,57kB\"]:after {content:\" (409,57 kB)\"}a[data-mtli~=\"mtli_filesize415,34kB\"]:after {content:\" (415,34 kB)\"}a[data-mtli~=\"mtli_filesize446,97kB\"]:after {content:\" (446,97 kB)\"}a[data-mtli~=\"mtli_filesize419,23kB\"]:after {content:\" (419,23 kB)\"}a[data-mtli~=\"mtli_filesize466,11kB\"]:after {content:\" (466,11 kB)\"}<\/style>","protected":false},"excerpt":{"rendered":"<p>[vc_row][vc_column][\/vc_column][\/vc_row][vc_row][vc_column][\/vc_column][\/vc_row][vc_row][vc_column][\/vc_column][\/vc_row] [&#8230;]<\/p>\n<p><a class=\"btn btn-secondary understrap-read-more-link\" href=\"https:\/\/us.edu.pl\/wydzial\/wnp\/student\/kierunki-geologiczne\/rada-dydaktyczna\/\">Read More&#8230;<\/a><\/p>\n","protected":false},"author":115,"featured_media":0,"parent":3718,"menu_order":5,"comment_status":"closed","ping_status":"closed","template":"","meta":{"_expiration-date-status":"","_expiration-date":0,"_expiration-date-type":"","_expiration-date-categories":[],"_expiration-date-options":[]},"acf":[],"_links":{"self":[{"href":"https:\/\/us.edu.pl\/wydzial\/wnp\/wp-json\/wp\/v2\/pages\/5694"}],"collection":[{"href":"https:\/\/us.edu.pl\/wydzial\/wnp\/wp-json\/wp\/v2\/pages"}],"about":[{"href":"https:\/\/us.edu.pl\/wydzial\/wnp\/wp-json\/wp\/v2\/types\/page"}],"author":[{"embeddable":true,"href":"https:\/\/us.edu.pl\/wydzial\/wnp\/wp-json\/wp\/v2\/users\/115"}],"replies":[{"embeddable":true,"href":"https:\/\/us.edu.pl\/wydzial\/wnp\/wp-json\/wp\/v2\/comments?post=5694"}],"version-history":[{"count":0,"href":"https:\/\/us.edu.pl\/wydzial\/wnp\/wp-json\/wp\/v2\/pages\/5694\/revisions"}],"up":[{"embeddable":true,"href":"https:\/\/us.edu.pl\/wydzial\/wnp\/wp-json\/wp\/v2\/pages\/3718"}],"wp:attachment":[{"href":"https:\/\/us.edu.pl\/wydzial\/wnp\/wp-json\/wp\/v2\/media?parent=5694"}],"curies":[{"name":"wp","href":"https:\/\/api.w.org\/{rel}","templated":true}]}}