{"id":5942,"date":"2022-01-24T22:38:20","date_gmt":"2022-01-24T21:38:20","guid":{"rendered":"https:\/\/us.edu.pl\/wydzial\/wnp\/?page_id=5942"},"modified":"2022-01-24T22:38:20","modified_gmt":"2022-01-24T21:38:20","slug":"projekty","status":"publish","type":"page","link":"https:\/\/us.edu.pl\/wydzial\/wnp\/nauka\/projekty\/","title":{"rendered":"projekty"},"content":{"rendered":"<p>[vc_row][vc_column]\r\n                <div class=\"text-modules\">\r\n                    <div class=\"container\">\r\n                        \r\n                        <div class=\"text-modules__content\"><p><strong>Badania podstawowe na rzecz post\u0119pu biologicznego w produkcji ro\u015blinnej w latach 2021-2027<\/strong><\/p>\n<p><strong>\u00a0<\/strong><\/p>\n<p><strong>Tytu\u0142 projektu: Molekularne aspekty procesu embriogenezy w kulturze izolowanych mikrospor pszenicy (<em>Triticum aestivum<\/em>)<\/strong><\/p>\n<p><strong>\u00a0<\/strong><\/p>\n<p>Zadanie badawcze 6 wg. Za\u0142\u0105cznika do Rozporz\u0105dzenia Ministra Rolnictwa i Rozwoju Wsi \u00a0z dn. 10.10.2021 r. zmieniaj\u0105ce w sprawie stawek dotacji przedmiotowych dla r\u00f3\u017cnych podmiot\u00f3w wykonuj\u0105cych zadania na rzecz rolnictwa<\/p>\n<p><strong>\u00a0<\/strong><\/p>\n<p><strong>Kierownik: dr Monika Gajecka<\/strong><\/p>\n<p><strong>Okres realizacji: 2022-2026<\/strong><\/p>\n<p><strong>Wysoko\u015b\u0107 planowanych nak\u0142ad\u00f3w: <\/strong><strong>765\u00a0000 PLN<\/strong><\/p>\n<p><strong>Dofinansowanie: <\/strong><strong>765\u00a0000 PLN<\/strong><\/p>\n<p><strong>Dofinansowanie na rok 2022: <\/strong><strong>145\u00a0000 PLN<\/strong><\/p>\n<\/div>\r\n                    <\/div>\r\n                <\/div>[\/vc_column][\/vc_row]<\/p>","protected":false},"excerpt":{"rendered":"<p>[vc_row][vc_column][\/vc_column][\/vc_row] [&#8230;]<\/p>\n<p><a class=\"btn btn-secondary understrap-read-more-link\" href=\"https:\/\/us.edu.pl\/wydzial\/wnp\/nauka\/projekty\/\">Read More&#8230;<\/a><\/p>\n","protected":false},"author":115,"featured_media":0,"parent":413,"menu_order":0,"comment_status":"closed","ping_status":"closed","template":"page-templates\/inner-page.php","meta":{"_expiration-date-status":"saved","_expiration-date":0,"_expiration-date-type":"","_expiration-date-categories":[],"_expiration-date-options":[]},"acf":[],"_links":{"self":[{"href":"https:\/\/us.edu.pl\/wydzial\/wnp\/wp-json\/wp\/v2\/pages\/5942"}],"collection":[{"href":"https:\/\/us.edu.pl\/wydzial\/wnp\/wp-json\/wp\/v2\/pages"}],"about":[{"href":"https:\/\/us.edu.pl\/wydzial\/wnp\/wp-json\/wp\/v2\/types\/page"}],"author":[{"embeddable":true,"href":"https:\/\/us.edu.pl\/wydzial\/wnp\/wp-json\/wp\/v2\/users\/115"}],"replies":[{"embeddable":true,"href":"https:\/\/us.edu.pl\/wydzial\/wnp\/wp-json\/wp\/v2\/comments?post=5942"}],"version-history":[{"count":0,"href":"https:\/\/us.edu.pl\/wydzial\/wnp\/wp-json\/wp\/v2\/pages\/5942\/revisions"}],"up":[{"embeddable":true,"href":"https:\/\/us.edu.pl\/wydzial\/wnp\/wp-json\/wp\/v2\/pages\/413"}],"wp:attachment":[{"href":"https:\/\/us.edu.pl\/wydzial\/wnp\/wp-json\/wp\/v2\/media?parent=5942"}],"curies":[{"name":"wp","href":"https:\/\/api.w.org\/{rel}","templated":true}]}}