{"id":6295,"date":"2022-03-08T09:00:17","date_gmt":"2022-03-08T08:00:17","guid":{"rendered":"https:\/\/us.edu.pl\/wydzial\/wnp\/?page_id=6295"},"modified":"2022-03-08T09:00:17","modified_gmt":"2022-03-08T08:00:17","slug":"unesco","status":"publish","type":"page","link":"https:\/\/us.edu.pl\/wydzial\/wnp\/nauka\/wymiana-akademicka\/unesco\/","title":{"rendered":"unesco"},"content":{"rendered":"<p>[vc_row][vc_column]\r\n                <div class=\"text-modules reverse\">\r\n                    <div class=\"container\">\r\n                        <h3 class=\"section-title section-title_border-bottom\">UNESCO<\/h3> \r\n                        <div class=\"row m-0\">\r\n                            <div class=\"text-modules__content\">\r\n                                <strong>Dla kogo:<\/strong> studenci, doktoranci<\/p>\n<p><strong>Terminy nabor\u00f3w 2022: <\/strong>15.03-15.04.2022 (na stypendia 1-5 miesi\u0119czne zrealizowane do ko\u0144ca roku kalendarzowego)<\/p>\n<p><strong>Jak aplikowa\u0107<\/strong>: Osoby zainteresowane Programem stypendialnym UNESCO powinny nawi\u0105za\u0107 kontakt z Wydzia\u0142owym Koordynatorem Programu. \r\n                                <div class=\"mt-3\"><\/div>\r\n                            <\/div>\r\n                            \r\n                            <div class=\"text-modules__img\"><img src=\"https:\/\/us.edu.pl\/wydzial\/wnp\/wp-content\/uploads\/sites\/16\/2022\/03\/UNESCO.png\" alt=\"img\"><\/div>\r\n                        <\/div>\r\n                    <\/div>\r\n                <\/div>\r\n                <div class=\"text-modules\">\r\n                    <div class=\"container\">\r\n                        \r\n                        <div class=\"text-modules__content\"><p><strong>Informacje<\/strong>:<\/p>\n<p>Stypendia dla student\u00f3w po minimum Iicencjacie i doktorant\u00f3w z kraj\u00f3w Europy Wschodniej i \u015arodkowo-Wschodniej oraz kraj\u00f3w rozwijaj\u0105cych si\u0119 wed\u0142ug Organizacji Wsp\u00f3\u0142pracy Gospodarczej i Rozwoju (OECD)<\/p>\n<p><strong>Wydzia\u0142owy Koordynator Programu: <\/strong>dr hab. Izabella Franiel (IBBiO\u015a, <a href=\"mailto:izabella.franiel@us.edu.pl\">izabella.franiel@us.edu.pl<\/a>), dr Krzysztof Gaidzik (INoZ, <a href=\"mailto:krzysztof.gaidzik@us.edu.pl\">krzysztof.gaidzik@us.edu.pl<\/a>)<\/p>\n<p>&nbsp;<\/p>\n<p><strong>Kontakt U\u015a: <\/strong><a href=\"mailto:erasmus@us.edu.pl\">erasmus@us.edu.pl<\/a><\/p>\n<\/div>\r\n                    <\/div>\r\n                <\/div>[\/vc_column][\/vc_row]<\/p>","protected":false},"excerpt":{"rendered":"<p>[vc_row][vc_column][\/vc_column][\/vc_row] [&#8230;]<\/p>\n<p><a class=\"btn btn-secondary understrap-read-more-link\" href=\"https:\/\/us.edu.pl\/wydzial\/wnp\/nauka\/wymiana-akademicka\/unesco\/\">Read More&#8230;<\/a><\/p>\n","protected":false},"author":115,"featured_media":0,"parent":6275,"menu_order":0,"comment_status":"closed","ping_status":"closed","template":"page-templates\/inner-page.php","meta":{"_expiration-date-status":"saved","_expiration-date":0,"_expiration-date-type":"","_expiration-date-categories":[],"_expiration-date-options":[]},"acf":[],"_links":{"self":[{"href":"https:\/\/us.edu.pl\/wydzial\/wnp\/wp-json\/wp\/v2\/pages\/6295"}],"collection":[{"href":"https:\/\/us.edu.pl\/wydzial\/wnp\/wp-json\/wp\/v2\/pages"}],"about":[{"href":"https:\/\/us.edu.pl\/wydzial\/wnp\/wp-json\/wp\/v2\/types\/page"}],"author":[{"embeddable":true,"href":"https:\/\/us.edu.pl\/wydzial\/wnp\/wp-json\/wp\/v2\/users\/115"}],"replies":[{"embeddable":true,"href":"https:\/\/us.edu.pl\/wydzial\/wnp\/wp-json\/wp\/v2\/comments?post=6295"}],"version-history":[{"count":0,"href":"https:\/\/us.edu.pl\/wydzial\/wnp\/wp-json\/wp\/v2\/pages\/6295\/revisions"}],"up":[{"embeddable":true,"href":"https:\/\/us.edu.pl\/wydzial\/wnp\/wp-json\/wp\/v2\/pages\/6275"}],"wp:attachment":[{"href":"https:\/\/us.edu.pl\/wydzial\/wnp\/wp-json\/wp\/v2\/media?parent=6295"}],"curies":[{"name":"wp","href":"https:\/\/api.w.org\/{rel}","templated":true}]}}