{"id":6297,"date":"2022-03-08T09:42:25","date_gmt":"2022-03-08T08:42:25","guid":{"rendered":"https:\/\/us.edu.pl\/wydzial\/wnp\/?page_id=6297"},"modified":"2022-03-08T09:42:25","modified_gmt":"2022-03-08T08:42:25","slug":"nawa-2","status":"publish","type":"page","link":"https:\/\/us.edu.pl\/wydzial\/wnp\/nauka\/wymiana-akademicka\/nawa-2\/","title":{"rendered":"nawa"},"content":{"rendered":"<p>[vc_row][vc_column]\r\n                <div class=\"text-modules reverse\">\r\n                    <div class=\"container\">\r\n                         <h3 class=\"subtitle text-modules__subtitle\">Program Bekkera<\/h3>\r\n                        <div class=\"row m-0\">\r\n                            <div class=\"text-modules__content\">\r\n                                <strong>Dla kogo:<\/strong> pracownicy, doktoranci<\/p>\n<p><strong>Terminy naboru 2022<\/strong>: 10.03.2022-10.05.2022 (rozstrzygni\u0119cie 31.12.2022)<\/p>\n<p><strong>Jak aplikowa\u0107<\/strong>: Osoby zainteresowane Programem bli\u017csze informacje o terminach naboru zg\u0142osze\u0144 znajd\u0105 pod linkiem <a href=\"https:\/\/nawa.gov.pl\/naukowcy\/program-imienia-bekkera\">https:\/\/nawa.gov.pl\/naukowcy\/program-imienia-bekkera<\/a> \r\n                                <div class=\"mt-3\"><\/div>\r\n                            <\/div>\r\n                            \r\n                            <div class=\"text-modules__img\"><img src=\"https:\/\/us.edu.pl\/wydzial\/wnp\/wp-content\/uploads\/sites\/16\/2022\/03\/bekker.jpg\" alt=\"img\"><\/div>\r\n                        <\/div>\r\n                    <\/div>\r\n                <\/div>\r\n                <div class=\"text-modules\">\r\n                    <div class=\"container\">\r\n                        \r\n                        <div class=\"text-modules__content\"><p><strong>Informacje<\/strong>: Celem Programu jest wsparcie mobilno\u015bci mi\u0119dzynarodowej doktorant\u00f3w, naukowc\u00f3w i\u00a0nauczycieli akademickich w\u00a0d\u0105\u017ceniu do doskona\u0142o\u015bci naukowej przez umo\u017cliwienie im rozwoju naukowego w\u00a0zagranicznych o\u015brodkach badawczych oraz akademickich na ca\u0142ym \u015bwiecie.<\/p>\n<p>Program jest otwarty dla doktorant\u00f3w i\u00a0naukowc\u00f3w reprezentuj\u0105cych wszystkie dziedziny nauki, a\u00a0jednostkami goszcz\u0105cymi mog\u0105 by\u0107 o\u015brodki naukowe lub akademickie na ca\u0142ym \u015bwiecie.<\/p>\n<p>Wyjazdy trwaj\u0105ce od 3 do 24 miesi\u0119cy<strong>\u00a0<\/strong>pozwol\u0105 im na\u00a0pobyt w\u00a0uznanych o\u015brodkach naukowych, nawi\u0105zanie z\u00a0nimi d\u0142ugofalowej wsp\u00f3\u0142pracy oraz na\u00a0realizacj\u0119 projekt\u00f3w wsp\u00f3lnie z\u00a0wybitnymi naukowcami z\u00a0zagranicy. M\u0142odszym naukowcom Program stworzy tak\u017ce szans\u0119 realizacji warto\u015bciowych sta\u017cy podoktorskich za\u015b doktorantom na realizacj\u0119 cz\u0119\u015bci kszta\u0142cenia.<\/p>\n<p>Program zapewnia finansowanie stypendium obejmuj\u0105cego zar\u00f3wno koszty utrzymania stypendysty zwi\u0105zane z\u00a0pobytem naukowca w\u00a0zagranicznym o\u015brodku goszcz\u0105cym, jak i\u00a0dodatek mobilno\u015bciowy. Kwota stypendium mo\u017ce by\u0107 podwy\u017cszona, je\u015bli w\u00a0wyje\u017adzie uczestniczy ma\u0142\u017conek stypendysty oraz jego niepe\u0142noletnie dzieci, a\u00a0w\u00a0przypadku stypendysty z\u00a0orzeczon\u0105 niepe\u0142nosprawno\u015bci\u0105 w\u00a0stopniu znacznym lub umiarkowanym \u2013 opiekun.<\/p>\n<\/div>\r\n                    <\/div>\r\n                <\/div>\r\n                <div class=\"text-modules reverse\">\r\n                    <div class=\"container\">\r\n                         <h3 class=\"subtitle text-modules__subtitle\">Program im. Stanis\u0142awa Ulama<\/h3>\r\n                        <div class=\"row m-0\">\r\n                            <div class=\"text-modules__content\">\r\n                                <strong>Dla kogo:<\/strong> dla uznanych, jak i obiecuj\u0105cych naukowc\u00f3w z zagranicy<\/p>\n<p><strong>Terminy naboru 2022<\/strong>: 10.03.2022-10.05.2022 (rozstrzygni\u0119cie 10.11.2022)<\/p>\n<p><strong>Jak aplikowa\u0107<\/strong>: Osoby zainteresowane Programem bli\u017csze informacje o terminach naboru zg\u0142osze\u0144 znajd\u0105 pod linkiem <a href=\"https:\/\/nawa.gov.pl\/naukowcy\/program-im-ulama\">https:\/\/nawa.gov.pl\/naukowcy\/program-im-ulama<\/a><\/p>\n<div class=\"mt-3\"><\/div>\r\n                            <\/div>\r\n                            \r\n                            <div class=\"text-modules__img\"><img src=\"https:\/\/us.edu.pl\/wydzial\/wnp\/wp-content\/uploads\/sites\/16\/2022\/03\/ULAM.jpg\" alt=\"img\"><\/div>\r\n                        <\/div>\r\n                    <\/div>\r\n                <\/div>\r\n                <div class=\"text-modules\">\r\n                    <div class=\"container\">\r\n                        \r\n                        <div class=\"text-modules__content\"><p>Celem programu im. Stanis\u0142awa Ulama jest zwi\u0119kszenie stopnia umi\u0119dzynarodowienia polskich uczelni i\u00a0instytucji naukowych. Program pozwala na przyjazdy do Polski zar\u00f3wno uznanych, jak i\u00a0obiecuj\u0105cych naukowc\u00f3w, posiadaj\u0105cych co najmniej stopie\u0144 naukowy doktora, kt\u00f3rzy wzmocni\u0105 potencja\u0142 naukowy polskich jednostek i\u00a0w\u0142\u0105cz\u0105 si\u0119 w\u00a0prowadzone w\u00a0nich aktywno\u015bci naukowe, przede wszystkim projekty badawcze i\u00a0dydaktyk\u0119. W\u00a0ramach Programu mo\u017cliwe b\u0119dzie zaproszenie badaczy z\u00a0zagranicy, bez wzgl\u0119du na wiek, reprezentowan\u0105 dziedzin\u0119 czy kraj pochodzenia, w\u00a0tym polskich naukowc\u00f3w pracuj\u0105cych na sta\u0142e za granic\u0105 (mog\u0105 oni stanowi\u0107 maksymalnie do 10% Stypendyst\u00f3w w\u00a0naborze). Uczelnie oraz instytuty naukowe oraz badawcze mog\u0105 zaprosi\u0107 do Polski specjalist\u00f3w z\u00a0priorytetowych dla nich dziedzin, kt\u00f3rzy w\u00a0znacz\u0105cy spos\u00f3b rozwin\u0105 prowadzone przez dan\u0105 instytucj\u0119 badania naukowe, wzmocni\u0105 dydaktyk\u0119, czy te\u017c wespr\u0105 instytucj\u0119 w\u00a0przygotowywaniu aplikacji o\u00a0presti\u017cowe granty.<\/p>\n<p>W\u00a0ramach Programu mo\u017cliwe s\u0105 przyjazdy, kt\u00f3rych celem jest:<\/p>\n<ol>\n<li>prowadzenie bada\u0144 naukowych;<\/li>\n<li>odbycie sta\u017cu podoktorskiego;<\/li>\n<li>pozyskanie materia\u0142\u00f3w do bada\u0144 lub publikacji naukowej;<\/li>\n<\/ol>\n<p>Jako uzupe\u0142nienie powy\u017cszych aktywno\u015bci, przyjazd mo\u017ce obejmowa\u0107 r\u00f3wnie\u017c prowadzenie zaj\u0119\u0107 dydaktycznych w\u00a0O\u015brodku goszcz\u0105cym.<\/p>\n<p>Pobyty zagranicznych naukowc\u00f3w w\u00a0Polsce mog\u0105 trwa\u0107\u00a0<strong>od 6 do 24 miesi\u0119cy<\/strong>, a\u00a0beneficjent w\u00a0ramach Programu otrzyma na czas pobytu comiesi\u0119czne stypendium w\u00a0wysoko\u015bci 10000 PLN oraz dodatek mobilno\u015bciowy, kt\u00f3ry pozwoli na pokrycie koszt\u00f3w organizacji podr\u00f3\u017cy.<\/p>\n<p>Wniosek w\u00a0programie mo\u017ce r\u00f3wnie\u017c z\u0142o\u017cy\u0107 naukowiec, posiadaj\u0105cy co najmniej stopie\u0144 doktora albo r\u00f3wnorz\u0119dny stopie\u0144 uzyskany za granic\u0105, kt\u00f3ry wraz z\u00a0instytucj\u0105 polskiego systemu szkolnictwa wy\u017cszego i\u00a0nauki uzyska\u0142 certyfikat Seal of Excellence w\u00a0ramach programu Marie Sk\u0142odowska-Curie Actions Individual Fellowships edycja 2020<strong>.<\/strong>\u00a0NAWA uznaje certyfikat MSCA Seal of Excellence jako wi\u0105\u017c\u0105c\u0105 weryfikacj\u0119 jako\u015bci wniosku.<\/p>\n<p><strong>Wydzia\u0142owy Koordynator mobilno\u015bci w ramach NAWA: <\/strong>dr hab. Alexander Betekhtin (IBBiO\u015a, email: alexander.betekhtin@us.edu.pl); dr Krzysztof Gaidzik (INoZ, email: krzysztof.gaidzik@us.edu.pl)<\/p>\n<p><strong>Kontakt z Dzia\u0142em wsp\u00f3\u0142pracy z zagranic\u0105 dla os\u00f3b zainteresowanych programem<\/strong>: brmm@us.edu.pl<\/p>\n<\/div>\r\n                    <\/div>\r\n                <\/div>[\/vc_column][\/vc_row]<\/p>","protected":false},"excerpt":{"rendered":"<p>[vc_row][vc_column][\/vc_column][\/vc_row] [&#8230;]<\/p>\n<p><a class=\"btn btn-secondary understrap-read-more-link\" href=\"https:\/\/us.edu.pl\/wydzial\/wnp\/nauka\/wymiana-akademicka\/nawa-2\/\">Read More&#8230;<\/a><\/p>\n","protected":false},"author":115,"featured_media":0,"parent":6275,"menu_order":0,"comment_status":"closed","ping_status":"closed","template":"page-templates\/inner-page.php","meta":{"_expiration-date-status":"saved","_expiration-date":0,"_expiration-date-type":"","_expiration-date-categories":[],"_expiration-date-options":[]},"acf":[],"_links":{"self":[{"href":"https:\/\/us.edu.pl\/wydzial\/wnp\/wp-json\/wp\/v2\/pages\/6297"}],"collection":[{"href":"https:\/\/us.edu.pl\/wydzial\/wnp\/wp-json\/wp\/v2\/pages"}],"about":[{"href":"https:\/\/us.edu.pl\/wydzial\/wnp\/wp-json\/wp\/v2\/types\/page"}],"author":[{"embeddable":true,"href":"https:\/\/us.edu.pl\/wydzial\/wnp\/wp-json\/wp\/v2\/users\/115"}],"replies":[{"embeddable":true,"href":"https:\/\/us.edu.pl\/wydzial\/wnp\/wp-json\/wp\/v2\/comments?post=6297"}],"version-history":[{"count":0,"href":"https:\/\/us.edu.pl\/wydzial\/wnp\/wp-json\/wp\/v2\/pages\/6297\/revisions"}],"up":[{"embeddable":true,"href":"https:\/\/us.edu.pl\/wydzial\/wnp\/wp-json\/wp\/v2\/pages\/6275"}],"wp:attachment":[{"href":"https:\/\/us.edu.pl\/wydzial\/wnp\/wp-json\/wp\/v2\/media?parent=6297"}],"curies":[{"name":"wp","href":"https:\/\/api.w.org\/{rel}","templated":true}]}}