{"id":6340,"date":"2022-03-09T21:50:57","date_gmt":"2022-03-09T20:50:57","guid":{"rendered":"https:\/\/us.edu.pl\/wydzial\/wnp\/?page_id=6340"},"modified":"2022-03-09T21:50:57","modified_gmt":"2022-03-09T20:50:57","slug":"kontakt","status":"publish","type":"page","link":"https:\/\/us.edu.pl\/wydzial\/wnp\/wspolpraca\/kontakt\/","title":{"rendered":"kontakt"},"content":{"rendered":"<p>[vc_row][vc_column]\r\n                <div class=\"text-modules\">\r\n                    <div class=\"container\">\r\n                        <h3 class=\"page-title text__title\">Kontakt - promocja WNP<\/h3>\r\n                        <div class=\"text-modules__content\"><div role=\"form\" class=\"wpcf7\" id=\"wpcf7-f6336-o1\" lang=\"pl-PL\" dir=\"ltr\">\n<div class=\"screen-reader-response\"><p role=\"status\" aria-live=\"polite\" aria-atomic=\"true\"><\/p> <ul><\/ul><\/div>\n<form action=\"\/wydzial\/wnp\/wp-json\/wp\/v2\/pages\/6340#wpcf7-f6336-o1\" method=\"post\" class=\"wpcf7-form init\" enctype=\"multipart\/form-data\" novalidate=\"novalidate\" data-status=\"init\">\n<div style=\"display: none;\">\n<input type=\"hidden\" name=\"_wpcf7\" value=\"6336\" \/>\n<input type=\"hidden\" name=\"_wpcf7_version\" value=\"5.6.4\" \/>\n<input type=\"hidden\" name=\"_wpcf7_locale\" value=\"pl_PL\" \/>\n<input type=\"hidden\" name=\"_wpcf7_unit_tag\" value=\"wpcf7-f6336-o1\" \/>\n<input type=\"hidden\" name=\"_wpcf7_container_post\" value=\"0\" \/>\n<input type=\"hidden\" name=\"_wpcf7_posted_data_hash\" value=\"\" \/>\n<\/div>\n<p><label> Imi\u0119 i nazwisko (wymagane)<br \/>\n    <span class=\"wpcf7-form-control-wrap\" data-name=\"your-name\"><input type=\"text\" name=\"your-name\" value=\"\" size=\"40\" class=\"wpcf7-form-control wpcf7-text wpcf7-validates-as-required\" aria-required=\"true\" aria-invalid=\"false\" \/><\/span> <\/label><\/p>\n<p><label> Adres email (wymagane)<br \/>\n    <span class=\"wpcf7-form-control-wrap\" data-name=\"your-email\"><input type=\"email\" name=\"your-email\" value=\"\" size=\"40\" class=\"wpcf7-form-control wpcf7-text wpcf7-email wpcf7-validates-as-required wpcf7-validates-as-email\" aria-required=\"true\" aria-invalid=\"false\" \/><\/span> <\/label><\/p>\n<p><label> Temat<br \/>\n    <span class=\"wpcf7-form-control-wrap\" data-name=\"your-subject\"><input type=\"text\" name=\"your-subject\" value=\"\" size=\"40\" class=\"wpcf7-form-control wpcf7-text\" aria-invalid=\"false\" \/><\/span> <\/label><\/p>\n<p><label> Dotyczy<br \/>\n<span class=\"wpcf7-form-control-wrap\" data-name=\"menu-250\"><select name=\"menu-250\" class=\"wpcf7-form-control wpcf7-select\" aria-invalid=\"false\"><option value=\"\">---<\/option><option value=\"publikacja\">publikacja<\/option><option value=\"projekt\">projekt<\/option><option value=\"edukacja\">edukacja<\/option><option value=\"nawi\u0105zanie wsp\u00f3\u0142pracy\">nawi\u0105zanie wsp\u00f3\u0142pracy<\/option><option value=\"wizyta go\u015bcia z zagranicy\">wizyta go\u015bcia z zagranicy<\/option><option value=\"inne\">inne<\/option><\/select><\/span><\/label><\/p>\n<p><label> Tre\u015b\u0107 wiadomo\u015bci<br \/>\n    <span class=\"wpcf7-form-control-wrap\" data-name=\"your-message\"><textarea name=\"your-message\" cols=\"40\" rows=\"10\" class=\"wpcf7-form-control wpcf7-textarea\" aria-invalid=\"false\"><\/textarea><\/span> <\/label><\/p>\n<p><label> Za\u0142\u0105cznik<br \/>\n<span class=\"wpcf7-form-control-wrap\" data-name=\"your-file\"><input type=\"file\" name=\"your-file\" size=\"40\" class=\"wpcf7-form-control wpcf7-file\" accept=\".jpg,.pdf,.doc,.docx,.rar,.zip\" aria-invalid=\"false\" \/><\/span> <\/label><\/p>\n<p><input type=\"submit\" value=\"Wy\u015blij\" class=\"wpcf7-form-control has-spinner wpcf7-submit\" \/><\/p>\n<div class=\"wpcf7-response-output\" aria-hidden=\"true\"><\/div><\/form><\/div>\n<\/div>\r\n                    <\/div>\r\n                <\/div>[\/vc_column][\/vc_row]<\/p>","protected":false},"excerpt":{"rendered":"<p>[vc_row][vc_column][\/vc_column][\/vc_row] [&#8230;]<\/p>\n<p><a class=\"btn btn-secondary understrap-read-more-link\" href=\"https:\/\/us.edu.pl\/wydzial\/wnp\/wspolpraca\/kontakt\/\">Read More&#8230;<\/a><\/p>\n","protected":false},"author":115,"featured_media":0,"parent":3063,"menu_order":0,"comment_status":"closed","ping_status":"closed","template":"","meta":{"_expiration-date-status":"saved","_expiration-date":0,"_expiration-date-type":"","_expiration-date-categories":[],"_expiration-date-options":[]},"acf":[],"_links":{"self":[{"href":"https:\/\/us.edu.pl\/wydzial\/wnp\/wp-json\/wp\/v2\/pages\/6340"}],"collection":[{"href":"https:\/\/us.edu.pl\/wydzial\/wnp\/wp-json\/wp\/v2\/pages"}],"about":[{"href":"https:\/\/us.edu.pl\/wydzial\/wnp\/wp-json\/wp\/v2\/types\/page"}],"author":[{"embeddable":true,"href":"https:\/\/us.edu.pl\/wydzial\/wnp\/wp-json\/wp\/v2\/users\/115"}],"replies":[{"embeddable":true,"href":"https:\/\/us.edu.pl\/wydzial\/wnp\/wp-json\/wp\/v2\/comments?post=6340"}],"version-history":[{"count":0,"href":"https:\/\/us.edu.pl\/wydzial\/wnp\/wp-json\/wp\/v2\/pages\/6340\/revisions"}],"up":[{"embeddable":true,"href":"https:\/\/us.edu.pl\/wydzial\/wnp\/wp-json\/wp\/v2\/pages\/3063"}],"wp:attachment":[{"href":"https:\/\/us.edu.pl\/wydzial\/wnp\/wp-json\/wp\/v2\/media?parent=6340"}],"curies":[{"name":"wp","href":"https:\/\/api.w.org\/{rel}","templated":true}]}}