{"id":977,"date":"2019-12-04T14:19:05","date_gmt":"2019-12-04T13:19:05","guid":{"rendered":"https:\/\/us.edu.pl\/wydzial\/wnp\/?page_id=977"},"modified":"2023-10-09T14:44:26","modified_gmt":"2023-10-09T12:44:26","slug":"pliki-do-pobrania","status":"publish","type":"page","link":"https:\/\/us.edu.pl\/wydzial\/wnp\/student\/pliki-do-pobrania\/","title":{"rendered":"pliki do pobrania"},"content":{"rendered":"<p><a href=\"https:\/\/us.edu.pl\/wydzial\/wnp\/wp-content\/uploads\/sites\/16\/2020\/07\/Standardowy-wniosek-o-IOS.docx\" class=\"mtli_attachment mtli_docx\" data-mtli=\"mtli_filesize62,14kB\">Standardowy wniosek o IOS<\/a><\/p>\n<p><a href=\"https:\/\/us.edu.pl\/wydzial\/wnp\/wp-content\/uploads\/sites\/16\/2020\/07\/Podanie-og\u00f3lne-WNP.docx\" class=\"mtli_attachment mtli_docx\" data-mtli=\"mtli_filesize52,13kB\">Podanie og\u00f3lne WNP<\/a><\/p>\n<p><a href=\"https:\/\/us.edu.pl\/wydzial\/wnp\/wp-content\/uploads\/sites\/16\/2020\/07\/Wniosek-o-zaliczenie-lub-egzamin-komisyjny.docx\" class=\"mtli_attachment mtli_docx\" data-mtli=\"mtli_filesize55,57kB\">Wniosek o zaliczenie lub egzamin komisyjny<\/a><\/p>\n<p><a href=\"https:\/\/us.edu.pl\/wydzial\/wnp\/wp-content\/uploads\/sites\/16\/2020\/07\/Wniosek-o-wznowienie-studi\u00f3w.docx\" class=\"mtli_attachment mtli_docx\" data-mtli=\"mtli_filesize55,67kB\">Wniosek o wznowienie studi\u00f3w<\/a><\/p>\n<p><a href=\"https:\/\/us.edu.pl\/wydzial\/wnp\/wp-content\/uploads\/sites\/16\/2020\/07\/Wniosek-o-wydanie-wypisu-z-indeksu.docx\" class=\"mtli_attachment mtli_docx\" data-mtli=\"mtli_filesize54,79kB\">Wniosek o wydanie wypisu z indeksu<\/a><\/p>\n<p><a href=\"https:\/\/us.edu.pl\/wydzial\/wnp\/wp-content\/uploads\/sites\/16\/2020\/07\/Wniosek-o-warunkowe-zaliczenie-semestru-z-powtarzaniem-modu\u0142\u00f3w.docx\" class=\"mtli_attachment mtli_docx\" data-mtli=\"mtli_filesize55,51kB\">Wniosek o warunkowe zaliczenie semestru z powtarzaniem modu\u0142\u00f3w<\/a><\/p>\n<p><a href=\"https:\/\/us.edu.pl\/wydzial\/wnp\/wp-content\/uploads\/sites\/16\/2020\/07\/Wniosek-o-udzielenie-urlopu-zdrowotnego.docx\" class=\"mtli_attachment mtli_docx\" data-mtli=\"mtli_filesize15,34kB\">Wniosek o udzielenie urlopu zdrowotnego<\/a><\/p>\n<p><a href=\"https:\/\/us.edu.pl\/wydzial\/wnp\/wp-content\/uploads\/sites\/16\/2020\/07\/Wniosek-o-rejestracj\u0119-tematu-pracy.docx\" class=\"mtli_attachment mtli_docx\" data-mtli=\"mtli_filesize55,23kB\">Wniosek o rejestracj\u0119 tematu pracy<\/a><\/p>\n<p><a href=\"https:\/\/us.edu.pl\/wydzial\/wnp\/wp-content\/uploads\/sites\/16\/2020\/07\/Wniosek-o-rejestracj\u0119-na-zaj\u0119cia.docx\" class=\"mtli_attachment mtli_docx\" data-mtli=\"mtli_filesize14,51kB\">Wniosek o rejestracj\u0119 na zaj\u0119cia<\/a><\/p>\n<p><a href=\"https:\/\/us.edu.pl\/wydzial\/wnp\/wp-content\/uploads\/sites\/16\/2020\/07\/Wniosek-o-przed\u0142u\u017cenie-terminu-z\u0142o\u017cenia-pracy-dyplomowej.docx\" class=\"mtli_attachment mtli_docx\" data-mtli=\"mtli_filesize55,35kB\">Wniosek o przed\u0142u\u017cenie terminu z\u0142o\u017cenia pracy dyplomowej<\/a><\/p>\n<p><a href=\"https:\/\/us.edu.pl\/wydzial\/wnp\/wp-content\/uploads\/sites\/16\/2020\/07\/Wniosek-o-powtarzanie-semestru.docx\" class=\"mtli_attachment mtli_docx\" data-mtli=\"mtli_filesize55,56kB\">Wniosek o powtarzanie semestru<\/a><\/p>\n<p><a href=\"https:\/\/us.edu.pl\/wydzial\/wnp\/wp-content\/uploads\/sites\/16\/2020\/07\/Wniosek-o-ITS.docx\" class=\"mtli_attachment mtli_docx\" data-mtli=\"mtli_filesize55,47kB\">Wniosek o ITS<\/a><\/p>\n<p><a href=\"https:\/\/us.edu.pl\/wydzial\/wnp\/wp-content\/uploads\/sites\/16\/2020\/07\/Wniosek-o-indywidualne-dostosowanie-studi\u00f3w-WNP.docx\" class=\"mtli_attachment mtli_docx\" data-mtli=\"mtli_filesize57,85kB\">Wniosek o indywidualne dostosowanie studi\u00f3w WNP<\/a><\/p>\n<p><a href=\"https:\/\/us.edu.pl\/wydzial\/wnp\/wp-content\/uploads\/sites\/16\/Nieprzypisane\/Wpisy-IZS.xlsx\" class=\"mtli_attachment mtli_xlsx\" data-mtli=\"mtli_filesize463,70kB\">wpisy do indeksu- In\u017cynieria Zagro\u017ce\u0144 \u015arodowiskowych<\/a><\/p>\n<p><a href=\"https:\/\/us.edu.pl\/wydzial\/wnp\/wp-content\/uploads\/sites\/16\/Nieprzypisane\/Wpisy-GS-MU.xlsx\" class=\"mtli_attachment mtli_xlsx\" data-mtli=\"mtli_filesize748,33kB\">wpisy do indeksu &#8211; Geologia Stosowana MU<\/a><\/p>\n<p><a href=\"https:\/\/us.edu.pl\/wydzial\/wnp\/wp-content\/uploads\/sites\/16\/Nieprzypisane\/Wpisy-GS-IN\u017b.xlsx\" class=\"mtli_attachment mtli_xlsx\" data-mtli=\"mtli_filesize64,96kB\">wpisy do indeksu &#8211; Geologia Stosowana IN\u017b<\/a><\/p>\n<p><a href=\"https:\/\/us.edu.pl\/wydzial\/wnp\/wp-content\/uploads\/sites\/16\/Nieprzypisane\/Wpisy-Turystyka.xlsx\" class=\"mtli_attachment mtli_xlsx\" data-mtli=\"mtli_filesize538,36kB\">wpisy do indeksu &#8211; Turystyka<\/a><\/p>\n<style type=\"text\/css\">a[data-mtli~=\"mtli_filesize62,14kB\"]:after {content:\" (62,14 kB)\"}a[data-mtli~=\"mtli_filesize52,13kB\"]:after {content:\" (52,13 kB)\"}a[data-mtli~=\"mtli_filesize55,57kB\"]:after {content:\" (55,57 kB)\"}a[data-mtli~=\"mtli_filesize55,67kB\"]:after {content:\" (55,67 kB)\"}a[data-mtli~=\"mtli_filesize54,79kB\"]:after {content:\" (54,79 kB)\"}a[data-mtli~=\"mtli_filesize55,51kB\"]:after {content:\" (55,51 kB)\"}a[data-mtli~=\"mtli_filesize15,34kB\"]:after {content:\" (15,34 kB)\"}a[data-mtli~=\"mtli_filesize55,23kB\"]:after {content:\" (55,23 kB)\"}a[data-mtli~=\"mtli_filesize14,51kB\"]:after {content:\" (14,51 kB)\"}a[data-mtli~=\"mtli_filesize55,35kB\"]:after {content:\" (55,35 kB)\"}a[data-mtli~=\"mtli_filesize55,56kB\"]:after {content:\" (55,56 kB)\"}a[data-mtli~=\"mtli_filesize55,47kB\"]:after {content:\" (55,47 kB)\"}a[data-mtli~=\"mtli_filesize57,85kB\"]:after {content:\" (57,85 kB)\"}a[data-mtli~=\"mtli_filesize463,70kB\"]:after {content:\" (463,70 kB)\"}a[data-mtli~=\"mtli_filesize748,33kB\"]:after {content:\" (748,33 kB)\"}a[data-mtli~=\"mtli_filesize64,96kB\"]:after {content:\" (64,96 kB)\"}a[data-mtli~=\"mtli_filesize538,36kB\"]:after {content:\" (538,36 kB)\"}<\/style>","protected":false},"excerpt":{"rendered":"<p>Standardowy wniosek o IOS Podanie og\u00f3lne WNP Wniosek o zaliczenie lub egzamin komisyjny Wniosek o wznowienie studi\u00f3w Wniosek o wydanie wypisu z indeksu Wniosek o warunkowe zaliczenie semestru z powtarzaniem modu\u0142\u00f3w Wniosek o udzielenie urlopu zdrowotnego Wniosek o rejestracj\u0119 tematu pracy Wniosek o rejestracj\u0119 na zaj\u0119cia Wniosek o przed\u0142u\u017cenie terminu z\u0142o\u017cenia pracy dyplomowej Wniosek o [&#8230;]<\/p>\n<p><a class=\"btn btn-secondary understrap-read-more-link\" href=\"https:\/\/us.edu.pl\/wydzial\/wnp\/student\/pliki-do-pobrania\/\">Read More&#8230;<\/a><\/p>\n","protected":false},"author":115,"featured_media":0,"parent":3732,"menu_order":10,"comment_status":"closed","ping_status":"closed","template":"page-templates\/inner-page.php","meta":{"_expiration-date-status":"","_expiration-date":0,"_expiration-date-type":"","_expiration-date-categories":[],"_expiration-date-options":[]},"acf":[],"_links":{"self":[{"href":"https:\/\/us.edu.pl\/wydzial\/wnp\/wp-json\/wp\/v2\/pages\/977"}],"collection":[{"href":"https:\/\/us.edu.pl\/wydzial\/wnp\/wp-json\/wp\/v2\/pages"}],"about":[{"href":"https:\/\/us.edu.pl\/wydzial\/wnp\/wp-json\/wp\/v2\/types\/page"}],"author":[{"embeddable":true,"href":"https:\/\/us.edu.pl\/wydzial\/wnp\/wp-json\/wp\/v2\/users\/115"}],"replies":[{"embeddable":true,"href":"https:\/\/us.edu.pl\/wydzial\/wnp\/wp-json\/wp\/v2\/comments?post=977"}],"version-history":[{"count":0,"href":"https:\/\/us.edu.pl\/wydzial\/wnp\/wp-json\/wp\/v2\/pages\/977\/revisions"}],"up":[{"embeddable":true,"href":"https:\/\/us.edu.pl\/wydzial\/wnp\/wp-json\/wp\/v2\/pages\/3732"}],"wp:attachment":[{"href":"https:\/\/us.edu.pl\/wydzial\/wnp\/wp-json\/wp\/v2\/media?parent=977"}],"curies":[{"name":"wp","href":"https:\/\/api.w.org\/{rel}","templated":true}]}}