{"id":1023,"date":"2019-12-09T14:15:57","date_gmt":"2019-12-09T13:15:57","guid":{"rendered":"https:\/\/us.edu.pl\/wydzial\/wns\/?page_id=1023"},"modified":"2025-12-05T11:33:40","modified_gmt":"2025-12-05T10:33:40","slug":"1023-2","status":"publish","type":"page","link":"https:\/\/us.edu.pl\/wydzial\/wns\/1023-2\/","title":{"rendered":"Praktyki Dziennikarstwo i Komunikacja Spo\u0142eczna"},"content":{"rendered":"<p>[vc_row][vc_column][\/vc_column][\/vc_row][vc_row][vc_column]\r\n                <div class=\"text-modules\">\r\n                    <div class=\"container\">\r\n                        <h3 class=\"page-title text__title\">Organizacja praktyk studenckich<\/h3>\r\n                        <div class=\"text-modules__content\"><p>Opiekun praktyk na kierunku dziennikarstwo i komunikacja spo\u0142eczna na studiach pierwszego i\u00a0drugiego stopnia &#8211; dr Bernard Grzonka<\/p>\n<p>Najwa\u017cniejszymi miejscami odbywania praktyk przez student\u00f3w kierunku dziennikarstwo i komunikacja spo\u0142eczna s\u0105: Polska Press Sp. z o.o.(Redakcja &#8222;Dziennika Zachodniego&#8221; i innych pism), Polskie Radio Katowice S.A., Telewizja Polska S.A o\/Katowice (TVP3 Katowice), Telewizja TVN24 o\/Katowice, redakcje medi\u00f3w lokalnych i internetowych, redakcje innych medi\u00f3w og\u00f3lnopolskich i regionalnych, , agencje reklamowe i public relations, kom\u00f3rki zajmuj\u0105ce si\u0119 komunikacj\u0105 spo\u0142eczn\u0105 szczeg\u00f3lnie w firmach oraz urz\u0119dach administracji pa\u0144stwowej i samorz\u0105dowej.<\/p>\n<\/div>\r\n                    <\/div>\r\n                <\/div>[\/vc_column][\/vc_row][vc_row][vc_column]\r\n                <div class=\"text-modules\">\r\n                    <div class=\"container\">\r\n                        \r\n                        <div class=\"text-modules__content\"><\/p>\n<h3><strong>Praktyki &#8211; nowe zarz\u0105dzenie Rektora U\u015a z dn. 19 listopada 2025 r.<\/strong><\/h3>\n<p><a href=\"https:\/\/us.edu.pl\/wydzial\/wns\/wp-content\/uploads\/sites\/17\/Bez-kategorii\/Zarzadzenie-Rektora-nr-203_2025-studneckie-praktyki-zawodowe.pdf\" class=\"mtli_attachment mtli_pdf\" data-mtli=\"mtli_filesize240,96kB\" class=\"mtli_attachment mtli_pdf\" data-mtli=\"mtli_filesize240,96kB\" target=\"_blank\" rel=\"noopener\">Zarz\u0105dzenie nr 203 Rektora Uniwersytetu \u015al\u0105skiego w Katowicach z dnia 19 listopada 2025 r. w sprawie organizacji praktyk zawodowych w Uniwersytecie \u015al\u0105skim w Katowicach<\/a><\/p>\n<p>&nbsp;<\/p>\n<p>Za\u0142\u0105czniki do Zarz\u0105dzenia:<\/p>\n<p><a href=\"https:\/\/us.edu.pl\/wydzial\/wns\/wp-content\/uploads\/sites\/17\/Bez-kategorii\/Zal-nr-1-do-zarz-203__2025-porozumienie-z-zakladem-pracy.docx\" class=\"mtli_attachment mtli_docx\" data-mtli=\"mtli_filesize28,49kB\" class=\"mtli_attachment mtli_docx\" data-mtli=\"mtli_filesize28,49kB\" target=\"_blank\" rel=\"noopener\">Za\u0142 nr 1 do zarz 203__2025 &#8211; porozumienie z zak\u0142adem pracy<\/a><\/p>\n<p><a href=\"https:\/\/us.edu.pl\/wydzial\/wns\/wp-content\/uploads\/sites\/17\/Bez-kategorii\/Zal-nr-2-do-zarz-203__2025-porozumienie-z-placowka-praktyka-ciagla.docx\" class=\"mtli_attachment mtli_docx\" data-mtli=\"mtli_filesize26,85kB\" class=\"mtli_attachment mtli_docx\" data-mtli=\"mtli_filesize26,85kB\" target=\"_blank\" rel=\"noopener\">Za\u0142 nr 2 do zarz 203__2025 &#8211; porozumienie z placowka (praktyka ci\u0105g\u0142a)<\/a><\/p>\n<p><a href=\"https:\/\/us.edu.pl\/wydzial\/wns\/wp-content\/uploads\/sites\/17\/Bez-kategorii\/Zal-nr-3-do-zarz-203__2025-porozumienie-ze-szkola-praktyka-srodroczna.docx\" class=\"mtli_attachment mtli_docx\" data-mtli=\"mtli_filesize26,70kB\" class=\"mtli_attachment mtli_docx\" data-mtli=\"mtli_filesize26,70kB\" target=\"_blank\" rel=\"noopener\">Za\u0142 nr 3 do zarz 203__2025 &#8211; porozumienie ze szko\u0142\u0105 (praktyka \u015br\u00f3droczna)<\/a><\/p>\n<p><a href=\"https:\/\/us.edu.pl\/wydzial\/wns\/wp-content\/uploads\/sites\/17\/Bez-kategorii\/Zal-nr-4-do-zarz-203__2025-Skierowanie.docx\" class=\"mtli_attachment mtli_docx\" data-mtli=\"mtli_filesize15,66kB\" class=\"mtli_attachment mtli_docx\" data-mtli=\"mtli_filesize15,66kB\" target=\"_blank\" rel=\"noopener\">Za\u0142 nr 4 do zarz 203__2025 &#8211; Skierowanie<\/a><\/p>\n<p><a href=\"https:\/\/us.edu.pl\/wydzial\/wns\/wp-content\/uploads\/sites\/17\/Bez-kategorii\/Zal-nr-5-do-zarz-203__2025-Oswiadczenie.pdf\" class=\"mtli_attachment mtli_pdf\" data-mtli=\"mtli_filesize124,20kB\" class=\"mtli_attachment mtli_pdf\" data-mtli=\"mtli_filesize124,20kB\" target=\"_blank\" rel=\"noopener\">Za\u0142 nr 5 do zarz 203__2025 &#8211; O\u015bwiadczenie<\/a><\/p>\n<p><a href=\"https:\/\/us.edu.pl\/wydzial\/wns\/wp-content\/uploads\/sites\/17\/Bez-kategorii\/Zal-nr-6-do-zarz-203__2025-Raport-z-przebiegu-praktyki-zawodowej.docx\" class=\"mtli_attachment mtli_docx\" data-mtli=\"mtli_filesize21,85kB\" class=\"mtli_attachment mtli_docx\" data-mtli=\"mtli_filesize21,85kB\" target=\"_blank\" rel=\"noopener\">Za\u0142 nr 6 do zarz 203__2025 &#8211; Raport z przebiegu praktyki zawodowej<\/a><\/p>\n<p><a href=\"https:\/\/us.edu.pl\/wydzial\/wns\/wp-content\/uploads\/sites\/17\/Bez-kategorii\/Zal-nr-7-do-zarz-203__2025-Wniosek-o-zaliczenie-praktyki-na-podstawie-pracy.docx\" class=\"mtli_attachment mtli_docx\" data-mtli=\"mtli_filesize20,90kB\" class=\"mtli_attachment mtli_docx\" data-mtli=\"mtli_filesize20,90kB\" target=\"_blank\" rel=\"noopener\">Za\u0142 nr 7 do zarz 203__2025 &#8211; Wniosek o zaliczenie praktyki na podstawie pracy<\/a><\/p>\n<style type=\"text\/css\">a[data-mtli~=\"mtli_filesize240,96kB\"]:after {content:\" (240,96 kB)\"}a[data-mtli~=\"mtli_filesize28,49kB\"]:after {content:\" (28,49 kB)\"}a[data-mtli~=\"mtli_filesize26,85kB\"]:after {content:\" (26,85 kB)\"}a[data-mtli~=\"mtli_filesize26,70kB\"]:after {content:\" (26,70 kB)\"}a[data-mtli~=\"mtli_filesize15,66kB\"]:after {content:\" (15,66 kB)\"}a[data-mtli~=\"mtli_filesize124,20kB\"]:after {content:\" (124,20 kB)\"}a[data-mtli~=\"mtli_filesize21,85kB\"]:after {content:\" (21,85 kB)\"}a[data-mtli~=\"mtli_filesize20,90kB\"]:after {content:\" (20,90 kB)\"}<\/style><\/div>\r\n                    <\/div>\r\n                <\/div>[\/vc_column][\/vc_row]<\/p>\n<style type=\"text\/css\">a[data-mtli~=\"mtli_filesize240,96kB\"]:after {content:\" (240,96 kB)\"}a[data-mtli~=\"mtli_filesize28,49kB\"]:after {content:\" (28,49 kB)\"}a[data-mtli~=\"mtli_filesize26,85kB\"]:after {content:\" (26,85 kB)\"}a[data-mtli~=\"mtli_filesize26,70kB\"]:after {content:\" (26,70 kB)\"}a[data-mtli~=\"mtli_filesize15,66kB\"]:after {content:\" (15,66 kB)\"}a[data-mtli~=\"mtli_filesize124,20kB\"]:after {content:\" (124,20 kB)\"}a[data-mtli~=\"mtli_filesize21,85kB\"]:after {content:\" (21,85 kB)\"}a[data-mtli~=\"mtli_filesize20,90kB\"]:after {content:\" (20,90 kB)\"}<\/style>","protected":false},"excerpt":{"rendered":"<p>[vc_row][vc_column][\/vc_column][\/vc_row][vc_row][vc_column][\/vc_column][\/vc_row][vc_row][vc_column][\/vc_column][\/vc_row] [&#8230;]<\/p>\n<p><a class=\"btn btn-secondary understrap-read-more-link\" href=\"https:\/\/us.edu.pl\/wydzial\/wns\/1023-2\/\">Read More&#8230;<\/a><\/p>\n","protected":false},"author":130,"featured_media":0,"parent":0,"menu_order":0,"comment_status":"closed","ping_status":"closed","template":"","meta":{"_expiration-date-status":"","_expiration-date":0,"_expiration-date-type":"","_expiration-date-categories":[],"_expiration-date-options":[]},"acf":[],"_links":{"self":[{"href":"https:\/\/us.edu.pl\/wydzial\/wns\/wp-json\/wp\/v2\/pages\/1023"}],"collection":[{"href":"https:\/\/us.edu.pl\/wydzial\/wns\/wp-json\/wp\/v2\/pages"}],"about":[{"href":"https:\/\/us.edu.pl\/wydzial\/wns\/wp-json\/wp\/v2\/types\/page"}],"author":[{"embeddable":true,"href":"https:\/\/us.edu.pl\/wydzial\/wns\/wp-json\/wp\/v2\/users\/130"}],"replies":[{"embeddable":true,"href":"https:\/\/us.edu.pl\/wydzial\/wns\/wp-json\/wp\/v2\/comments?post=1023"}],"version-history":[{"count":6,"href":"https:\/\/us.edu.pl\/wydzial\/wns\/wp-json\/wp\/v2\/pages\/1023\/revisions"}],"predecessor-version":[{"id":183540,"href":"https:\/\/us.edu.pl\/wydzial\/wns\/wp-json\/wp\/v2\/pages\/1023\/revisions\/183540"}],"wp:attachment":[{"href":"https:\/\/us.edu.pl\/wydzial\/wns\/wp-json\/wp\/v2\/media?parent=1023"}],"curies":[{"name":"wp","href":"https:\/\/api.w.org\/{rel}","templated":true}]}}