{"id":1033,"date":"2019-12-09T14:32:27","date_gmt":"2019-12-09T13:32:27","guid":{"rendered":"https:\/\/us.edu.pl\/wydzial\/wns\/?page_id=1033"},"modified":"2026-02-12T14:34:32","modified_gmt":"2026-02-12T13:34:32","slug":"praktyki-instytut-nauk-politycznych","status":"publish","type":"page","link":"https:\/\/us.edu.pl\/wydzial\/wns\/praktyki-instytut-nauk-politycznych\/","title":{"rendered":"Praktyki Mi\u0119dzynarodowe studia nauk politycznych i dyplomacji, Doradztwo polityczne i publiczne, Bezpiecze\u0144stwo narodowe i mi\u0119dzynarodowe, Politologia"},"content":{"rendered":"<p>[vc_row][vc_column]\r\n                <div class=\"tiles-section\" style=\"background: \">\r\n                    <div class=\"container\">\r\n                        <h3 class=\"page-title\"><\/h3>\r\n                        <div class=\"tiles tiles-2\">\r\n                            <a href=\"https:\/\/us.edu.pl\/wydzial\/wns\/organizacja-praktyk-studenckich-na-kierunku-doradztwo-polityczne-i-publiczne\/\" class=\"tile tile_ justify-content-center\" style=\"background-color: #002E5A; font-weight: ; color: #ffffff;  \">\r\n                                \r\n                                   \r\n                               \r\n                                <div class=\"tile__name\">Doradztwo polityczne i publiczne<\/div>\r\n                            <\/a>\r\n                            <a href=\"https:\/\/us.edu.pl\/wydzial\/wns\/organizacja-praktyk-studenckich-na-kierunku-miedzynarodowe-studia-nauk-politycznych-i-dyplomacji-studia-i-i-ii-stopnia\/\" class=\"tile tile_ justify-content-center\" style=\"background-color: #002E5A; font-weight: ; color: #ffffff;  \">\r\n                                \r\n                                   \r\n                               \r\n                                <div class=\"tile__name\">Mi\u0119dzynarodowe Studia Nauk Politycznych i Dyplomacji<\/div>\r\n                            <\/a>\r\n                            <a href=\"https:\/\/us.edu.pl\/wydzial\/wns\/organizacja-praktyk-studenckich-na-kierunku-politologia-studia-i-i-ii-stopnia\/\" class=\"tile tile_ justify-content-center\" style=\"background-color: #002E5A; font-weight: ; color: #ffffff;  \">\r\n                                \r\n                                   \r\n                               \r\n                                <div class=\"tile__name\">Politologia<\/div>\r\n                            <\/a>\r\n                            <a href=\" https:\/\/us.edu.pl\/wydzial\/wns\/organizacja-praktyk-studenckich-na-kierunku-bezpieczenstwo-narodowe-i-miedzynarodowe\/\" class=\"tile tile_ justify-content-center\" style=\"background-color: #002E5A; font-weight: ; color: #ffffff;  \">\r\n                                \r\n                                   \r\n                               \r\n                                <div class=\"tile__name\">Bezpiecze\u0144stwo narodowe i mi\u0119dzynarodowe<\/div>\r\n                            <\/a><\/div>\r\n                    <\/div>\r\n                <\/div>[\/vc_column][vc_column][\/vc_column][\/vc_row][vc_row][vc_column][\/vc_column][\/vc_row]<\/p>","protected":false},"excerpt":{"rendered":"<p>[vc_row][vc_column][\/vc_column][vc_column][\/vc_column][\/vc_row][vc_row][vc_column][\/vc_column][\/vc_row] [&#8230;]<\/p>\n<p><a class=\"btn btn-secondary understrap-read-more-link\" href=\"https:\/\/us.edu.pl\/wydzial\/wns\/praktyki-instytut-nauk-politycznych\/\">Read More&#8230;<\/a><\/p>\n","protected":false},"author":130,"featured_media":0,"parent":0,"menu_order":0,"comment_status":"closed","ping_status":"closed","template":"","meta":{"_expiration-date-status":"","_expiration-date":0,"_expiration-date-type":"","_expiration-date-categories":[],"_expiration-date-options":[]},"acf":[],"_links":{"self":[{"href":"https:\/\/us.edu.pl\/wydzial\/wns\/wp-json\/wp\/v2\/pages\/1033"}],"collection":[{"href":"https:\/\/us.edu.pl\/wydzial\/wns\/wp-json\/wp\/v2\/pages"}],"about":[{"href":"https:\/\/us.edu.pl\/wydzial\/wns\/wp-json\/wp\/v2\/types\/page"}],"author":[{"embeddable":true,"href":"https:\/\/us.edu.pl\/wydzial\/wns\/wp-json\/wp\/v2\/users\/130"}],"replies":[{"embeddable":true,"href":"https:\/\/us.edu.pl\/wydzial\/wns\/wp-json\/wp\/v2\/comments?post=1033"}],"version-history":[{"count":11,"href":"https:\/\/us.edu.pl\/wydzial\/wns\/wp-json\/wp\/v2\/pages\/1033\/revisions"}],"predecessor-version":[{"id":184261,"href":"https:\/\/us.edu.pl\/wydzial\/wns\/wp-json\/wp\/v2\/pages\/1033\/revisions\/184261"}],"wp:attachment":[{"href":"https:\/\/us.edu.pl\/wydzial\/wns\/wp-json\/wp\/v2\/media?parent=1033"}],"curies":[{"name":"wp","href":"https:\/\/api.w.org\/{rel}","templated":true}]}}