{"id":1039,"date":"2019-12-09T14:34:43","date_gmt":"2019-12-09T13:34:43","guid":{"rendered":"https:\/\/us.edu.pl\/wydzial\/wns\/?page_id=1039"},"modified":"2026-04-22T07:56:51","modified_gmt":"2026-04-22T05:56:51","slug":"praktyki-psychologia","status":"publish","type":"page","link":"https:\/\/us.edu.pl\/wydzial\/wns\/praktyki-psychologia\/","title":{"rendered":"Praktyki Psychologia"},"content":{"rendered":"<p>[vc_row][vc_column]\r\n                <div class=\"text-modules\">\r\n                    <div class=\"container\">\r\n                        <h3 class=\"page-title text__title\">Realizacja praktyk w roku akademickim 2025\/26 dla student\u00f3w IV roku<\/h3>\r\n                        <div class=\"text-modules__content\"><p><strong>Podstawowe informacje<\/strong><\/p>\n<p>Na kierunku Psychologia, \u00a0w roku akademickim 2025\/26, studenci realizuj\u0105 praktyk\u0119 po IV roku studi\u00f3w (lipiec-sierpie\u0144-wrzesie\u0144) z zakresu wybranej przez siebie drugiej \u015bcie\u017cki (80 godzin).<\/p>\n<p>Zaliczenie studenckiej praktyki jest jednym z warunk\u00f3w zaliczenia semestru (dla student\u00f3w IV roku semestru \u00f3smego). Praktyka zaliczana jest na ocen\u0119.<\/p>\n<p>Jednym z g\u0142\u00f3wnych cel\u00f3w praktyk jest przygotowanie do samodzielnej aktywno\u015bci zawodowej, dlatego studenci powinni we w\u0142asnym zakresie poszukiwa\u0107 plac\u00f3wki, w kt\u00f3rej odb\u0119d\u0105 praktyk\u0119, zgodnie z dan\u0105 \u015bcie\u017ck\u0105.<\/p>\n<p><strong>Gdzie realizowa\u0107 praktyki?<\/strong><\/p>\n<p>Wykaz miejsc, w kt\u00f3rych mo\u017cna realizowa\u0107 praktyki oraz sylabusy znajduj\u0105 si\u0119 u opiekun\u00f3w praktyk.<\/p>\n<p>Praktyki realizowane s\u0105 pod opiek\u0105 psychologa w danej plac\u00f3wce. Psycholog w danym zak\u0142adzie pracy podpisuje raport og\u00f3lny \u2013 wymagany do zaliczenia praktyki (do pobrania poni\u017cej).<\/p>\n<p><strong>Ubezpieczenie w ramach praktyk<\/strong><\/p>\n<p>Studenci kierowani na praktyki s\u0105 obj\u0119ci ubezpieczeniem od nast\u0119pstw nieszcz\u0119\u015bliwych wypadk\u00f3w, na zasadach okre\u015blonych w ustawie z dnia 30 pa\u017adziernika 2002 r. o zaopatrzeniu z tytu\u0142u wypadk\u00f3w lub chor\u00f3b zawodowych powsta\u0142ych w szczeg\u00f3lnych okoliczno\u015bciach. \u015awiadczenia okre\u015blone w tej ustawie s\u0105 finansowane ze \u015brodk\u00f3w bud\u017cetu pa\u0144stwa. Ze wzgl\u0119du na fakt, \u017ce \u201eustawowe ubezpieczenie\u201d nie obejmuje l\u017cejszych uszczerbk\u00f3w, w wielu przypadkach \u017c\u0105danie przez plac\u00f3wk\u0119 przyjmuj\u0105c\u0105 na praktyk\u0119 zawarcia dodatkowej umowy ubezpieczenia mo\u017ce by\u0107 uznane za uzasadnione. Mo\u017cna w\u00f3wczas rozwa\u017cy\u0107 dodatkowe ubezpieczenie, np.: https:\/\/us.edu.pl\/student\/wsparcie-i-fundusze\/ubezpieczenie\/wsparcie-i-fundusze-ubezpieczenie-nastepstw-nieszczesliwych-wypadkow\/<\/p>\n<p><strong>Uwagi<\/strong><\/p>\n<p>Pami\u0119taj, \u017ce dokumenty wymagane przed rozpocz\u0119ciem praktyki nale\u017cy przekaza\u0107 opiekunowi najp\u00f3\u017aniej na dwa tygodnie przed terminem ich rozpocz\u0119cia (z wy\u0142\u0105czeniem okres\u00f3w wolnych od zaj\u0119\u0107 dydaktycznych oraz urlop\u00f3w) . Nast\u0119pnie czas na realizacj\u0119 praktyk to lipiec, sierpie\u0144 i pierwsza po\u0142owa wrze\u015bnia. P\u00f3\u017aniejsza realizacja praktyk dla student\u00f3w roku IV wi\u0105\u017ce si\u0119 z brakiem mo\u017cliwo\u015bci starania si\u0119 o stypendium oraz oznacza konieczno\u015b\u0107 przed\u0142u\u017cenia sesji i uzyskania zgody Prodziekany.<\/p>\n<p>Pami\u0119taj, \u017ce na IV roku zaliczenie semestru letniego powinno nast\u0105pi\u0107 nie p\u00f3\u017aniej ni\u017c do 22 wrze\u015bnia, a zatem r\u00f3wnie\u017c zaliczenie praktyk jako modu\u0142u. Brak wpisu w USOSweb uniemo\u017cliwia staranie si\u0119 o stypendium. Dokumenty niezb\u0119dne po zako\u0144czeniu praktyk przeka\u017c zgodnie z form\u0105 i terminem podanym przez opiekuna dla \u015bcie\u017cki. Uwzgl\u0119dnij zapas czasu niezb\u0119dny na zapoznanie si\u0119 przez opiekuna z dokumentacj\u0105.<\/p>\n<p><u>Wa\u017cne:<\/u> Zgodnie z regulaminem praktyk, w sytuacji niewywi\u0105zywania si\u0119 studenta z wykonywania obowi\u0105zk\u00f3w zwi\u0105zanych z realizacj\u0105 praktyk opiekun akademicki mo\u017ce obni\u017cy\u0107 ocen\u0119 ko\u0144cow\u0105 lub nie zaliczy\u0107 praktyk wpisuj\u0105c ocen\u0119 niedostateczn\u0105. W takiej sytuacji konieczne jest powt\u00f3rzenie praktyk w kolejnym roku akademickim (obowi\u0105zuj\u0105 zasady jak dla ka\u017cdego przedmiotu).<\/p>\n<p>&nbsp;<\/p>\n<p>&nbsp;<\/p>\n<p>&nbsp;<\/p>\n<p><strong>Wymagane dokumenty i ich obieg<\/strong><\/p>\n<p>Wymagane dokumenty i ich obieg r\u00f3\u017cni\u0105 si\u0119 zale\u017cnie od formy praktyk, kt\u00f3r\u0105 w pierwszej kolejno\u015bci ustal z opiekunem dla \u015bcie\u017cki. Wszelkie w\u0105tpliwo\u015bci nale\u017cy ustala\u0107 z opiekunem akademickim praktyk dla \u015bcie\u017cki. Niezb\u0119dne pliki znajdziesz na dole strony.<\/p>\n<p><strong>Praktyki mo\u017cna zaliczy\u0107 jako:<\/strong><\/p>\n<p>Praktyki w plac\u00f3wkach zewn\u0119trznych wobec Uczelni (zalecane)<\/p>\n<p>Praktyki w jednostkach organizacyjnych Uczelni (np. Biuro Karier U\u015a)<\/p>\n<p>Zaliczenie wolontariatu, udzia\u0142u w obozie naukowo-badawczym, projekcie badawczym lub innych aktywnos\u0301ci jako praktyk.<\/p>\n<p><u>Praktyki w plac\u00f3wkach zewn\u0119trznych wobec Uczelni (zalecane)<\/u><\/p>\n<p>Wype\u0142nij skierowanie (mo\u017cna pomin\u0105\u0107 pole \u201eZgodnie z zawartym w dniu \u2026. porozumieniem\u201d) oraz porozumienie (mo\u017cna pomin\u0105\u0107 pole na wpisanie reprezentanta zak\u0142adu pracy, je\u015bli jeszcze nie jest pewne, kto konkretnie podpisze porozumienie w plac\u00f3wce). Dokumenty niekompletne b\u0119d\u0105 zwracane do poprawy.<\/p>\n<p>Przed uzupe\u0142nieniem pola: reprezentant zak\u0142adu pracy upewnij si\u0119, kto w plac\u00f3wce, w jakiej zamierzasz zrealizowa\u0107 praktyk\u0119 jest osob\u0105 upowa\u017cnion\u0105 do podpisania dokument\u00f3w zwi\u0105zanych z praktykami \u2013 zazwyczaj jest to dyrekcja lub kierownicy plac\u00f3wek. Psychologowie sprawuj\u0105cy opiek\u0119 nad praktykantami w plac\u00f3wkach zazwyczaj nie maj\u0105 takich uprawnie\u0144.<\/p>\n<p>Porozumienie zawierane jest co najmniej na okres trwania praktyki. W prawym g\u00f3rnym rogu musi by\u0107 data wcze\u015bniejsza przynajmniej o jeden dzie\u0144 roboczy (lub d\u0142u\u017cej) ni\u017c data rozpocz\u0119cia praktyki. Porozumienie nale\u017cy zawiera\u0107 przed rozpocz\u0119ciem samej praktyki, co nale\u017cy uwzgl\u0119dni\u0107 w jej planowaniu. Porozumienie mo\u017ce by\u0107 w pierwszej kolejno\u015bci podpisane w Uczelni lub w miejscu praktyk.<\/p>\n<p><strong>PRZED REALIZACJ\u0104 PRAKTYK<\/strong><\/p>\n<p>Komplet dokument\u00f3w do podpisu (dwa egzemplarze porozumienia, o\u015bwiadczenie oraz je\u015bli wymaga tego plac\u00f3wka \u2013 skierowanie) przeka\u017c do opiekuna praktyk dla \u015bcie\u017cki specjalizacyjnej zgodnie z wyznaczonymi terminami.<\/p>\n<p>Gdy dokumenty b\u0119d\u0105 podpisane odbierz je od opiekuna i przeka\u017c do podpisania w plac\u00f3wce.<\/p>\n<p>Dokumenty w roku akademickim 2025\/2026 przyjmuj\u0105 i wydaj\u0105 wy\u0142\u0105cznie opiekunowie.<\/p>\n<p><strong>PO ZAKO\u0143CZONEJ PRAKTYCE<\/strong><\/p>\n<p>Jeden egzemplarz porozumienia oraz raport og\u00f3lny podpisany w plac\u00f3wce przeka\u017c opiekunowi po zako\u0144czonej praktyce (wersje papierowe). Przed oddaniem dokument\u00f3w sprawd\u017a, czy zawieraj\u0105 wszystkie wymagane podpisy i piecz\u0105tki. Przeka\u017c opiekunowi pozosta\u0142e dokumenty wymagane do zaliczenia (esej, raport szczeg\u00f3\u0142owy) w formie i terminie okre\u015blonym przez danego opiekuna.<\/p>\n<p>&nbsp;<\/p>\n<p><u>Praktyki w jednostkach organizacyjnych Uczelni (np. Biuro Karier U\u015a)<\/u><\/p>\n<p>Wype\u0142nij skierowanie (mo\u017cna pomin\u0105\u0107 pole \u201eZgodnie z zawartym w dniu \u2026. porozumieniem\u201d). Porozumienie nie jest zawierane w takiej sytuacji (zawiera si\u0119 je pomi\u0119dzy U\u015a a innymi zak\u0142adami pracy).<\/p>\n<p>O\u015bwiadczenie oraz skierowanie (jeden egzemplarz) przeka\u017c do podpisu opiekunowi dla \u015bcie\u017cki zgodnie z informacjami podanymi na spotkaniu informacyjnym. Nast\u0119pnie skierowanie przeka\u017c w miejscu realizacji praktyki.<\/p>\n<p>Po zako\u0144czonej praktyce przeka\u017c opiekunowi (w terminach i formie podanych na spotkaniu informacyjnym): wype\u0142niony i podpisany raport og\u00f3lny oraz esej i raport szczeg\u00f3\u0142owy.<\/p>\n<p>Zaliczenie wolontariatu, udzia\u0142u w obozie naukowo-badawczym, projekcie badawczym lub innych aktywnos\u0301ci jako praktyk<\/p>\n<p>Opiekun akademicki mo\u017ce uzna\u0107 takie formy pod warunkiem, \u017ce s\u0105 one zgodne z realizowan\u0105 \u015bcie\u017ck\u0105 specjalizacyjn\u0105 oraz je\u017celi zosta\u0142y osi\u0105gni\u0119te wymagane efekty uczenia si\u0119. Zaliczenie wymaga wcze\u015bniejszej zgody opiekuna oraz z\u0142o\u017cenia przez studenta do w\u0142a\u015bciwego opiekuna akademickiego wniosku. Do wniosku:<\/p>\n<ul>\n<li>w przypadku pro\u015bby o zaliczenie pracy zawodowej lub wolontariatu jako praktyki: za\u015bwiadczenie od pracodawcy\/zleceniodawcy (dowolny wz\u00f3r), raport og\u00f3lny, raport szczeg\u00f3\u0142owy oraz esej;<\/li>\n<li>w przypadku pro\u015bby o zaliczenie innych aktywno\u015bci (np. projekty naukowe, praktyczne): dodatkowym za\u015bwiadczeniem, mo\u017ce by\u0107 raport og\u00f3lny, a zaliczenie odbywa si\u0119 r\u00f3wnie\u017c w oparciu o raport szczeg\u00f3\u0142owy oraz esej.<\/li>\n<\/ul>\n<p><strong>Wcze\u015bniejsza realizacja praktyk<\/strong><\/p>\n<p>Je\u015bli chcesz realizowa\u0107 praktyki wcze\u015bniej, musisz uzyska\u0107 zgod\u0119 opiekuna dla \u015bcie\u017cki. W tym celu z\u0142\u00f3\u017c podanie lub prze\u015blij maila do opiekuna akademickiego, zawieraj\u0105cego uzasadnienie pro\u015bby oraz deklaracj\u0119 zgodnie z regulaminem praktyk: \u201eprzyjmuj\u0119 do wiadomo\u015bci, \u017ce odbywanie praktyki nie zwalnia mnie z obowi\u0105zku zaliczania zaj\u0119\u0107 dydaktycznych obj\u0119tych planem studi\u00f3w ani te\u017c nie mo\u017ce by\u0107 podstaw\u0105 do usprawiedliwienia nieobecno\u015bci na zaj\u0119ciach i w zwi\u0105zku z tym o\u015bwiadczam, \u017ce udzia\u0142 w praktyce nie b\u0119dzie kolidowa\u0142 z zaj\u0119ciami i zaliczeniami wynikaj\u0105cymi z planu studi\u00f3w\u201d. Gdy uzyskasz zgod\u0119, podejmij kroki zale\u017cnie od miejsca realizacji praktyk.<\/p>\n<p>&nbsp;<\/p>\n<p>&nbsp;<\/p>\n<p class=\"page-title text__title\"><strong>Klauzula informacyjna RODO dla reprezentant\u00f3w, pracownik\u00f3w i wsp\u00f3\u0142pracownik\u00f3w Kontrahent\u00f3w Uniwersytetu \u015al\u0105skiego w Katowicach<\/strong><\/p>\n<p><a href=\"https:\/\/us.edu.pl\/ochrona-danych-osobowych\/klauzule-rodo\/klauzula-rodo-dla-kontrahentow\/\">Link do klauzuli<\/a><\/p>\n<p>&nbsp;<\/p>\n<p><strong>Pliki do pobrania<\/strong><\/p>\n<p><a href=\"https:\/\/us.edu.pl\/wydzial\/wns\/wp-content\/uploads\/sites\/17\/Bez-kategorii\/zarzadzenie-nr-40-2026-zmiana-organizacja-praktyk-zawodowych-1.pdf\" class=\"mtli_attachment mtli_pdf\" data-mtli=\"mtli_filesize221,84kB\" class=\"mtli_attachment mtli_pdf\" data-mtli=\"mtli_filesize221,84kB\" target=\"_blank\" rel=\"noopener\">Zarz\u0105dzenie nr 40 2026 zmiana organizacja praktyk zawodowych<\/a><\/p>\n<p><a href=\"https:\/\/us.edu.pl\/wydzial\/wns\/wp-content\/uploads\/sites\/17\/Bez-kategorii\/Oswiadczenie-1.pdf\" class=\"mtli_attachment mtli_pdf\" data-mtli=\"mtli_filesize124,20kB\" class=\"mtli_attachment mtli_pdf\" data-mtli=\"mtli_filesize124,20kB\" target=\"_blank\" rel=\"noopener\">O\u015bwiadczenie<\/a><\/p>\n<p><a href=\"https:\/\/us.edu.pl\/wydzial\/wns\/wp-content\/uploads\/sites\/17\/Bez-kategorii\/Porozumienie-z-zakladem-pracy_sciezka.pdf\" class=\"mtli_attachment mtli_pdf\" data-mtli=\"mtli_filesize192,36kB\" class=\"mtli_attachment mtli_pdf\" data-mtli=\"mtli_filesize192,36kB\" target=\"_blank\" rel=\"noopener\">Porozumienie z zak\u0142adem pracy_\u015bcie\u017cka<\/a><\/p>\n<p><a href=\"https:\/\/us.edu.pl\/wydzial\/wns\/wp-content\/uploads\/sites\/17\/Bez-kategorii\/Raport-ogolny_sciezka.pdf\" class=\"mtli_attachment mtli_pdf\" data-mtli=\"mtli_filesize144,17kB\" class=\"mtli_attachment mtli_pdf\" data-mtli=\"mtli_filesize144,17kB\" target=\"_blank\" rel=\"noopener\">Raport og\u00f3lny_\u015bcie\u017cka<\/a><\/p>\n<p><a href=\"https:\/\/us.edu.pl\/wydzial\/wns\/wp-content\/uploads\/sites\/17\/Bez-kategorii\/Skierowanie_sciezka.pdf\" class=\"mtli_attachment mtli_pdf\" data-mtli=\"mtli_filesize134,52kB\" class=\"mtli_attachment mtli_pdf\" data-mtli=\"mtli_filesize134,52kB\" target=\"_blank\" rel=\"noopener\">Skierowanie_\u015bcie\u017cka<\/a><\/p>\n<p>&nbsp;<\/p>\n<p><a href=\"https:\/\/us.edu.pl\/wydzial\/wns\/wp-content\/uploads\/sites\/17\/Bez-kategorii\/BKN_Porozumienie-z-zakladem-pracy.pdf\" class=\"mtli_attachment mtli_pdf\" data-mtli=\"mtli_filesize193,71kB\" class=\"mtli_attachment mtli_pdf\" data-mtli=\"mtli_filesize193,71kB\" target=\"_blank\" rel=\"noopener\">BKN_Porozumienie z zak\u0142adem pracy<\/a><\/p>\n<p><a href=\"https:\/\/us.edu.pl\/wydzial\/wns\/wp-content\/uploads\/sites\/17\/Bez-kategorii\/BKN_Raport-ogolny.pdf\" class=\"mtli_attachment mtli_pdf\" data-mtli=\"mtli_filesize143,85kB\" class=\"mtli_attachment mtli_pdf\" data-mtli=\"mtli_filesize143,85kB\" target=\"_blank\" rel=\"noopener\">BKN_Raport og\u00f3lny<\/a><\/p>\n<p><a href=\"https:\/\/us.edu.pl\/wydzial\/wns\/wp-content\/uploads\/sites\/17\/Bez-kategorii\/BKN_Skierowanie.pdf\" class=\"mtli_attachment mtli_pdf\" data-mtli=\"mtli_filesize169,72kB\" class=\"mtli_attachment mtli_pdf\" data-mtli=\"mtli_filesize169,72kB\" target=\"_blank\" rel=\"noopener\">BKN_Skierowanie<\/a><\/p>\n<p>&nbsp;<\/p>\n<p><a href=\"https:\/\/us.edu.pl\/wydzial\/wns\/wp-content\/uploads\/sites\/17\/Bez-kategorii\/Komunikat-dla-Studentow-realizujacych-praktyki.docx\" class=\"mtli_attachment mtli_docx\" data-mtli=\"mtli_filesize20,21kB\" class=\"mtli_attachment mtli_docx\" data-mtli=\"mtli_filesize20,21kB\">Komunikat dla Student\u00f3w realizuj\u0105cych praktyki<\/a> &#8211; dotyczy student\u00f3w kt\u00f3rzy realizuj\u0105 <strong>praktyki nauczycielskie albo praktyki zawodowe zwi\u0105zane <\/strong>z wychowaniem, edukacj\u0105, wypoczynkiem,\u00a0leczeniem, \u015bwiadczeniem porad psychologicznych, rozwojem duchowym, uprawianiem sportu lub realizacj\u0105 innych zainteresowa\u0144 przez ma\u0142oletnich czy opiek\u0105 nad ma\u0142oletnimi<\/p>\n<style type=\"text\/css\">a[data-mtli~=\"mtli_filesize221,84kB\"]:after {content:\" (221,84 kB)\"}a[data-mtli~=\"mtli_filesize124,20kB\"]:after {content:\" (124,20 kB)\"}a[data-mtli~=\"mtli_filesize192,36kB\"]:after {content:\" (192,36 kB)\"}a[data-mtli~=\"mtli_filesize144,17kB\"]:after {content:\" (144,17 kB)\"}a[data-mtli~=\"mtli_filesize134,52kB\"]:after {content:\" (134,52 kB)\"}a[data-mtli~=\"mtli_filesize193,71kB\"]:after {content:\" (193,71 kB)\"}a[data-mtli~=\"mtli_filesize143,85kB\"]:after {content:\" (143,85 kB)\"}a[data-mtli~=\"mtli_filesize169,72kB\"]:after {content:\" (169,72 kB)\"}a[data-mtli~=\"mtli_filesize20,21kB\"]:after {content:\" (20,21 kB)\"}<\/style><\/div>\r\n                    <\/div>\r\n                <\/div>[\/vc_column][\/vc_row]<\/p>\n<style type=\"text\/css\">a[data-mtli~=\"mtli_filesize221,84kB\"]:after {content:\" (221,84 kB)\"}a[data-mtli~=\"mtli_filesize124,20kB\"]:after {content:\" (124,20 kB)\"}a[data-mtli~=\"mtli_filesize192,36kB\"]:after {content:\" (192,36 kB)\"}a[data-mtli~=\"mtli_filesize144,17kB\"]:after {content:\" (144,17 kB)\"}a[data-mtli~=\"mtli_filesize134,52kB\"]:after {content:\" (134,52 kB)\"}a[data-mtli~=\"mtli_filesize193,71kB\"]:after {content:\" (193,71 kB)\"}a[data-mtli~=\"mtli_filesize143,85kB\"]:after {content:\" (143,85 kB)\"}a[data-mtli~=\"mtli_filesize169,72kB\"]:after {content:\" (169,72 kB)\"}a[data-mtli~=\"mtli_filesize20,21kB\"]:after {content:\" (20,21 kB)\"}<\/style>","protected":false},"excerpt":{"rendered":"<p>[vc_row][vc_column][\/vc_column][\/vc_row] [&#8230;]<\/p>\n<p><a class=\"btn btn-secondary understrap-read-more-link\" href=\"https:\/\/us.edu.pl\/wydzial\/wns\/praktyki-psychologia\/\">Read More&#8230;<\/a><\/p>\n","protected":false},"author":130,"featured_media":0,"parent":0,"menu_order":0,"comment_status":"closed","ping_status":"closed","template":"","meta":{"_expiration-date-status":"","_expiration-date":0,"_expiration-date-type":"","_expiration-date-categories":[],"_expiration-date-options":[]},"acf":[],"_links":{"self":[{"href":"https:\/\/us.edu.pl\/wydzial\/wns\/wp-json\/wp\/v2\/pages\/1039"}],"collection":[{"href":"https:\/\/us.edu.pl\/wydzial\/wns\/wp-json\/wp\/v2\/pages"}],"about":[{"href":"https:\/\/us.edu.pl\/wydzial\/wns\/wp-json\/wp\/v2\/types\/page"}],"author":[{"embeddable":true,"href":"https:\/\/us.edu.pl\/wydzial\/wns\/wp-json\/wp\/v2\/users\/130"}],"replies":[{"embeddable":true,"href":"https:\/\/us.edu.pl\/wydzial\/wns\/wp-json\/wp\/v2\/comments?post=1039"}],"version-history":[{"count":11,"href":"https:\/\/us.edu.pl\/wydzial\/wns\/wp-json\/wp\/v2\/pages\/1039\/revisions"}],"predecessor-version":[{"id":185829,"href":"https:\/\/us.edu.pl\/wydzial\/wns\/wp-json\/wp\/v2\/pages\/1039\/revisions\/185829"}],"wp:attachment":[{"href":"https:\/\/us.edu.pl\/wydzial\/wns\/wp-json\/wp\/v2\/media?parent=1039"}],"curies":[{"name":"wp","href":"https:\/\/api.w.org\/{rel}","templated":true}]}}