{"id":1099,"date":"2019-12-11T11:20:21","date_gmt":"2019-12-11T10:20:21","guid":{"rendered":"https:\/\/us.edu.pl\/wydzial\/wns\/?page_id=1099"},"modified":"2025-04-23T07:41:42","modified_gmt":"2025-04-23T05:41:42","slug":"instytut-pedagogiki","status":"publish","type":"page","link":"https:\/\/us.edu.pl\/wydzial\/wns\/instytut-pedagogiki\/","title":{"rendered":"Instytut Pedagogiki"},"content":{"rendered":"<p>[vc_row][vc_column]\r\n                <div class=\"text-modules \">\r\n                    <div class=\"container\">\r\n                         \r\n                        <div class=\"row m-0\">\r\n                            <div class=\"text-modules__content\">\r\n                                <strong>Dyrektor Instytutu Pedagogiki<\/strong><\/p>\n<p><img class=\"alignnone size-medium wp-image-158557\" src=\"https:\/\/us.edu.pl\/wydzial\/wns\/wp-content\/uploads\/sites\/17\/Bez-kategorii\/Z6A8972_fot-Julia-Agnieszka-Szymala_US-3a-240x300.jpg\" alt=\"Dr hab. Irena Polewczyk, prof. U\u015a\" width=\"240\" height=\"300\" srcset=\"https:\/\/us.edu.pl\/wydzial\/wns\/wp-content\/uploads\/sites\/17\/Bez-kategorii\/Z6A8972_fot-Julia-Agnieszka-Szymala_US-3a-240x300.jpg 240w, https:\/\/us.edu.pl\/wydzial\/wns\/wp-content\/uploads\/sites\/17\/Bez-kategorii\/Z6A8972_fot-Julia-Agnieszka-Szymala_US-3a-819x1024.jpg 819w, https:\/\/us.edu.pl\/wydzial\/wns\/wp-content\/uploads\/sites\/17\/Bez-kategorii\/Z6A8972_fot-Julia-Agnieszka-Szymala_US-3a-768x960.jpg 768w, https:\/\/us.edu.pl\/wydzial\/wns\/wp-content\/uploads\/sites\/17\/Bez-kategorii\/Z6A8972_fot-Julia-Agnieszka-Szymala_US-3a-1229x1536.jpg 1229w, https:\/\/us.edu.pl\/wydzial\/wns\/wp-content\/uploads\/sites\/17\/Bez-kategorii\/Z6A8972_fot-Julia-Agnieszka-Szymala_US-3a-1639x2048.jpg 1639w, https:\/\/us.edu.pl\/wydzial\/wns\/wp-content\/uploads\/sites\/17\/Bez-kategorii\/Z6A8972_fot-Julia-Agnieszka-Szymala_US-3a-460x575.jpg 460w, https:\/\/us.edu.pl\/wydzial\/wns\/wp-content\/uploads\/sites\/17\/Bez-kategorii\/Z6A8972_fot-Julia-Agnieszka-Szymala_US-3a-scaled.jpg 2048w\" sizes=\"(max-width: 240px) 100vw, 240px\" \/><\/p>\n<p>Dr hab. Irena Polewczyk, prof. U\u015a<\/p>\n<p><a href=\"mailto:irena.polewczyk@us.edu.pl\">irena.polewczyk@us.edu.pl<\/a><\/p>\n<p>&nbsp;<\/p>\n<p><strong>Zast\u0119pca Dyrektora Instytutu Pedagogiki<\/strong><\/p>\n<p><img class=\"alignnone size-medium wp-image-1102\" src=\"https:\/\/us.edu.pl\/wydzial\/wns\/wp-content\/uploads\/sites\/17\/Nieprzypisane\/Violetta-Rodek_DSC_3732-240x300.jpg\" alt=\"\" width=\"240\" height=\"300\" srcset=\"https:\/\/us.edu.pl\/wydzial\/wns\/wp-content\/uploads\/sites\/17\/Nieprzypisane\/Violetta-Rodek_DSC_3732-240x300.jpg 240w, https:\/\/us.edu.pl\/wydzial\/wns\/wp-content\/uploads\/sites\/17\/Nieprzypisane\/Violetta-Rodek_DSC_3732-768x960.jpg 768w, https:\/\/us.edu.pl\/wydzial\/wns\/wp-content\/uploads\/sites\/17\/Nieprzypisane\/Violetta-Rodek_DSC_3732-820x1024.jpg 820w, https:\/\/us.edu.pl\/wydzial\/wns\/wp-content\/uploads\/sites\/17\/Nieprzypisane\/Violetta-Rodek_DSC_3732-460x575.jpg 460w, https:\/\/us.edu.pl\/wydzial\/wns\/wp-content\/uploads\/sites\/17\/Nieprzypisane\/Violetta-Rodek_DSC_3732.jpg 2001w\" sizes=\"(max-width: 240px) 100vw, 240px\" \/><\/p>\n<p>Dr hab. Violetta Rodek, prof. U\u015a<\/p>\n<p><a href=\"mailto:violetta.rodek@us.edu.pl\">violetta.rodek@us.edu.pl<\/a><\/p>\n<p>&nbsp;<\/p>\n<p><strong>Zast\u0119pca Dyrektora Instytutu Pedagogiki \u2013 Cieszyn<\/strong><\/p>\n<p><img class=\"alignnone size-medium wp-image-172984\" src=\"https:\/\/us.edu.pl\/wydzial\/wns\/wp-content\/uploads\/sites\/17\/Bez-kategorii\/U.-Klajmon-Lech-002-169x300.jpg\" alt=\"\" width=\"169\" height=\"300\" srcset=\"https:\/\/us.edu.pl\/wydzial\/wns\/wp-content\/uploads\/sites\/17\/Bez-kategorii\/U.-Klajmon-Lech-002-169x300.jpg 169w, https:\/\/us.edu.pl\/wydzial\/wns\/wp-content\/uploads\/sites\/17\/Bez-kategorii\/U.-Klajmon-Lech-002-578x1024.jpg 578w, https:\/\/us.edu.pl\/wydzial\/wns\/wp-content\/uploads\/sites\/17\/Bez-kategorii\/U.-Klajmon-Lech-002-768x1360.jpg 768w, https:\/\/us.edu.pl\/wydzial\/wns\/wp-content\/uploads\/sites\/17\/Bez-kategorii\/U.-Klajmon-Lech-002-867x1536.jpg 867w, https:\/\/us.edu.pl\/wydzial\/wns\/wp-content\/uploads\/sites\/17\/Bez-kategorii\/U.-Klajmon-Lech-002-1157x2048.jpg 1157w, https:\/\/us.edu.pl\/wydzial\/wns\/wp-content\/uploads\/sites\/17\/Bez-kategorii\/U.-Klajmon-Lech-002-325x575.jpg 325w, https:\/\/us.edu.pl\/wydzial\/wns\/wp-content\/uploads\/sites\/17\/Bez-kategorii\/U.-Klajmon-Lech-002-scaled.jpg 1446w\" sizes=\"(max-width: 169px) 100vw, 169px\" \/><\/p>\n<p>Dr hab. Urszula Klajmon-Lech, prof. U\u015a<\/p>\n<p><a href=\"mailto:urszula.klajmon-lech@us.edu.pl\">urszula.klajmon-lech@us.edu.pl<\/a><\/p>\n<p>&nbsp;<\/p>\n<ol>\n<li>organizacja dzia\u0142alno\u015bci \u00a0badawczej w Instytucie<\/li>\n<li>koordynowanie dzia\u0142a\u0144 formalnych zwi\u0105zanych z dzia\u0142alno\u015bci\u0105 badawcz\u0105, \u00a0w tym sk\u0142adania o\u015bwiadcze\u0144 przez pracownik\u00f3w oraz \u00a0procesu sprawozdawczo\u015bci z dzia\u0142alno\u015bci \u00a0naukowo-badawczej Instytutu wraz z jej nadzorem merytorycznym<\/li>\n<li>powo\u0142ywanie i monitorowanie pracy \u00a0zespo\u0142\u00f3w i komisji instytutowych oraz koordynator\u00f3w instytutowych dzia\u0142aj\u0105cych na rzecz rozwoju bada\u0144 naukowych i ich widzialno\u015bci<\/li>\n<li>monitorowanie dzia\u0142alno\u015bci zespo\u0142\u00f3w badawczych oraz indywidualnej dzia\u0142alno\u015bci badawczej zgodnie z zasadami okre\u015blonymi przez rad\u0119 naukow\u0105 Instytutu<\/li>\n<li>monitorowanie \u00a0podzia\u0142u \u015brodk\u00f3w badawczych \u00a0oraz \u00a0nadz\u00f3r nad ich wydatkowaniem<\/li>\n<li>dzia\u0142ania motywuj\u0105ce i dyscyplinuj\u0105ce pracownik\u00f3w \u00a0w kwestiach aktywno\u015bci badawczej i naukowej oraz jej upowszechniania poprzez publikowanie, prezentacje na konferencjach oraz upowszechnianie w otoczeniu spo\u0142ecznym, kulturowym i biznesowym<\/li>\n<li>dzia\u0142ania \u00a0motywuj\u0105ce i rozwijaj\u0105ce dzia\u0142alno\u015b\u0107 naukow\u0105 i badawcz\u0105 pracownik\u00f3w dla otoczenia spo\u0142ecznego i biznesowego<\/li>\n<li>monitorowanie rozwoju \u00a0umi\u0119dzynarodowienia \u00a0Instytutu i bada\u0144 pracownik\u00f3w<\/li>\n<li>opiniowanie wniosk\u00f3w pracownik\u00f3w \u00a0w sprawach osobowych dotycz\u0105cych dzia\u0142alno\u015bci badawczej i naukowej<\/li>\n<li>nadz\u00f3r merytoryczny nad dokumentacj\u0105 \u00a0do ewaluacji dyscypliny<\/li>\n<li>koordynowanie stanu i wykorzystania zasob\u00f3w infrastruktury badawczej<\/li>\n<li>wsp\u00f3\u0142praca z kierownikiem organizacyjnym \u00a0Wydzia\u0142u<\/li>\n<li>realizacja innych obowi\u0105zk\u00f3w wynikaj\u0105cych ze \u00a0statutu i innych przepis\u00f3w wewn\u0119trznych<\/li>\n<li>realizacja innych zada\u0144 powierzonych przez Dziekana<\/li>\n<li>zast\u0119pcy wykonuj\u0105 zadania powierzane przez \u00a0Dyrektora Instytutu<\/li>\n<\/ol>\n<div class=\"mt-3\"><\/div>\r\n                            <\/div>\r\n                            \r\n                            \r\n                        <\/div>\r\n                    <\/div>\r\n                <\/div>[\/vc_column][\/vc_row][vc_row][vc_column]\r\n                <div class=\"text-modules\">\r\n                    <div class=\"container\">\r\n                        <h3 class=\"page-title text__title\">Instytut Pedagogiki<\/h3>\r\n                        <div class=\"text-modules__content\"><p><strong>Instytut Pedagogiki<\/strong> w obecnym kszta\u0142cie rozpocz\u0105\u0142 funkcjonowanie 1 pa\u017adziernika 2019 roku. W wyniku reorganizacji jednostek naukowych, po po\u0142\u0105czeniu pedagogiki katowickiej i cieszy\u0144skiej, sta\u0142 si\u0119 cz\u0119\u015bci\u0105 Wydzia\u0142u Nauk Spo\u0142ecznych Uniwersytetu \u015al\u0105skiego w Katowicach.<\/p>\n<p>W Instytucie zatrudnionych jest 127 pracownik\u00f3w badawczo-dydaktycznych, w tym 8 z tytu\u0142em profesora, oraz 36 ze stopniem doktora habilitowanego. Powo\u0142ana 15 pa\u017adziernika 2019 roku na dwuletni\u0105 kadencj\u0119 Rada Naukowa Instytutu Pedagogiki (Rada dyscypliny) posiada uprawnienia do nadawania stopnia doktora i doktora habilitowanego w dziedzinie nauk spo\u0142ecznych. Instytut\u00a0 prowadzi naukowe czasopisma: \u201eChowanna\u201d za\u0142o\u017cone w 1929 roku, \u201eEdukacja Mi\u0119dzykulturowa\u201d oraz \u201eInternational Journal of Research in E-learning\u201d.<\/p>\n<p>W ramach dzia\u0142alno\u015bci naukowej pracownicy Instytutu Pedagogiki wsp\u00f3\u0142pracuj\u0105 z badaczami i\u00a0 o\u015brodkami akademickimi\u00a0 w wielu krajach (Wielka Brytania, Malta, Kenia, Ukraina, Czechy, S\u0142owacja, Francja) oraz organizacjami mi\u0119dzynarodowymi (Rada Pa\u0144stw Morza Ba\u0142tyckiego)\u00a0 oraz z licznymi instytucjami i organizacjami w kraju (Rzecznik Praw Dziecka, Instytut Dziecka, Ministerstwo Sprawiedliwo\u015bci)\u00a0 a tak\u017ce z jednostkami samorz\u0105du terytorialnego\u00a0 i instytucjami o\u015bwiatowymi.<\/p>\n<p>G\u0142\u00f3wne kierunki bada\u0144 prowadzonych w Instytucie dotycz\u0105:<\/p>\n<p>&#8211; problem\u00f3w oraz rozwoju edukacji we wsp\u00f3\u0142czesnym \u015bwiecie w perspektywie r\u00f3\u017cnych grup spo\u0142ecznych, wiekowych \u00a0oraz na tle rozwoju nowych medi\u00f3w i technologii i wielokulturowo\u015bci<\/p>\n<p>&#8211; rozwoju inkluzji spo\u0142ecznej oraz demokratyzacji \u017cycia spo\u0142ecznego, postaw obywatelskich i partycypacji spo\u0142ecznej r\u00f3\u017cnych grup spo\u0142ecznych, wiekowych, etnicznych, religijnych w perspektywie stanu zdrowia<\/p>\n<p>&#8211; \u00a0funkcjonowania dzieci \u00a0i m\u0142odzie\u017cy \u00a0we wsp\u00f3\u0142czesnych warunkach w kontek\u015bcie\u00a0 ochrony ich praw, mo\u017cliwo\u015bci i zagro\u017ce\u0144 rozwoju, poprawy dobrostanu i metod badania problem\u00f3w dzieci i dzieci\u0144stwa<\/p>\n<p>&#8211; jako\u015bci \u017cycia os\u00f3b doros\u0142ych i senior\u00f3w we wsp\u00f3\u0142czesnym \u015bwiecie oraz w warunkach zmian spo\u0142ecznych, kulturowych i technologicznych<\/p>\n<p>&#8211; problem\u00f3w oraz mo\u017cliwo\u015bci\u00a0 rozwoju\u00a0 zdrowego spo\u0142ecze\u0144stwa, poprawy jako\u015bci \u017cycia i dobrostanu r\u00f3\u017cnych grup spo\u0142ecznych oraz w perspektywie r\u00f3\u017cnych \u015brodowisk.<\/p>\n<p>Strona: <a href=\"https:\/\/us.edu.pl\/instytut\/ipe\/\">https:\/\/us.edu.pl\/instytut\/ipe\/<\/a><\/p>\n<\/div>\r\n                    <\/div>\r\n                <\/div>[\/vc_column][\/vc_row]<\/p>","protected":false},"excerpt":{"rendered":"<p>[vc_row][vc_column][\/vc_column][\/vc_row][vc_row][vc_column][\/vc_column][\/vc_row] [&#8230;]<\/p>\n<p><a class=\"btn btn-secondary understrap-read-more-link\" href=\"https:\/\/us.edu.pl\/wydzial\/wns\/instytut-pedagogiki\/\">Read More&#8230;<\/a><\/p>\n","protected":false},"author":130,"featured_media":0,"parent":0,"menu_order":0,"comment_status":"closed","ping_status":"closed","template":"","meta":{"_expiration-date-status":"","_expiration-date":0,"_expiration-date-type":"","_expiration-date-categories":[],"_expiration-date-options":[]},"acf":[],"_links":{"self":[{"href":"https:\/\/us.edu.pl\/wydzial\/wns\/wp-json\/wp\/v2\/pages\/1099"}],"collection":[{"href":"https:\/\/us.edu.pl\/wydzial\/wns\/wp-json\/wp\/v2\/pages"}],"about":[{"href":"https:\/\/us.edu.pl\/wydzial\/wns\/wp-json\/wp\/v2\/types\/page"}],"author":[{"embeddable":true,"href":"https:\/\/us.edu.pl\/wydzial\/wns\/wp-json\/wp\/v2\/users\/130"}],"replies":[{"embeddable":true,"href":"https:\/\/us.edu.pl\/wydzial\/wns\/wp-json\/wp\/v2\/comments?post=1099"}],"version-history":[{"count":10,"href":"https:\/\/us.edu.pl\/wydzial\/wns\/wp-json\/wp\/v2\/pages\/1099\/revisions"}],"predecessor-version":[{"id":178127,"href":"https:\/\/us.edu.pl\/wydzial\/wns\/wp-json\/wp\/v2\/pages\/1099\/revisions\/178127"}],"wp:attachment":[{"href":"https:\/\/us.edu.pl\/wydzial\/wns\/wp-json\/wp\/v2\/media?parent=1099"}],"curies":[{"name":"wp","href":"https:\/\/api.w.org\/{rel}","templated":true}]}}