{"id":1105,"date":"2019-12-11T11:24:58","date_gmt":"2019-12-11T10:24:58","guid":{"rendered":"https:\/\/us.edu.pl\/wydzial\/wns\/?page_id=1105"},"modified":"2025-04-23T08:07:00","modified_gmt":"2025-04-23T06:07:00","slug":"instytut-psychologii","status":"publish","type":"page","link":"https:\/\/us.edu.pl\/wydzial\/wns\/instytut-psychologii\/","title":{"rendered":"Instytut Psychologii"},"content":{"rendered":"<p>[vc_row][vc_column]\r\n                <div class=\"text-modules \">\r\n                    <div class=\"container\">\r\n                         \r\n                        <div class=\"row m-0\">\r\n                            <div class=\"text-modules__content\">\r\n                                <strong>Dyrektor Instytutu Psychologii<\/strong><\/p>\n<p><img class=\"alignnone size-medium wp-image-158487\" src=\"https:\/\/us.edu.pl\/wydzial\/wns\/wp-content\/uploads\/sites\/17\/Bez-kategorii\/DSC00538_Malgorzata-Dymowska-1-200x300.jpg\" alt=\"\" width=\"200\" height=\"300\" srcset=\"https:\/\/us.edu.pl\/wydzial\/wns\/wp-content\/uploads\/sites\/17\/Bez-kategorii\/DSC00538_Malgorzata-Dymowska-1-200x300.jpg 200w, https:\/\/us.edu.pl\/wydzial\/wns\/wp-content\/uploads\/sites\/17\/Bez-kategorii\/DSC00538_Malgorzata-Dymowska-1-683x1024.jpg 683w, https:\/\/us.edu.pl\/wydzial\/wns\/wp-content\/uploads\/sites\/17\/Bez-kategorii\/DSC00538_Malgorzata-Dymowska-1-768x1152.jpg 768w, https:\/\/us.edu.pl\/wydzial\/wns\/wp-content\/uploads\/sites\/17\/Bez-kategorii\/DSC00538_Malgorzata-Dymowska-1-1024x1536.jpg 1024w, https:\/\/us.edu.pl\/wydzial\/wns\/wp-content\/uploads\/sites\/17\/Bez-kategorii\/DSC00538_Malgorzata-Dymowska-1-1365x2048.jpg 1365w, https:\/\/us.edu.pl\/wydzial\/wns\/wp-content\/uploads\/sites\/17\/Bez-kategorii\/DSC00538_Malgorzata-Dymowska-1-383x575.jpg 383w, https:\/\/us.edu.pl\/wydzial\/wns\/wp-content\/uploads\/sites\/17\/Bez-kategorii\/DSC00538_Malgorzata-Dymowska-1-scaled.jpg 1707w\" sizes=\"(max-width: 200px) 100vw, 200px\" \/><\/p>\n<p>dr hab. Katarzyna \u015alebarska, prof. U\u015a<\/p>\n<p>Sprawy pracownicze, sprawy naukowe, przewodniczenie Radzie Naukowej, reprezentowanie Instytutu w pracach Kolegium Dzieka\u0144skiego WNS.<\/p>\n<p><strong>Zast\u0119pca Dyrektora Instytutu Psychologii<\/strong><\/p>\n<p><img class=\"alignnone size-medium wp-image-158550\" src=\"https:\/\/us.edu.pl\/wydzial\/wns\/wp-content\/uploads\/sites\/17\/Bez-kategorii\/Z6A9039_fot-Julia-Agnieszka-Szymala_US-3-1-240x300.jpg\" alt=\"\" width=\"240\" height=\"300\" srcset=\"https:\/\/us.edu.pl\/wydzial\/wns\/wp-content\/uploads\/sites\/17\/Bez-kategorii\/Z6A9039_fot-Julia-Agnieszka-Szymala_US-3-1-240x300.jpg 240w, https:\/\/us.edu.pl\/wydzial\/wns\/wp-content\/uploads\/sites\/17\/Bez-kategorii\/Z6A9039_fot-Julia-Agnieszka-Szymala_US-3-1-819x1024.jpg 819w, https:\/\/us.edu.pl\/wydzial\/wns\/wp-content\/uploads\/sites\/17\/Bez-kategorii\/Z6A9039_fot-Julia-Agnieszka-Szymala_US-3-1-768x960.jpg 768w, https:\/\/us.edu.pl\/wydzial\/wns\/wp-content\/uploads\/sites\/17\/Bez-kategorii\/Z6A9039_fot-Julia-Agnieszka-Szymala_US-3-1-1229x1536.jpg 1229w, https:\/\/us.edu.pl\/wydzial\/wns\/wp-content\/uploads\/sites\/17\/Bez-kategorii\/Z6A9039_fot-Julia-Agnieszka-Szymala_US-3-1-1639x2048.jpg 1639w, https:\/\/us.edu.pl\/wydzial\/wns\/wp-content\/uploads\/sites\/17\/Bez-kategorii\/Z6A9039_fot-Julia-Agnieszka-Szymala_US-3-1-460x575.jpg 460w, https:\/\/us.edu.pl\/wydzial\/wns\/wp-content\/uploads\/sites\/17\/Bez-kategorii\/Z6A9039_fot-Julia-Agnieszka-Szymala_US-3-1-scaled.jpg 2048w\" sizes=\"(max-width: 240px) 100vw, 240px\" \/><\/p>\n<p>Dr Dagna Kocur, prof. U\u015a<\/p>\n<p>Sprawy naukowe, wsp\u00f3\u0142praca ze \u015brodowiskiem zewn\u0119trznym. \r\n                                <div class=\"mt-3\"><\/div>\r\n                            <\/div>\r\n                            \r\n                            \r\n                        <\/div>\r\n                    <\/div>\r\n                <\/div>[\/vc_column][\/vc_row][vc_row][vc_column]\r\n                <div class=\"text-modules\">\r\n                    <div class=\"container\">\r\n                        <h3 class=\"page-title text__title\">Instytut Psychologii<\/h3>\r\n                        <div class=\"text-modules__content\"><p><strong>Instytut Psychologii<\/strong> Uniwersytetu \u015al\u0105skiego powsta\u0142 w 1974 roku. Pocz\u0105tkowo stanowi\u0142 jednostk\u0119 Wydzia\u0142u Pedagogiki i Psychologii, a obecnie znajduje si\u0119 w strukturze Wydzia\u0142u Nauk Spo\u0142ecznych.\u00a0 Instytut zatrudnia 33 osoby na stanowiskach badawczo-dydaktycznych, w tym dw\u00f3ch profesor\u00f3w zwyczajnych, pi\u0119ciu doktor\u00f3w habilitowanych, osiemnastu doktor\u00f3w i\u00a0 o\u015bmiu magistr\u00f3w. Atutem Instytutu jest m\u0142ody i ambitny zesp\u00f3\u0142 \u2013 w roku 2018 jedenastu pracownik\u00f3w Instytutu uzyska\u0142o stopie\u0144 doktora, a dziewi\u0119\u0107 rozpraw doktorskich otrzyma\u0142o wyr\u00f3\u017cnienia. Znacz\u0105c\u0105 cz\u0119\u015b\u0107 kadry stanowi\u0105 badacze-praktycy \u2013 psychoterapeuci, psychologowie zdrowia i psychologowie pracy, st\u0105d prowadzone s\u0105 zar\u00f3wno badania podstawowe, jak i stosowane.\u00a0 Pr\u00f3cz bada\u0144 umiejscowionych w klasycznych nurtach badawczych (takich jak psychologia og\u00f3lna, organizacji, ekonomiczna, zdrowia, spo\u0142eczna, kliniczna, s\u0105dowa) prowadzone s\u0105 badania\u00a0 z zakresu cyberpsychologii, psychologii muzyki, psychologii moralno\u015bci, psychologii ewolucyjnej, psychologii przetrwania oraz psychoseksuologii. Pracownicy Instytutu Psychologii wsp\u00f3\u0142pracuj\u0105 z badaczami z uniwersytet\u00f3w polskich, europejskich i ameryka\u0144skich, co skutkuje szybkim\u00a0 wzrostem liczby publikacji w renomowanych czasopismach zagranicznych. Pracownicy realizuj\u0105 tak\u017ce granty (naukowe i dydaktyczne) NCN i NCBR. W badaniach wykorzystywane jest laboratorium, umo\u017cliwaj\u0105ce prowadzenie bada\u0144 eksperymentalnych oraz longitudinalnych metod\u0105 experience sampling.<\/p>\n<p>Strona: <a href=\"https:\/\/us.edu.pl\/instytut\/ip\/\">https:\/\/us.edu.pl\/instytut\/ip\/<\/a><\/p>\n<\/div>\r\n                    <\/div>\r\n                <\/div>[\/vc_column][\/vc_row]<\/p>","protected":false},"excerpt":{"rendered":"<p>[vc_row][vc_column][\/vc_column][\/vc_row][vc_row][vc_column][\/vc_column][\/vc_row] [&#8230;]<\/p>\n<p><a class=\"btn btn-secondary understrap-read-more-link\" href=\"https:\/\/us.edu.pl\/wydzial\/wns\/instytut-psychologii\/\">Read More&#8230;<\/a><\/p>\n","protected":false},"author":130,"featured_media":0,"parent":0,"menu_order":0,"comment_status":"closed","ping_status":"closed","template":"","meta":{"_expiration-date-status":"","_expiration-date":0,"_expiration-date-type":"","_expiration-date-categories":[],"_expiration-date-options":[]},"acf":[],"_links":{"self":[{"href":"https:\/\/us.edu.pl\/wydzial\/wns\/wp-json\/wp\/v2\/pages\/1105"}],"collection":[{"href":"https:\/\/us.edu.pl\/wydzial\/wns\/wp-json\/wp\/v2\/pages"}],"about":[{"href":"https:\/\/us.edu.pl\/wydzial\/wns\/wp-json\/wp\/v2\/types\/page"}],"author":[{"embeddable":true,"href":"https:\/\/us.edu.pl\/wydzial\/wns\/wp-json\/wp\/v2\/users\/130"}],"replies":[{"embeddable":true,"href":"https:\/\/us.edu.pl\/wydzial\/wns\/wp-json\/wp\/v2\/comments?post=1105"}],"version-history":[{"count":10,"href":"https:\/\/us.edu.pl\/wydzial\/wns\/wp-json\/wp\/v2\/pages\/1105\/revisions"}],"predecessor-version":[{"id":178146,"href":"https:\/\/us.edu.pl\/wydzial\/wns\/wp-json\/wp\/v2\/pages\/1105\/revisions\/178146"}],"wp:attachment":[{"href":"https:\/\/us.edu.pl\/wydzial\/wns\/wp-json\/wp\/v2\/media?parent=1105"}],"curies":[{"name":"wp","href":"https:\/\/api.w.org\/{rel}","templated":true}]}}