{"id":1109,"date":"2019-12-11T11:30:05","date_gmt":"2019-12-11T10:30:05","guid":{"rendered":"https:\/\/us.edu.pl\/wydzial\/wns\/?page_id=1109"},"modified":"2025-05-09T14:31:01","modified_gmt":"2025-05-09T12:31:01","slug":"instytut-socjologii","status":"publish","type":"page","link":"https:\/\/us.edu.pl\/wydzial\/wns\/instytut-socjologii\/","title":{"rendered":"Instytut Socjologii"},"content":{"rendered":"<p>[vc_row][vc_column]\r\n                <div class=\"text-modules\">\r\n                    <div class=\"container\">\r\n                        \r\n                        <div class=\"text-modules__content\"><p><strong>Dyrektor Instytutu Socjologii<\/strong><\/p>\n<p><img class=\"alignnone size-medium wp-image-1111\" src=\"https:\/\/us.edu.pl\/wydzial\/wns\/wp-content\/uploads\/sites\/17\/Nieprzypisane\/Rafa\u0142-Muster_DSC_3929-240x300.jpg\" alt=\"Assoc. Prof. Rafa\u0142 Muster, Profeessor of the University of Silesia\" width=\"240\" height=\"300\" srcset=\"https:\/\/us.edu.pl\/wydzial\/wns\/wp-content\/uploads\/sites\/17\/Nieprzypisane\/Rafa\u0142-Muster_DSC_3929-240x300.jpg 240w, https:\/\/us.edu.pl\/wydzial\/wns\/wp-content\/uploads\/sites\/17\/Nieprzypisane\/Rafa\u0142-Muster_DSC_3929-768x960.jpg 768w, https:\/\/us.edu.pl\/wydzial\/wns\/wp-content\/uploads\/sites\/17\/Nieprzypisane\/Rafa\u0142-Muster_DSC_3929-819x1024.jpg 819w, https:\/\/us.edu.pl\/wydzial\/wns\/wp-content\/uploads\/sites\/17\/Nieprzypisane\/Rafa\u0142-Muster_DSC_3929-460x575.jpg 460w, https:\/\/us.edu.pl\/wydzial\/wns\/wp-content\/uploads\/sites\/17\/Nieprzypisane\/Rafa\u0142-Muster_DSC_3929.jpg 2000w\" sizes=\"(max-width: 240px) 100vw, 240px\" \/><\/p>\n<p>dr hab. Rafa\u0142 Muster, prof. U\u015a:<\/p>\n<p>&#8211; sprawy naukowe,<\/p>\n<p>&#8211; sprawy kadrowe,<\/p>\n<p>&#8211; koordynacja realizacji zada\u0144 wynikaj\u0105cych z przyj\u0119tej strategii,<\/p>\n<p>&nbsp;<\/p>\n<p><strong>Zast\u0119pca Dyrektora Instytutu Socjologii<\/strong><\/p>\n<p><img class=\"alignnone size-medium wp-image-158554\" src=\"https:\/\/us.edu.pl\/wydzial\/wns\/wp-content\/uploads\/sites\/17\/Bez-kategorii\/Z6A8938_fot-Julia-Agnieszka-Szymala_US-3-240x300.jpg\" alt=\"dr Rafa\u0142 Cekiera\" width=\"240\" height=\"300\" srcset=\"https:\/\/us.edu.pl\/wydzial\/wns\/wp-content\/uploads\/sites\/17\/Bez-kategorii\/Z6A8938_fot-Julia-Agnieszka-Szymala_US-3-240x300.jpg 240w, https:\/\/us.edu.pl\/wydzial\/wns\/wp-content\/uploads\/sites\/17\/Bez-kategorii\/Z6A8938_fot-Julia-Agnieszka-Szymala_US-3-819x1024.jpg 819w, https:\/\/us.edu.pl\/wydzial\/wns\/wp-content\/uploads\/sites\/17\/Bez-kategorii\/Z6A8938_fot-Julia-Agnieszka-Szymala_US-3-768x960.jpg 768w, https:\/\/us.edu.pl\/wydzial\/wns\/wp-content\/uploads\/sites\/17\/Bez-kategorii\/Z6A8938_fot-Julia-Agnieszka-Szymala_US-3-1229x1536.jpg 1229w, https:\/\/us.edu.pl\/wydzial\/wns\/wp-content\/uploads\/sites\/17\/Bez-kategorii\/Z6A8938_fot-Julia-Agnieszka-Szymala_US-3-1638x2048.jpg 1638w, https:\/\/us.edu.pl\/wydzial\/wns\/wp-content\/uploads\/sites\/17\/Bez-kategorii\/Z6A8938_fot-Julia-Agnieszka-Szymala_US-3-460x575.jpg 460w, https:\/\/us.edu.pl\/wydzial\/wns\/wp-content\/uploads\/sites\/17\/Bez-kategorii\/Z6A8938_fot-Julia-Agnieszka-Szymala_US-3-scaled.jpg 2048w\" sizes=\"(max-width: 240px) 100vw, 240px\" \/><\/p>\n<p>dr Rafa\u0142 Cekiera, prof. U\u015a:<\/p>\n<p>&#8211; promocja Instytutu,<\/p>\n<p>&#8211; wsp\u00f3\u0142praca z otoczeniem,<\/p>\n<p>&#8211; sprawozdawczo\u015b\u0107.<\/p>\n<p>&nbsp;<\/p>\n<p><strong>Instytut Socjologii<\/strong><\/p>\n<p>W 1976 roku aspiracje katowickiego \u015brodowiska socjologicznego zwie\u0144czone zosta\u0142y powo\u0142aniem <strong>Instytutu Socjologii<\/strong> w Uniwersytecie \u015al\u0105skim. By\u0142a to odpowied\u017a na spo\u0142eczne potrzeby w zakresie intensyfikacji bada\u0144 socjologicznych i kszta\u0142cenia socjolog\u00f3w dla regionu wielkoprzemys\u0142owego o okre\u015blonej specyfice gospodarczej i spo\u0142eczno-kulturalnej. Instytut Socjologii zatrudnia obecnie ponad czterdzie\u015bci os\u00f3b, reprezentuj\u0105cych kadr\u0119 naukow\u0105 (w tym 20 samodzielnych pracownik\u00f3w) i dydaktyczn\u0105. Prowadzone w Instytucie studia w ramach kierunk\u00f3w: socjologia, praca socjalna, polityki miejskie i doradztwo publiczne \u015bci\u015ble s\u0105 powi\u0105zane z realizowanymi pracami naukowo-badawczymi. Przedsi\u0119wzi\u0119cia badawcze podejmowane w Instytucie Socjologii oraz zainteresowania naukowe pracownik\u00f3w stanowi\u0105 wynik obserwacji obecnej sytuacji spo\u0142ecznej i pog\u0142\u0119bionej refleksji nad spo\u0142ecze\u0144stwem, jego dziedzictwem kulturowym, problemami pogranicza, a tak\u017ce szansami i zagro\u017ceniami jego rozwoju. Badania podejmowane w Instytucie zwi\u0105zane s\u0105 r\u00f3wnie\u017c z zagadnieniami rynku pracy, zarz\u0105dzaniem zasobami ludzkimi oraz funkcjonowaniem organizacji. Wyniki bada\u0144 maj\u0105 wymiar aplikacyjny. Pracownicy Instytutu s\u0105 laureatami nagr\u00f3d, a tak\u017ce uczestnikami sta\u017cy naukowych i badawczych finansowanych przez fundusze zagraniczne (Visegrad Fund, University of Peloponnese, Corinth, BECO (AUF), British Gas NEA, Agence Universitaire de La Francophonie, Fulbright Poland). W ramach inicjatyw B+R podejmowanych przy Instytucie Socjologii powsta\u0142o Obserwatorium Proces\u00f3w Miejskich i Metropolitalnych. Instytut wydaje periodyk \u201eG\u00f3rno\u015bl\u0105skie Studia Socjologiczne. Seria Nowa\u201d. O\u00a0silnej pozycji Instytutu Socjologii mo\u017ce \u015bwiadczy\u0107 obecno\u015b\u0107 jego ekspert\u00f3w w\u00a0r\u00f3\u017cnego rodzaju gremiach (m.in. w Centralnej Komisji ds. Stopni i Tytu\u0142\u00f3w), a\u00a0tak\u017ce uczestnictwo w\u00a0wydarzeniach istotnych dla kszta\u0142towania rozwoju i\u00a0przysz\u0142o\u015bci regionu i\u00a0pa\u0144stwa.<\/p>\n<p>Strona: <a href=\"https:\/\/us.edu.pl\/instytut\/is\/\">https:\/\/us.edu.pl\/instytut\/is\/<\/a><\/p>\n<\/div>\r\n                    <\/div>\r\n                <\/div>[\/vc_column][\/vc_row][vc_row][vc_column][\/vc_column][\/vc_row]<\/p>","protected":false},"excerpt":{"rendered":"<p>[vc_row][vc_column][\/vc_column][\/vc_row][vc_row][vc_column][\/vc_column][\/vc_row] [&#8230;]<\/p>\n<p><a class=\"btn btn-secondary understrap-read-more-link\" href=\"https:\/\/us.edu.pl\/wydzial\/wns\/instytut-socjologii\/\">Read More&#8230;<\/a><\/p>\n","protected":false},"author":130,"featured_media":0,"parent":0,"menu_order":0,"comment_status":"closed","ping_status":"closed","template":"","meta":{"_expiration-date-status":"","_expiration-date":0,"_expiration-date-type":"","_expiration-date-categories":[],"_expiration-date-options":[]},"acf":[],"_links":{"self":[{"href":"https:\/\/us.edu.pl\/wydzial\/wns\/wp-json\/wp\/v2\/pages\/1109"}],"collection":[{"href":"https:\/\/us.edu.pl\/wydzial\/wns\/wp-json\/wp\/v2\/pages"}],"about":[{"href":"https:\/\/us.edu.pl\/wydzial\/wns\/wp-json\/wp\/v2\/types\/page"}],"author":[{"embeddable":true,"href":"https:\/\/us.edu.pl\/wydzial\/wns\/wp-json\/wp\/v2\/users\/130"}],"replies":[{"embeddable":true,"href":"https:\/\/us.edu.pl\/wydzial\/wns\/wp-json\/wp\/v2\/comments?post=1109"}],"version-history":[{"count":10,"href":"https:\/\/us.edu.pl\/wydzial\/wns\/wp-json\/wp\/v2\/pages\/1109\/revisions"}],"predecessor-version":[{"id":179262,"href":"https:\/\/us.edu.pl\/wydzial\/wns\/wp-json\/wp\/v2\/pages\/1109\/revisions\/179262"}],"wp:attachment":[{"href":"https:\/\/us.edu.pl\/wydzial\/wns\/wp-json\/wp\/v2\/media?parent=1109"}],"curies":[{"name":"wp","href":"https:\/\/api.w.org\/{rel}","templated":true}]}}