{"id":1285,"date":"2020-01-08T13:37:39","date_gmt":"2020-01-08T12:37:39","guid":{"rendered":"https:\/\/us.edu.pl\/wydzial\/wns\/?page_id=1285"},"modified":"2025-12-10T08:33:44","modified_gmt":"2025-12-10T07:33:44","slug":"ogloszenia","status":"publish","type":"page","link":"https:\/\/us.edu.pl\/wydzial\/wns\/ogloszenia\/","title":{"rendered":"Og\u0142oszenia Dzienikarstwo i Komunikacja Spo\u0142eczna"},"content":{"rendered":"<p>[vc_row][vc_column]\r\n                <div class=\"text-modules\">\r\n                    <div class=\"container\">\r\n                        \r\n                        <div class=\"text-modules__content\"><p>O godz. 18.00 zapraszamy na otwarte spotkanie autorskie z pisarzem z okazji premiery polskiego przek\u0142adu powie\u015bci\u00a0<em>Czerwona woda<\/em>, przet\u0142umaczonej przez Leszka Ma\u0142czaka i opublikowanej w pa\u017adzierniku tego roku przez wydawnictwo Noir sur Blanc. Powie\u015b\u0107 zdoby\u0142a liczne nagrody, m.in. w Chorwacji (Ksaver \u0160andor Gjalski i Fritz), we Francji Le Point du Polar europ\u00e9en i Grand prix de la litt\u00e9rature polici\u00e8re za najlepsz\u0105 europejsk\u0105 powie\u015b\u0107 kryminaln\u0105 w 2021 roku oraz znalaz\u0142a si\u0119 w 2025 roku w zestawieniu 10 najlepszych krymina\u0142\u00f3w wed\u0142ug brytyjskiego The Financial Times. Spotkanie autorskie poprowadz\u0105 i przet\u0142umacz\u0105 na j\u0119zyk polski dr hab. Leszek Ma\u0142czak i dr Antonina Kurtok. Serdecznie zapraszamy na oba wydarzenia, kt\u00f3re odb\u0119d\u0105 si\u0119 w budynku SpinPLACE przy ulicy Bankowej 5.<\/p>\n<p>Spotkanie odb\u0119dzie si\u0119\u00a0 15 grudnia (poniedzia\u0142ek) o godz. 11.45\u201313.15 w spinPLACE.<\/p>\n<p><a href=\"https:\/\/us.edu.pl\/wydzial\/wh\/event\/wizyta-juricy-pavicicia-w-uniwersytecie-slaskim\/\">https:\/\/us.edu.pl\/wydzial\/wh\/event\/wizyta-juricy-pavicicia-w-uniwersytecie-slaskim\/<\/a><\/p>\n<\/div>\r\n                    <\/div>\r\n                <\/div>[\/vc_column][\/vc_row]<\/p>","protected":false},"excerpt":{"rendered":"<p>[vc_row][vc_column][\/vc_column][\/vc_row] [&#8230;]<\/p>\n<p><a class=\"btn btn-secondary understrap-read-more-link\" href=\"https:\/\/us.edu.pl\/wydzial\/wns\/ogloszenia\/\">Read More&#8230;<\/a><\/p>\n","protected":false},"author":130,"featured_media":0,"parent":0,"menu_order":0,"comment_status":"closed","ping_status":"closed","template":"","meta":{"_expiration-date-status":"","_expiration-date":0,"_expiration-date-type":"","_expiration-date-categories":[],"_expiration-date-options":[]},"acf":[],"_links":{"self":[{"href":"https:\/\/us.edu.pl\/wydzial\/wns\/wp-json\/wp\/v2\/pages\/1285"}],"collection":[{"href":"https:\/\/us.edu.pl\/wydzial\/wns\/wp-json\/wp\/v2\/pages"}],"about":[{"href":"https:\/\/us.edu.pl\/wydzial\/wns\/wp-json\/wp\/v2\/types\/page"}],"author":[{"embeddable":true,"href":"https:\/\/us.edu.pl\/wydzial\/wns\/wp-json\/wp\/v2\/users\/130"}],"replies":[{"embeddable":true,"href":"https:\/\/us.edu.pl\/wydzial\/wns\/wp-json\/wp\/v2\/comments?post=1285"}],"version-history":[{"count":10,"href":"https:\/\/us.edu.pl\/wydzial\/wns\/wp-json\/wp\/v2\/pages\/1285\/revisions"}],"predecessor-version":[{"id":183586,"href":"https:\/\/us.edu.pl\/wydzial\/wns\/wp-json\/wp\/v2\/pages\/1285\/revisions\/183586"}],"wp:attachment":[{"href":"https:\/\/us.edu.pl\/wydzial\/wns\/wp-json\/wp\/v2\/media?parent=1285"}],"curies":[{"name":"wp","href":"https:\/\/api.w.org\/{rel}","templated":true}]}}