{"id":1343,"date":"2020-01-20T11:22:28","date_gmt":"2020-01-20T10:22:28","guid":{"rendered":"https:\/\/us.edu.pl\/wydzial\/wns\/?page_id=1343"},"modified":"2025-12-11T11:00:32","modified_gmt":"2025-12-11T10:00:32","slug":"samorzad-studencki","status":"publish","type":"page","link":"https:\/\/us.edu.pl\/wydzial\/wns\/samorzad-studencki\/","title":{"rendered":"Samorz\u0105d Studencki"},"content":{"rendered":"<p>[vc_row][vc_column]\r\n                <div class=\"text-modules\">\r\n                    <div class=\"container\">\r\n                        <h3 class=\"page-title text__title\">Samorz\u0105d Studencki<\/h3>\r\n                        <div class=\"text-modules__content\"><p>Samorz\u0105d Studencki Uniwersytetu \u015al\u0105skiego tworz\u0105 wszyscy studenci U\u015a. Samorz\u0105d jest jedynym demokratycznym i niezawis\u0142ym wyrazicielem interes\u00f3w spo\u0142eczno\u015bci studenckiej U\u015a. Na poziomie Wydzia\u0142u Samorz\u0105d Studencki jest reprezentowany przez Wydzia\u0142ow\u0105 Rad\u0119 Samorz\u0105du, na szczeblu Uczelnianym jest reprezentowany przez Uczelnian\u0105 Rad\u0119 Samorz\u0105du Studenckiego.<\/p>\n<div>\n<p>G\u0142\u00f3wnymi zadaniami Wydzia\u0142owej Rady Samorz\u0105du Studenckiego s\u0105:<br \/>\n&#8211; reprezentowanie student\u00f3w przed W\u0142adzami Wydzia\u0142u;<br \/>\n&#8211; wyst\u0119powanie z wnioskami, postulatami i opiniami do W\u0142adz Wydzia\u0142u (np. wnioskowanie o godziny dzieka\u0144skie);<br \/>\n&#8211; dbanie o dobro Student\u00f3w oraz promowanie \u017cycia studenckiego na Wydziale.<\/p>\n<p>Adres mailowy do korespondencji: <a href=\"mailto:rsswns@us.edu.pl\">rsswns@us.edu.pl<\/a><\/p>\n<\/div>\n<div>Link do strony samorz\u0105du studenckiego: <a href=\"https:\/\/www.facebook.com\/pg\/WNSUS\/groups\/?ref=page_internal\" target=\"_blank\" rel=\"noopener\">https:\/\/www.facebook.com\/pg\/WNSUS\/groups\/?ref=page_internal<\/a><\/div>\n<div><\/div>\n<div><\/div>\n<div><\/div>\n<div>\n<p>&nbsp;<\/p>\n<p><strong>Sk\u0142ad Rady Samorz\u0105du Studenckiego Wydzia\u0142u Nauk Spo\u0142ecznych:<\/strong><\/p>\n<\/div>\n<div>\n<p>Remigiusz Giec &#8211; Przewodnicz\u0105cy, cz\u0142onek RSS WNS<br \/>\nKarolina Grz\u0119da &#8211; Wice-przewodnicz\u0105ca, cz\u0142onkini RSS WNS<br \/>\nMagda Mo\u015b &#8211; Koordynatorka ds. organizacji, cz\u0142onkini RSS WNS<br \/>\nOliwia Mackowicz &#8211; Koordynatorka ds. organizacji studenckich, cz\u0142onkini RSS WNS<br \/>\nOliwia De Vito &#8211; Koordynatorka ds. pomocy osobom studiuj\u0105cym, cz\u0142onkini RSS WNS<br \/>\nMaja K\u0119dzior &#8211; Koordynatorka ds. medi\u00f3w, cz\u0142onkini RSS WNS<br \/>\nZoriana Kornak &#8211; cz\u0142onkini RSS WNS<br \/>\nBaltazar Kaczmarczyk &#8211; cz\u0142onek RSS WNS<br \/>\nJakub Kudela &#8211; cz\u0142onek RSS WNS<br \/>\nMagdalena \u0141azarska &#8211; cz\u0142onkini RSS WNS<br \/>\nIga Pietrucha &#8211; cz\u0142onkini RSS WNS<br \/>\nAnna Zwirecka &#8211; cz\u0142onkini RSS WNS<br \/>\nDominika Goj &#8211; cz\u0142onkini RSS WNS<br \/>\nKamila Kubas &#8211; cz\u0142onkini RSS WNS<br \/>\nMaj\u0105 K\u0119dzierska &#8211; cz\u0142onkini RSS WNS<br \/>\nDominika Gondro &#8211; cz\u0142onkini RSS WNS<br \/>\nZuzanna Syrek &#8211; cz\u0142onkini RSS WNS<\/p>\n<p>&nbsp;<\/p>\n<p>&nbsp;<\/p>\n<\/div>\n<p>\n<\/div>\r\n                    <\/div>\r\n                <\/div>[\/vc_column][\/vc_row]<\/p>","protected":false},"excerpt":{"rendered":"<p>[vc_row][vc_column][\/vc_column][\/vc_row] [&#8230;]<\/p>\n<p><a class=\"btn btn-secondary understrap-read-more-link\" href=\"https:\/\/us.edu.pl\/wydzial\/wns\/samorzad-studencki\/\">Read More&#8230;<\/a><\/p>\n","protected":false},"author":130,"featured_media":0,"parent":0,"menu_order":0,"comment_status":"closed","ping_status":"closed","template":"","meta":{"_expiration-date-status":"","_expiration-date":0,"_expiration-date-type":"","_expiration-date-categories":[],"_expiration-date-options":[]},"acf":[],"_links":{"self":[{"href":"https:\/\/us.edu.pl\/wydzial\/wns\/wp-json\/wp\/v2\/pages\/1343"}],"collection":[{"href":"https:\/\/us.edu.pl\/wydzial\/wns\/wp-json\/wp\/v2\/pages"}],"about":[{"href":"https:\/\/us.edu.pl\/wydzial\/wns\/wp-json\/wp\/v2\/types\/page"}],"author":[{"embeddable":true,"href":"https:\/\/us.edu.pl\/wydzial\/wns\/wp-json\/wp\/v2\/users\/130"}],"replies":[{"embeddable":true,"href":"https:\/\/us.edu.pl\/wydzial\/wns\/wp-json\/wp\/v2\/comments?post=1343"}],"version-history":[{"count":6,"href":"https:\/\/us.edu.pl\/wydzial\/wns\/wp-json\/wp\/v2\/pages\/1343\/revisions"}],"predecessor-version":[{"id":183620,"href":"https:\/\/us.edu.pl\/wydzial\/wns\/wp-json\/wp\/v2\/pages\/1343\/revisions\/183620"}],"wp:attachment":[{"href":"https:\/\/us.edu.pl\/wydzial\/wns\/wp-json\/wp\/v2\/media?parent=1343"}],"curies":[{"name":"wp","href":"https:\/\/api.w.org\/{rel}","templated":true}]}}