{"id":156002,"date":"2022-07-20T10:21:30","date_gmt":"2022-07-20T08:21:30","guid":{"rendered":"https:\/\/us.edu.pl\/wydzial\/wns\/?page_id=156002"},"modified":"2025-06-16T12:26:10","modified_gmt":"2025-06-16T10:26:10","slug":"bezpieczenstwo-narodowe-i-miedzynarodowe","status":"publish","type":"page","link":"https:\/\/us.edu.pl\/wydzial\/wns\/bezpieczenstwo-narodowe-i-miedzynarodowe\/","title":{"rendered":"Bezpiecze\u0144stwo narodowe i mi\u0119dzynarodowe"},"content":{"rendered":"<p>[vc_row][vc_column]\r\n                <div class=\"text-modules reverse\">\r\n                    <div class=\"container\">\r\n                        <h3 class=\"section-title section-title_border-bottom\">Bezpiecze\u0144stwo narodowe i mi\u0119dzynarodowe - studia I i II stopnia, stacjonarne i niestacjonarne<\/h3> <h3 class=\"subtitle text-modules__subtitle\">j\u0119zyk wyk\u0142adowy: polski<\/h3>\r\n                        <div class=\"row m-0\">\r\n                            <div class=\"text-modules__content\">\r\n                                <\/p>\n<p style=\"text-align: left;\"><strong>Bezpiecze\u0144stwo narodowe i mi\u0119dzynarodowe<\/strong> to dynamicznie zmieniaj\u0105ce si\u0119 dyscypliny, kt\u00f3rych celem jest <strong>rozpoznawanie zagro\u017ce\u0144 oraz ich eliminowanie lub ograniczanie.<\/strong> Takie dzia\u0142ania maj\u0105 wp\u0142yw na los poszczeg\u00f3lnych ludzi, ca\u0142ych zbiorowisk czy pa\u0144stw. Do ich zrozumienia konieczna jest teoria oraz praktyka, kt\u00f3re mo\u017cna zdoby\u0107 na tym kierunku. Absolwent ma przed sob\u0105 <strong>szerokie perspektywy zawodowe<\/strong> w organizacjach, instytucjach i s\u0142u\u017cbach zajmuj\u0105cych si\u0119 bezpiecze\u0144stwem. Jako student poznasz specyfik\u0119 polityki, historii politycznej i bezpiecze\u0144stwa Polski oraz r\u00f3\u017cnych pa\u0144stw. Dowiesz si\u0119 o dzia\u0142aniu s\u0142u\u017cb mundurowych, strategii, mocarstwach, wojnach, roli si\u0142 zbrojnych, s\u0142u\u017cb specjalnych, przest\u0119pczo\u015bci, wi\u0119ziennictwie, radykalnych ideologiach i sposobach ich zwalczania. Absolwent b\u0119dzie m\u00f3g\u0142 kontynuowa\u0107 nauk\u0119 na studiach II stopnia kierunku Bezpiecze\u0144stwo narodowe i mi\u0119dzynarodowe lub Politologia (specjalno\u015b\u0107: wsp\u00f3\u0142czesne stosunki mi\u0119dzynarodowe). Jako student kierunku Bezpiecze\u0144stwo Narodowe i Mi\u0119dzynarodowe II stopnia staniesz si\u0119 specjalist\u0105 z szerokimi perspektywami zawodowymi. <strong>Nauczysz si\u0119 my\u015ble\u0107 analitycznie, identyfikowa\u0107 zagro\u017cenia i w\u0142a\u015bciwie reagowa\u0107<\/strong>. Poznasz tajniki system\u00f3w politycznych r\u00f3\u017cnych kraj\u00f3w i region\u00f3w, w tym RP, podstawy kryminologii i kryminalistyki, prawo wykrocze\u0144, propagandy i manipulacji, czynno\u015bci operacyjno-rozpoznawcze, podstawy dzia\u0142a\u0144 ratowniczych i ochrony ludno\u015bci, techniki pozyskiwania informacji z otwartych \u017ar\u00f3de\u0142, protok\u00f3\u0142 dyplomatyczny i savoir-vivre, s\u0142u\u017cb\u0119 po\u017carn\u0105, rodzaje broni i uzbrojenia. Poznasz tak\u017ce podstawy orientalistyki oraz j\u0119zyk arabski i chi\u0144ski. Ich znajomo\u015b\u0107 ma obecnie fundamentalne znaczenie dla rozumienia proces\u00f3w i zjawisk wp\u0142ywaj\u0105cych na bezpiecze\u0144stwo narodowe i mi\u0119dzynarodowe. Panuje te\u017c bardzo du\u017ce zapotrzebowanie na specjalist\u00f3w z dziedziny bezpiecze\u0144stwa posiadaj\u0105cych t\u0119 wiedz\u0119.<\/p>\n<p style=\"text-align: left;\"><strong>B\u0119dziesz m\u00f3g\u0142 tak\u017ce podj\u0105\u0107 prac\u0119 w:<\/strong><br \/>\n\u2022 organizacjach rz\u0105dowych i pozarz\u0105dowych, kt\u00f3rych dzia\u0142alno\u015b\u0107 obejmuje sfer\u0119<br \/>\nbezpiecze\u0144stwa narodowego i mi\u0119dzynarodowego,<br \/>\n\u2022 s\u0142u\u017cbach mundurowych,<br \/>\n\u2022 administracji publicznej,<br \/>\n\u2022 partiach politycznych,<br \/>\n\u2022 przedsi\u0119biorstwach dzia\u0142aj\u0105cych na rynkach mi\u0119dzynarodowych,<br \/>\n\u2022 \u015brodkach masowego przekazu,<br \/>\n\u2022 \u015brodkach badawczych zajmuj\u0105cych si\u0119 bezpiecze\u0144stwem,<br \/>\n\u2022 zespo\u0142ach reagowania kryzysowego.<\/p>\n<div class=\"mt-3\"><\/div>\r\n                            <\/div>\r\n                            \r\n                            <div class=\"text-modules__img\"><img src=\"https:\/\/us.edu.pl\/wydzial\/wns\/wp-content\/uploads\/sites\/17\/Bez-kategorii\/WNS_Bezpieczenstwo-narodowe-i-miedzynarodowe_-I-i-II-stopien-1024x1024.png\" alt=\"img\"><\/div>\r\n                        <\/div>\r\n                    <\/div>\r\n                <\/div>[\/vc_column][\/vc_row][vc_row css=&#8221;.vc_custom_1652684520526{padding-right: 20px !important;padding-left: 20px !important;background-color: #f2f2f2 !important;}&#8221;][vc_column css=&#8221;.vc_custom_1652684540318{padding-right: 0px !important;padding-left: 0px !important;}&#8221;]\r\n                <div class=\"text-modules\">\r\n                    <div class=\"container\">\r\n                        \r\n                        <div class=\"text-modules__content\"><\/p>\n<h3><strong>Zapisz si\u0119 na studia<\/strong><\/h3>\n<p><em><span style=\"font-size: 10pt; color: #339966;\"><strong>(rekrutacja rozpoczyna si\u0119 2 czerwca)<\/strong><\/span><\/em><\/p>\n<\/div>\r\n                    <\/div>\r\n                <\/div>[vc_btn title=&#8221;studia I stopnia stacjonarne&#8221; style=&#8221;outline-custom&#8221; outline_custom_color=&#8221;#002e5a&#8221; outline_custom_hover_background=&#8221;#002e5a&#8221; outline_custom_hover_text=&#8221;#ffffff&#8221; shape=&#8221;square&#8221; size=&#8221;lg&#8221; el_class=&#8221;link&#8221; link=&#8221;url:https%3A%2F%2Firk.us.edu.pl%2Fpl%2Foffer%2FSW-2025-Z%2Fprogramme%2FW3-S1BM19%2F%3Ffrom%3Dfield%3ABM&#8221;][vc_btn title=&#8221;studia I stopnia niestacjonarne&#8221; style=&#8221;outline-custom&#8221; outline_custom_color=&#8221;#002e5a&#8221; outline_custom_hover_background=&#8221;#002e5a&#8221; outline_custom_hover_text=&#8221;#ffffff&#8221; shape=&#8221;square&#8221; size=&#8221;lg&#8221; el_class=&#8221;link&#8221; link=&#8221;url:https%3A%2F%2Firk.us.edu.pl%2Fpl%2Foffer%2FSW-2025-Z%2Fprogramme%2FW3-N1BM19%2F%3Ffrom%3Dfield%3ABM&#8221;][vc_btn title=&#8221;studia II stopnia stacjonarne&#8221; style=&#8221;outline-custom&#8221; outline_custom_color=&#8221;#002e5a&#8221; outline_custom_hover_background=&#8221;#002e5a&#8221; outline_custom_hover_text=&#8221;#ffffff&#8221; shape=&#8221;square&#8221; size=&#8221;lg&#8221; el_class=&#8221;link&#8221; link=&#8221;url:https%3A%2F%2Firk.us.edu.pl%2Fpl%2Foffer%2FSW-2025-Z%2Fprogramme%2FW3-S2BM19%2F%3Ffrom%3Dfield%3ABM&#8221;][vc_btn title=&#8221;studia II stopnia niestacjonarne&#8221; style=&#8221;outline-custom&#8221; outline_custom_color=&#8221;#002e5a&#8221; outline_custom_hover_background=&#8221;#002e5a&#8221; outline_custom_hover_text=&#8221;#ffffff&#8221; shape=&#8221;square&#8221; size=&#8221;lg&#8221; el_class=&#8221;link&#8221; link=&#8221;url:https%3A%2F%2Firk.us.edu.pl%2Fpl%2Foffer%2FSW-2025-Z%2Fprogramme%2FW3-N2BM19%2F%3Ffrom%3Dfield%3ABM&#8221;][\/vc_column][\/vc_row][vc_row disable_element=&#8221;yes&#8221; css=&#8221;.vc_custom_1652684454894{background-color: #f2f2f2 !important;}&#8221;][vc_column]\r\n                <div class='sidebar_moduls sidebar_one_header' style='color:#002E5A;background-color: #EBEBEB'>\r\n                    <a href='https:\/\/us.edu.pl' class='link'>przejdE: do internetowej rejestracji dla kandydatC3w<\/a>\r\n                <\/div>\r\n                <div class='sidebar_moduls sidebar_button' style=\"background-color: #EBEBEB; color: #002E5A\">\r\n                    <h3>Zapisz siD na studia<\/h3>\r\n                    <div class='link-button-wrap'><a style=\"background-color: #002E5A!important; color: #FFFFFF!important\" href='https:\/\/irk.us.edu.pl' class='link-button'>przejdE: do internetowej rejestracji dla kandydatC3w<\/a><\/div>\r\n                <\/div>[\/vc_column][\/vc_row][vc_column][\/vc_column]<\/p>","protected":false},"excerpt":{"rendered":"<p>[vc_row][vc_column][\/vc_column][\/vc_row][vc_row css=&#8221;.vc_custom_1652684520526{padding-right: 20px !important;padding-left: 20px !important;background-color: #f2f2f2 !important;}&#8221;][vc_column css=&#8221;.vc_custom_1652684540318{padding-right: 0px !important;padding-left: 0px !important;}&#8221;][vc_btn title=&#8221;studia I stopnia stacjonarne&#8221; style=&#8221;outline-custom&#8221; outline_custom_color=&#8221;#002e5a&#8221; outline_custom_hover_background=&#8221;#002e5a&#8221; outline_custom_hover_text=&#8221;#ffffff&#8221; shape=&#8221;square&#8221; size=&#8221;lg&#8221; el_class=&#8221;link&#8221; link=&#8221;url:https%3A%2F%2Firk.us.edu.pl%2Fpl%2Foffer%2FSW-2025-Z%2Fprogramme%2FW3-S1BM19%2F%3Ffrom%3Dfield%3ABM&#8221;][vc_btn title=&#8221;studia I stopnia niestacjonarne&#8221; style=&#8221;outline-custom&#8221; outline_custom_color=&#8221;#002e5a&#8221; outline_custom_hover_background=&#8221;#002e5a&#8221; outline_custom_hover_text=&#8221;#ffffff&#8221; shape=&#8221;square&#8221; size=&#8221;lg&#8221; el_class=&#8221;link&#8221; link=&#8221;url:https%3A%2F%2Firk.us.edu.pl%2Fpl%2Foffer%2FSW-2025-Z%2Fprogramme%2FW3-N1BM19%2F%3Ffrom%3Dfield%3ABM&#8221;][vc_btn title=&#8221;studia II stopnia stacjonarne&#8221; style=&#8221;outline-custom&#8221; outline_custom_color=&#8221;#002e5a&#8221; outline_custom_hover_background=&#8221;#002e5a&#8221; outline_custom_hover_text=&#8221;#ffffff&#8221; shape=&#8221;square&#8221; size=&#8221;lg&#8221; el_class=&#8221;link&#8221; link=&#8221;url:https%3A%2F%2Firk.us.edu.pl%2Fpl%2Foffer%2FSW-2025-Z%2Fprogramme%2FW3-S2BM19%2F%3Ffrom%3Dfield%3ABM&#8221;][vc_btn title=&#8221;studia II stopnia niestacjonarne&#8221; style=&#8221;outline-custom&#8221; outline_custom_color=&#8221;#002e5a&#8221; [&#8230;]<\/p>\n<p><a class=\"btn btn-secondary understrap-read-more-link\" href=\"https:\/\/us.edu.pl\/wydzial\/wns\/bezpieczenstwo-narodowe-i-miedzynarodowe\/\">Read More&#8230;<\/a><\/p>\n","protected":false},"author":134,"featured_media":0,"parent":0,"menu_order":0,"comment_status":"closed","ping_status":"closed","template":"page-templates\/page-with-sidebar-and-bookmarks.php","meta":{"_expiration-date-status":"","_expiration-date":0,"_expiration-date-type":"","_expiration-date-categories":[],"_expiration-date-options":[]},"acf":[],"_links":{"self":[{"href":"https:\/\/us.edu.pl\/wydzial\/wns\/wp-json\/wp\/v2\/pages\/156002"}],"collection":[{"href":"https:\/\/us.edu.pl\/wydzial\/wns\/wp-json\/wp\/v2\/pages"}],"about":[{"href":"https:\/\/us.edu.pl\/wydzial\/wns\/wp-json\/wp\/v2\/types\/page"}],"author":[{"embeddable":true,"href":"https:\/\/us.edu.pl\/wydzial\/wns\/wp-json\/wp\/v2\/users\/134"}],"replies":[{"embeddable":true,"href":"https:\/\/us.edu.pl\/wydzial\/wns\/wp-json\/wp\/v2\/comments?post=156002"}],"version-history":[{"count":11,"href":"https:\/\/us.edu.pl\/wydzial\/wns\/wp-json\/wp\/v2\/pages\/156002\/revisions"}],"predecessor-version":[{"id":180691,"href":"https:\/\/us.edu.pl\/wydzial\/wns\/wp-json\/wp\/v2\/pages\/156002\/revisions\/180691"}],"wp:attachment":[{"href":"https:\/\/us.edu.pl\/wydzial\/wns\/wp-json\/wp\/v2\/media?parent=156002"}],"curies":[{"name":"wp","href":"https:\/\/api.w.org\/{rel}","templated":true}]}}