{"id":156146,"date":"2022-07-20T10:19:04","date_gmt":"2022-07-20T08:19:04","guid":{"rendered":"https:\/\/us.edu.pl\/wydzial\/wns\/?page_id=156146"},"modified":"2025-06-16T12:27:44","modified_gmt":"2025-06-16T10:27:44","slug":"doradztwo-polityczne-i-publiczne","status":"publish","type":"page","link":"https:\/\/us.edu.pl\/wydzial\/wns\/doradztwo-polityczne-i-publiczne\/","title":{"rendered":"Doradztwo polityczne i publiczne"},"content":{"rendered":"<p>[vc_row disable_element=&#8221;yes&#8221; css=&#8221;.vc_custom_1652684454894{background-color: #f2f2f2 !important;}&#8221;][vc_column]\r\n                <div class='sidebar_moduls sidebar_one_header' style='color:#002E5A;background-color: #EBEBEB'>\r\n                    <a href='https:\/\/us.edu.pl' class='link'>przejdE: do internetowej rejestracji dla kandydatC3w<\/a>\r\n                <\/div>\r\n                <div class='sidebar_moduls sidebar_button' style=\"background-color: #EBEBEB; color: #002E5A\">\r\n                    <h3>Zapisz siD na studia<\/h3>\r\n                    <div class='link-button-wrap'><a style=\"background-color: #002E5A!important; color: #FFFFFF!important\" href='https:\/\/irk.us.edu.pl' class='link-button'>przejdE: do internetowej rejestracji dla kandydatC3w<\/a><\/div>\r\n                <\/div>[\/vc_column][\/vc_row][vc_row][vc_column]\r\n                <div class=\"text-modules reverse\">\r\n                    <div class=\"container\">\r\n                        <h3 class=\"section-title section-title_border-bottom\">Doradztwo polityczne i publiczne - studia I stopnia, stacjonarne<\/h3> <h3 class=\"subtitle text-modules__subtitle\">j\u0119zyk wyk\u0142adowy: polski<\/h3>\r\n                        <div class=\"row m-0\">\r\n                            <div class=\"text-modules__content\">\r\n                                <strong>Doradztwo polityczne i publiczne to jedyny taki kierunek w ofercie polskich uczelni. \u0141\u0105czy wiedz\u0119 z zakresu nauk politycznych, dziennikarstwa i psychologii oraz praktyczne umiej\u0119tno\u015bci autoprezentacji, pracy w\u00a0zespole i\u00a0wyst\u0119powania przed kamer\u0105.<\/strong> W trakcie studi\u00f3w poznasz m.in. zasady emisji g\u0142osu, techniki kreatywnego my\u015blenia, podstawowe mechanizmy wp\u0142ywu spo\u0142ecznego, sposoby badania opinii publicznej oraz mechanizmy rz\u0105dz\u0105ce wyborami i zachowaniami wyborc\u00f3w. B\u0119dziesz r\u00f3wnie\u017c samodzielnie projektowa\u0107, przeprowadza\u0107 i prezentowa\u0107 wyniki bada\u0144. Dowiesz si\u0119 te\u017c, jak stworzy\u0107 reklam\u0119 polityczn\u0105, jak dobrze wypa\u015b\u0107 w trakcie debaty oraz jak przekonuj\u0105co komunikowa\u0107 si\u0119 z r\u00f3\u017cnymi grupami odbiorc\u00f3w (wyborcami, klientami i organizacjami pozarz\u0105dowymi).<\/p>\n<p>&nbsp;<\/p>\n<p><strong>Czym si\u0119 wyr\u00f3\u017cniamy?<\/strong><\/p>\n<ul>\n<li>Jeste\u015bmy jedynym takim kierunkiem w Polsce, kt\u00f3ry uczy polityki praktycznie.<\/li>\n<li>Nie zale\u017cy nam na du\u017cej liczbie student\u00f3w, tylko na wysokiej jako\u015bci studi\u00f3w.<\/li>\n<li>Podchodzimy indywidualnie do ka\u017cdego studenta \u2013 nie jeste\u015b dla nas anonimowy, znamy twoje zainteresowania i staramy ci si\u0119 pom\u00f3c w rozwijaniu twoich pasji.<\/li>\n<li>Zaj\u0119cia prowadzone s\u0105 r\u00f3wnie\u017c przez praktyk\u00f3w (pracownik\u00f3w medi\u00f3w i lokalnych polityk\u00f3w).<\/li>\n<li>Studenci w trakcie zaj\u0119\u0107 nie tylko zdobywaj\u0105 wiedz\u0119, ale te\u017c praktyczne umiej\u0119tno\u015bci (tworzenie spot\u00f3w wyborczych, organizacja debat, wyst\u0119powanie przed kamer\u0105, fotografii, prowadzenie rozm\u00f3w politycznych, tworzenie podcast\u00f3w).<\/li>\n<li>Studia oferuj\u0105 wiele dodatkowych aktywno\u015bci \u2013 spotkania z politykami, debaty polityczne, dzia\u0142alno\u015b\u0107 w Kole Naukowym Doradztwa Politycznego (organizacja konferencji, studenckie projekty badawcze, publikacje studenckie, obozy naukowe), wsp\u00f3\u0142praca z innymi uniwersytetami oraz wyjazdy naukowe (r\u00f3wnie\u017c zagraniczne).<\/li>\n<\/ul>\n<p><strong>Gdzie pracuj\u0105 nasi absolwenci?<\/strong><\/p>\n<p>Nasi absolwenci z powodzeniem pracuj\u0105 w: instytucjach publicznych (m.in. w biurach poselskich i senatorskich), organizacjach pozarz\u0105dowych, sztabach lokalnych, regionalnych i og\u00f3lnopolskich komitet\u00f3w wyborczych. Zajmuj\u0105 si\u0119 w nich: Public Relations, doradztwem politycznym i wizerunkowym, tworzeniem strategii marketingowych, obs\u0142ug\u0105 medi\u00f3w spo\u0142eczno\u015bciowych oraz planowaniem, koordynacj\u0105 i realizacj\u0105 dzia\u0142a\u0144 marketingowych. Prowadz\u0105 r\u00f3wnie\u017c w\u0142asne firmy zajmuj\u0105ce si\u0119 doradztwem wizerunkowym.<\/p>\n<p><strong>\u00a0<\/strong><\/p>\n<p><strong>Co potrafi\u0105 nasi absolwenci?<\/strong><\/p>\n<ul>\n<li>my\u015ble\u0107 kreatywnie, pracowa\u0107 w grupie i \u015bwiadomie budowa\u0107 w\u0142asny wizerunek;<\/li>\n<li>budowa\u0107 wizerunek partii politycznych i polityk\u00f3w oraz tworzy\u0107 i zarz\u0105dza\u0107 markami politycznymi;<\/li>\n<li>samodzielnie projektowa\u0107 i organizowa\u0107 badania sprawdzaj\u0105ce skuteczno\u015b\u0107 kampanii spo\u0142ecznych i politycznych;<\/li>\n<li>umiej\u0119tnie planowa\u0107 i realizowa\u0107 strategie marketingowe, ocenia\u0107 profesjonalizm materia\u0142\u00f3w reklamowych i wyborczych oraz wybra\u0107 no\u015bnik tych materia\u0142\u00f3w z uwzgl\u0119dnieniem odbiorcy docelowego (dokonywa\u0107 segmentacji rynku).<\/li>\n<\/ul>\n<p>&nbsp;<\/p>\n<p><strong>Jeszcze Ci\u0119 nie przekonali\u015bmy? Chcesz pozna\u0107 nas lepiej? Wejd\u017a na nasze social media i strony.<\/strong><\/p>\n<p>Facebook: <a href=\"https:\/\/www.facebook.com\/doradztwopolityczneipubliczne\">https:\/\/www.facebook.com\/doradztwopolityczneipubliczne<\/a><\/p>\n<p>Instagram: <a href=\"https:\/\/www.instagram.com\/doradztwo_polityczne\/\">https:\/\/www.instagram.com\/doradztwo_polityczne\/<\/a><\/p>\n<p>Relacje ze spotka\u0144 z politykami, spoty i nagrania zrealizowane w trakcie zaj\u0119\u0107: <a href=\"https:\/\/www.youtube.com\/playlist?list=PL7kQnIKh24k4WtFNPKo52Aj32QfT8Ricm\">https:\/\/www.youtube.com\/playlist?list=PL7kQnIKh24k4WtFNPKo52Aj32QfT8Ricm<\/a><\/p>\n<p>&nbsp;<\/p>\n<div class=\"mt-3\"><\/div>\r\n                            <\/div>\r\n                            \r\n                            <div class=\"text-modules__img\"><img src=\"https:\/\/us.edu.pl\/wydzial\/wns\/wp-content\/uploads\/sites\/17\/Bez-kategorii\/WNS_Doradztwo-polityczne-i-publiczne_I-1024x1024.png\" alt=\"img\"><\/div>\r\n                        <\/div>\r\n                    <\/div>\r\n                <\/div>[\/vc_column][\/vc_row][vc_row css=&#8221;.vc_custom_1652684520526{padding-right: 20px !important;padding-left: 20px !important;background-color: #f2f2f2 !important;}&#8221;][vc_column css=&#8221;.vc_custom_1652684540318{padding-right: 0px !important;padding-left: 0px !important;}&#8221;]\r\n                <div class=\"text-modules\">\r\n                    <div class=\"container\">\r\n                        \r\n                        <div class=\"text-modules__content\"><\/p>\n<h3><strong>Zapisz si\u0119 na studia<\/strong><\/h3>\n<p><em><span style=\"font-size: 10pt; color: #339966;\"><strong>(rekrutacja rozpoczyna si\u0119 2 czerwca)<\/strong><\/span><\/em><\/p>\n<\/div>\r\n                    <\/div>\r\n                <\/div>[vc_btn title=&#8221;Studia I stopnia stacjonarne&#8221; style=&#8221;outline-custom&#8221; outline_custom_color=&#8221;#002e5a&#8221; outline_custom_hover_background=&#8221;#002e5a&#8221; outline_custom_hover_text=&#8221;#ffffff&#8221; shape=&#8221;square&#8221; size=&#8221;lg&#8221; el_class=&#8221;link&#8221; link=&#8221;url:https%3A%2F%2Firk.us.edu.pl%2Fpl%2Foffer%2FSW-2025-Z%2Fprogramme%2FW3-S1DP19%2F%3Ffrom%3Dfield%3ADP&#8221;][\/vc_column][\/vc_row][vc_column][\/vc_column]<\/p>","protected":false},"excerpt":{"rendered":"<p>[vc_row disable_element=&#8221;yes&#8221; css=&#8221;.vc_custom_1652684454894{background-color: #f2f2f2 !important;}&#8221;][vc_column][\/vc_column][\/vc_row][vc_row][vc_column][\/vc_column][\/vc_row][vc_row css=&#8221;.vc_custom_1652684520526{padding-right: 20px !important;padding-left: 20px !important;background-color: #f2f2f2 !important;}&#8221;][vc_column css=&#8221;.vc_custom_1652684540318{padding-right: 0px !important;padding-left: 0px !important;}&#8221;][vc_btn title=&#8221;Studia I stopnia stacjonarne&#8221; style=&#8221;outline-custom&#8221; outline_custom_color=&#8221;#002e5a&#8221; outline_custom_hover_background=&#8221;#002e5a&#8221; outline_custom_hover_text=&#8221;#ffffff&#8221; shape=&#8221;square&#8221; size=&#8221;lg&#8221; el_class=&#8221;link&#8221; link=&#8221;url:https%3A%2F%2Firk.us.edu.pl%2Fpl%2Foffer%2FSW-2025-Z%2Fprogramme%2FW3-S1DP19%2F%3Ffrom%3Dfield%3ADP&#8221;][\/vc_column][\/vc_row][vc_column][\/vc_column] [&#8230;]<\/p>\n<p><a class=\"btn btn-secondary understrap-read-more-link\" href=\"https:\/\/us.edu.pl\/wydzial\/wns\/doradztwo-polityczne-i-publiczne\/\">Read More&#8230;<\/a><\/p>\n","protected":false},"author":134,"featured_media":0,"parent":0,"menu_order":0,"comment_status":"closed","ping_status":"closed","template":"page-templates\/page-with-sidebar-and-bookmarks.php","meta":{"_expiration-date-status":"","_expiration-date":0,"_expiration-date-type":"","_expiration-date-categories":[],"_expiration-date-options":[]},"acf":[],"_links":{"self":[{"href":"https:\/\/us.edu.pl\/wydzial\/wns\/wp-json\/wp\/v2\/pages\/156146"}],"collection":[{"href":"https:\/\/us.edu.pl\/wydzial\/wns\/wp-json\/wp\/v2\/pages"}],"about":[{"href":"https:\/\/us.edu.pl\/wydzial\/wns\/wp-json\/wp\/v2\/types\/page"}],"author":[{"embeddable":true,"href":"https:\/\/us.edu.pl\/wydzial\/wns\/wp-json\/wp\/v2\/users\/134"}],"replies":[{"embeddable":true,"href":"https:\/\/us.edu.pl\/wydzial\/wns\/wp-json\/wp\/v2\/comments?post=156146"}],"version-history":[{"count":14,"href":"https:\/\/us.edu.pl\/wydzial\/wns\/wp-json\/wp\/v2\/pages\/156146\/revisions"}],"predecessor-version":[{"id":180712,"href":"https:\/\/us.edu.pl\/wydzial\/wns\/wp-json\/wp\/v2\/pages\/156146\/revisions\/180712"}],"wp:attachment":[{"href":"https:\/\/us.edu.pl\/wydzial\/wns\/wp-json\/wp\/v2\/media?parent=156146"}],"curies":[{"name":"wp","href":"https:\/\/api.w.org\/{rel}","templated":true}]}}