{"id":156193,"date":"2022-07-20T10:20:29","date_gmt":"2022-07-20T08:20:29","guid":{"rendered":"https:\/\/us.edu.pl\/wydzial\/wns\/?page_id=156193"},"modified":"2025-06-16T12:30:21","modified_gmt":"2025-06-16T10:30:21","slug":"dziennikarstwo-i-komunikacja-spoleczna","status":"publish","type":"page","link":"https:\/\/us.edu.pl\/wydzial\/wns\/dziennikarstwo-i-komunikacja-spoleczna\/","title":{"rendered":"Dziennikarstwo i komunikacja spo\u0142eczna"},"content":{"rendered":"<p>[vc_row][vc_column]\r\n                <div class=\"text-modules reverse\">\r\n                    <div class=\"container\">\r\n                        <h3 class=\"section-title section-title_border-bottom\">Dziennikarstwo i komunikacja spo\u0142eczna, studia I i II stopnia, stacjonarne i niestacjonarne<\/h3> <h3 class=\"subtitle text-modules__subtitle\">j\u0119zyk wyk\u0142adowy: polski<\/h3>\r\n                        <div class=\"row m-0\">\r\n                            <div class=\"text-modules__content\">\r\n                                <strong>Interesujesz si\u0119 mediami i chcesz je lepiej pozna\u0107?<\/strong> W czasach, gdy informacja jest szczeg\u00f3lnie wa\u017cna, a zmiany spo\u0142eczne nast\u0119puj\u0105 bardzo szybko, warto posiada\u0107 wiedz\u0119 i umiej\u0119tno\u015bci pozwalaj\u0105ce by\u0107 z wszystkim na bie\u017c\u0105co. Znajomo\u015b\u0107 tych proces\u00f3w pozwoli by\u0107 \u015bwiadomym cz\u0142owiekiem oraz znale\u017a\u0107 prac\u0119 we wsp\u00f3\u0142czesnych, nowoczesnych mediach oraz instytucjach. Na kierunku Dziennikarstwo i komunikacja spo\u0142eczna zyskasz wiedz\u0119 z politologii, filozofii, ekonomii, psychologii, socjologii oraz problematyki zwi\u0105zanej z zawodem dziennikarza i zawodami pokrewnymi. B\u0119dziesz rozumia\u0142\/a i trafnie analizowa\u0142\/a <strong>procesy zachodz\u0105ce w nowoczesnych, informacyjnych spo\u0142eczno\u015bciach <\/strong>oraz potrafi\u0142\/a dokona\u0107 zmiany w strefach informacji i komunikacji spo\u0142ecznej. Absolwent kierunku Dziennikarstwo i komunikacja spo\u0142eczna to <strong>\u015bwiadomy i czynny uczestnik kultury<\/strong>. Mo\u017ce dokonywa\u0107 zmian w zakresie funkcjonowania informacji spo\u0142ecznej, analizowa\u0107 i rozumie\u0107 podstawowe procesy zachodz\u0105ce w nowoczesnych spo\u0142ecze\u0144stwach informacyjnych. Dotyczy to nie tyle zmian technologiczno-informacyjnych, co spo\u0142eczno-politycznych.<\/p>\n<p>Umiej\u0119tno\u015bci te pozwol\u0105 na zdobycie pracy w zakresie:<br \/>\n\u2022\u00a0dziennikarstwa we wszystkich typach i rodzajach periodycznych medi\u00f3w masowych,<br \/>\n\u2022\u00a0reklamy, promocji, public relations,<br \/>\n\u2022 edukacji medialnej,<br \/>\n\u2022\u00a0zarz\u0105dzania instytucjami medialnymi,<br \/>\n\u2022\u00a0badania rynku medialnego i badania opinii publicznej. \r\n                                <div class=\"mt-3\"><\/div>\r\n                            <\/div>\r\n                            \r\n                            <div class=\"text-modules__img\"><img src=\"https:\/\/us.edu.pl\/wydzial\/wns\/wp-content\/uploads\/sites\/17\/Bez-kategorii\/WNS_Dziennikarstwo-o-komunikacja-spoleczna_I-i-II-stopnia-1024x1024.png\" alt=\"img\"><\/div>\r\n                        <\/div>\r\n                    <\/div>\r\n                <\/div>[\/vc_column][\/vc_row][vc_row css=&#8221;.vc_custom_1652684520526{padding-right: 20px !important;padding-left: 20px !important;background-color: #f2f2f2 !important;}&#8221;][vc_column css=&#8221;.vc_custom_1652684540318{padding-right: 0px !important;padding-left: 0px !important;}&#8221;]\r\n                <div class=\"text-modules\">\r\n                    <div class=\"container\">\r\n                        \r\n                        <div class=\"text-modules__content\"><\/p>\n<h3><strong>Zapisz si\u0119 na studia<\/strong><\/h3>\n<p><em><span style=\"font-size: 10pt; color: #339966;\"><strong>(rekrutacja rozpoczyna si\u0119 2 czerwca)<\/strong><\/span><\/em><\/p>\n<\/div>\r\n                    <\/div>\r\n                <\/div>[vc_btn title=&#8221;Studia I stopnia stacjonarne&#8221; style=&#8221;outline-custom&#8221; outline_custom_color=&#8221;#002e5a&#8221; outline_custom_hover_background=&#8221;#002e5a&#8221; outline_custom_hover_text=&#8221;#ffffff&#8221; shape=&#8221;square&#8221; size=&#8221;lg&#8221; el_class=&#8221;link&#8221; link=&#8221;url:https%3A%2F%2Firk.us.edu.pl%2Fpl%2Foffer%2FSW-2025-Z%2Fprogramme%2FW3-S1DK19%2F%3Ffrom%3Dfield%3ADK&#8221;][vc_btn title=&#8221;Studia I stopnia niestacjonarne&#8221; style=&#8221;outline-custom&#8221; outline_custom_color=&#8221;#002e5a&#8221; outline_custom_hover_background=&#8221;#002e5a&#8221; outline_custom_hover_text=&#8221;#ffffff&#8221; shape=&#8221;square&#8221; size=&#8221;lg&#8221; el_class=&#8221;link&#8221; link=&#8221;url:https%3A%2F%2Firk.us.edu.pl%2Fpl%2Foffer%2FSW-2025-Z%2Fprogramme%2FW3-N1DK19%2F%3Ffrom%3Dfield%3ADK&#8221;][vc_btn title=&#8221;Studia II stopnia stacjonarne&#8221; style=&#8221;outline-custom&#8221; outline_custom_color=&#8221;#002e5a&#8221; outline_custom_hover_background=&#8221;#002e5a&#8221; outline_custom_hover_text=&#8221;#ffffff&#8221; shape=&#8221;square&#8221; size=&#8221;lg&#8221; el_class=&#8221;link&#8221; link=&#8221;url:https%3A%2F%2Firk.us.edu.pl%2Fpl%2Foffer%2FSW-2025-Z%2Fprogramme%2FW3-S2DK19%2F%3Ffrom%3Dfield%3ADK&#8221;][vc_btn title=&#8221;Studia II stopnia niestacjonarne&#8221; style=&#8221;outline-custom&#8221; outline_custom_color=&#8221;#002e5a&#8221; outline_custom_hover_background=&#8221;#002e5a&#8221; outline_custom_hover_text=&#8221;#ffffff&#8221; shape=&#8221;square&#8221; size=&#8221;lg&#8221; el_class=&#8221;link&#8221; link=&#8221;url:https%3A%2F%2Firk.us.edu.pl%2Fpl%2Foffer%2FSW-2025-Z%2Fprogramme%2FW3-N2DK19%2F%3Ffrom%3Dfield%3ADK&#8221;][\/vc_column][\/vc_row][vc_row disable_element=&#8221;yes&#8221; css=&#8221;.vc_custom_1652684454894{background-color: #f2f2f2 !important;}&#8221;][vc_column]\r\n                <div class='sidebar_moduls sidebar_one_header' style='color:#002E5A;background-color: #EBEBEB'>\r\n                    <a href='https:\/\/us.edu.pl' class='link'>przejdE: do internetowej rejestracji dla kandydatC3w<\/a>\r\n                <\/div>\r\n                <div class='sidebar_moduls sidebar_button' style=\"background-color: #EBEBEB; color: #002E5A\">\r\n                    <h3>Zapisz siD na studia<\/h3>\r\n                    <div class='link-button-wrap'><a style=\"background-color: #002E5A!important; color: #FFFFFF!important\" href='https:\/\/irk.us.edu.pl' class='link-button'>przejdE: do internetowej rejestracji dla kandydatC3w<\/a><\/div>\r\n                <\/div>[\/vc_column][\/vc_row][vc_column][\/vc_column]<\/p>","protected":false},"excerpt":{"rendered":"<p>[vc_row][vc_column][\/vc_column][\/vc_row][vc_row css=&#8221;.vc_custom_1652684520526{padding-right: 20px !important;padding-left: 20px !important;background-color: #f2f2f2 !important;}&#8221;][vc_column css=&#8221;.vc_custom_1652684540318{padding-right: 0px !important;padding-left: 0px !important;}&#8221;][vc_btn title=&#8221;Studia I stopnia stacjonarne&#8221; style=&#8221;outline-custom&#8221; outline_custom_color=&#8221;#002e5a&#8221; outline_custom_hover_background=&#8221;#002e5a&#8221; outline_custom_hover_text=&#8221;#ffffff&#8221; shape=&#8221;square&#8221; size=&#8221;lg&#8221; el_class=&#8221;link&#8221; link=&#8221;url:https%3A%2F%2Firk.us.edu.pl%2Fpl%2Foffer%2FSW-2025-Z%2Fprogramme%2FW3-S1DK19%2F%3Ffrom%3Dfield%3ADK&#8221;][vc_btn title=&#8221;Studia I stopnia niestacjonarne&#8221; style=&#8221;outline-custom&#8221; outline_custom_color=&#8221;#002e5a&#8221; outline_custom_hover_background=&#8221;#002e5a&#8221; outline_custom_hover_text=&#8221;#ffffff&#8221; shape=&#8221;square&#8221; size=&#8221;lg&#8221; el_class=&#8221;link&#8221; link=&#8221;url:https%3A%2F%2Firk.us.edu.pl%2Fpl%2Foffer%2FSW-2025-Z%2Fprogramme%2FW3-N1DK19%2F%3Ffrom%3Dfield%3ADK&#8221;][vc_btn title=&#8221;Studia II stopnia stacjonarne&#8221; style=&#8221;outline-custom&#8221; outline_custom_color=&#8221;#002e5a&#8221; outline_custom_hover_background=&#8221;#002e5a&#8221; outline_custom_hover_text=&#8221;#ffffff&#8221; shape=&#8221;square&#8221; size=&#8221;lg&#8221; el_class=&#8221;link&#8221; link=&#8221;url:https%3A%2F%2Firk.us.edu.pl%2Fpl%2Foffer%2FSW-2025-Z%2Fprogramme%2FW3-S2DK19%2F%3Ffrom%3Dfield%3ADK&#8221;][vc_btn title=&#8221;Studia II stopnia niestacjonarne&#8221; style=&#8221;outline-custom&#8221; outline_custom_color=&#8221;#002e5a&#8221; [&#8230;]<\/p>\n<p><a class=\"btn btn-secondary understrap-read-more-link\" href=\"https:\/\/us.edu.pl\/wydzial\/wns\/dziennikarstwo-i-komunikacja-spoleczna\/\">Read More&#8230;<\/a><\/p>\n","protected":false},"author":134,"featured_media":0,"parent":0,"menu_order":0,"comment_status":"closed","ping_status":"closed","template":"page-templates\/page-with-sidebar-and-bookmarks.php","meta":{"_expiration-date-status":"","_expiration-date":0,"_expiration-date-type":"","_expiration-date-categories":[],"_expiration-date-options":[]},"acf":[],"_links":{"self":[{"href":"https:\/\/us.edu.pl\/wydzial\/wns\/wp-json\/wp\/v2\/pages\/156193"}],"collection":[{"href":"https:\/\/us.edu.pl\/wydzial\/wns\/wp-json\/wp\/v2\/pages"}],"about":[{"href":"https:\/\/us.edu.pl\/wydzial\/wns\/wp-json\/wp\/v2\/types\/page"}],"author":[{"embeddable":true,"href":"https:\/\/us.edu.pl\/wydzial\/wns\/wp-json\/wp\/v2\/users\/134"}],"replies":[{"embeddable":true,"href":"https:\/\/us.edu.pl\/wydzial\/wns\/wp-json\/wp\/v2\/comments?post=156193"}],"version-history":[{"count":10,"href":"https:\/\/us.edu.pl\/wydzial\/wns\/wp-json\/wp\/v2\/pages\/156193\/revisions"}],"predecessor-version":[{"id":180731,"href":"https:\/\/us.edu.pl\/wydzial\/wns\/wp-json\/wp\/v2\/pages\/156193\/revisions\/180731"}],"wp:attachment":[{"href":"https:\/\/us.edu.pl\/wydzial\/wns\/wp-json\/wp\/v2\/media?parent=156193"}],"curies":[{"name":"wp","href":"https:\/\/api.w.org\/{rel}","templated":true}]}}