{"id":156253,"date":"2022-06-14T13:47:02","date_gmt":"2022-06-14T11:47:02","guid":{"rendered":"https:\/\/us.edu.pl\/wydzial\/wns\/?page_id=156253"},"modified":"2025-06-16T13:00:48","modified_gmt":"2025-06-16T11:00:48","slug":"zarzadzanie-zasobami-ludzkimi","status":"publish","type":"page","link":"https:\/\/us.edu.pl\/wydzial\/wns\/zarzadzanie-zasobami-ludzkimi\/","title":{"rendered":"Zarz\u0105dzanie zasobami ludzkimi w organizacji"},"content":{"rendered":"<p>[vc_row][vc_column]\r\n                <div class=\"text-modules reverse\">\r\n                    <div class=\"container\">\r\n                        <h3 class=\"section-title section-title_border-bottom\">Zarz\u0105dzanie zasobami ludzkimi w organizacji - studia I stopnia, stacjonarne i niestacjonarne<\/h3> <h3 class=\"subtitle text-modules__subtitle\">j\u0119zyk wyk\u0142adowy: polski<\/h3>\r\n                        <div class=\"row m-0\">\r\n                            <div class=\"text-modules__content\">\r\n                                Zarz\u0105dzanie zasobami ludzkimi w organizacji to studia na Wydziale Nauk Spo\u0142ecznych Uniwersytetu \u015al\u0105skiego prowadzone na\u00a0<strong>I stopniu<\/strong>\u00a0w trybie\u00a0<strong>stacjonarnym\u00a0<\/strong>oraz\u00a0<strong>niestacjonarnym<\/strong>.<\/p>\n<p>G\u0142\u00f3wnym celem naszego kierunku studi\u00f3w jest rozwijanie wiedzy student\u00f3w, ich umiej\u0119tno\u015bci i postaw, niezb\u0119dnych do pracy w charakterze\u00a0<strong>specjalisty zajmuj\u0105cego si\u0119 zarz\u0105dzaniem zasobami ludzkimi<\/strong>\u00a0w trzech sektorach gospodarki:\u00a0<strong>przedsi\u0119biorstwach<\/strong>,\u00a0<strong>organizacjach administracji publicznej <\/strong>i<strong>\u00a0podmiotach ekonomii spo\u0142ecznej<\/strong>.<\/p>\n<p>Jako student naszego kierunku dowiesz si\u0119 jak\u00a0<strong>zarz\u0105dza\u0107 zasobami ludzkimi\u00a0<\/strong>w spos\u00f3b uwa\u017cny, efektywny i motywuj\u0105cy pracownik\u00f3w. B\u0119dziesz w stanie rozwi\u0105zywa\u0107 problemy natury spo\u0142ecznej, ekonomicznej, finansowej, psychologicznej, prawnej w obszarze zarz\u0105dzania lud\u017ami i komunikacji mi\u0119dzyludzkiej. Realizacj\u0119 tych cel\u00f3w zapewni Ci odpowiednio dobrana kadra naukowo-dydaktyczna sk\u0142adaj\u0105ca si\u0119 w g\u0142\u00f3wnej mierze z przedstawicieli nauk spo\u0142ecznych, takich jak:\u00a0<strong>zarz\u0105dzanie<\/strong>,\u00a0<strong>socjologia, ekonomia<\/strong>,\u00a0<strong>prawo<\/strong>\u00a0oraz\u00a0<strong>psychologia<\/strong>.<\/p>\n<p>Absolwenci zarz\u0105dzania zasobami ludzkimi w organizacji s\u0105 przygotowani do prowadzenia dzia\u0142u kadr, tworzenia warunk\u00f3w pracy sprzyjaj\u0105cych dobrostanowi cz\u0142owieka i jego efektywno\u015bci. \r\n                                <div class=\"mt-3\"><\/div>\r\n                            <\/div>\r\n                            \r\n                            <div class=\"text-modules__img\"><img src=\"https:\/\/us.edu.pl\/wydzial\/wns\/wp-content\/uploads\/sites\/17\/Bez-kategorii\/post_1200x1200_WNS-Zasoby-Ludzkie-PL-1024x1024.jpg\" alt=\"img\"><\/div>\r\n                        <\/div>\r\n                    <\/div>\r\n                <\/div>[\/vc_column][vc_column][\/vc_column][\/vc_row][vc_row css=&#8221;.vc_custom_1652684520526{padding-right: 20px !important;padding-left: 20px !important;background-color: #f2f2f2 !important;}&#8221;][vc_column css=&#8221;.vc_custom_1652684540318{padding-right: 0px !important;padding-left: 0px !important;}&#8221;]\r\n                <div class=\"text-modules\">\r\n                    <div class=\"container\">\r\n                        \r\n                        <div class=\"text-modules__content\"><\/p>\n<h3><strong>Zapisz si\u0119 na studia<\/strong><\/h3>\n<p><em><span style=\"font-size: 10pt; color: #339966;\"><strong>(rekrutacja rozpoczyna si\u0119 2 czerwca)<\/strong><\/span><\/em><\/p>\n<\/div>\r\n                    <\/div>\r\n                <\/div>[vc_btn title=&#8221;studia I stopnia stacjonarne&#8221; style=&#8221;outline-custom&#8221; outline_custom_color=&#8221;#002e5a&#8221; outline_custom_hover_background=&#8221;#002e5a&#8221; outline_custom_hover_text=&#8221;#ffffff&#8221; shape=&#8221;square&#8221; size=&#8221;lg&#8221; el_class=&#8221;link&#8221; link=&#8221;url:https%3A%2F%2Firk.us.edu.pl%2Fpl%2Foffer%2FSW-2025-Z%2Fprogramme%2FW3-S1ZZ23%2F%3Ffrom%3Dfield%3AZZ|target:_blank&#8221;][vc_btn title=&#8221;studia I stopnia niestacjonarne&#8221; style=&#8221;outline-custom&#8221; outline_custom_color=&#8221;#002e5a&#8221; outline_custom_hover_background=&#8221;#002e5a&#8221; outline_custom_hover_text=&#8221;#ffffff&#8221; shape=&#8221;square&#8221; size=&#8221;lg&#8221; el_class=&#8221;link&#8221; link=&#8221;url:https%3A%2F%2Firk.us.edu.pl%2Fpl%2Foffer%2FSW-2025-Z%2Fprogramme%2FW3-N1ZZ23%2F%3Ffrom%3Dfield%3AZZ|target:_blank&#8221;][\/vc_column][\/vc_row][vc_row disable_element=&#8221;yes&#8221; css=&#8221;.vc_custom_1652684454894{background-color: #f2f2f2 !important;}&#8221;][vc_column]\r\n                <div class='sidebar_moduls sidebar_one_header' style='color:#002E5A;background-color: #EBEBEB'>\r\n                    <a href='https:\/\/us.edu.pl' class='link'>przejdE: do internetowej rejestracji dla kandydatC3w<\/a>\r\n                <\/div>\r\n                <div class='sidebar_moduls sidebar_button' style=\"background-color: #EBEBEB; color: #002E5A\">\r\n                    <h3>Zapisz siD na studia<\/h3>\r\n                    <div class='link-button-wrap'><a style=\"background-color: #002E5A!important; color: #FFFFFF!important\" href='https:\/\/irk.us.edu.pl' class='link-button'>przejdE: do internetowej rejestracji dla kandydatC3w<\/a><\/div>\r\n                <\/div>[\/vc_column][\/vc_row]<\/p>","protected":false},"excerpt":{"rendered":"<p>[vc_row][vc_column][\/vc_column][vc_column][\/vc_column][\/vc_row][vc_row css=&#8221;.vc_custom_1652684520526{padding-right: 20px !important;padding-left: 20px !important;background-color: #f2f2f2 !important;}&#8221;][vc_column css=&#8221;.vc_custom_1652684540318{padding-right: 0px !important;padding-left: 0px !important;}&#8221;][vc_btn title=&#8221;studia I stopnia stacjonarne&#8221; style=&#8221;outline-custom&#8221; outline_custom_color=&#8221;#002e5a&#8221; outline_custom_hover_background=&#8221;#002e5a&#8221; outline_custom_hover_text=&#8221;#ffffff&#8221; shape=&#8221;square&#8221; size=&#8221;lg&#8221; el_class=&#8221;link&#8221; link=&#8221;url:https%3A%2F%2Firk.us.edu.pl%2Fpl%2Foffer%2FSW-2025-Z%2Fprogramme%2FW3-S1ZZ23%2F%3Ffrom%3Dfield%3AZZ|target:_blank&#8221;][vc_btn title=&#8221;studia I stopnia niestacjonarne&#8221; style=&#8221;outline-custom&#8221; outline_custom_color=&#8221;#002e5a&#8221; outline_custom_hover_background=&#8221;#002e5a&#8221; outline_custom_hover_text=&#8221;#ffffff&#8221; shape=&#8221;square&#8221; size=&#8221;lg&#8221; el_class=&#8221;link&#8221; link=&#8221;url:https%3A%2F%2Firk.us.edu.pl%2Fpl%2Foffer%2FSW-2025-Z%2Fprogramme%2FW3-N1ZZ23%2F%3Ffrom%3Dfield%3AZZ|target:_blank&#8221;][\/vc_column][\/vc_row][vc_row disable_element=&#8221;yes&#8221; css=&#8221;.vc_custom_1652684454894{background-color: #f2f2f2 !important;}&#8221;][vc_column][\/vc_column][\/vc_row] [&#8230;]<\/p>\n<p><a class=\"btn btn-secondary understrap-read-more-link\" href=\"https:\/\/us.edu.pl\/wydzial\/wns\/zarzadzanie-zasobami-ludzkimi\/\">Read More&#8230;<\/a><\/p>\n","protected":false},"author":2547,"featured_media":0,"parent":0,"menu_order":0,"comment_status":"closed","ping_status":"closed","template":"page-templates\/page-with-sidebar-and-bookmarks.php","meta":{"_expiration-date-status":"","_expiration-date":0,"_expiration-date-type":"","_expiration-date-categories":[],"_expiration-date-options":[]},"acf":[],"_links":{"self":[{"href":"https:\/\/us.edu.pl\/wydzial\/wns\/wp-json\/wp\/v2\/pages\/156253"}],"collection":[{"href":"https:\/\/us.edu.pl\/wydzial\/wns\/wp-json\/wp\/v2\/pages"}],"about":[{"href":"https:\/\/us.edu.pl\/wydzial\/wns\/wp-json\/wp\/v2\/types\/page"}],"author":[{"embeddable":true,"href":"https:\/\/us.edu.pl\/wydzial\/wns\/wp-json\/wp\/v2\/users\/2547"}],"replies":[{"embeddable":true,"href":"https:\/\/us.edu.pl\/wydzial\/wns\/wp-json\/wp\/v2\/comments?post=156253"}],"version-history":[{"count":12,"href":"https:\/\/us.edu.pl\/wydzial\/wns\/wp-json\/wp\/v2\/pages\/156253\/revisions"}],"predecessor-version":[{"id":180962,"href":"https:\/\/us.edu.pl\/wydzial\/wns\/wp-json\/wp\/v2\/pages\/156253\/revisions\/180962"}],"wp:attachment":[{"href":"https:\/\/us.edu.pl\/wydzial\/wns\/wp-json\/wp\/v2\/media?parent=156253"}],"curies":[{"name":"wp","href":"https:\/\/api.w.org\/{rel}","templated":true}]}}