{"id":156417,"date":"2022-07-19T11:48:58","date_gmt":"2022-07-19T09:48:58","guid":{"rendered":"https:\/\/us.edu.pl\/wydzial\/wns\/?page_id=156417"},"modified":"2025-06-16T12:39:23","modified_gmt":"2025-06-16T10:39:23","slug":"miedzynarodowe-studia-nauk-politycznych-i-dyplomacji","status":"publish","type":"page","link":"https:\/\/us.edu.pl\/wydzial\/wns\/miedzynarodowe-studia-nauk-politycznych-i-dyplomacji\/","title":{"rendered":"Mi\u0119dzynarodowe studia nauk politycznych i dyplomacji"},"content":{"rendered":"<p>[vc_row][vc_column]\r\n                <div class=\"text-modules reverse\">\r\n                    <div class=\"container\">\r\n                        <h3 class=\"section-title section-title_border-bottom\">Mi\u0119dzynarodowe studia nauk politycznych i dyplomacji, studia I i II stopnia, stacjonarne<\/h3> <h3 class=\"subtitle text-modules__subtitle\">j\u0119zyk wyk\u0142adowy: polski<\/h3>\r\n                        <div class=\"row m-0\">\r\n                            <div class=\"text-modules__content\">\r\n                                <span style=\"font-weight: 400;\"><strong>Ciekawi Ci\u0119 \u015bwiat polityki i dyplomacji?<\/strong><br \/>\nKierunek Mi\u0119dzynarodowe studia nauk politycznych i dyplomacji, nowa propozycja w ofercie Uniwersytetu \u015al\u0105skiego, zapewnia niezb\u0119dn\u0105 wiedz\u0119 i umiej\u0119tno\u015bci, w tym <strong>nauk\u0119 j\u0119zyk\u00f3w obcych<\/strong>. W realizacji tego celu pomo\u017ce <strong>kadra specjalist\u00f3w<\/strong>. Obok pracownik\u00f3w naukowych i dydaktycznych Wydzia\u0142u Nauk Spo\u0142ecznych U\u015a, zaj\u0119cia prowadzi\u0107 b\u0119d\u0105 <strong>eksperci<\/strong>, na co dzie\u0144 pracuj\u0105cy w instytucjach mi\u0119dzynarodowych oraz administracji rz\u0105dowej i plac\u00f3wkach dyplomatycznych. Specjali\u015bci nauk politycznych i dyplomacji maj\u0105 realny wp\u0142yw na kszta\u0142t \u015bwiata, zw\u0142aszcza, je\u015bli dzia\u0142aj\u0105 w strukturach mi\u0119dzynarodowych.<\/span><\/p>\n<p><span style=\"font-weight: 400;\">Student opanuje nauki polityczne uzupe\u0142nione o zagadnienia prawa, ekonomii, socjologii, historii, a tak\u017ce psychologii. B\u0119dzie biegle pos\u0142ugiwa\u0142 si\u0119 j\u0119zykiem angielskim oraz pozna od podstaw j\u0119zyk francuski i hiszpa\u0144ski z naciskiem na s\u0142ownictwo specjalistyczne w zakresie stosunk\u00f3w mi\u0119dzynarodowych, administracji publicznej i dyplomacji.<\/span> \r\n                                <div class=\"mt-3\"><\/div>\r\n                            <\/div>\r\n                            \r\n                            <div class=\"text-modules__img\"><img src=\"https:\/\/us.edu.pl\/wydzial\/wns\/wp-content\/uploads\/sites\/17\/Bez-kategorii\/WNS_Miedzynarodowe-studia-nauk-politycznych-i-dyplomacji_I-i-II-stopien-1-1-1024x1024.png\" alt=\"img\"><\/div>\r\n                        <\/div>\r\n                    <\/div>\r\n                <\/div>[\/vc_column][\/vc_row][vc_row css=&#8221;.vc_custom_1652684520526{padding-right: 20px !important;padding-left: 20px !important;background-color: #f2f2f2 !important;}&#8221;][vc_column css=&#8221;.vc_custom_1652684540318{padding-right: 0px !important;padding-left: 0px !important;}&#8221;]\r\n                <div class=\"text-modules\">\r\n                    <div class=\"container\">\r\n                        \r\n                        <div class=\"text-modules__content\"><\/p>\n<h3><strong>Zapisz si\u0119 na studia<\/strong><\/h3>\n<p><em><span style=\"font-size: 10pt; color: #339966;\"><strong>(rekrutacja rozpoczyna si\u0119 2 czerwca)<\/strong><\/span><\/em><\/p>\n<\/div>\r\n                    <\/div>\r\n                <\/div>[vc_btn title=&#8221;Mi\u0119dzynarodowe studia nauk politycznych i dyplomacji, studia I stopnia&#8221; style=&#8221;outline-custom&#8221; outline_custom_color=&#8221;#002e5a&#8221; outline_custom_hover_background=&#8221;#002e5a&#8221; outline_custom_hover_text=&#8221;#ffffff&#8221; shape=&#8221;square&#8221; size=&#8221;lg&#8221; el_class=&#8221;link&#8221; link=&#8221;url:https%3A%2F%2Firk.us.edu.pl%2Fpl%2Foffer%2FSW-2025-Z%2Fprogramme%2FW3-S1MS21%2F%3Ffrom%3Dfield%3AMS&#8221;][vc_btn title=&#8221;Mi\u0119dzynarodowe studia nauk politycznych i dyplomacji, studia II stopnia&#8221; style=&#8221;outline-custom&#8221; outline_custom_color=&#8221;#002e5a&#8221; outline_custom_hover_background=&#8221;#002e5a&#8221; outline_custom_hover_text=&#8221;#ffffff&#8221; shape=&#8221;square&#8221; size=&#8221;lg&#8221; el_class=&#8221;link&#8221; link=&#8221;url:https%3A%2F%2Firk.us.edu.pl%2Fpl%2Foffer%2FSW-2025-Z%2Fprogramme%2FW3-S2MS21%2F%3Ffrom%3Dfield%3AMS&#8221;][\/vc_column][\/vc_row][vc_column][\/vc_column]<\/p>","protected":false},"excerpt":{"rendered":"<p>[vc_row][vc_column][\/vc_column][\/vc_row][vc_row css=&#8221;.vc_custom_1652684520526{padding-right: 20px !important;padding-left: 20px !important;background-color: #f2f2f2 !important;}&#8221;][vc_column css=&#8221;.vc_custom_1652684540318{padding-right: 0px !important;padding-left: 0px !important;}&#8221;][vc_btn title=&#8221;Mi\u0119dzynarodowe studia nauk politycznych i dyplomacji, studia I stopnia&#8221; style=&#8221;outline-custom&#8221; outline_custom_color=&#8221;#002e5a&#8221; outline_custom_hover_background=&#8221;#002e5a&#8221; outline_custom_hover_text=&#8221;#ffffff&#8221; shape=&#8221;square&#8221; size=&#8221;lg&#8221; el_class=&#8221;link&#8221; link=&#8221;url:https%3A%2F%2Firk.us.edu.pl%2Fpl%2Foffer%2FSW-2025-Z%2Fprogramme%2FW3-S1MS21%2F%3Ffrom%3Dfield%3AMS&#8221;][vc_btn title=&#8221;Mi\u0119dzynarodowe studia nauk politycznych i dyplomacji, studia II stopnia&#8221; style=&#8221;outline-custom&#8221; outline_custom_color=&#8221;#002e5a&#8221; outline_custom_hover_background=&#8221;#002e5a&#8221; outline_custom_hover_text=&#8221;#ffffff&#8221; shape=&#8221;square&#8221; size=&#8221;lg&#8221; el_class=&#8221;link&#8221; link=&#8221;url:https%3A%2F%2Firk.us.edu.pl%2Fpl%2Foffer%2FSW-2025-Z%2Fprogramme%2FW3-S2MS21%2F%3Ffrom%3Dfield%3AMS&#8221;][\/vc_column][\/vc_row][vc_column][\/vc_column] [&#8230;]<\/p>\n<p><a class=\"btn btn-secondary understrap-read-more-link\" href=\"https:\/\/us.edu.pl\/wydzial\/wns\/miedzynarodowe-studia-nauk-politycznych-i-dyplomacji\/\">Read More&#8230;<\/a><\/p>\n","protected":false},"author":134,"featured_media":0,"parent":0,"menu_order":0,"comment_status":"closed","ping_status":"closed","template":"page-templates\/page-with-sidebar-and-bookmarks.php","meta":{"_expiration-date-status":"","_expiration-date":0,"_expiration-date-type":"","_expiration-date-categories":[],"_expiration-date-options":[]},"acf":[],"_links":{"self":[{"href":"https:\/\/us.edu.pl\/wydzial\/wns\/wp-json\/wp\/v2\/pages\/156417"}],"collection":[{"href":"https:\/\/us.edu.pl\/wydzial\/wns\/wp-json\/wp\/v2\/pages"}],"about":[{"href":"https:\/\/us.edu.pl\/wydzial\/wns\/wp-json\/wp\/v2\/types\/page"}],"author":[{"embeddable":true,"href":"https:\/\/us.edu.pl\/wydzial\/wns\/wp-json\/wp\/v2\/users\/134"}],"replies":[{"embeddable":true,"href":"https:\/\/us.edu.pl\/wydzial\/wns\/wp-json\/wp\/v2\/comments?post=156417"}],"version-history":[{"count":10,"href":"https:\/\/us.edu.pl\/wydzial\/wns\/wp-json\/wp\/v2\/pages\/156417\/revisions"}],"predecessor-version":[{"id":178446,"href":"https:\/\/us.edu.pl\/wydzial\/wns\/wp-json\/wp\/v2\/pages\/156417\/revisions\/178446"}],"wp:attachment":[{"href":"https:\/\/us.edu.pl\/wydzial\/wns\/wp-json\/wp\/v2\/media?parent=156417"}],"curies":[{"name":"wp","href":"https:\/\/api.w.org\/{rel}","templated":true}]}}