{"id":158666,"date":"2022-10-10T10:31:37","date_gmt":"2022-10-10T08:31:37","guid":{"rendered":"https:\/\/us.edu.pl\/wydzial\/wns\/?page_id=158666"},"modified":"2025-04-22T12:26:33","modified_gmt":"2025-04-22T10:26:33","slug":"50-ciekawostek-na-50-lat-wns","status":"publish","type":"page","link":"https:\/\/us.edu.pl\/wydzial\/wns\/50-ciekawostek-na-50-lat-wns\/","title":{"rendered":"50 ciekawostek na 50 lat WNS"},"content":{"rendered":"<p>[vc_row][vc_column]\r\n                <div class=\"text-modules\">\r\n                    <div class=\"container\">\r\n                        \r\n                        <div class=\"text-modules__content\"><p>Rok akademicki 2022\/2023 to by\u0142 dla nas wyj\u0105tkowy czas, jubileuszowy, 50. rok istnienia Wydzia\u0142u Nauk Spo\u0142ecznych. Z tej okazji co tydzie\u0144 publikowalismy wyniki bada\u0144 naszych naukowc\u00f3w, kt\u00f3re pokaza\u0142y, jak ciekawe s\u0105 nauki spo\u0142eczne i w jaki spos\u00f3b pomagaj\u0105 zrozumie\u0107 otaczaj\u0105cy nas \u015bwiat.<\/p>\n<p>\n<\/div>\r\n                    <\/div>\r\n                <\/div>[\/vc_column][\/vc_row][vc_row][vc_column]\r\n                <div class=\"tiles-section\" style=\"background: \">\r\n                    <div class=\"container\">\r\n                        <h3 class=\"page-title\"><\/h3>\r\n                        <div class=\"tiles tiles-2\">\r\n                            <a href=\"https:\/\/us.edu.pl\/wydzial\/wns\/2022\/10\/11\/czym-jest-dziennikarstwo-deontologiczne-rozmowa-dr-waldemarem-sobera\/\" class=\"tile tile_ justify-content-center\" style=\"background-color: #EBEBEB; font-weight: ; color: #002E5A;  \">\r\n                                \r\n                                   \r\n                               \r\n                                <div class=\"tile__name\">1. Czym jest dziennikarstwo deontologiczne? \u2013 rozmowa dr. Waldemarem Sober\u0105<\/div>\r\n                            <\/a>\r\n                            <a href=\"https:\/\/us.edu.pl\/wydzial\/wns\/2022\/10\/17\/kosmiczny-wns-o-nowatorskim-przedmiocie-opowiada-lukasz-wielgosz\/\" class=\"tile tile_ justify-content-center\" style=\"background-color: #002E5A; font-weight: ; color: #ffffff;  \">\r\n                                \r\n                                   \r\n                               \r\n                                <div class=\"tile__name\">2. Kosmiczny WNS! \u2013 o nowatorskim przedmiocie opowiada \u0141ukasz Wielgosz<\/div>\r\n                            <\/a>\r\n                            <a href=\"https:\/\/us.edu.pl\/wydzial\/wns\/2022\/10\/20\/tworzenie-i-rozpowszechnianie-memow-internetowych-forma-spolecznego-zaangazowania\/\" class=\"tile tile_ justify-content-center\" style=\"background-color: #002E5A; font-weight: ; color: #ffffff;  \">\r\n                                \r\n                                   \r\n                               \r\n                                <div class=\"tile__name\">3. Tworzenie i rozpowszechnianie mem\u00f3w internetowych form\u0105 spo\u0142ecznego zaanga\u017cowania<\/div>\r\n                            <\/a>\r\n                            <a href=\"https:\/\/us.edu.pl\/wydzial\/wns\/2022\/10\/24\/widzialna-psychologia-rozmowa-z-dr-lukaszem-jachem\/\" class=\"tile tile_ justify-content-center\" style=\"background-color: #EBEBEB; font-weight: ; color: #002E5A;  \">\r\n                                \r\n                                   \r\n                               \r\n                                <div class=\"tile__name\">4. Widzialna Psychologia \u2013 rozmowa z dr. \u0141ukaszem Jachem<\/div>\r\n                            <\/a>\r\n                            <a href=\"https:\/\/us.edu.pl\/wydzial\/wns\/2022\/10\/27\/sharenting-badania-dr-anny-brosch\/\" class=\"tile tile_ justify-content-center\" style=\"background-color: #EBEBEB; font-weight: ; color: #002E5A;  \">\r\n                                \r\n                                   \r\n                               \r\n                                <div class=\"tile__name\">5. Sharenting - badania dr Anny Brosch<\/div>\r\n                            <\/a>\r\n                            <a href=\"https:\/\/us.edu.pl\/wydzial\/wns\/2022\/11\/03\/przebaczanie-jedna-z-istotnych-cnot-charakteru\/\" class=\"tile tile_ justify-content-center\" style=\"background-color: #002E5A; font-weight: ; color: #ffffff;  \">\r\n                                \r\n                                   \r\n                               \r\n                                <div class=\"tile__name\">6. Przebaczanie jedn\u0105 z istotnych cn\u00f3t charakteru<\/div>\r\n                            <\/a>\r\n                            <a href=\"https:\/\/us.edu.pl\/wydzial\/wns\/2022\/11\/09\/fomo-hikikomoria-sexting-sextortion-cyberbullying\/\" class=\"tile tile_ justify-content-center\" style=\"background-color: #002E5A; font-weight: ; color: #ffffff;  \">\r\n                                \r\n                                   \r\n                               \r\n                                <div class=\"tile__name\">7. PUI zjawiskiem zwi\u0105zanym z problematycznym u\u017cywaniem internetu<\/div>\r\n                            <\/a>\r\n                            <a href=\"https:\/\/us.edu.pl\/wydzial\/wns\/2022\/11\/27\/fake-news-zjawiskiem-niejednorodnym\/\" class=\"tile tile_ justify-content-center\" style=\"background-color: #EBEBEB; font-weight: ; color: #002E5A;  \">\r\n                                \r\n                                   \r\n                               \r\n                                <div class=\"tile__name\">8. Fake news zjawiskiem niejednorodnym<\/div>\r\n                            <\/a>\r\n                            <a href=\"https:\/\/us.edu.pl\/wydzial\/wns\/2022\/12\/05\/dodawanie-otuchy-jako-typowo-ludzka-umiejetnosc-spoleczna-i-wychowawcza\/\" class=\"tile tile_ justify-content-center\" style=\"background-color: #EBEBEB; font-weight: ; color: #002E5A;  \">\r\n                                \r\n                                   \r\n                               \r\n                                <div class=\"tile__name\">9. Dodawanie otuchy jako typowo ludzka umiej\u0119tno\u015b\u0107 spo\u0142eczna i wychowawcza<\/div>\r\n                            <\/a>\r\n                            <a href=\"https:\/\/us.edu.pl\/wydzial\/wns\/2022\/12\/08\/zielona-inkluzja-relacja-czlowieka-z-przyroda\/\" class=\"tile tile_ justify-content-center\" style=\"background-color: #002E5A; font-weight: ; color: #ffffff;  \">\r\n                                \r\n                                   \r\n                               \r\n                                <div class=\"tile__name\">10. Zielona inkluzja.. \u2013 relacja cz\u0142owieka z przyrod\u0105<\/div>\r\n                            <\/a>\r\n                            <a href=\"https:\/\/us.edu.pl\/wydzial\/wns\/2022\/12\/12\/migrantowo-slaskie-raport-dr-rafala-cekiery\/\" class=\"tile tile_ justify-content-center\" style=\"background-color: #002E5A; font-weight: ; color: #ffffff;  \">\r\n                                \r\n                                   \r\n                               \r\n                                <div class=\"tile__name\">11. Migrantowo \u015al\u0105skie<\/div>\r\n                            <\/a>\r\n                            <a href=\"https:\/\/us.edu.pl\/wydzial\/wns\/2022\/12\/23\/redukcjonizm-badan-genetycznych-uwarunkowan-zachowan-politycznych-standardowa-procedura-poznawcza-stosowana-w-nauce\/\" class=\"tile tile_ justify-content-center\" style=\"background-color: #EBEBEB; font-weight: ; color: #002E5A;  \">\r\n                                \r\n                                   \r\n                               \r\n                                <div class=\"tile__name\">12. Redukcjonizm bada\u0144 genetycznych uwarunkowa\u0144 zachowa\u0144 politycznych<\/div>\r\n                            <\/a>\r\n                            <a href=\"https:\/\/us.edu.pl\/wydzial\/wns\/2023\/01\/02\/o-korupcji-inaczej-niz-dotychczas\/\" class=\"tile tile_ justify-content-center\" style=\"background-color: #EBEBEB; font-weight: ; color: #002E5A;  \">\r\n                                \r\n                                   \r\n                               \r\n                                <div class=\"tile__name\">13. O korupcji inaczej ni\u017c dotychczas<\/div>\r\n                            <\/a>\r\n                            <a href=\"https:\/\/us.edu.pl\/wydzial\/wns\/2023\/01\/09\/korzysci-wynikajace-w-tutoringu\/\" class=\"tile tile_ justify-content-center\" style=\"background-color: #002E5A; font-weight: ; color: #ffffff;  \">\r\n                                \r\n                                   \r\n                               \r\n                                <div class=\"tile__name\">14. Korzy\u015bci wynikaj\u0105ce w tutoringu<\/div>\r\n                            <\/a>\r\n                            <a href=\"https:\/\/us.edu.pl\/wydzial\/wns\/2023\/01\/20\/edukacyjny-escape-room\/\" class=\"tile tile_ justify-content-center\" style=\"background-color: #002E5A; font-weight: ; color: #ffffff;  \">\r\n                                \r\n                                   \r\n                               \r\n                                <div class=\"tile__name\">15. Edukacyjny Escape Room<\/div>\r\n                            <\/a>\r\n                            <a href=\"https:\/\/us.edu.pl\/wydzial\/wns\/2023\/01\/23\/prawo-do-wizerunku-charakter-prawny\/\" class=\"tile tile_ justify-content-center\" style=\"background-color: #EBEBEB; font-weight: ; color: #002E5A;  \">\r\n                                \r\n                                   \r\n                               \r\n                                <div class=\"tile__name\">16. Prawo do wizerunku \u2013 charakter prawny<\/div>\r\n                            <\/a>\r\n                            <a href=\"https:\/\/us.edu.pl\/wydzial\/wns\/2023\/01\/24\/wysokowrazliwa-osobowosc-badania-naukowe\/\" class=\"tile tile_ justify-content-center\" style=\"background-color: #EBEBEB; font-weight: ; color: #002E5A;  \">\r\n                                \r\n                                   \r\n                               \r\n                                <div class=\"tile__name\">17. Wysokowra\u017cliwa osobowo\u015b\u0107<\/div>\r\n                            <\/a>\r\n                            <a href=\"https:\/\/us.edu.pl\/wydzial\/wns\/2023\/01\/24\/czym-jest-ego-resiliency-i-jak-je-zmierzyc-badania-naukowe\/\" class=\"tile tile_ justify-content-center\" style=\"background-color: #002E5A; font-weight: ; color: #ffffff;  \">\r\n                                \r\n                                   \r\n                               \r\n                                <div class=\"tile__name\">18. Czym jest ego-resiliency i jak je zmierzy\u0107?<\/div>\r\n                            <\/a>\r\n                            <a href=\"https:\/\/us.edu.pl\/wydzial\/wns\/2023\/01\/26\/pomiar-uzaleznienia-od-jedzenia-badania-naukowe\/\" class=\"tile tile_ justify-content-center\" style=\"background-color: #002E5A; font-weight: ; color: #ffffff;  \">\r\n                                \r\n                                   \r\n                               \r\n                                <div class=\"tile__name\">19. Pomiar uzale\u017cnienia od jedzenia<\/div>\r\n                            <\/a>\r\n                            <a href=\"https:\/\/us.edu.pl\/wydzial\/wns\/2023\/02\/20\/fundamenty-moralne-badania-naukowe\/\" class=\"tile tile_ justify-content-center\" style=\"background-color: #EBEBEB; font-weight: ; color: #002E5A;  \">\r\n                                \r\n                                   \r\n                               \r\n                                <div class=\"tile__name\">20. Fundamenty moralne \u2013 kontekst codziennych decyzji<\/div>\r\n                            <\/a>\r\n                            <a href=\"https:\/\/us.edu.pl\/wydzial\/wns\/2023\/02\/03\/miganie-zapisane-w-nutach-odkrycie-naukowcow-uniwersytetu-slaskiego\/\" class=\"tile tile_ justify-content-center\" style=\"background-color: #EBEBEB; font-weight: ; color: #002E5A;  \">\r\n                                \r\n                                   \r\n                               \r\n                                <div class=\"tile__name\">21. Miganie zapisane w nutach <\/div>\r\n                            <\/a>\r\n                            <a href=\"https:\/\/us.edu.pl\/wydzial\/wns\/2023\/03\/03\/uzaleznienie-od-jedzenia-jako-zgubny-sposob-radzenia-sobie-ze-stresem-wywiad-z-dr-edyta-charzynska-prof-us\/\" class=\"tile tile_ justify-content-center\" style=\"background-color: #002E5A; font-weight: ; color: #ffffff;  \">\r\n                                \r\n                                   \r\n                               \r\n                                <div class=\"tile__name\">22. Jedzenie jak narkotyk <\/div>\r\n                            <\/a>\r\n                            <a href=\"https:\/\/us.edu.pl\/wydzial\/wns\/2023\/03\/09\/slepota-na-rosliny\/\" class=\"tile tile_ justify-content-center\" style=\"background-color: #002E5A; font-weight: ; color: #ffffff;  \">\r\n                                \r\n                                   \r\n                               \r\n                                <div class=\"tile__name\">23. \u015alepota na ro\u015bliny<\/div>\r\n                            <\/a>\r\n                            <a href=\"https:\/\/us.edu.pl\/wydzial\/wns\/2023\/03\/10\/analiza-dzialalnosci-rzecznika-praw-obywatelskich-podczas-pandemii-covid-19-w-polsce-dr-robert-radek\/\" class=\"tile tile_ justify-content-center\" style=\"background-color: #EBEBEB; font-weight: ; color: #002E5A;  \">\r\n                                \r\n                                   \r\n                               \r\n                                <div class=\"tile__name\">24. Analiza dzia\u0142alno\u015bci Rzecznika Praw Obywatelskich podczas pandemii COVID-19 w Polsce<\/div>\r\n                            <\/a>\r\n                            <a href=\"https:\/\/us.edu.pl\/wydzial\/wns\/2023\/03\/13\/fotografia-prasowa-narzedziem-propagandy-w-polskiej-rzeczypospolitej-ludowej-dr-hab-pawel-sarna-prof-us\/\" class=\"tile tile_ justify-content-center\" style=\"background-color: #EBEBEB; font-weight: ; color: #002E5A;  \">\r\n                                \r\n                                   \r\n                               \r\n                                <div class=\"tile__name\">25. Fotografia prasowa narz\u0119dziem propagandy w Polskiej Rzeczypospolitej Ludowej<\/div>\r\n                            <\/a>\r\n                            <a href=\"https:\/\/us.edu.pl\/wydzial\/wns\/2023\/03\/30\/swiatowy-dzien-swiadomosci-autyzmu-rozmowa-z-dr-anna-pyszkowska\/\" class=\"tile tile_ justify-content-center\" style=\"background-color: #002E5A; font-weight: ; color: #ffffff;  \">\r\n                                \r\n                                   \r\n                               \r\n                                <div class=\"tile__name\">26. Autyzm<\/div>\r\n                            <\/a>\r\n                            <a href=\"https:\/\/us.edu.pl\/wydzial\/wns\/2023\/04\/05\/zakupoholizm-rozmowa-z-dr-hab-magdalena-szpunar-prof-us\/\" class=\"tile tile_ justify-content-center\" style=\"background-color: #002E5A; font-weight: ; color: #ffffff;  \">\r\n                                \r\n                                   \r\n                               \r\n                                <div class=\"tile__name\">27. Zakupoholizm<\/div>\r\n                            <\/a>\r\n                            <a href=\"https:\/\/us.edu.pl\/wydzial\/wns\/2023\/04\/14\/pomoc-i-wsparcie-dla-doroslych-dzieci-alkoholikow-dda-rozmowa-z-prof-dr-hab-ewa-syrek\/\" class=\"tile tile_ justify-content-center\" style=\"background-color: #EBEBEB; font-weight: ; color: #002E5A;  \">\r\n                                \r\n                                   \r\n                               \r\n                                <div class=\"tile__name\">28. Pomoc i wsparcie dla doros\u0142ych dzieci alkoholik\u00f3w (DDA)<\/div>\r\n                            <\/a>\r\n                            <a href=\"https:\/\/us.edu.pl\/wydzial\/wns\/2023\/04\/26\/uwaga-i-koncentracja-w-czasie-powtarzania-materialu-do-matury-rozmowa-z-dr-hab-katarzyna-slebarska-prof-us\/\" class=\"tile tile_ justify-content-center\" style=\"background-color: #EBEBEB; font-weight: ; color: #002E5A;  \">\r\n                                \r\n                                   \r\n                               \r\n                                <div class=\"tile__name\">29. Uwaga i koncentracja <\/div>\r\n                            <\/a>\r\n                            <a href=\"https:\/\/us.edu.pl\/wydzial\/wns\/2023\/05\/05\/caly-swiat-powinien-byc-otwarty-dla-osob-z-niepelnosprawnosciami-rozmowa-z-dr-anna-watola\/\" class=\"tile tile_ justify-content-center\" style=\"background-color: #002E5A; font-weight: ; color: #ffffff;  \">\r\n                                \r\n                                   \r\n                               \r\n                                <div class=\"tile__name\">30. Ca\u0142y \u015bwiat powinien by\u0107 otwarty dla os\u00f3b z niepe\u0142nosprawno\u015bciami \u2013 rozmowa z dr Ann\u0105 Wato\u0142\u0105<\/div>\r\n                            <\/a>\r\n                            <a href=\"https:\/\/us.edu.pl\/wydzial\/wns\/2023\/05\/22\/narcystyczny-stylu-funkcjonowania-dr-hab-magdalena-szpunar-prof-us\/\" class=\"tile tile_ justify-content-center\" style=\"background-color: #002E5A; font-weight: ; color: #ffffff;  \">\r\n                                \r\n                                   \r\n                               \r\n                                <div class=\"tile__name\">31. Narcystyczny styl funkcjonowania \u2013 dr hab. Magdalena Szpunar, prof. U\u015a<\/div>\r\n                            <\/a>\r\n                            <a href=\"https:\/\/us.edu.pl\/wydzial\/wns\/2023\/06\/02\/koprodukcja-uslug-spolecznych-zrodlem-osobistej-i-spolecznej-produktywnosci-osob-starszych-dr-grzegorz-gawron\/\" class=\"tile tile_ justify-content-center\" style=\"background-color: #ffffff; font-weight: ; color: #002E5A;  \">\r\n                                \r\n                                   \r\n                               \r\n                                <div class=\"tile__name\">32. Koprodukcja us\u0142ug spo\u0142ecznych<\/div>\r\n                            <\/a>\r\n                            <a href=\"https:\/\/us.edu.pl\/wydzial\/wns\/2022\/12\/17\/miedzynarodowy-dzien-migrantow-rozmowa-z-dr-rafalem-cekiera\/\" class=\"tile tile_ justify-content-center\" style=\"background-color: #EBEBEB; font-weight: ; color: #002E5A;  \">\r\n                                \r\n                                   \r\n                               \r\n                                <div class=\"tile__name\">33. Potrzebna nam jest odpowiedzialna polityka migracyjna | Rozmowa z dr. Rafa\u0142em Cekier\u0105<\/div>\r\n                            <\/a>\r\n                            <a href=\"https:\/\/us.edu.pl\/wydzial\/wns\/2023\/06\/16\/hiszpania-tygiel-kultur-i-jezykow-dr-hab-dagmara-gluszek-szafraniec-prof-us\/\" class=\"tile tile_ justify-content-center\" style=\"background-color: #002E5A; font-weight: ; color: #ffffff;  \">\r\n                                \r\n                                   \r\n                               \r\n                                <div class=\"tile__name\">34. Hiszpania \u2013 tygiel kultur i j\u0119zyk\u00f3w | Rozmowa z prof. Dagmar\u0105 G\u0142uszek-Szafraniec<\/div>\r\n                            <\/a>\r\n                            <a href=\"https:\/\/us.edu.pl\/wydzial\/wns\/2022\/05\/31\/co-gnebi-dzieci-w-sieci-rozmowa-z-dr-hab-tomaszem-hukiem-prof-us\/\" class=\"tile tile_ justify-content-center\" style=\"background-color: #002E5A; font-weight: ; color: #ffffff;  \">\r\n                                \r\n                                   \r\n                               \r\n                                <div class=\"tile__name\">35. O dzieciach, nastolatkach i zjawiskach internetowych \u2013 rozmowa z dr. hab. Tomaszem Hukiem, prof. U\u015a<\/div>\r\n                            <\/a>\r\n                            <a href=\"https:\/\/us.edu.pl\/wydzial\/wns\/2023\/03\/07\/stworzone-do-nauki-rozmowa-z-dr-katarzyna-brzoza-kolorz\/\" class=\"tile tile_ justify-content-center\" style=\"background-color: #ffffff; font-weight: ; color: #002E5A;  \">\r\n                                \r\n                                   \r\n                               \r\n                                <div class=\"tile__name\">36. Stworzone do nauki \u2013 rozmowa z dr Katarzyn\u0105 Brzoz\u0105-Kolorz<\/div>\r\n                            <\/a>\r\n                            <a href=\"https:\/\/us.edu.pl\/wydzial\/wns\/2022\/06\/13\/dzien-dziecka-afrykanskiego-badania-w-dzialaniu-pani-dr-anny-watoly\/\" class=\"tile tile_ justify-content-center\" style=\"background-color: #ffffff; font-weight: ; color: #002E5A;  \">\r\n                                \r\n                                   \r\n                               \r\n                                <div class=\"tile__name\">37. Badania w dzia\u0142aniu dr Anny Wato\u0142y<\/div>\r\n                            <\/a>\r\n                            <a href=\"https:\/\/us.edu.pl\/wydzial\/wns\/2022\/12\/02\/czy-altruizm-sie-oplaca-rozmowa-z-dr-hab-patrycja-szostok-nowacka-prof-us\/\" class=\"tile tile_ justify-content-center\" style=\"background-color: #002E5A; font-weight: ; color: #ffffff;  \">\r\n                                \r\n                                   \r\n                               \r\n                                <div class=\"tile__name\">38. Czy altruizm si\u0119 op\u0142aca? <\/div>\r\n                            <\/a><\/div>\r\n                    <\/div>\r\n                <\/div>[\/vc_column][\/vc_row]<\/p>","protected":false},"excerpt":{"rendered":"<p>[vc_row][vc_column][\/vc_column][\/vc_row][vc_row][vc_column][\/vc_column][\/vc_row] [&#8230;]<\/p>\n<p><a class=\"btn btn-secondary understrap-read-more-link\" href=\"https:\/\/us.edu.pl\/wydzial\/wns\/50-ciekawostek-na-50-lat-wns\/\">Read More&#8230;<\/a><\/p>\n","protected":false},"author":133,"featured_media":0,"parent":0,"menu_order":0,"comment_status":"closed","ping_status":"closed","template":"","meta":{"_expiration-date-status":"","_expiration-date":0,"_expiration-date-type":"","_expiration-date-categories":[],"_expiration-date-options":[]},"acf":[],"_links":{"self":[{"href":"https:\/\/us.edu.pl\/wydzial\/wns\/wp-json\/wp\/v2\/pages\/158666"}],"collection":[{"href":"https:\/\/us.edu.pl\/wydzial\/wns\/wp-json\/wp\/v2\/pages"}],"about":[{"href":"https:\/\/us.edu.pl\/wydzial\/wns\/wp-json\/wp\/v2\/types\/page"}],"author":[{"embeddable":true,"href":"https:\/\/us.edu.pl\/wydzial\/wns\/wp-json\/wp\/v2\/users\/133"}],"replies":[{"embeddable":true,"href":"https:\/\/us.edu.pl\/wydzial\/wns\/wp-json\/wp\/v2\/comments?post=158666"}],"version-history":[{"count":10,"href":"https:\/\/us.edu.pl\/wydzial\/wns\/wp-json\/wp\/v2\/pages\/158666\/revisions"}],"predecessor-version":[{"id":178063,"href":"https:\/\/us.edu.pl\/wydzial\/wns\/wp-json\/wp\/v2\/pages\/158666\/revisions\/178063"}],"wp:attachment":[{"href":"https:\/\/us.edu.pl\/wydzial\/wns\/wp-json\/wp\/v2\/media?parent=158666"}],"curies":[{"name":"wp","href":"https:\/\/api.w.org\/{rel}","templated":true}]}}