{"id":160056,"date":"2023-02-01T10:51:20","date_gmt":"2023-02-01T09:51:20","guid":{"rendered":"https:\/\/us.edu.pl\/wydzial\/wns\/?page_id=160056"},"modified":"2024-12-31T08:45:32","modified_gmt":"2024-12-31T07:45:32","slug":"szjk","status":"publish","type":"page","link":"https:\/\/us.edu.pl\/wydzial\/wns\/szjk\/","title":{"rendered":"System zapewniania jako\u015bci kszta\u0142cenia"},"content":{"rendered":"<p>[vc_row][vc_column]\r\n                <div class=\"text-modules\">\r\n                    <div class=\"container\">\r\n                        <h3 class=\"page-title text__title\">System zapewniania jako\u015bci kszta\u0142cenia<\/h3>\r\n                        <div class=\"text-modules__content\"><p>Informacje o funkcjonowaniu uczelnianego systemu doskonalenia jako\u015bci kszta\u0142cenia znajduj\u0105 si\u0119 na stronie: <u><a href=\"https:\/\/us.edu.pl\/pracownik\/sprawy-dydaktyczne\/pion-ksztalcenia\/jakosc-ksztalcenia\/\">Jako\u015b\u0107 Kszta\u0142cenia na Uniwersytecie \u015al\u0105skim<\/a><\/u><\/p>\n<p>\n<\/div>\r\n                    <\/div>\r\n                <\/div>[\/vc_column][\/vc_row][vc_row][vc_column][vc_separator][\/vc_column][\/vc_row][vc_row][vc_column]\r\n                <div class=\"text-modules\">\r\n                    <div class=\"container\">\r\n                        \r\n                        <div class=\"text-modules__content\"><p>W sk\u0142ad wydzia\u0142owego zespo\u0142u ds. jako\u015bci kszta\u0142cenia wchodz\u0105:<\/p>\n<p><a href=\"https:\/\/us.edu.pl\/wydzial\/wns\/wydzial\/wladze\/komisje-dziekanskie\/\">Wydzia\u0142owa komisja do spraw kszta\u0142cenia i student\u00f3w (WKKS)<\/a> odpowiedzialna za polityke\u0328 jakos\u0301ci kszta\u0142cenia i monitorowanie procedury Systemu Zapewniania Jako\u015bci Kszta\u0142cenia (SZJK) w sk\u0142adzie:<br \/>\n\u2022 <a href=\"https:\/\/us.edu.pl\/wydzial\/wns\/wydzial\/wladze\/prodziekani\/\">Prodziekan ds. studenckich i kszta\u0142cenia<\/a><br \/>\n\u2022 <a href=\"https:\/\/us.edu.pl\/wydzial\/wns\/wydzial\/struktura\/rad-kierunkow\/\">Dyrektorzy kierunk\u00f3w studi\u00f3w wraz z cz\u0142onkami Rad dydaktycznych<\/a><br \/>\nDyrektorzy kierunk\u00f3w studi\u00f3w zapewniaj\u0105 w\u0142as\u0301ciwa\u0328 jakos\u0301c\u0301 kszta\u0142cenia na prowadzonych kierunkach studi\u00f3w, w szczeg\u00f3lnos\u0301ci poprzez realizowanie lub nadz\u00f3r nad realizacja\u0328 procedur wskazanych w wydzia\u0142owym Systemie Zapewniania Jakos\u0301ci Kszta\u0142cenia.<\/p>\n<p>Rady dydaktyczne kierunk\u00f3w studi\u00f3w realizuj\u0105 procedury wskazane w wydzia\u0142owym Systemie Zapewniania Jakos\u0301ci Kszta\u0142cenia lub powierzone do realizacji przez dyrektora kierunku studi\u00f3w.<\/p>\n<p>\u2022 W imieniu Dziekana osob\u0105 odpowiedzialn\u0105 za funkcjonowanie Systemu ZJK<br \/>\njest <a href=\"https:\/\/us.edu.pl\/wydzial\/wns\/wydzial\/wladze\/pelnomocnicy-dziekana\/\">Pe\u0142nomocnik Dziekana ds. jako\u015bci kszta\u0142cenia i akredytacji<\/a> wraz z Pe\u0142nomocnikiem Dziekana ds. kszta\u0142cenia na odleg\u0142o\u015b\u0107.<\/p>\n<p>&nbsp;<\/p>\n<p>&nbsp;<\/p>\n<p>W trosce o sta\u0142e podnoszenie jako\u015bci kszta\u0142cenia Wydzia\u0142 Nauk Spo\u0142ecznych realizuje przyj\u0119ty na uczelni System Zapewniania Jako\u015bci Kszta\u0142cenia, kt\u00f3ry jest zbiorem wytycznych, zasad i procedur obejmuj\u0105cych wszystkie aspekty procesu kszta\u0142cenia.<\/p>\n<p><a href=\"https:\/\/us.edu.pl\/wydzial\/wns\/wp-content\/uploads\/sites\/17\/Bez-kategorii\/WSZJK_2023-1.pdf\" class=\"mtli_attachment mtli_pdf\" data-mtli=\"mtli_filesize647,49kB\" class=\"mtli_attachment mtli_pdf\" data-mtli=\"mtli_filesize647,49kB\">Procedury Systemu Zapewniania Jako\u015bci Kszta\u0142cenia dla kierunk\u00f3w studi\u00f3w organizowanych przez Wydzia\u0142 Nauk Spo\u0142ecznych<\/a><\/p>\n<p>&nbsp;<\/p>\n<p>Pliki do pobrania:<\/p>\n<p><a href=\"https:\/\/us.edu.pl\/wydzial\/wns\/wp-content\/uploads\/sites\/17\/Bez-kategorii\/zal1_prot_pracaDyplom.docx\" class=\"mtli_attachment mtli_docx\" data-mtli=\"mtli_filesize226,42kB\" class=\"mtli_attachment mtli_docx\" data-mtli=\"mtli_filesize226,42kB\">Protok\u00f3\u0142 z analizy pracy dyplomowej i jej recenzji<\/a><\/p>\n<p><a href=\"https:\/\/us.edu.pl\/wydzial\/wns\/wp-content\/uploads\/sites\/17\/Bez-kategorii\/zal4_prot_hospitacje.docx\" class=\"mtli_attachment mtli_docx\" data-mtli=\"mtli_filesize227,47kB\" class=\"mtli_attachment mtli_docx\" data-mtli=\"mtli_filesize227,47kB\">Protok\u00f3\u0142 hospitacji zaj\u0119\u0107 dydaktycznych<\/a><\/p>\n<style type=\"text\/css\">a[data-mtli~=\"mtli_filesize647,49kB\"]:after {content:\" (647,49 kB)\"}a[data-mtli~=\"mtli_filesize226,42kB\"]:after {content:\" (226,42 kB)\"}a[data-mtli~=\"mtli_filesize227,47kB\"]:after {content:\" (227,47 kB)\"}<\/style><\/div>\r\n                    <\/div>\r\n                <\/div>[\/vc_column][\/vc_row]<\/p>\n<style type=\"text\/css\">a[data-mtli~=\"mtli_filesize647,49kB\"]:after {content:\" (647,49 kB)\"}a[data-mtli~=\"mtli_filesize226,42kB\"]:after {content:\" (226,42 kB)\"}a[data-mtli~=\"mtli_filesize227,47kB\"]:after {content:\" (227,47 kB)\"}<\/style>","protected":false},"excerpt":{"rendered":"<p>[vc_row][vc_column][\/vc_column][\/vc_row][vc_row][vc_column][vc_separator][\/vc_column][\/vc_row][vc_row][vc_column][\/vc_column][\/vc_row] [&#8230;]<\/p>\n<p><a class=\"btn btn-secondary understrap-read-more-link\" href=\"https:\/\/us.edu.pl\/wydzial\/wns\/szjk\/\">Read More&#8230;<\/a><\/p>\n","protected":false},"author":134,"featured_media":0,"parent":0,"menu_order":0,"comment_status":"closed","ping_status":"closed","template":"","meta":{"_expiration-date-status":"","_expiration-date":0,"_expiration-date-type":"","_expiration-date-categories":[],"_expiration-date-options":[]},"acf":[],"_links":{"self":[{"href":"https:\/\/us.edu.pl\/wydzial\/wns\/wp-json\/wp\/v2\/pages\/160056"}],"collection":[{"href":"https:\/\/us.edu.pl\/wydzial\/wns\/wp-json\/wp\/v2\/pages"}],"about":[{"href":"https:\/\/us.edu.pl\/wydzial\/wns\/wp-json\/wp\/v2\/types\/page"}],"author":[{"embeddable":true,"href":"https:\/\/us.edu.pl\/wydzial\/wns\/wp-json\/wp\/v2\/users\/134"}],"replies":[{"embeddable":true,"href":"https:\/\/us.edu.pl\/wydzial\/wns\/wp-json\/wp\/v2\/comments?post=160056"}],"version-history":[{"count":10,"href":"https:\/\/us.edu.pl\/wydzial\/wns\/wp-json\/wp\/v2\/pages\/160056\/revisions"}],"predecessor-version":[{"id":172328,"href":"https:\/\/us.edu.pl\/wydzial\/wns\/wp-json\/wp\/v2\/pages\/160056\/revisions\/172328"}],"wp:attachment":[{"href":"https:\/\/us.edu.pl\/wydzial\/wns\/wp-json\/wp\/v2\/media?parent=160056"}],"curies":[{"name":"wp","href":"https:\/\/api.w.org\/{rel}","templated":true}]}}