{"id":160467,"date":"2023-03-01T10:37:18","date_gmt":"2023-03-01T09:37:18","guid":{"rendered":"https:\/\/us.edu.pl\/wydzial\/wns\/?page_id=160467"},"modified":"2025-05-27T14:46:42","modified_gmt":"2025-05-27T12:46:42","slug":"uchwaly-wkks","status":"publish","type":"page","link":"https:\/\/us.edu.pl\/wydzial\/wns\/uchwaly-wkks\/","title":{"rendered":"Uchwa\u0142y wydzia\u0142owej Komisji ds. Kszta\u0142cenia i Student\u00f3w"},"content":{"rendered":"<p>[vc_row][vc_column]\r\n                <div class=\"text-modules\">\r\n                    <div class=\"container\">\r\n                        <h3 class=\"page-title text__title\">Uchwa\u0142y Komisji ds. Kszta\u0142cenia i Student\u00f3w Wydzia\u0142u Nauk Spo\u0142ecznych U\u015a<\/h3>\r\n                        <div class=\"text-modules__content\"><p><a href=\"https:\/\/us.edu.pl\/wydzial\/wns\/wp-content\/uploads\/sites\/17\/Bez-kategorii\/Uchwala-nr-1_2025-Komisji-ds.-Ksztalcenia-i-Studentow-WNS-US.pdf\" class=\"mtli_attachment mtli_pdf\" data-mtli=\"mtli_filesize617,86kB\" class=\"mtli_attachment mtli_pdf\" data-mtli=\"mtli_filesize617,86kB\">Uchwa\u0142a nr 1_2025 z dnia 21.01.2025 r.<\/a> w sprawie rozliczania zaj\u0119\u0107 dydaktycznych student\u00f3w uczestnicz\u0105cych w programach mobilno\u015bci mi\u0119dzynarodowej.<\/p>\n<p><a href=\"https:\/\/us.edu.pl\/wydzial\/wns\/wp-content\/uploads\/sites\/17\/Bez-kategorii\/Zalacznik-do-uchwaly-nr-1_2025-z-dn.-21.01.2025.docx\" class=\"mtli_attachment mtli_docx\" data-mtli=\"mtli_filesize13,82kB\" class=\"mtli_attachment mtli_docx\" data-mtli=\"mtli_filesize13,82kB\">Za\u0142\u0105cznik do uchwa\u0142y nr 1_2025 z dn. 21.01.2025 <\/a>w sprawie rozliczania zaj\u0119\u0107 dydaktycznych student\u00f3w uczestnicz\u0105cych w programach mobilno\u015bci mi\u0119dzynarodowej<\/p>\n<p><a href=\"https:\/\/us.edu.pl\/wydzial\/wns\/wp-content\/uploads\/sites\/17\/Bez-kategorii\/U2-23_-w-sprawie-organizacji-zaje\u0328c\u0301-dyd-z-wykorzystaniem-metod-i-technik-ksztalcenia-na-odleglos\u0301c\u0301-na-WNS.pdf\" class=\"mtli_attachment mtli_pdf\" data-mtli=\"mtli_filesize435,67kB\" class=\"mtli_attachment mtli_pdf\" data-mtli=\"mtli_filesize435,67kB\">Uchwa\u0142a nr 2 z dnia 2 lutego 2023 r.<\/a> w sprawie organizacji zaje\u0328c\u0301 dydaktycznych z wykorzystaniem metod i technik kszta\u0142cenia na odleg\u0142os\u0301c\u0301 na Wydziale Nauk Spo\u0142ecznych<br \/>\n<a href=\"https:\/\/us.edu.pl\/wydzial\/wns\/wp-content\/uploads\/sites\/17\/Bez-kategorii\/zalacznik-nr-1-plan_zaje\u0328cia_zdalne.xlsx\" class=\"mtli_attachment mtli_xlsx\" data-mtli=\"mtli_filesize14,58kB\" class=\"mtli_attachment mtli_xlsx\" data-mtli=\"mtli_filesize14,58kB\">za\u0142\u0105cznik nr 1-plan_zaje\u0328cia_zdalne<\/a><\/p>\n<p><a href=\"https:\/\/us.edu.pl\/wydzial\/wns\/wp-content\/uploads\/sites\/17\/Bez-kategorii\/U1-23_SZJK.pdf\" class=\"mtli_attachment mtli_pdf\" data-mtli=\"mtli_filesize388,48kB\" class=\"mtli_attachment mtli_pdf\" data-mtli=\"mtli_filesize388,48kB\">Uchwa\u0142a nr 1 z dnia 2 lutego 2023 r.<\/a> w sprawie przyj\u0119cia Procedury Systemu Zapewniania Jako\u015bci Kszta\u0142cenia dla kierunk\u00f3w studi\u00f3w organizowanych przez Wydzia\u0142 Nauk Spo\u0142ecznych zmieniaj\u0105ca uchwa\u0142\u0119 nr 3 z dnia 10 grudnia 2019 r. w sprawie przyj\u0119cia <a href=\"https:\/\/us.edu.pl\/wydzial\/wns\/wp-content\/uploads\/sites\/17\/Bez-kategorii\/WSZJK_2023-1.pdf\" class=\"mtli_attachment mtli_pdf\" data-mtli=\"mtli_filesize647,49kB\" class=\"mtli_attachment mtli_pdf\" data-mtli=\"mtli_filesize647,49kB\">Procedury SZJK<\/a> dla kierunk\u00f3w studi\u00f3w organizowanych przez WNS<\/p>\n<p><a href=\"https:\/\/us.edu.pl\/wydzial\/wns\/wp-content\/uploads\/sites\/17\/Bez-kategorii\/Uchwala-1a.2022.pdf\" class=\"mtli_attachment mtli_pdf\" data-mtli=\"mtli_filesize34,39kB\" class=\"mtli_attachment mtli_pdf\" data-mtli=\"mtli_filesize34,39kB\">Uchwa\u0142a nr 1a z dnia 14 listopada 2022 r.<\/a> w sprawie opinii dotycz\u0105cej kandydatur do konkursu przyznawania list\u00f3w gratulacyjnych JM Rektora<\/p>\n<p><a href=\"https:\/\/us.edu.pl\/wydzial\/wns\/wp-content\/uploads\/sites\/17\/Bez-kategorii\/Uchwala-3.2021.pdf\" class=\"mtli_attachment mtli_pdf\" data-mtli=\"mtli_filesize94,88kB\" class=\"mtli_attachment mtli_pdf\" data-mtli=\"mtli_filesize94,88kB\">Uchwa\u0142a nr\u00a0 3\u00a0 z dnia 09 wrze\u015bnia 2021 r.<\/a> w\u00a0 sprawie wytycznych dotycz\u0105cych realizacji zaj\u0119\u0107 dydaktycznych w\u00a0 roku akademickim 2021\/2022<\/p>\n<p><a href=\"https:\/\/us.edu.pl\/wydzial\/wns\/wp-content\/uploads\/sites\/17\/Bez-kategorii\/Uchwala-2.2021.pdf\" class=\"mtli_attachment mtli_pdf\" data-mtli=\"mtli_filesize31,15kB\" class=\"mtli_attachment mtli_pdf\" data-mtli=\"mtli_filesize31,15kB\">Uchwa\u0142a nr 2\u00a0 z dnia 30 marca 2021 r.<\/a> w\u00a0 sprawie rozliczenia zaj\u0119\u0107 dydaktycznych dla student\u00f3w w ramach programu ERASMUS<\/p>\n<p><a href=\"https:\/\/us.edu.pl\/wydzial\/wns\/wp-content\/uploads\/sites\/17\/Bez-kategorii\/Uchwala-1.2021.pdf\" class=\"mtli_attachment mtli_pdf\" data-mtli=\"mtli_filesize53,04kB\" class=\"mtli_attachment mtli_pdf\" data-mtli=\"mtli_filesize53,04kB\">Uchwa\u0142a nr 1\u00a0 z dnia 30 marca 2021 r.<\/a> w\u00a0 sprawie\u00a0 organizacji zaj\u0119\u0107 dydaktycznych prowadzonych w j. obcych, w tym dla student\u00f3w w ramach programu ERASMUS<\/p>\n<p><a href=\"https:\/\/us.edu.pl\/wydzial\/wns\/wp-content\/uploads\/sites\/17\/Bez-kategorii\/Uchwala-3.2020.pdf\" class=\"mtli_attachment mtli_pdf\" data-mtli=\"mtli_filesize21,14kB\" class=\"mtli_attachment mtli_pdf\" data-mtli=\"mtli_filesize21,14kB\">Uchwa\u0142a nr 3 z dnia 29 maja 2020 r.<\/a> w\u00a0 sprawie zasad przeprowadzania zdalnych egzamin\u00f3w i zalicze\u0144 na Wydziale Nauk Spo\u0142ecznych w semestrze letnim roku akademickiego 2019\/2020 z wykorzystaniem metod\u00a0 i technik kszta\u0142cenia na odleg\u0142o\u015b\u0107.<\/p>\n<p><a href=\"https:\/\/us.edu.pl\/wydzial\/wns\/wp-content\/uploads\/sites\/17\/Bez-kategorii\/Uchwala-2.2020.pdf\" class=\"mtli_attachment mtli_pdf\" data-mtli=\"mtli_filesize116,23kB\" class=\"mtli_attachment mtli_pdf\" data-mtli=\"mtli_filesize116,23kB\">Uchwa\u0142a nr 2 z dnia 08 maja 2020 r.<\/a> w sprawie zasad przeprowadzania egzamin\u00f3w i zaliczen\u0301 w trybie zdalnym zgodnie z \u00a7 23 Regulaminu Studi\u00f3w U\u015a w roku akademickim 2019\/2020.<\/p>\n<p><a href=\"https:\/\/us.edu.pl\/wydzial\/wns\/wp-content\/uploads\/sites\/17\/Bez-kategorii\/Uchwala-1.2020.pdf\" class=\"mtli_attachment mtli_pdf\" data-mtli=\"mtli_filesize23,50kB\" class=\"mtli_attachment mtli_pdf\" data-mtli=\"mtli_filesize23,50kB\">Uchwa\u0142a nr 1 z dnia 27 lutego 2020 r.<\/a> w sprawie przyj\u0119cia katalogu przedmiot\u00f3w prowadzonych w j\u0119zyku obcym na Wydziale Nauk Spo\u0142ecznych Uniwersytetu \u015al\u0105skiego w Katowicach<\/p>\n<p><a href=\"https:\/\/us.edu.pl\/wydzial\/wns\/wp-content\/uploads\/sites\/17\/Bez-kategorii\/Uchwala-4.2019.pdf\" class=\"mtli_attachment mtli_pdf\" data-mtli=\"mtli_filesize21,12kB\" class=\"mtli_attachment mtli_pdf\" data-mtli=\"mtli_filesize21,12kB\">Uchwa\u0142a nr 4 z dnia 16 grudnia 2019 r.<\/a> w sprawie ustalenia liczebno\u015bci grup studenckich dla poszczeg\u00f3lnych rodzaj\u00f3w zaj\u0119\u0107 na Wydziale Nauk Spo\u0142ecznych Uniwersytetu \u015al\u0105skiego w Katowicach<br \/>\n<a href=\"https:\/\/us.edu.pl\/wydzial\/wns\/wp-content\/uploads\/sites\/17\/Bez-kategorii\/Zalacznik-do-uchwaly-4.2019.pdf\" class=\"mtli_attachment mtli_pdf\" data-mtli=\"mtli_filesize55,27kB\" class=\"mtli_attachment mtli_pdf\" data-mtli=\"mtli_filesize55,27kB\">Za\u0142\u0105cznik nr 1 do uchwa\u0142y 4\/2019<\/a><\/p>\n<p>Uchwa\u0142a nr 3 z dnia 10 grudnia 2019 r. w sprawie przyj\u0119cia Procedury Systemu Zapewniania Jako\u015bci Kszta\u0142cenia dla kierunk\u00f3w studi\u00f3w organizowanych przez Wydzia\u0142 Nauk Spo\u0142ecznych<\/p>\n<p><a href=\"https:\/\/us.edu.pl\/wydzial\/wns\/wp-content\/uploads\/sites\/17\/Bez-kategorii\/Uchwala-1.2019.pdf\" class=\"mtli_attachment mtli_pdf\" data-mtli=\"mtli_filesize22,07kB\" class=\"mtli_attachment mtli_pdf\" data-mtli=\"mtli_filesize22,07kB\">Uchwa\u0142a nr 1 z dnia 10 grudnia 2019 r.<\/a> w sprawie przyj\u0119cia Regulaminu Wydzia\u0142owej Komisji do spraw Kszta\u0142cenia i Student\u00f3w Wydzia\u0142u Nauk Spo\u0142ecznych Uniwersytetu \u015al\u0105skiego w Katowicach<\/p>\n<style type=\"text\/css\">a[data-mtli~=\"mtli_filesize617,86kB\"]:after {content:\" (617,86 kB)\"}a[data-mtli~=\"mtli_filesize13,82kB\"]:after {content:\" (13,82 kB)\"}a[data-mtli~=\"mtli_filesize435,67kB\"]:after {content:\" (435,67 kB)\"}a[data-mtli~=\"mtli_filesize14,58kB\"]:after {content:\" (14,58 kB)\"}a[data-mtli~=\"mtli_filesize388,48kB\"]:after {content:\" (388,48 kB)\"}a[data-mtli~=\"mtli_filesize647,49kB\"]:after {content:\" (647,49 kB)\"}a[data-mtli~=\"mtli_filesize34,39kB\"]:after {content:\" (34,39 kB)\"}a[data-mtli~=\"mtli_filesize94,88kB\"]:after {content:\" (94,88 kB)\"}a[data-mtli~=\"mtli_filesize31,15kB\"]:after {content:\" (31,15 kB)\"}a[data-mtli~=\"mtli_filesize53,04kB\"]:after {content:\" (53,04 kB)\"}a[data-mtli~=\"mtli_filesize21,14kB\"]:after {content:\" (21,14 kB)\"}a[data-mtli~=\"mtli_filesize116,23kB\"]:after {content:\" (116,23 kB)\"}a[data-mtli~=\"mtli_filesize23,50kB\"]:after {content:\" (23,50 kB)\"}a[data-mtli~=\"mtli_filesize21,12kB\"]:after {content:\" (21,12 kB)\"}a[data-mtli~=\"mtli_filesize55,27kB\"]:after {content:\" (55,27 kB)\"}a[data-mtli~=\"mtli_filesize22,07kB\"]:after {content:\" (22,07 kB)\"}<\/style><\/div>\r\n                    <\/div>\r\n                <\/div>[\/vc_column][\/vc_row]<\/p>\n<style type=\"text\/css\">a[data-mtli~=\"mtli_filesize617,86kB\"]:after {content:\" (617,86 kB)\"}a[data-mtli~=\"mtli_filesize13,82kB\"]:after {content:\" (13,82 kB)\"}a[data-mtli~=\"mtli_filesize435,67kB\"]:after {content:\" (435,67 kB)\"}a[data-mtli~=\"mtli_filesize14,58kB\"]:after {content:\" (14,58 kB)\"}a[data-mtli~=\"mtli_filesize388,48kB\"]:after {content:\" (388,48 kB)\"}a[data-mtli~=\"mtli_filesize647,49kB\"]:after {content:\" (647,49 kB)\"}a[data-mtli~=\"mtli_filesize34,39kB\"]:after {content:\" (34,39 kB)\"}a[data-mtli~=\"mtli_filesize94,88kB\"]:after {content:\" (94,88 kB)\"}a[data-mtli~=\"mtli_filesize31,15kB\"]:after {content:\" (31,15 kB)\"}a[data-mtli~=\"mtli_filesize53,04kB\"]:after {content:\" (53,04 kB)\"}a[data-mtli~=\"mtli_filesize21,14kB\"]:after {content:\" (21,14 kB)\"}a[data-mtli~=\"mtli_filesize116,23kB\"]:after {content:\" (116,23 kB)\"}a[data-mtli~=\"mtli_filesize23,50kB\"]:after {content:\" (23,50 kB)\"}a[data-mtli~=\"mtli_filesize21,12kB\"]:after {content:\" (21,12 kB)\"}a[data-mtli~=\"mtli_filesize55,27kB\"]:after {content:\" (55,27 kB)\"}a[data-mtli~=\"mtli_filesize22,07kB\"]:after {content:\" (22,07 kB)\"}<\/style>","protected":false},"excerpt":{"rendered":"<p>[vc_row][vc_column][\/vc_column][\/vc_row] [&#8230;]<\/p>\n<p><a class=\"btn btn-secondary understrap-read-more-link\" href=\"https:\/\/us.edu.pl\/wydzial\/wns\/uchwaly-wkks\/\">Read More&#8230;<\/a><\/p>\n","protected":false},"author":134,"featured_media":0,"parent":0,"menu_order":0,"comment_status":"closed","ping_status":"closed","template":"","meta":{"_expiration-date-status":"","_expiration-date":0,"_expiration-date-type":"","_expiration-date-categories":[],"_expiration-date-options":[]},"acf":[],"_links":{"self":[{"href":"https:\/\/us.edu.pl\/wydzial\/wns\/wp-json\/wp\/v2\/pages\/160467"}],"collection":[{"href":"https:\/\/us.edu.pl\/wydzial\/wns\/wp-json\/wp\/v2\/pages"}],"about":[{"href":"https:\/\/us.edu.pl\/wydzial\/wns\/wp-json\/wp\/v2\/types\/page"}],"author":[{"embeddable":true,"href":"https:\/\/us.edu.pl\/wydzial\/wns\/wp-json\/wp\/v2\/users\/134"}],"replies":[{"embeddable":true,"href":"https:\/\/us.edu.pl\/wydzial\/wns\/wp-json\/wp\/v2\/comments?post=160467"}],"version-history":[{"count":10,"href":"https:\/\/us.edu.pl\/wydzial\/wns\/wp-json\/wp\/v2\/pages\/160467\/revisions"}],"predecessor-version":[{"id":179731,"href":"https:\/\/us.edu.pl\/wydzial\/wns\/wp-json\/wp\/v2\/pages\/160467\/revisions\/179731"}],"wp:attachment":[{"href":"https:\/\/us.edu.pl\/wydzial\/wns\/wp-json\/wp\/v2\/media?parent=160467"}],"curies":[{"name":"wp","href":"https:\/\/api.w.org\/{rel}","templated":true}]}}