{"id":162092,"date":"2023-06-20T09:41:11","date_gmt":"2023-06-20T07:41:11","guid":{"rendered":"https:\/\/us.edu.pl\/wydzial\/wns\/?page_id=162092"},"modified":"2023-10-27T13:35:12","modified_gmt":"2023-10-27T11:35:12","slug":"jubileusz-50-lat-wns","status":"publish","type":"page","link":"https:\/\/us.edu.pl\/wydzial\/wns\/jubileusz-50-lat-wns\/","title":{"rendered":"Jubileusz 50 lat WNS"},"content":{"rendered":"<p>[vc_row el_class=&#8221;baner container&#8221;][vc_column][vc_raw_html]JTNDaW1nJTIwc3JjJTNEJTIyaHR0cHMlM0ElMkYlMkZ1cy5lZHUucGwlMkZ3eWR6aWFsJTJGd25zJTJGd3AtY29udGVudCUyRnVwbG9hZHMlMkZzaXRlcyUyRjE3JTJGQmV6LWthdGVnb3JpaSUyRnducy1zbGlkZXIuanBnJTIyJTIwY2xhc3MlM0QlMjJ2Y19zaW5nbGVfaW1hZ2UtaW1nJTIwYXR0YWNobWVudC1mdWxsJTIyJTIwYWx0JTNEJTIycGxha2F0JTIwb2JjaG9kJUMzJUIzdyUyMDUwJTIwbGF0JTIwV05TJTIyJTIwdGl0bGUlM0QlMjJ3bnMlMjBzbGlkZXIlMjIlMjBzcmNzZXQlM0QlMjJodHRwcyUzQSUyRiUyRnVzLmVkdS5wbCUyRnd5ZHppYWwlMkZ3bnMlMkZ3cC1jb250ZW50JTJGdXBsb2FkcyUyRnNpdGVzJTJGMTclMkZCZXota2F0ZWdvcmlpJTJGd25zLXNsaWRlci5qcGclMjAxMDk1dyUyQyUyMGh0dHBzJTNBJTJGJTJGdXMuZWR1LnBsJTJGd3lkemlhbCUyRnducyUyRndwLWNvbnRlbnQlMkZ1cGxvYWRzJTJGc2l0ZXMlMkYxNyUyRkJlei1rYXRlZ29yaWklMkZ3bnMtc2xpZGVyLTMwMHgxNTguanBnJTIwMzAwdyUyQyUyMGh0dHBzJTNBJTJGJTJGdXMuZWR1LnBsJTJGd3lkemlhbCUyRnducyUyRndwLWNvbnRlbnQlMkZ1cGxvYWRzJTJGc2l0ZXMlMkYxNyUyRkJlei1rYXRlZ29yaWklMkZ3bnMtc2xpZGVyLTEwMjR4NTM4LmpwZyUyMDEwMjR3JTJDJTIwaHR0cHMlM0ElMkYlMkZ1cy5lZHUucGwlMkZ3eWR6aWFsJTJGd25zJTJGd3AtY29udGVudCUyRnVwbG9hZHMlMkZzaXRlcyUyRjE3JTJGQmV6LWthdGVnb3JpaSUyRnducy1zbGlkZXItNzY4eDQwMy5qcGclMjA3Njh3JTJDJTIwaHR0cHMlM0ElMkYlMkZ1cy5lZHUucGwlMkZ3eWR6aWFsJTJGd25zJTJGd3AtY29udGVudCUyRnVwbG9hZHMlMkZzaXRlcyUyRjE3JTJGQmV6LWthdGVnb3JpaSUyRnducy1zbGlkZXItNTc1eDMwMi5qcGclMjA1NzV3JTIyJTIwc2l6ZXMlM0QlMjIlMjhtYXgtd2lkdGglM0ElMjAxMDk1cHglMjklMjAxMDB2dyUyQyUyMDEwOTVweCUyMiUzRQ==[\/vc_raw_html][\/vc_column][\/vc_row][vc_row disable_element=&#8221;yes&#8221;][vc_column]\n            <div data-autotime=\"5\" class=\"slider reverse color_white bg_\" >\n                  <div class=\"slide slide_css\">\n                     <div class=\"slide__content_container container\">\n                        <div class=\"slide__content\">\n                           <a href=\"\" class=\"slide__link\">\n                              <div class=\"slide__title\">Jubileusz 50-lecia Wydzia\u0142u Nauk Spo\u0142ecznych<\/div>\n                              <div class=\"slide__text\"><\/div>\n                           <\/a>\n                        <\/div>\n                     <\/div>\n                     <a href=\"\" class=\"slide__img thumbnail\"\n                           style=\"background-image: url('https:\/\/us.edu.pl\/wydzial\/wns\/wp-content\/uploads\/sites\/17\/Bez-kategorii\/wns-slider.jpg')\">\n                           <span class=\"d-none\">Jubileusz 50-lecia Wydzia\u0142u Nauk Spo\u0142ecznych <\/span>\n                     <\/a>\n                  <\/div>\n                <div class=\"slider__controls\">\n                    <div class=\"slider__dots\"><\/div>\n                    <div class=\"slider__actions\">\n                        <a href=\"#\" class=\"arrow\" data-direction=\"prev\" title=\"poprzedni slajd\">\n                            <em class=\"ci ci-arrow-left\"><\/em>\n                            <span class=\"d-none\">control<\/span>\n                        <\/a>\n            \n                        <a href=\"#\" class=\"start-pause\" data-action=\"stop\" title=\"wstrzymaj poruszanie si\u0119 slajd\u00f3w\">\n                            <em class=\"ci ci-pause\"><\/em>\n                            <span class=\"d-none\">control<\/span>\n                        <\/a>\n            \n                       \n                        <a href=\"#\" class=\"arrow\" data-direction=\"next\"  title=\"Kolejny slajd\" >\n                            <em class=\"ci ci-arrow-right\"><\/em>\n                            <span class=\"d-none\">control<\/span>\n                        <\/a>\n                    <\/div>\n                <\/div>\n            <\/div>[\/vc_column][\/vc_row][vc_row][vc_column]\r\n                <div class=\"tiles-section\" style=\"background: #EBEBEB\">\r\n                    <div class=\"container\">\r\n                        <h3 class=\"page-title\"><\/h3>\r\n                        <div class=\"tiles tiles-3\">\r\n                            <a href=\"https:\/\/gazeta.us.edu.pl\/node\/433033?fbclid=IwAR2LFWceAWRzavTcoTFR1urKwpt5DHvqBX4QnSpdLjpg1rXrbOaatYVOQ-A\" class=\"tile tile_ justify-content-center\" style=\"background-color: #002E5A; font-weight: bold; color: #ffffff;  \">\r\n                                \r\n                                   \r\n                               \r\n                                <div class=\"tile__name\">Nauki spo\u0142eczne s\u0105 wa\u017cne!<\/div>\r\n                            <\/a>\r\n                            <a href=\"https:\/\/us.edu.pl\/wydzial\/wns\/50-ciekawostek-na-50-lat-wns\/\" class=\"tile tile_ justify-content-center\" style=\"background-color: #002E5A; font-weight: bold; color: #ffffff;  \">\r\n                                \r\n                                   \r\n                               \r\n                                <div class=\"tile__name\">50 ciekawostek na 50 lat WNS<\/div>\r\n                            <\/a>\r\n                            <a href=\"https:\/\/us.edu.pl\/wydzial\/wns\/2023\/07\/17\/162270\/\" class=\"tile tile_ justify-content-center\" style=\"background-color: #002E5A; font-weight: bold; color: #ffffff;  \">\r\n                                \r\n                                   \r\n                               \r\n                                <div class=\"tile__name\">WNS wczoraj i dzi\u015b!<\/div>\r\n                            <\/a><\/div>\r\n                    <\/div>\r\n                <\/div>[\/vc_column][\/vc_row][vc_row el_class=&#8221;kalendarium&#8221;][vc_column]\r\n                <div class=\"tiles-section\" style=\"background: #002E5A\">\r\n                    <div class=\"container\">\r\n                        <h3 class=\"page-title\">KALENDARIUM 10 PA\u0179DZIERNIKA<\/h3>\r\n                        <div class=\"tiles tiles-2\">\r\n                            <a href=\"https:\/\/us.edu.pl\/wydzial\/wns\/wyklady-dla-szkol-i-studentow\/\" class=\"tile tile_ justify-content-center\" style=\"background-color: #EBEBEB; font-weight: bold; color: #002E5A;  \">\r\n                                \r\n                                   \r\n                               \r\n                                <div class=\"tile__name\">Wyk\u0142ady dla szk\u00f3\u0142<\/div>\r\n                            <\/a>\r\n                            <a href=\"https:\/\/us.edu.pl\/wydzial\/wns\/inauguracja-roku-akademickiego\/\" class=\"tile tile_ justify-content-center\" style=\"background-color: #EBEBEB; font-weight: bold; color: #002E5A;  \">\r\n                                \r\n                                   \r\n                               \r\n                                <div class=\"tile__name\">Inauguracja roku akademickiego 2023\/2024<\/div>\r\n                            <\/a><\/div>\r\n                    <\/div>\r\n                <\/div>[\/vc_column][\/vc_row][vc_row el_class=&#8221;kalendarium&#8221;][vc_column]\r\n                <div class=\"tiles-section\" style=\"background: #002E5A\">\r\n                    <div class=\"container\">\r\n                        <h3 class=\"page-title\">KALENDARIUM 16 LISTOPADA<\/h3>\r\n                        <div class=\"tiles tiles-2\">\r\n                            <a href=\"https:\/\/us.edu.pl\/wydzial\/wns\/2023\/10\/27\/konferencja-wokol-nauk-spolecznych-czas\/\" class=\"tile tile_ justify-content-center\" style=\"background-color: #EBEBEB; font-weight: bold; color: #002E5A;  \">\r\n                                \r\n                                   \r\n                               \r\n                                <div class=\"tile__name\">Konferencja Wok\u00f3\u0142 Nauk Spo\u0142ecznych<\/div>\r\n                            <\/a>\r\n                            <a href=\"https:\/\/us.edu.pl\/wydzial\/wns\/163363-2\/\" class=\"tile tile_ justify-content-center\" style=\"background-color: #EBEBEB; font-weight: bold; color: #002E5A;  \">\r\n                                \r\n                                   \r\n                               \r\n                                <div class=\"tile__name\">Gala z okazji 50-lecia wydzia\u0142u<\/div>\r\n                            <\/a><\/div>\r\n                    <\/div>\r\n                <\/div>[\/vc_column][\/vc_row]<\/p>","protected":false},"excerpt":{"rendered":"<p>[vc_row el_class=&#8221;baner container&#8221;][vc_column][vc_raw_html]JTNDaW1nJTIwc3JjJTNEJTIyaHR0cHMlM0ElMkYlMkZ1cy5lZHUucGwlMkZ3eWR6aWFsJTJGd25zJTJGd3AtY29udGVudCUyRnVwbG9hZHMlMkZzaXRlcyUyRjE3JTJGQmV6LWthdGVnb3JpaSUyRnducy1zbGlkZXIuanBnJTIyJTIwY2xhc3MlM0QlMjJ2Y19zaW5nbGVfaW1hZ2UtaW1nJTIwYXR0YWNobWVudC1mdWxsJTIyJTIwYWx0JTNEJTIycGxha2F0JTIwb2JjaG9kJUMzJUIzdyUyMDUwJTIwbGF0JTIwV05TJTIyJTIwdGl0bGUlM0QlMjJ3bnMlMjBzbGlkZXIlMjIlMjBzcmNzZXQlM0QlMjJodHRwcyUzQSUyRiUyRnVzLmVkdS5wbCUyRnd5ZHppYWwlMkZ3bnMlMkZ3cC1jb250ZW50JTJGdXBsb2FkcyUyRnNpdGVzJTJGMTclMkZCZXota2F0ZWdvcmlpJTJGd25zLXNsaWRlci5qcGclMjAxMDk1dyUyQyUyMGh0dHBzJTNBJTJGJTJGdXMuZWR1LnBsJTJGd3lkemlhbCUyRnducyUyRndwLWNvbnRlbnQlMkZ1cGxvYWRzJTJGc2l0ZXMlMkYxNyUyRkJlei1rYXRlZ29yaWklMkZ3bnMtc2xpZGVyLTMwMHgxNTguanBnJTIwMzAwdyUyQyUyMGh0dHBzJTNBJTJGJTJGdXMuZWR1LnBsJTJGd3lkemlhbCUyRnducyUyRndwLWNvbnRlbnQlMkZ1cGxvYWRzJTJGc2l0ZXMlMkYxNyUyRkJlei1rYXRlZ29yaWklMkZ3bnMtc2xpZGVyLTEwMjR4NTM4LmpwZyUyMDEwMjR3JTJDJTIwaHR0cHMlM0ElMkYlMkZ1cy5lZHUucGwlMkZ3eWR6aWFsJTJGd25zJTJGd3AtY29udGVudCUyRnVwbG9hZHMlMkZzaXRlcyUyRjE3JTJGQmV6LWthdGVnb3JpaSUyRnducy1zbGlkZXItNzY4eDQwMy5qcGclMjA3Njh3JTJDJTIwaHR0cHMlM0ElMkYlMkZ1cy5lZHUucGwlMkZ3eWR6aWFsJTJGd25zJTJGd3AtY29udGVudCUyRnVwbG9hZHMlMkZzaXRlcyUyRjE3JTJGQmV6LWthdGVnb3JpaSUyRnducy1zbGlkZXItNTc1eDMwMi5qcGclMjA1NzV3JTIyJTIwc2l6ZXMlM0QlMjIlMjhtYXgtd2lkdGglM0ElMjAxMDk1cHglMjklMjAxMDB2dyUyQyUyMDEwOTVweCUyMiUzRQ==[\/vc_raw_html][\/vc_column][\/vc_row][vc_row disable_element=&#8221;yes&#8221;][vc_column][\/vc_column][\/vc_row][vc_row][vc_column][\/vc_column][\/vc_row][vc_row el_class=&#8221;kalendarium&#8221;][vc_column][\/vc_column][\/vc_row][vc_row el_class=&#8221;kalendarium&#8221;][vc_column][\/vc_column][\/vc_row] [&#8230;]<\/p>\n<p><a class=\"btn btn-secondary understrap-read-more-link\" href=\"https:\/\/us.edu.pl\/wydzial\/wns\/jubileusz-50-lat-wns\/\">Read More&#8230;<\/a><\/p>\n","protected":false},"author":133,"featured_media":0,"parent":0,"menu_order":0,"comment_status":"closed","ping_status":"closed","template":"","meta":{"_expiration-date-status":"","_expiration-date":0,"_expiration-date-type":"","_expiration-date-categories":[],"_expiration-date-options":[]},"acf":[],"_links":{"self":[{"href":"https:\/\/us.edu.pl\/wydzial\/wns\/wp-json\/wp\/v2\/pages\/162092"}],"collection":[{"href":"https:\/\/us.edu.pl\/wydzial\/wns\/wp-json\/wp\/v2\/pages"}],"about":[{"href":"https:\/\/us.edu.pl\/wydzial\/wns\/wp-json\/wp\/v2\/types\/page"}],"author":[{"embeddable":true,"href":"https:\/\/us.edu.pl\/wydzial\/wns\/wp-json\/wp\/v2\/users\/133"}],"replies":[{"embeddable":true,"href":"https:\/\/us.edu.pl\/wydzial\/wns\/wp-json\/wp\/v2\/comments?post=162092"}],"version-history":[{"count":11,"href":"https:\/\/us.edu.pl\/wydzial\/wns\/wp-json\/wp\/v2\/pages\/162092\/revisions"}],"predecessor-version":[{"id":163374,"href":"https:\/\/us.edu.pl\/wydzial\/wns\/wp-json\/wp\/v2\/pages\/162092\/revisions\/163374"}],"wp:attachment":[{"href":"https:\/\/us.edu.pl\/wydzial\/wns\/wp-json\/wp\/v2\/media?parent=162092"}],"curies":[{"name":"wp","href":"https:\/\/api.w.org\/{rel}","templated":true}]}}